{"id":629616,"date":"2016-08-02T11:53:47","date_gmt":"2016-08-02T09:53:47","guid":{"rendered":"https:\/\/innovalia-metrology.cbtpruebas.es\/metrology-produkte\/cmms-systems\/"},"modified":"2023-02-20T16:07:53","modified_gmt":"2023-02-20T15:07:53","slug":"kmg-systemen","status":"publish","type":"page","link":"https:\/\/innovalia-metrology.com\/de\/metrology-produkte\/kmg-systemen\/","title":{"rendered":"KMG Systemen"},"content":{"rendered":"<p>[et_pb_section fb_built=&#8220;1&#8243; _builder_version=&#8220;4.19.4&#8243; _module_preset=&#8220;default&#8220; background_color=&#8220;RGBA(255,255,255,0)&#8220; custom_padding=&#8220;0px|||||&#8220; global_colors_info=&#8220;{}&#8220; theme_builder_area=&#8220;post_content&#8220;][et_pb_row column_structure=&#8220;1_2,1_2&#8243; use_custom_gutter=&#8220;on&#8220; gutter_width=&#8220;1&#8243; _builder_version=&#8220;4.19.4&#8243; _module_preset=&#8220;default&#8220; width=&#8220;100%&#8220; custom_padding=&#8220;|||0px||&#8220; locked=&#8220;off&#8220; global_colors_info=&#8220;{}&#8220; theme_builder_area=&#8220;post_content&#8220;][et_pb_column type=&#8220;1_2&#8243; _builder_version=&#8220;4.16&#8243; _module_preset=&#8220;default&#8220; global_colors_info=&#8220;{}&#8220; theme_builder_area=&#8220;post_content&#8220;][et_pb_cta button_url=&#8220;@ET-DC@eyJkeW5hbWljIjp0cnVlLCJjb250ZW50IjoicG9zdF9saW5rX3VybF9wYWdlIiwic2V0dGluZ3MiOnsicG9zdF9pZCI6IjQyMzcifX0=@&#8220; button_text=&#8220;Mehr&#8220; _builder_version=&#8220;4.19.5&#8243; _dynamic_attributes=&#8220;button_url,link_option_url&#8220; _module_preset=&#8220;default&#8220; header_level=&#8220;h3&#8243; header_text_align=&#8220;left&#8220; header_text_color=&#8220;#000000&#8243; background_color=&#8220;RGBA(0,0,0,0)&#8220; button_alignment=&#8220;left&#8220; background_layout=&#8220;light&#8220; custom_padding=&#8220;0px|30px||25px||&#8220; link_option_url=&#8220;@ET-DC@eyJkeW5hbWljIjp0cnVlLCJjb250ZW50IjoicG9zdF9saW5rX3VybF9wYWdlIiwic2V0dGluZ3MiOnsicG9zdF9pZCI6IjQyMzcifX0=@&#8220; custom_css_promo_button=&#8220;margin-top:-20px;&#8220; global_colors_info=&#8220;{}&#8220; theme_builder_area=&#8220;post_content&#8220;]<\/p>\n<figure class=\"entry-featured-media g1-on--mouse\">\n<div id=\"g1-content-area\">\n<div id=\"primary\">\n<div id=\"content\" role=\"main\">\n<article id=\"post-6205\" class=\"post-6205 page type-page status-publish has-post-thumbnail g1-complete\">\n<div class=\"entry-content\">\n<div id=\"g1-custom-posts-shortcode-1\" class=\"g1-collection-custom_pages g1-custom-posts-shortcode g1-shortcode mover\">\n<div class=\"g1-collection g1-collection--grid g1-collection--one-half g1-collection--simple g1-effect-none\">\n<article id=\"post-4237\" class=\"post-4237 page type-page status-publish has-post-thumbnail g1_relation_tag-cmms g1-brief\">\n<figure class=\"entry-featured-media g1-on--mouse\"><span class=\"g1-decorator\"><img decoding=\"async\" width=\"482\" height=\"271\" src=\"https:\/\/www.innovalia-metrology.com\/wp-content\/uploads\/2013\/03\/m3portable-cmm1-482x271.png\" class=\"attachment-g1_one_half size-g1_one_half wp-post-image\" alt=\"m3portable-cmm\" loading=\"lazy\" srcset=\"https:\/\/www.innovalia-metrology.com\/wp-content\/uploads\/2013\/03\/m3portable-cmm1-482x271.png 482w, https:\/\/www.innovalia-metrology.com\/wp-content\/uploads\/2013\/03\/m3portable-cmm1-320x180.png 320w, https:\/\/www.innovalia-metrology.com\/wp-content\/uploads\/2013\/03\/m3portable-cmm1-239x134.png 239w\" sizes=\"(max-width: 482px) 100vw, 482px\" \/><\/span><\/figure>\n<\/article>\n<\/div>\n<\/div>\n<\/div>\n<\/article>\n<\/div>\n<\/div>\n<\/div>\n<\/figure>\n<div class=\"g1-nonmedia\">\n<div class=\"g1-inner\">\n<header class=\"entry-header\">\n<h3><a href=\"https:\/\/www.innovalia-metrology.com\/metrology-products\/cmms-systems\/\" id=\"g1-frame-1\" class=\"g1-frame g1-frame--none g1-frame--inherit g1-frame--center \" style=\"font-size: 16px;\"><span class=\"g1-decorator\"><\/span><\/a><\/h3>\n<\/header>\n<\/div>\n<\/div>\n<h3 style=\"text-align: left;\">Portable Messger\u00e4te<\/h3>\n<p>[\/et_pb_cta][et_pb_cta button_url=&#8220;@ET-DC@eyJkeW5hbWljIjp0cnVlLCJjb250ZW50IjoicG9zdF9saW5rX3VybF9wYWdlIiwic2V0dGluZ3MiOnsicG9zdF9pZCI6IjQyNDQifX0=@&#8220; button_text=&#8220;Mehr&#8220; _builder_version=&#8220;4.19.5&#8243; _dynamic_attributes=&#8220;button_url,link_option_url&#8220; _module_preset=&#8220;default&#8220; header_level=&#8220;h3&#8243; header_text_align=&#8220;left&#8220; header_text_color=&#8220;#000000&#8243; background_color=&#8220;RGBA(0,0,0,0)&#8220; button_alignment=&#8220;left&#8220; background_layout=&#8220;light&#8220; custom_padding=&#8220;0px|30px||25px||&#8220; link_option_url=&#8220;@ET-DC@eyJkeW5hbWljIjp0cnVlLCJjb250ZW50IjoicG9zdF9saW5rX3VybF9wYWdlIiwic2V0dGluZ3MiOnsicG9zdF9pZCI6IjQyNDQifX0=@&#8220; custom_css_promo_button=&#8220;margin-top:-20px;&#8220; global_colors_info=&#8220;{}&#8220; theme_builder_area=&#8220;post_content&#8220;]<\/p>\n<figure class=\"entry-featured-media g1-on--mouse\"><span class=\"g1-decorator\"><img decoding=\"async\" width=\"482\" height=\"271\" src=\"https:\/\/www.innovalia-metrology.com\/wp-content\/uploads\/2014\/04\/sistemas-puente-482x271.jpg\" class=\"attachment-g1_one_half size-g1_one_half wp-post-image\" alt=\"sistemas-puente cmm\" loading=\"lazy\" srcset=\"https:\/\/www.innovalia-metrology.com\/wp-content\/uploads\/2014\/04\/sistemas-puente-482x271.jpg 482w, https:\/\/www.innovalia-metrology.com\/wp-content\/uploads\/2014\/04\/sistemas-puente-300x168.jpg 300w, https:\/\/www.innovalia-metrology.com\/wp-content\/uploads\/2014\/04\/sistemas-puente-320x179.jpg 320w, https:\/\/www.innovalia-metrology.com\/wp-content\/uploads\/2014\/04\/sistemas-puente-239x134.jpg 239w, https:\/\/www.innovalia-metrology.com\/wp-content\/uploads\/2014\/04\/sistemas-puente.jpg 490w\" sizes=\"(max-width: 482px) 100vw, 482px\" \/><\/span><\/figure>\n<p><a href=\"https:\/\/www.innovalia-metrology.com\/metrology-products\/cmms-systems\/\" id=\"g1-frame-1\" class=\"g1-frame g1-frame--none g1-frame--inherit g1-frame--center \"><span class=\"g1-decorator\"><\/span><\/a><\/p>\n<p><span class=\"g1-decorator\"><\/span><\/p>\n<h3 style=\"text-align: left;\">Portalmessger\u00e4te<\/h3>\n<p>[\/et_pb_cta][\/et_pb_column][et_pb_column type=&#8220;1_2&#8243; _builder_version=&#8220;4.16&#8243; _module_preset=&#8220;default&#8220; global_colors_info=&#8220;{}&#8220; theme_builder_area=&#8220;post_content&#8220;][et_pb_cta button_url=&#8220;@ET-DC@eyJkeW5hbWljIjp0cnVlLCJjb250ZW50IjoicG9zdF9saW5rX3VybF9wYWdlIiwic2V0dGluZ3MiOnsicG9zdF9pZCI6IjQyNDEifX0=@&#8220; button_text=&#8220;Mehr&#8220; _builder_version=&#8220;4.19.5&#8243; _module_preset=&#8220;default&#8220; header_level=&#8220;h3&#8243; header_text_align=&#8220;left&#8220; header_text_color=&#8220;#000000&#8243; background_color=&#8220;RGBA(0,0,0,0)&#8220; button_alignment=&#8220;left&#8220; background_layout=&#8220;light&#8220; custom_padding=&#8220;0px|30px||25px||&#8220; link_option_url=&#8220;@ET-DC@eyJkeW5hbWljIjp0cnVlLCJjb250ZW50IjoicG9zdF9saW5rX3VybF9wYWdlIiwic2V0dGluZ3MiOnsicG9zdF9pZCI6IjQyNDEifX0=@&#8220; hover_enabled=&#8220;0&#8243; custom_css_promo_button=&#8220;margin-top:-20px;&#8220; global_colors_info=&#8220;{}&#8220; theme_builder_area=&#8220;post_content&#8220; _dynamic_attributes=&#8220;button_url,link_option_url&#8220; sticky_enabled=&#8220;0&#8243;]<\/p>\n<figure class=\"entry-featured-media\"><span class=\"g1-decorator\"><img decoding=\"async\" width=\"482\" height=\"271\" src=\"https:\/\/www.innovalia-metrology.com\/wp-content\/uploads\/2014\/04\/Sea_gallery_011-482x271.jpg\" class=\"attachment-g1_one_half size-g1_one_half wp-post-image\" alt=\"\" loading=\"lazy\" srcset=\"https:\/\/www.innovalia-metrology.com\/wp-content\/uploads\/2014\/04\/Sea_gallery_011-482x271.jpg 482w, https:\/\/www.innovalia-metrology.com\/wp-content\/uploads\/2014\/04\/Sea_gallery_011-320x180.jpg 320w, https:\/\/www.innovalia-metrology.com\/wp-content\/uploads\/2014\/04\/Sea_gallery_011-239x134.jpg 239w\" sizes=\"(max-width: 482px) 100vw, 482px\" \/><\/span><\/figure>\n<div class=\"g1-nonmedia\">\n<div class=\"g1-inner\">\n<header class=\"entry-header\"><\/header>\n<\/div>\n<\/div>\n<p><span class=\"g1-decorator\"><\/span><\/p>\n<h3 style=\"text-align: left;\"><\/h3>\n<h3 style=\"text-align: left;\">Horizontalarm-Messger\u00e4te<\/h3>\n<p>[\/et_pb_cta][et_pb_cta button_url=&#8220;@ET-DC@eyJkeW5hbWljIjp0cnVlLCJjb250ZW50IjoicG9zdF9saW5rX3VybF9wYWdlIiwic2V0dGluZ3MiOnsicG9zdF9pZCI6IjQyNDcifX0=@&#8220; button_text=&#8220;Mehr&#8220; _builder_version=&#8220;4.19.5&#8243; _dynamic_attributes=&#8220;button_url,link_option_url&#8220; _module_preset=&#8220;default&#8220; header_level=&#8220;h3&#8243; header_text_align=&#8220;left&#8220; header_text_color=&#8220;#000000&#8243; background_color=&#8220;RGBA(0,0,0,0)&#8220; button_alignment=&#8220;left&#8220; background_layout=&#8220;light&#8220; width=&#8220;100%&#8220; custom_padding=&#8220;0px|30px||25px||&#8220; link_option_url=&#8220;@ET-DC@eyJkeW5hbWljIjp0cnVlLCJjb250ZW50IjoicG9zdF9saW5rX3VybF9wYWdlIiwic2V0dGluZ3MiOnsicG9zdF9pZCI6IjQyNDcifX0=@&#8220; custom_css_promo_button=&#8220;margin-top:-20px;&#8220; global_colors_info=&#8220;{}&#8220; theme_builder_area=&#8220;post_content&#8220;]<\/p>\n<figure class=\"entry-featured-media g1-on--mouse\"><span class=\"g1-decorator\"><img loading=\"lazy\" decoding=\"async\" width=\"482\" class=\"attachment-g1_one_half size-g1_one_half wp-post-image\" src=\"https:\/\/www.innovalia-metrology.com\/wp-content\/uploads\/2014\/04\/gantry_landing_maquinas.png\" sizes=\"(max-width: 357px) 100vw, 357px\" srcset=\"https:\/\/www.innovalia-metrology.com\/wp-content\/uploads\/2014\/04\/gantry_landing_maquinas.png 357w, https:\/\/www.innovalia-metrology.com\/wp-content\/uploads\/2014\/04\/gantry_landing_maquinas-300x168.png 300w, https:\/\/www.innovalia-metrology.com\/wp-content\/uploads\/2014\/04\/gantry_landing_maquinas-320x180.png 320w, https:\/\/www.innovalia-metrology.com\/wp-content\/uploads\/2014\/04\/gantry_landing_maquinas-239x134.png 239w\" alt=\"\" height=\"201\" \/><\/span><\/figure>\n<h3 style=\"text-align: left;\"><\/h3>\n<h3 style=\"text-align: left;\">Gantry-Messger\u00e4te<\/h3>\n<p>[\/et_pb_cta][\/et_pb_column][\/et_pb_row][\/et_pb_section]<\/p>\n","protected":false},"excerpt":{"rendered":"<p>Portable Messger\u00e4te Portalmessger\u00e4te Horizontalarm-Messger\u00e4te Gantry-Messger\u00e4te<\/p>\n","protected":false},"author":85986,"featured_media":79731,"parent":629598,"menu_order":0,"comment_status":"closed","ping_status":"closed","template":"","meta":{"_acf_changed":false,"_et_pb_use_builder":"on","_et_pb_old_content":"<p>[et_pb_section fb_built=\"1\" admin_label=\"section\" _builder_version=\"3.22\"][et_pb_row admin_label=\"row\" _builder_version=\"3.25\" background_size=\"initial\" background_position=\"top_left\" background_repeat=\"repeat\"][et_pb_column type=\"4_4\" _builder_version=\"3.25\" custom_padding=\"|||\" custom_padding__hover=\"|||\"][et_pb_text admin_label=\"Text\" _builder_version=\"3.27.4\" background_size=\"initial\" background_position=\"top_left\" background_repeat=\"repeat\"]<\/p><p>[precontent]<\/p><p>[\/precontent]<\/p><p>[custom_pages class=\"mover\" template=\"one_half\" effect=\"none\" hide=\"autho<\/p><p><img class=\"aligncenter size-full wp-image-14299\" src=\"https:\/\/innovalia-metrology.com\/wp-content\/uploads\/2019\/12\/Banner_Metrology_Sale_Nov19_en.jpg\" alt=\"\" width=\"5833\" height=\"1250\" \/><\/p><p>r,summary\" entry_ids=\"4237, 4241, 4244, 4247\"]<\/p><p>[\/custom_pages]<\/p><p>[\/et_pb_text][\/et_pb_column][\/et_pb_row][\/et_pb_section]<\/p>","_et_gb_content_width":"","footnotes":""},"class_list":["post-629616","page","type-page","status-publish","has-post-thumbnail","hentry"],"acf":[],"yoast_head":"<title>CMM: Coordinate Measuring Machines | Innovalia Metrology<\/title>\n<meta name=\"description\" content=\"Discover the wide range of coordinate measuring machines CMMS that cover all the possible Metrological needs of our clients\" \/>\n<meta name=\"robots\" content=\"index, follow, max-snippet:-1, max-image-preview:large, max-video-preview:-1\" \/>\n<link rel=\"canonical\" href=\"https:\/\/innovalia-metrology.com\/de\/metrology-produkte\/kmg-systemen\/\" \/>\n<meta property=\"og:locale\" content=\"de_DE\" \/>\n<meta property=\"og:type\" content=\"article\" \/>\n<meta property=\"og:title\" content=\"CMM: Coordinate Measuring Machines | Innovalia Metrology\" \/>\n<meta property=\"og:description\" content=\"Discover the wide range of coordinate measuring machines CMMS that cover all the possible Metrological needs of our clients\" \/>\n<meta property=\"og:url\" content=\"https:\/\/innovalia-metrology.com\/de\/metrology-produkte\/kmg-systemen\/\" \/>\n<meta property=\"og:site_name\" content=\"INNOVALIA METROLOGY | INDUSTRIAL METROLOGY SOLUTIONS\" \/>\n<meta property=\"article:modified_time\" content=\"2023-02-20T15:07:53+00:00\" \/>\n<meta property=\"og:image\" content=\"https:\/\/innovalia-metrology.com\/wp-content\/uploads\/2013\/03\/m3portable-cmm1.png\" \/>\n\t<meta property=\"og:image:width\" content=\"500\" \/>\n\t<meta property=\"og:image:height\" content=\"380\" \/>\n\t<meta property=\"og:image:type\" content=\"image\/png\" \/>\n<meta name=\"twitter:label1\" content=\"Gesch\u00e4tzte Lesezeit\" \/>\n\t<meta name=\"twitter:data1\" content=\"3 Minuten\" \/>\n<script type=\"application\/ld+json\" class=\"yoast-schema-graph\">{\"@context\":\"https:\/\/schema.org\",\"@graph\":[{\"@type\":\"WebPage\",\"@id\":\"https:\/\/innovalia-metrology.com\/de\/metrology-produkte\/kmg-systemen\/\",\"url\":\"https:\/\/innovalia-metrology.com\/de\/metrology-produkte\/kmg-systemen\/\",\"name\":\"CMM: Coordinate Measuring Machines | Innovalia Metrology\",\"isPartOf\":{\"@id\":\"https:\/\/innovalia-metrology.com\/de\/#website\"},\"primaryImageOfPage\":{\"@id\":\"https:\/\/innovalia-metrology.com\/de\/metrology-produkte\/kmg-systemen\/#primaryimage\"},\"image\":{\"@id\":\"https:\/\/innovalia-metrology.com\/de\/metrology-produkte\/kmg-systemen\/#primaryimage\"},\"thumbnailUrl\":\"https:\/\/innovalia-metrology.com\/wp-content\/uploads\/2013\/03\/m3portable-cmm1.png\",\"datePublished\":\"2016-08-02T09:53:47+00:00\",\"dateModified\":\"2023-02-20T15:07:53+00:00\",\"description\":\"Discover the wide range of coordinate measuring machines CMMS that cover all the possible Metrological needs of our clients\",\"breadcrumb\":{\"@id\":\"https:\/\/innovalia-metrology.com\/de\/metrology-produkte\/kmg-systemen\/#breadcrumb\"},\"inLanguage\":\"de-DE\",\"potentialAction\":[{\"@type\":\"ReadAction\",\"target\":[\"https:\/\/innovalia-metrology.com\/de\/metrology-produkte\/kmg-systemen\/\"]}]},{\"@type\":\"ImageObject\",\"inLanguage\":\"de-DE\",\"@id\":\"https:\/\/innovalia-metrology.com\/de\/metrology-produkte\/kmg-systemen\/#primaryimage\",\"url\":\"https:\/\/innovalia-metrology.com\/wp-content\/uploads\/2013\/03\/m3portable-cmm1.png\",\"contentUrl\":\"https:\/\/innovalia-metrology.com\/wp-content\/uploads\/2013\/03\/m3portable-cmm1.png\",\"width\":500,\"height\":380},{\"@type\":\"BreadcrumbList\",\"@id\":\"https:\/\/innovalia-metrology.com\/de\/metrology-produkte\/kmg-systemen\/#breadcrumb\",\"itemListElement\":[{\"@type\":\"ListItem\",\"position\":1,\"name\":\"Home\",\"item\":\"https:\/\/innovalia-metrology.com\/de\/\"},{\"@type\":\"ListItem\",\"position\":2,\"name\":\"Produkte\",\"item\":\"https:\/\/innovalia-metrology.com\/de\/metrology-produkte\/\"},{\"@type\":\"ListItem\",\"position\":3,\"name\":\"KMG Systemen\"}]},{\"@type\":\"WebSite\",\"@id\":\"https:\/\/innovalia-metrology.com\/de\/#website\",\"url\":\"https:\/\/innovalia-metrology.com\/de\/\",\"name\":\"INNOVALIA METROLOGY\",\"description\":\"METROLOGY SOLUTIONS\",\"publisher\":{\"@id\":\"https:\/\/innovalia-metrology.com\/de\/#organization\"},\"potentialAction\":[{\"@type\":\"SearchAction\",\"target\":{\"@type\":\"EntryPoint\",\"urlTemplate\":\"https:\/\/innovalia-metrology.com\/de\/?s={search_term_string}\"},\"query-input\":{\"@type\":\"PropertyValueSpecification\",\"valueRequired\":true,\"valueName\":\"search_term_string\"}}],\"inLanguage\":\"de-DE\"},{\"@type\":\"Organization\",\"@id\":\"https:\/\/innovalia-metrology.com\/de\/#organization\",\"name\":\"INNOVALIA METROLOGY\",\"url\":\"https:\/\/innovalia-metrology.com\/de\/\",\"logo\":{\"@type\":\"ImageObject\",\"inLanguage\":\"de-DE\",\"@id\":\"https:\/\/innovalia-metrology.com\/de\/#\/schema\/logo\/image\/\",\"url\":\"https:\/\/innovalia-metrology.com\/wp-content\/uploads\/2025\/10\/Diseno-sin-titulo-36.png\",\"contentUrl\":\"https:\/\/innovalia-metrology.com\/wp-content\/uploads\/2025\/10\/Diseno-sin-titulo-36.png\",\"width\":300,\"height\":250,\"caption\":\"INNOVALIA METROLOGY\"},\"image\":{\"@id\":\"https:\/\/innovalia-metrology.com\/de\/#\/schema\/logo\/image\/\"},\"sameAs\":[\"https:\/\/x.com\/IMetrology_ES\",\"https:\/\/www.linkedin.com\/company\/innovalia-metrology\",\"https:\/\/www.youtube.com\/channel\/UCV7L_atMrcg6DUslHYeDaYQ\"]}]}<\/script>","yoast_head_json":{"title":"CMM: Coordinate Measuring Machines | Innovalia Metrology","description":"Discover the wide range of coordinate measuring machines CMMS that cover all the possible Metrological needs of our clients","robots":{"index":"index","follow":"follow","max-snippet":"max-snippet:-1","max-image-preview":"max-image-preview:large","max-video-preview":"max-video-preview:-1"},"canonical":"https:\/\/innovalia-metrology.com\/de\/metrology-produkte\/kmg-systemen\/","og_locale":"de_DE","og_type":"article","og_title":"CMM: Coordinate Measuring Machines | Innovalia Metrology","og_description":"Discover the wide range of coordinate measuring machines CMMS that cover all the possible Metrological needs of our clients","og_url":"https:\/\/innovalia-metrology.com\/de\/metrology-produkte\/kmg-systemen\/","og_site_name":"INNOVALIA METROLOGY | INDUSTRIAL METROLOGY SOLUTIONS","article_modified_time":"2023-02-20T15:07:53+00:00","og_image":[{"width":500,"height":380,"url":"https:\/\/innovalia-metrology.com\/wp-content\/uploads\/2013\/03\/m3portable-cmm1.png","type":"image\/png"}],"twitter_misc":{"Gesch\u00e4tzte Lesezeit":"3 Minuten"},"schema":{"@context":"https:\/\/schema.org","@graph":[{"@type":"WebPage","@id":"https:\/\/innovalia-metrology.com\/de\/metrology-produkte\/kmg-systemen\/","url":"https:\/\/innovalia-metrology.com\/de\/metrology-produkte\/kmg-systemen\/","name":"CMM: Coordinate Measuring Machines | Innovalia Metrology","isPartOf":{"@id":"https:\/\/innovalia-metrology.com\/de\/#website"},"primaryImageOfPage":{"@id":"https:\/\/innovalia-metrology.com\/de\/metrology-produkte\/kmg-systemen\/#primaryimage"},"image":{"@id":"https:\/\/innovalia-metrology.com\/de\/metrology-produkte\/kmg-systemen\/#primaryimage"},"thumbnailUrl":"https:\/\/innovalia-metrology.com\/wp-content\/uploads\/2013\/03\/m3portable-cmm1.png","datePublished":"2016-08-02T09:53:47+00:00","dateModified":"2023-02-20T15:07:53+00:00","description":"Discover the wide range of coordinate measuring machines CMMS that cover all the possible Metrological needs of our clients","breadcrumb":{"@id":"https:\/\/innovalia-metrology.com\/de\/metrology-produkte\/kmg-systemen\/#breadcrumb"},"inLanguage":"de-DE","potentialAction":[{"@type":"ReadAction","target":["https:\/\/innovalia-metrology.com\/de\/metrology-produkte\/kmg-systemen\/"]}]},{"@type":"ImageObject","inLanguage":"de-DE","@id":"https:\/\/innovalia-metrology.com\/de\/metrology-produkte\/kmg-systemen\/#primaryimage","url":"https:\/\/innovalia-metrology.com\/wp-content\/uploads\/2013\/03\/m3portable-cmm1.png","contentUrl":"https:\/\/innovalia-metrology.com\/wp-content\/uploads\/2013\/03\/m3portable-cmm1.png","width":500,"height":380},{"@type":"BreadcrumbList","@id":"https:\/\/innovalia-metrology.com\/de\/metrology-produkte\/kmg-systemen\/#breadcrumb","itemListElement":[{"@type":"ListItem","position":1,"name":"Home","item":"https:\/\/innovalia-metrology.com\/de\/"},{"@type":"ListItem","position":2,"name":"Produkte","item":"https:\/\/innovalia-metrology.com\/de\/metrology-produkte\/"},{"@type":"ListItem","position":3,"name":"KMG Systemen"}]},{"@type":"WebSite","@id":"https:\/\/innovalia-metrology.com\/de\/#website","url":"https:\/\/innovalia-metrology.com\/de\/","name":"INNOVALIA METROLOGY","description":"METROLOGY SOLUTIONS","publisher":{"@id":"https:\/\/innovalia-metrology.com\/de\/#organization"},"potentialAction":[{"@type":"SearchAction","target":{"@type":"EntryPoint","urlTemplate":"https:\/\/innovalia-metrology.com\/de\/?s={search_term_string}"},"query-input":{"@type":"PropertyValueSpecification","valueRequired":true,"valueName":"search_term_string"}}],"inLanguage":"de-DE"},{"@type":"Organization","@id":"https:\/\/innovalia-metrology.com\/de\/#organization","name":"INNOVALIA METROLOGY","url":"https:\/\/innovalia-metrology.com\/de\/","logo":{"@type":"ImageObject","inLanguage":"de-DE","@id":"https:\/\/innovalia-metrology.com\/de\/#\/schema\/logo\/image\/","url":"https:\/\/innovalia-metrology.com\/wp-content\/uploads\/2025\/10\/Diseno-sin-titulo-36.png","contentUrl":"https:\/\/innovalia-metrology.com\/wp-content\/uploads\/2025\/10\/Diseno-sin-titulo-36.png","width":300,"height":250,"caption":"INNOVALIA METROLOGY"},"image":{"@id":"https:\/\/innovalia-metrology.com\/de\/#\/schema\/logo\/image\/"},"sameAs":["https:\/\/x.com\/IMetrology_ES","https:\/\/www.linkedin.com\/company\/innovalia-metrology","https:\/\/www.youtube.com\/channel\/UCV7L_atMrcg6DUslHYeDaYQ"]}]}},"_links":{"self":[{"href":"https:\/\/innovalia-metrology.com\/de\/wp-json\/wp\/v2\/pages\/629616","targetHints":{"allow":["GET"]}}],"collection":[{"href":"https:\/\/innovalia-metrology.com\/de\/wp-json\/wp\/v2\/pages"}],"about":[{"href":"https:\/\/innovalia-metrology.com\/de\/wp-json\/wp\/v2\/types\/page"}],"author":[{"embeddable":true,"href":"https:\/\/innovalia-metrology.com\/de\/wp-json\/wp\/v2\/users\/85986"}],"replies":[{"embeddable":true,"href":"https:\/\/innovalia-metrology.com\/de\/wp-json\/wp\/v2\/comments?post=629616"}],"version-history":[{"count":7,"href":"https:\/\/innovalia-metrology.com\/de\/wp-json\/wp\/v2\/pages\/629616\/revisions"}],"predecessor-version":[{"id":629830,"href":"https:\/\/innovalia-metrology.com\/de\/wp-json\/wp\/v2\/pages\/629616\/revisions\/629830"}],"up":[{"embeddable":true,"href":"https:\/\/innovalia-metrology.com\/de\/wp-json\/wp\/v2\/pages\/629598"}],"wp:featuredmedia":[{"embeddable":true,"href":"https:\/\/innovalia-metrology.com\/de\/wp-json\/wp\/v2\/media\/79731"}],"wp:attachment":[{"href":"https:\/\/innovalia-metrology.com\/de\/wp-json\/wp\/v2\/media?parent=629616"}],"curies":[{"name":"wp","href":"https:\/\/api.w.org\/{rel}","templated":true}]}}