{"id":629651,"date":"2021-08-13T11:28:46","date_gmt":"2021-08-13T09:28:46","guid":{"rendered":"https:\/\/innovalia-metrology.cbtpruebas.es\/metrology-produkte\/machine-tool-solutions\/"},"modified":"2023-03-10T12:28:39","modified_gmt":"2023-03-10T11:28:39","slug":"loesungen-fuer-die-werkzeugmaschine","status":"publish","type":"page","link":"https:\/\/innovalia-metrology.com\/de\/metrology-produkte\/loesungen-fuer-die-werkzeugmaschine\/","title":{"rendered":"L\u00f6sungen f\u00fcr die Werkzeugmaschine"},"content":{"rendered":"<p>[et_pb_section fb_built=&#8220;1&#8243; _builder_version=&#8220;4.19.4&#8243; _module_preset=&#8220;default&#8220; background_color=&#8220;RGBA(255,255,255,0)&#8220; global_colors_info=&#8220;{}&#8220; theme_builder_area=&#8220;post_content&#8220; custom_padding=&#8220;0px|||||&#8220; da_is_popup=&#8220;off&#8220; da_exit_intent=&#8220;off&#8220; da_has_close=&#8220;on&#8220; da_alt_close=&#8220;off&#8220; da_dark_close=&#8220;off&#8220; da_not_modal=&#8220;on&#8220; da_is_singular=&#8220;off&#8220; da_with_loader=&#8220;off&#8220; da_has_shadow=&#8220;on&#8220; da_disable_devices=&#8220;off|off|off&#8220;][et_pb_row column_structure=&#8220;1_2,1_2&#8243; use_custom_gutter=&#8220;on&#8220; gutter_width=&#8220;1&#8243; make_equal=&#8220;on&#8220; _builder_version=&#8220;4.19.4&#8243; _module_preset=&#8220;default&#8220; width=&#8220;100%&#8220; custom_padding=&#8220;|||0px||&#8220; locked=&#8220;off&#8220; global_colors_info=&#8220;{}&#8220; theme_builder_area=&#8220;post_content&#8220;][et_pb_column type=&#8220;1_2&#8243; _builder_version=&#8220;4.16&#8243; _module_preset=&#8220;default&#8220; global_colors_info=&#8220;{}&#8220; theme_builder_area=&#8220;post_content&#8220;][et_pb_cta button_url=&#8220;@ET-DC@eyJkeW5hbWljIjp0cnVlLCJjb250ZW50IjoicG9zdF9saW5rX3VybF9wYWdlIiwic2V0dGluZ3MiOnsicG9zdF9pZCI6IjIwMzExIn19@&#8220; button_text=&#8220;Mehr&#8220; _builder_version=&#8220;4.19.5&#8243; _dynamic_attributes=&#8220;button_url,link_option_url&#8220; _module_preset=&#8220;default&#8220; header_level=&#8220;h3&#8243; header_text_align=&#8220;left&#8220; header_text_color=&#8220;#000000&#8243; background_color=&#8220;RGBA(0,0,0,0)&#8220; button_alignment=&#8220;left&#8220; background_layout=&#8220;light&#8220; custom_padding=&#8220;0px|30px||25px||&#8220; link_option_url=&#8220;@ET-DC@eyJkeW5hbWljIjp0cnVlLCJjb250ZW50IjoicG9zdF9saW5rX3VybF9wYWdlIiwic2V0dGluZ3MiOnsicG9zdF9pZCI6IjIwMzExIn19@&#8220; custom_css_promo_button=&#8220;margin-top:-20px;&#8220; global_colors_info=&#8220;{}&#8220; theme_builder_area=&#8220;post_content&#8220;]<\/p>\n<figure class=\"entry-featured-media g1-on--mouse\">\n<div id=\"g1-content-area\">\n<div id=\"primary\">\n<div id=\"content\" role=\"main\">\n<article id=\"post-6205\" class=\"post-6205 page type-page status-publish has-post-thumbnail g1-complete\">\n<div class=\"entry-content\">\n<div id=\"g1-custom-posts-shortcode-1\" class=\"g1-collection-custom_pages g1-custom-posts-shortcode g1-shortcode mover\">\n<div class=\"g1-collection g1-collection--grid g1-collection--one-half g1-collection--simple g1-effect-none\">\n<article id=\"post-4237\" class=\"post-4237 page type-page status-publish has-post-thumbnail g1_relation_tag-cmms g1-brief\">\n<figure class=\"entry-featured-media g1-on--mouse\"><img loading=\"lazy\" decoding=\"async\" src=\"https:\/\/innovalia-metrology.com\/wp-content\/uploads\/2021\/01\/m3mh_medicion_5ejes.jpg\" width=\"1909\" height=\"1183\" alt=\"\" class=\"wp-image-19124 alignleft size-full\" srcset=\"https:\/\/innovalia-metrology.com\/wp-content\/uploads\/2021\/01\/m3mh_medicion_5ejes.jpg 1909w, https:\/\/innovalia-metrology.com\/wp-content\/uploads\/2021\/01\/m3mh_medicion_5ejes-300x186.jpg 300w, https:\/\/innovalia-metrology.com\/wp-content\/uploads\/2021\/01\/m3mh_medicion_5ejes-1024x635.jpg 1024w, https:\/\/innovalia-metrology.com\/wp-content\/uploads\/2021\/01\/m3mh_medicion_5ejes-768x476.jpg 768w, https:\/\/innovalia-metrology.com\/wp-content\/uploads\/2021\/01\/m3mh_medicion_5ejes-1536x952.jpg 1536w, https:\/\/innovalia-metrology.com\/wp-content\/uploads\/2021\/01\/m3mh_medicion_5ejes-968x600.jpg 968w, https:\/\/innovalia-metrology.com\/wp-content\/uploads\/2021\/01\/m3mh_medicion_5ejes-636x394.jpg 636w, https:\/\/innovalia-metrology.com\/wp-content\/uploads\/2021\/01\/m3mh_medicion_5ejes-320x198.jpg 320w, https:\/\/innovalia-metrology.com\/wp-content\/uploads\/2021\/01\/m3mh_medicion_5ejes-239x148.jpg 239w\" sizes=\"(max-width: 1909px) 100vw, 1909px\" \/><\/figure>\n<\/article>\n<\/div>\n<\/div>\n<\/div>\n<\/article>\n<\/div>\n<\/div>\n<\/div>\n<\/figure>\n<div class=\"g1-nonmedia\">\n<div class=\"g1-inner\">\n<header class=\"entry-header\">\n<h3><a href=\"https:\/\/www.innovalia-metrology.com\/metrology-products\/cmms-systems\/\" id=\"g1-frame-1\" class=\"g1-frame g1-frame--none g1-frame--inherit g1-frame--center \" style=\"font-size: 16px;\"><span class=\"g1-decorator\"><\/span><\/a><\/h3>\n<\/header>\n<\/div>\n<\/div>\n<h3 style=\"text-align: left;\">MH L\u00f6sungen<\/h3>\n<p>[\/et_pb_cta][et_pb_cta button_url=&#8220;@ET-DC@eyJkeW5hbWljIjp0cnVlLCJjb250ZW50IjoicG9zdF9saW5rX3VybF9wYWdlIiwic2V0dGluZ3MiOnsicG9zdF9pZCI6IjIwMzMwIn19@&#8220; button_text=&#8220;Mehr&#8220; _builder_version=&#8220;4.19.5&#8243; _dynamic_attributes=&#8220;button_url,link_option_url&#8220; _module_preset=&#8220;default&#8220; header_level=&#8220;h3&#8243; header_text_align=&#8220;left&#8220; header_text_color=&#8220;#000000&#8243; background_color=&#8220;RGBA(0,0,0,0)&#8220; button_alignment=&#8220;left&#8220; background_layout=&#8220;light&#8220; custom_padding=&#8220;0px|30px||25px||&#8220; link_option_url=&#8220;@ET-DC@eyJkeW5hbWljIjp0cnVlLCJjb250ZW50IjoicG9zdF9saW5rX3VybF9wYWdlIiwic2V0dGluZ3MiOnsicG9zdF9pZCI6IjIwMzMwIn19@&#8220; custom_css_promo_button=&#8220;margin-top:-20px;&#8220; global_colors_info=&#8220;{}&#8220; theme_builder_area=&#8220;post_content&#8220;]<\/p>\n<figure class=\"entry-featured-media g1-on--mouse\"><img loading=\"lazy\" decoding=\"async\" src=\"https:\/\/innovalia-metrology.com\/wp-content\/uploads\/2014\/04\/barrabolas_contacto_01.jpg\" width=\"1024\" height=\"680\" alt=\"barrabolas_contacto\" class=\"wp-image-4080 alignleft size-full\" srcset=\"https:\/\/innovalia-metrology.com\/wp-content\/uploads\/2014\/04\/barrabolas_contacto_01.jpg 1024w, https:\/\/innovalia-metrology.com\/wp-content\/uploads\/2014\/04\/barrabolas_contacto_01-300x199.jpg 300w, https:\/\/innovalia-metrology.com\/wp-content\/uploads\/2014\/04\/barrabolas_contacto_01-968x642.jpg 968w, https:\/\/innovalia-metrology.com\/wp-content\/uploads\/2014\/04\/barrabolas_contacto_01-636x422.jpg 636w, https:\/\/innovalia-metrology.com\/wp-content\/uploads\/2014\/04\/barrabolas_contacto_01-320x212.jpg 320w, https:\/\/innovalia-metrology.com\/wp-content\/uploads\/2014\/04\/barrabolas_contacto_01-239x158.jpg 239w\" sizes=\"(max-width: 1024px) 100vw, 1024px\" \/><\/figure>\n<p><a href=\"https:\/\/www.innovalia-metrology.com\/metrology-products\/cmms-systems\/\" id=\"g1-frame-1\" class=\"g1-frame g1-frame--none g1-frame--inherit g1-frame--center \"><span class=\"g1-decorator\"><\/span><\/a><\/p>\n<p><span class=\"g1-decorator\"><\/span><\/p>\n<h3 style=\"text-align: left;\">\u00dcberpr\u00fcfungsartefakte f\u00fcr Werkzeugmaschinen<\/h3>\n<p>[\/et_pb_cta][\/et_pb_column][et_pb_column type=&#8220;1_2&#8243; _builder_version=&#8220;4.16&#8243; _module_preset=&#8220;default&#8220; global_colors_info=&#8220;{}&#8220; theme_builder_area=&#8220;post_content&#8220;][et_pb_cta button_url=&#8220;@ET-DC@eyJkeW5hbWljIjp0cnVlLCJjb250ZW50IjoicG9zdF9saW5rX3VybF9wYWdlIiwic2V0dGluZ3MiOnsicG9zdF9pZCI6IjIwMzIxIn19@&#8220; button_text=&#8220;Mehr&#8220; _builder_version=&#8220;4.19.5&#8243; _dynamic_attributes=&#8220;button_url,link_option_url&#8220; _module_preset=&#8220;default&#8220; header_level=&#8220;h3&#8243; header_text_align=&#8220;left&#8220; header_text_color=&#8220;#000000&#8243; background_color=&#8220;RGBA(0,0,0,0)&#8220; button_alignment=&#8220;left&#8220; background_layout=&#8220;light&#8220; custom_padding=&#8220;0px|30px||25px||&#8220; link_option_url=&#8220;@ET-DC@eyJkeW5hbWljIjp0cnVlLCJjb250ZW50IjoicG9zdF9saW5rX3VybF9wYWdlIiwic2V0dGluZ3MiOnsicG9zdF9pZCI6IjIwMzIxIn19@&#8220; custom_css_promo_button=&#8220;margin-top:-20px;&#8220; global_colors_info=&#8220;{}&#8220; theme_builder_area=&#8220;post_content&#8220;]<\/p>\n<figure class=\"entry-featured-media\"><img loading=\"lazy\" decoding=\"async\" src=\"https:\/\/innovalia-metrology.com\/wp-content\/uploads\/2013\/12\/TetracheckCMM3-web.jpg\" width=\"1024\" height=\"680\" alt=\"Tetracheck CMM\" class=\"wp-image-3167 alignleft size-full\" \/><\/figure>\n<div class=\"g1-nonmedia\">\n<div class=\"g1-inner\">\n<header class=\"entry-header\"><\/header>\n<\/div>\n<\/div>\n<p><span class=\"g1-decorator\"><\/span><\/p>\n<h3 style=\"text-align: left;\"><\/h3>\n<h3 style=\"text-align: left;\">MH-Check: \u00dcberpr\u00fcfungssoftware f\u00fcr Werkzeugmaschinen<\/h3>\n<p>[\/et_pb_cta][\/et_pb_column][\/et_pb_row][\/et_pb_section]<\/p>\n","protected":false},"excerpt":{"rendered":"<p>MH L\u00f6sungen \u00dcberpr\u00fcfungsartefakte f\u00fcr Werkzeugmaschinen MH-Check: \u00dcberpr\u00fcfungssoftware f\u00fcr Werkzeugmaschinen<\/p>\n","protected":false},"author":85986,"featured_media":79731,"parent":629598,"menu_order":0,"comment_status":"closed","ping_status":"closed","template":"","meta":{"_acf_changed":false,"_et_pb_use_builder":"on","_et_pb_old_content":"","_et_gb_content_width":"","footnotes":""},"class_list":["post-629651","page","type-page","status-publish","has-post-thumbnail","hentry"],"acf":[],"yoast_head":"<title>L\u00f6sungen f\u00fcr die Werkzeugmaschine | INNOVALIA METROLOGY | INDUSTRIAL METROLOGY SOLUTIONS<\/title>\n<meta name=\"robots\" content=\"index, follow, max-snippet:-1, max-image-preview:large, max-video-preview:-1\" \/>\n<link rel=\"canonical\" href=\"https:\/\/innovalia-metrology.com\/de\/metrology-produkte\/loesungen-fuer-die-werkzeugmaschine\/\" \/>\n<meta property=\"og:locale\" content=\"de_DE\" \/>\n<meta property=\"og:type\" content=\"article\" \/>\n<meta property=\"og:title\" content=\"L\u00f6sungen f\u00fcr die Werkzeugmaschine | INNOVALIA METROLOGY | INDUSTRIAL METROLOGY SOLUTIONS\" \/>\n<meta property=\"og:description\" content=\"MH L\u00f6sungen \u00dcberpr\u00fcfungsartefakte f\u00fcr Werkzeugmaschinen MH-Check: \u00dcberpr\u00fcfungssoftware f\u00fcr Werkzeugmaschinen\" \/>\n<meta property=\"og:url\" content=\"https:\/\/innovalia-metrology.com\/de\/metrology-produkte\/loesungen-fuer-die-werkzeugmaschine\/\" \/>\n<meta property=\"og:site_name\" content=\"INNOVALIA METROLOGY | INDUSTRIAL METROLOGY SOLUTIONS\" \/>\n<meta property=\"article:modified_time\" content=\"2023-03-10T11:28:39+00:00\" \/>\n<meta property=\"og:image\" content=\"https:\/\/innovalia-metrology.com\/wp-content\/uploads\/2013\/03\/m3portable-cmm1.png\" \/>\n\t<meta property=\"og:image:width\" content=\"500\" \/>\n\t<meta property=\"og:image:height\" content=\"380\" \/>\n\t<meta property=\"og:image:type\" content=\"image\/png\" \/>\n<meta name=\"twitter:label1\" content=\"Gesch\u00e4tzte Lesezeit\" \/>\n\t<meta name=\"twitter:data1\" content=\"2 Minuten\" \/>\n<script type=\"application\/ld+json\" class=\"yoast-schema-graph\">{\"@context\":\"https:\/\/schema.org\",\"@graph\":[{\"@type\":\"WebPage\",\"@id\":\"https:\/\/innovalia-metrology.com\/de\/metrology-produkte\/loesungen-fuer-die-werkzeugmaschine\/\",\"url\":\"https:\/\/innovalia-metrology.com\/de\/metrology-produkte\/loesungen-fuer-die-werkzeugmaschine\/\",\"name\":\"L\u00f6sungen f\u00fcr die Werkzeugmaschine | INNOVALIA METROLOGY | INDUSTRIAL METROLOGY SOLUTIONS\",\"isPartOf\":{\"@id\":\"https:\/\/innovalia-metrology.com\/de\/#website\"},\"primaryImageOfPage\":{\"@id\":\"https:\/\/innovalia-metrology.com\/de\/metrology-produkte\/loesungen-fuer-die-werkzeugmaschine\/#primaryimage\"},\"image\":{\"@id\":\"https:\/\/innovalia-metrology.com\/de\/metrology-produkte\/loesungen-fuer-die-werkzeugmaschine\/#primaryimage\"},\"thumbnailUrl\":\"https:\/\/innovalia-metrology.com\/wp-content\/uploads\/2013\/03\/m3portable-cmm1.png\",\"datePublished\":\"2021-08-13T09:28:46+00:00\",\"dateModified\":\"2023-03-10T11:28:39+00:00\",\"breadcrumb\":{\"@id\":\"https:\/\/innovalia-metrology.com\/de\/metrology-produkte\/loesungen-fuer-die-werkzeugmaschine\/#breadcrumb\"},\"inLanguage\":\"de-DE\",\"potentialAction\":[{\"@type\":\"ReadAction\",\"target\":[\"https:\/\/innovalia-metrology.com\/de\/metrology-produkte\/loesungen-fuer-die-werkzeugmaschine\/\"]}]},{\"@type\":\"ImageObject\",\"inLanguage\":\"de-DE\",\"@id\":\"https:\/\/innovalia-metrology.com\/de\/metrology-produkte\/loesungen-fuer-die-werkzeugmaschine\/#primaryimage\",\"url\":\"https:\/\/innovalia-metrology.com\/wp-content\/uploads\/2013\/03\/m3portable-cmm1.png\",\"contentUrl\":\"https:\/\/innovalia-metrology.com\/wp-content\/uploads\/2013\/03\/m3portable-cmm1.png\",\"width\":500,\"height\":380},{\"@type\":\"BreadcrumbList\",\"@id\":\"https:\/\/innovalia-metrology.com\/de\/metrology-produkte\/loesungen-fuer-die-werkzeugmaschine\/#breadcrumb\",\"itemListElement\":[{\"@type\":\"ListItem\",\"position\":1,\"name\":\"Home\",\"item\":\"https:\/\/innovalia-metrology.com\/de\/\"},{\"@type\":\"ListItem\",\"position\":2,\"name\":\"Produkte\",\"item\":\"https:\/\/innovalia-metrology.com\/de\/metrology-produkte\/\"},{\"@type\":\"ListItem\",\"position\":3,\"name\":\"L\u00f6sungen f\u00fcr die Werkzeugmaschine\"}]},{\"@type\":\"WebSite\",\"@id\":\"https:\/\/innovalia-metrology.com\/de\/#website\",\"url\":\"https:\/\/innovalia-metrology.com\/de\/\",\"name\":\"INNOVALIA METROLOGY\",\"description\":\"METROLOGY SOLUTIONS\",\"publisher\":{\"@id\":\"https:\/\/innovalia-metrology.com\/de\/#organization\"},\"potentialAction\":[{\"@type\":\"SearchAction\",\"target\":{\"@type\":\"EntryPoint\",\"urlTemplate\":\"https:\/\/innovalia-metrology.com\/de\/?s={search_term_string}\"},\"query-input\":{\"@type\":\"PropertyValueSpecification\",\"valueRequired\":true,\"valueName\":\"search_term_string\"}}],\"inLanguage\":\"de-DE\"},{\"@type\":\"Organization\",\"@id\":\"https:\/\/innovalia-metrology.com\/de\/#organization\",\"name\":\"INNOVALIA METROLOGY\",\"url\":\"https:\/\/innovalia-metrology.com\/de\/\",\"logo\":{\"@type\":\"ImageObject\",\"inLanguage\":\"de-DE\",\"@id\":\"https:\/\/innovalia-metrology.com\/de\/#\/schema\/logo\/image\/\",\"url\":\"https:\/\/innovalia-metrology.com\/wp-content\/uploads\/2025\/10\/Diseno-sin-titulo-36.png\",\"contentUrl\":\"https:\/\/innovalia-metrology.com\/wp-content\/uploads\/2025\/10\/Diseno-sin-titulo-36.png\",\"width\":300,\"height\":250,\"caption\":\"INNOVALIA METROLOGY\"},\"image\":{\"@id\":\"https:\/\/innovalia-metrology.com\/de\/#\/schema\/logo\/image\/\"},\"sameAs\":[\"https:\/\/x.com\/IMetrology_ES\",\"https:\/\/www.linkedin.com\/company\/innovalia-metrology\",\"https:\/\/www.youtube.com\/channel\/UCV7L_atMrcg6DUslHYeDaYQ\"]}]}<\/script>","yoast_head_json":{"title":"L\u00f6sungen f\u00fcr die Werkzeugmaschine | INNOVALIA METROLOGY | INDUSTRIAL METROLOGY SOLUTIONS","robots":{"index":"index","follow":"follow","max-snippet":"max-snippet:-1","max-image-preview":"max-image-preview:large","max-video-preview":"max-video-preview:-1"},"canonical":"https:\/\/innovalia-metrology.com\/de\/metrology-produkte\/loesungen-fuer-die-werkzeugmaschine\/","og_locale":"de_DE","og_type":"article","og_title":"L\u00f6sungen f\u00fcr die Werkzeugmaschine | INNOVALIA METROLOGY | INDUSTRIAL METROLOGY SOLUTIONS","og_description":"MH L\u00f6sungen \u00dcberpr\u00fcfungsartefakte f\u00fcr Werkzeugmaschinen MH-Check: \u00dcberpr\u00fcfungssoftware f\u00fcr Werkzeugmaschinen","og_url":"https:\/\/innovalia-metrology.com\/de\/metrology-produkte\/loesungen-fuer-die-werkzeugmaschine\/","og_site_name":"INNOVALIA METROLOGY | INDUSTRIAL METROLOGY SOLUTIONS","article_modified_time":"2023-03-10T11:28:39+00:00","og_image":[{"width":500,"height":380,"url":"https:\/\/innovalia-metrology.com\/wp-content\/uploads\/2013\/03\/m3portable-cmm1.png","type":"image\/png"}],"twitter_misc":{"Gesch\u00e4tzte Lesezeit":"2 Minuten"},"schema":{"@context":"https:\/\/schema.org","@graph":[{"@type":"WebPage","@id":"https:\/\/innovalia-metrology.com\/de\/metrology-produkte\/loesungen-fuer-die-werkzeugmaschine\/","url":"https:\/\/innovalia-metrology.com\/de\/metrology-produkte\/loesungen-fuer-die-werkzeugmaschine\/","name":"L\u00f6sungen f\u00fcr die Werkzeugmaschine | INNOVALIA METROLOGY | INDUSTRIAL METROLOGY SOLUTIONS","isPartOf":{"@id":"https:\/\/innovalia-metrology.com\/de\/#website"},"primaryImageOfPage":{"@id":"https:\/\/innovalia-metrology.com\/de\/metrology-produkte\/loesungen-fuer-die-werkzeugmaschine\/#primaryimage"},"image":{"@id":"https:\/\/innovalia-metrology.com\/de\/metrology-produkte\/loesungen-fuer-die-werkzeugmaschine\/#primaryimage"},"thumbnailUrl":"https:\/\/innovalia-metrology.com\/wp-content\/uploads\/2013\/03\/m3portable-cmm1.png","datePublished":"2021-08-13T09:28:46+00:00","dateModified":"2023-03-10T11:28:39+00:00","breadcrumb":{"@id":"https:\/\/innovalia-metrology.com\/de\/metrology-produkte\/loesungen-fuer-die-werkzeugmaschine\/#breadcrumb"},"inLanguage":"de-DE","potentialAction":[{"@type":"ReadAction","target":["https:\/\/innovalia-metrology.com\/de\/metrology-produkte\/loesungen-fuer-die-werkzeugmaschine\/"]}]},{"@type":"ImageObject","inLanguage":"de-DE","@id":"https:\/\/innovalia-metrology.com\/de\/metrology-produkte\/loesungen-fuer-die-werkzeugmaschine\/#primaryimage","url":"https:\/\/innovalia-metrology.com\/wp-content\/uploads\/2013\/03\/m3portable-cmm1.png","contentUrl":"https:\/\/innovalia-metrology.com\/wp-content\/uploads\/2013\/03\/m3portable-cmm1.png","width":500,"height":380},{"@type":"BreadcrumbList","@id":"https:\/\/innovalia-metrology.com\/de\/metrology-produkte\/loesungen-fuer-die-werkzeugmaschine\/#breadcrumb","itemListElement":[{"@type":"ListItem","position":1,"name":"Home","item":"https:\/\/innovalia-metrology.com\/de\/"},{"@type":"ListItem","position":2,"name":"Produkte","item":"https:\/\/innovalia-metrology.com\/de\/metrology-produkte\/"},{"@type":"ListItem","position":3,"name":"L\u00f6sungen f\u00fcr die Werkzeugmaschine"}]},{"@type":"WebSite","@id":"https:\/\/innovalia-metrology.com\/de\/#website","url":"https:\/\/innovalia-metrology.com\/de\/","name":"INNOVALIA METROLOGY","description":"METROLOGY SOLUTIONS","publisher":{"@id":"https:\/\/innovalia-metrology.com\/de\/#organization"},"potentialAction":[{"@type":"SearchAction","target":{"@type":"EntryPoint","urlTemplate":"https:\/\/innovalia-metrology.com\/de\/?s={search_term_string}"},"query-input":{"@type":"PropertyValueSpecification","valueRequired":true,"valueName":"search_term_string"}}],"inLanguage":"de-DE"},{"@type":"Organization","@id":"https:\/\/innovalia-metrology.com\/de\/#organization","name":"INNOVALIA METROLOGY","url":"https:\/\/innovalia-metrology.com\/de\/","logo":{"@type":"ImageObject","inLanguage":"de-DE","@id":"https:\/\/innovalia-metrology.com\/de\/#\/schema\/logo\/image\/","url":"https:\/\/innovalia-metrology.com\/wp-content\/uploads\/2025\/10\/Diseno-sin-titulo-36.png","contentUrl":"https:\/\/innovalia-metrology.com\/wp-content\/uploads\/2025\/10\/Diseno-sin-titulo-36.png","width":300,"height":250,"caption":"INNOVALIA METROLOGY"},"image":{"@id":"https:\/\/innovalia-metrology.com\/de\/#\/schema\/logo\/image\/"},"sameAs":["https:\/\/x.com\/IMetrology_ES","https:\/\/www.linkedin.com\/company\/innovalia-metrology","https:\/\/www.youtube.com\/channel\/UCV7L_atMrcg6DUslHYeDaYQ"]}]}},"_links":{"self":[{"href":"https:\/\/innovalia-metrology.com\/de\/wp-json\/wp\/v2\/pages\/629651","targetHints":{"allow":["GET"]}}],"collection":[{"href":"https:\/\/innovalia-metrology.com\/de\/wp-json\/wp\/v2\/pages"}],"about":[{"href":"https:\/\/innovalia-metrology.com\/de\/wp-json\/wp\/v2\/types\/page"}],"author":[{"embeddable":true,"href":"https:\/\/innovalia-metrology.com\/de\/wp-json\/wp\/v2\/users\/85986"}],"replies":[{"embeddable":true,"href":"https:\/\/innovalia-metrology.com\/de\/wp-json\/wp\/v2\/comments?post=629651"}],"version-history":[{"count":6,"href":"https:\/\/innovalia-metrology.com\/de\/wp-json\/wp\/v2\/pages\/629651\/revisions"}],"predecessor-version":[{"id":633163,"href":"https:\/\/innovalia-metrology.com\/de\/wp-json\/wp\/v2\/pages\/629651\/revisions\/633163"}],"up":[{"embeddable":true,"href":"https:\/\/innovalia-metrology.com\/de\/wp-json\/wp\/v2\/pages\/629598"}],"wp:featuredmedia":[{"embeddable":true,"href":"https:\/\/innovalia-metrology.com\/de\/wp-json\/wp\/v2\/media\/79731"}],"wp:attachment":[{"href":"https:\/\/innovalia-metrology.com\/de\/wp-json\/wp\/v2\/media?parent=629651"}],"curies":[{"name":"wp","href":"https:\/\/api.w.org\/{rel}","templated":true}]}}