{"id":629652,"date":"2021-08-13T12:14:48","date_gmt":"2021-08-13T10:14:48","guid":{"rendered":"https:\/\/innovalia-metrology.cbtpruebas.es\/m3-mh-complete-measurement-software-for-machine-tools\/"},"modified":"2024-08-30T10:52:42","modified_gmt":"2024-08-30T08:52:42","slug":"mh-loesungen","status":"publish","type":"page","link":"https:\/\/innovalia-metrology.com\/de\/metrology-produkte\/loesungen-fuer-die-werkzeugmaschine\/mh-loesungen\/","title":{"rendered":"M3MH: Komplette Messsoftware f\u00fcr Werkzeugmaschinen"},"content":{"rendered":"<p>[et_pb_section fb_built=&#8220;1&#8243; _builder_version=&#8220;4.19.4&#8243; _module_preset=&#8220;default&#8220; background_color=&#8220;RGBA(255,255,255,0)&#8220; custom_padding=&#8220;0px|||||&#8220; da_disable_devices=&#8220;off|off|off&#8220; global_colors_info=&#8220;{}&#8220; da_is_popup=&#8220;off&#8220; da_exit_intent=&#8220;off&#8220; da_has_close=&#8220;on&#8220; da_alt_close=&#8220;off&#8220; da_dark_close=&#8220;off&#8220; da_not_modal=&#8220;on&#8220; da_is_singular=&#8220;off&#8220; da_with_loader=&#8220;off&#8220; da_has_shadow=&#8220;on&#8220;][et_pb_row _builder_version=&#8220;4.19.4&#8243; background_size=&#8220;initial&#8220; background_position=&#8220;top_left&#8220; background_repeat=&#8220;repeat&#8220; width=&#8220;100%&#8220; custom_padding=&#8220;||0px||false|false&#8220; locked=&#8220;off&#8220; global_colors_info=&#8220;{}&#8220;][et_pb_column type=&#8220;4_4&#8243; _builder_version=&#8220;4.16&#8243; custom_padding=&#8220;|||&#8220; global_colors_info=&#8220;{}&#8220; custom_padding__hover=&#8220;|||&#8220;][et_pb_text _builder_version=&#8220;4.21.2&#8243; header_3_font_size=&#8220;25px&#8220; background_size=&#8220;initial&#8220; background_position=&#8220;top_left&#8220; background_repeat=&#8220;repeat&#8220; custom_padding=&#8220;||0px|||&#8220; global_colors_info=&#8220;{}&#8220;]<\/p>\n<h3 class=\"mover\">M3MH<\/h3>\n<p>[\/et_pb_text][\/et_pb_column][\/et_pb_row][et_pb_row _builder_version=&#8220;4.19.4&#8243; background_size=&#8220;initial&#8220; background_position=&#8220;top_left&#8220; background_repeat=&#8220;repeat&#8220; width=&#8220;100%&#8220; custom_margin=&#8220;-3px|auto||auto|false|false&#8220; custom_padding=&#8220;0px||0px||false|false&#8220; border_width_bottom=&#8220;1px&#8220; border_color_bottom=&#8220;#d6d6d6&#8243; locked=&#8220;off&#8220; global_colors_info=&#8220;{}&#8220;][et_pb_column type=&#8220;4_4&#8243; _builder_version=&#8220;4.16&#8243; custom_padding=&#8220;|||&#8220; global_colors_info=&#8220;{}&#8220; custom_padding__hover=&#8220;|||&#8220;][et_pb_divider divider_position=&#8220;bottom&#8220; divider_weight=&#8220;2px&#8220; _builder_version=&#8220;4.16&#8243; _module_preset=&#8220;default&#8220; width=&#8220;30px&#8220; custom_margin=&#8220;||-3px||false|false&#8220; custom_padding=&#8220;0px||0px||true|false&#8220; border_color_all=&#8220;#000000&#8243; border_color_top=&#8220;#a0a0a0&#8243; border_color_bottom=&#8220;#dbdbdb&#8220; global_colors_info=&#8220;{}&#8220;][\/et_pb_divider][\/et_pb_column][\/et_pb_row][et_pb_row _builder_version=&#8220;4.19.4&#8243; _module_preset=&#8220;default&#8220; width=&#8220;100%&#8220; global_colors_info=&#8220;{}&#8220;][et_pb_column type=&#8220;4_4&#8243; _builder_version=&#8220;4.16&#8243; _module_preset=&#8220;default&#8220; global_colors_info=&#8220;{}&#8220;][et_pb_text _builder_version=&#8220;4.21.2&#8243; _module_preset=&#8220;default&#8220; global_colors_info=&#8220;{}&#8220;]<\/p>\n<p>M3MH ist der Software, die die Leistung Ihrer 3- und 5-Achsen-Werkzeugmaschine maximiert und eine schnelle \u00dcberpr\u00fcfung der Maschine sowie die Einrichtung und Messung von Teilen gem\u00e4\u00df den Anforderungen der Branche und der Vorschriften erm\u00f6glicht.<\/p>\n<p>M3MH verf\u00fcgt \u00fcber die bew\u00e4hrte M3-Technologie, die die Messung von Teilen in 3- und 5-Achsen-Werkzeugmaschinen erm\u00f6glicht. Es ist die erste Messsoftware, die einfach mit der Steuerung der Maschine verbunden werden kann und diese mit messtechnischen Funktionen ausstattet.<\/p>\n<p>Innovalia Metrology stellt mit M3MH eine direkte Kommunikation mit der Werkzeugmaschinensteuerung \u00fcber die Messsoftware selbst. M3MH bietet Ihnen eine solide M\u00f6glichkeit zur Optimierung Ihrer Fertigungsanlagen. M3MH bringt f\u00fchrende Messtechnik direkt in Ihre Werkzeugmaschine, um fehlerhafte Teile zu minimieren, Fertigungszeiten und Fertigungszeiten zu verk\u00fcrzen, die R\u00fcckverfolgbarkeit zu erh\u00f6hen und eine h\u00f6here Zuverl\u00e4ssigkeit und Prozesskontrolle in Echtzeit zu bieten.<\/p>\n<p>[\/et_pb_text][et_pb_text _builder_version=&#8220;4.21.2&#8243; _module_preset=&#8220;default&#8220; custom_margin=&#8220;||23px|||&#8220; custom_padding=&#8220;20px|30px|20px|30px|true|true&#8220; border_width_all=&#8220;1px&#8220; border_color_all=&#8220;#e8e8e8&#8243; box_shadow_style=&#8220;preset5&#8243; box_shadow_vertical=&#8220;0px&#8220; box_shadow_spread=&#8220;4px&#8220; box_shadow_color=&#8220;rgba(173,173,173,0.22)&#8220; global_colors_info=&#8220;{}&#8220;]<\/p>\n<h4>Funktionen<\/h4>\n<ul>\n<li>Achsenpr\u00fcfung: \u00dcberpr\u00fcfung der Drehachsen<\/li>\n<li>Maschinenpr\u00fcfung: \u00dcberpr\u00fcfung des Maschinenvolumens<\/li>\n<li>M3MH Setup: Teileausrichtung<\/li>\n<li>M3MH-Messung: Pre-, Post- und In-Process-Messung<\/li>\n<\/ul>\n<p>[\/et_pb_text][et_pb_text _builder_version=&#8220;4.19.5&#8243; _module_preset=&#8220;default&#8220; global_colors_info=&#8220;{}&#8220;]<\/p>\n<p><iframe loading=\"lazy\" title=\"M3MH: Measurement Software for Machine Tools\" src=\"https:\/\/player.vimeo.com\/video\/556168373?dnt=1&amp;app_id=122963\" width=\"1080\" height=\"608\" frameborder=\"0\" allow=\"autoplay; fullscreen; picture-in-picture; clipboard-write\"><\/iframe><\/p>\n<p>Mit M3MH k\u00f6nnen Sie einen Arbeitsablauf implementieren, der Ihnen hilft, die Herstellungszeit und die Kosten der Werkzeuge zu reduzieren, die R\u00fcckverfolgbarkeit und die Qualit\u00e4t sowohl des Produktionsprozesses als auch der hergestellten Teile zu erh\u00f6hen und die vollst\u00e4ndige Kontrolle \u00fcber den gesamten Bearbeitungsprozess zu gew\u00e4hrleisten .<\/p>\n<div id=\"fluid-wrapper-counter-1\" class=\"g1-fluid-wrapper \"><\/div>\n<p>[\/et_pb_text][\/et_pb_column][\/et_pb_row][et_pb_row _builder_version=&#8220;4.19.4&#8243; _module_preset=&#8220;default&#8220; width=&#8220;100%&#8220; custom_padding=&#8220;||0px|||&#8220; global_colors_info=&#8220;{}&#8220;][et_pb_column type=&#8220;4_4&#8243; _builder_version=&#8220;4.16&#8243; _module_preset=&#8220;default&#8220; global_colors_info=&#8220;{}&#8220;][et_pb_text _builder_version=&#8220;4.21.2&#8243; _module_preset=&#8220;default&#8220; custom_margin=&#8220;||23px|||&#8220; custom_padding=&#8220;20px|30px|20px|30px|true|true&#8220; border_width_all=&#8220;1px&#8220; border_color_all=&#8220;#e8e8e8&#8243; box_shadow_style=&#8220;preset5&#8243; box_shadow_vertical=&#8220;0px&#8220; box_shadow_spread=&#8220;4px&#8220; box_shadow_color=&#8220;rgba(173,173,173,0.22)&#8220; global_colors_info=&#8220;{}&#8220;]<\/p>\n<h4>Features<\/h4>\n<ul>\n<li>Benutzerfreundliche und intuitive Software<\/li>\n<li>Bidirektionale Anbindung an die Maschinensteuerung<\/li>\n<li>Offline-Programmierung<\/li>\n<li>Multi-CAD-Import und Verwendung mehrerer Formate: IGES, STEP, TXT und STL<\/li>\n<li>Import von Nominalen und GD&amp;T-Merkmalen in mehreren Formaten: QIF, DMIS \/ DMO, TXT, CSV \u2026<\/li>\n<li>Programmsimulation<\/li>\n<li>Agile Aktivierung und Deaktivierung von Achsen zur Messung<\/li>\n<li>Messung in 3, 4 und 5 Achsen<\/li>\n<li>Iterative Ausrichtungen und Mehrkoordinatensystem<\/li>\n<li>Messung aller Arten von Oberfl\u00e4chen, Geometrien und Toleranzen<\/li>\n<li>Darstellung der Ergebnisse in verschiedenen Koordinatensystemen<\/li>\n<li>Grafische 3D-Ergebnisse und kundenspezifische Berichte<\/li>\n<li>Verf\u00fcgbar f\u00fcr Standard- und erweiterte Messtaster und 3D-Scanner<\/li>\n<\/ul>\n<p>[\/et_pb_text][et_pb_text _builder_version=&#8220;4.21.2&#8243; _module_preset=&#8220;default&#8220; custom_margin=&#8220;||23px|||&#8220; custom_padding=&#8220;20px|30px|20px|30px|true|true&#8220; border_width_all=&#8220;1px&#8220; border_color_all=&#8220;#e8e8e8&#8243; box_shadow_style=&#8220;preset5&#8243; box_shadow_vertical=&#8220;0px&#8220; box_shadow_spread=&#8220;4px&#8220; box_shadow_color=&#8220;rgba(173,173,173,0.22)&#8220; global_colors_info=&#8220;{}&#8220;]<\/p>\n<h4>Vorteile<\/h4>\n<ul>\n<li>Benutzerfreundliche und intuitive Software<\/li>\n<li>CAD-Programmierung zur Optimierung des Erfassungs- und Messprozesses<\/li>\n<li>Offline-Programmierung und Programmsimulation<\/li>\n<li>Antasten senkrecht zur Oberfl\u00e4che und Antasten in 5 Achsen<\/li>\n<li>M\u00f6glichkeit der Erstellung von Modellsystemen zur Anpassung der Ergebnisse an den Bearbeitungsprozess<\/li>\n<li>\u00a0M\u00f6glichkeit unterschiedlicher Ausrichtungen je nach Bearbeitungsstrategie<\/li>\n<li>Messung aller Arten von Geometrien, Abmessungen und Toleranzen<\/li>\n<li>3D-Grafikergebnisse<\/li>\n<\/ul>\n<p>[\/et_pb_text][et_pb_code _builder_version=&#8220;4.16&#8243; _module_preset=&#8220;default&#8220; background_color=&#8220;#f7f7f7&#8243; custom_margin=&#8220;54px||66px|||&#8220; custom_padding=&#8220;20px|30px|20px|30px|true|true&#8220; global_colors_info=&#8220;{}&#8220;]\n<div class=\"wpcf7 no-js\" id=\"wpcf7-f8997-o1\" lang=\"en-US\" dir=\"ltr\" data-wpcf7-id=\"8997\">\n<div class=\"screen-reader-response\"><p role=\"status\" aria-live=\"polite\" aria-atomic=\"true\"><\/p> <ul><\/ul><\/div>\n<form action=\"\/de\/wp-json\/wp\/v2\/pages\/629652#wpcf7-f8997-o1\" method=\"post\" class=\"wpcf7-form init\" aria-label=\"Contact form\" novalidate=\"novalidate\" data-status=\"init\">\n<fieldset class=\"hidden-fields-container\"><input type=\"hidden\" name=\"_wpcf7\" value=\"8997\" \/><input type=\"hidden\" name=\"_wpcf7_version\" value=\"6.1.5\" \/><input type=\"hidden\" name=\"_wpcf7_locale\" value=\"en_US\" \/><input type=\"hidden\" name=\"_wpcf7_unit_tag\" value=\"wpcf7-f8997-o1\" \/><input type=\"hidden\" name=\"_wpcf7_container_post\" value=\"0\" \/><input type=\"hidden\" name=\"_wpcf7_posted_data_hash\" value=\"\" \/><input type=\"hidden\" name=\"_wpcf7cf_hidden_group_fields\" value=\"[]\" \/><input type=\"hidden\" name=\"_wpcf7cf_hidden_groups\" value=\"[]\" \/><input type=\"hidden\" name=\"_wpcf7cf_visible_groups\" value=\"[]\" \/><input type=\"hidden\" name=\"_wpcf7cf_repeaters\" value=\"[]\" \/><input type=\"hidden\" name=\"_wpcf7cf_steps\" value=\"{}\" \/><input type=\"hidden\" name=\"_wpcf7cf_options\" value=\"{&quot;form_id&quot;:8997,&quot;conditions&quot;:[],&quot;settings&quot;:{&quot;animation&quot;:&quot;yes&quot;,&quot;animation_intime&quot;:200,&quot;animation_outtime&quot;:200,&quot;conditions_ui&quot;:&quot;normal&quot;,&quot;notice_dismissed&quot;:false,&quot;notice_dismissed_update-cf7-5.4&quot;:true,&quot;notice_dismissed_rollback-cf7-5.4.1&quot;:true}}\" \/><input type=\"hidden\" name=\"_wpcf7dtx_version\" value=\"5.0.5\" \/><input type=\"hidden\" name=\"_wpcf7_recaptcha_response\" value=\"\" \/>\n<\/fieldset>\n<p><label><\/label>\n<\/p>\n<h4>Brosch\u00fcre anforden:\n<\/h4>\n<p><label><span class=\"wpcf7-form-control-wrap\" data-name=\"name-560\"><input size=\"40\" maxlength=\"400\" class=\"wpcf7-form-control wpcf7-text wpcf7-validates-as-required\" aria-required=\"true\" aria-invalid=\"false\" placeholder=\"Name*\" value=\"\" type=\"text\" name=\"name-560\" \/><\/span><\/label><br \/>\n<label><span class=\"wpcf7-form-control-wrap\" data-name=\"empresa-560\"><input size=\"40\" maxlength=\"400\" class=\"wpcf7-form-control wpcf7-text wpcf7-validates-as-required\" aria-required=\"true\" aria-invalid=\"false\" placeholder=\"Company*\" value=\"\" type=\"text\" name=\"empresa-560\" \/><\/span><\/label><br \/>\n<label><span class=\"wpcf7-form-control-wrap\" data-name=\"your-email\"><input size=\"40\" maxlength=\"400\" class=\"wpcf7-form-control wpcf7-email wpcf7-validates-as-required wpcf7-text wpcf7-validates-as-email\" aria-required=\"true\" aria-invalid=\"false\" placeholder=\"Email*\" value=\"\" type=\"email\" name=\"your-email\" \/><\/span><\/label><br \/>\n<span class=\"wpcf7-form-control-wrap title\" data-name=\"title\"><input type=\"hidden\" name=\"title\" class=\"wpcf7-form-control wpcf7-hidden wpcf7dtx wpcf7dtx-hidden\" aria-invalid=\"false\" value=\"M3MH: Komplette Messsoftware f\u00fcr Werkzeugmaschinen\"><\/span><br \/>\n<input class=\"wpcf7-form-control wpcf7-submit has-spinner button\" id=\"btn_pedir-de\" type=\"submit\" value=\"Mehr\" \/>\n<\/p><p style=\"display: none !important;\" class=\"akismet-fields-container\" data-prefix=\"_wpcf7_ak_\"><label>&#916;<textarea name=\"_wpcf7_ak_hp_textarea\" cols=\"45\" rows=\"8\" maxlength=\"100\"><\/textarea><\/label><input type=\"hidden\" id=\"ak_js_1\" name=\"_wpcf7_ak_js\" value=\"244\"\/><script>document.getElementById( \"ak_js_1\" ).setAttribute( \"value\", ( new Date() ).getTime() );<\/script><\/p><div class=\"wpcf7-response-output\" aria-hidden=\"true\"><\/div>\n<\/form>\n<\/div>\n[\/et_pb_code][\/et_pb_column][\/et_pb_row][\/et_pb_section]<\/p>\n","protected":false},"excerpt":{"rendered":"<p>M3MHM3MH ist der Software, die die Leistung Ihrer 3- und 5-Achsen-Werkzeugmaschine maximiert und eine schnelle \u00dcberpr\u00fcfung der Maschine sowie die Einrichtung und Messung von Teilen gem\u00e4\u00df den Anforderungen der Branche und der Vorschriften erm\u00f6glicht. M3MH verf\u00fcgt \u00fcber die bew\u00e4hrte M3-Technologie, die die Messung von Teilen in 3- und 5-Achsen-Werkzeugmaschinen erm\u00f6glicht. Es ist die erste Messsoftware, [&hellip;]<\/p>\n","protected":false},"author":85986,"featured_media":113122,"parent":629651,"menu_order":0,"comment_status":"closed","ping_status":"closed","template":"","meta":{"_acf_changed":false,"_et_pb_use_builder":"on","_et_pb_old_content":"","_et_gb_content_width":"","footnotes":""},"class_list":["post-629652","page","type-page","status-publish","has-post-thumbnail","hentry"],"acf":[],"yoast_head":"<title>M3MH: Komplette Messsoftware f\u00fcr Werkzeugmaschinen | INNOVALIA METROLOGY | INDUSTRIAL METROLOGY SOLUTIONS<\/title>\n<meta name=\"robots\" content=\"index, follow, max-snippet:-1, max-image-preview:large, max-video-preview:-1\" \/>\n<link rel=\"canonical\" href=\"https:\/\/innovalia-metrology.com\/de\/metrology-produkte\/loesungen-fuer-die-werkzeugmaschine\/mh-loesungen\/\" \/>\n<meta property=\"og:locale\" content=\"de_DE\" \/>\n<meta property=\"og:type\" content=\"article\" \/>\n<meta property=\"og:title\" content=\"M3MH: Komplette Messsoftware f\u00fcr Werkzeugmaschinen | INNOVALIA METROLOGY | INDUSTRIAL METROLOGY SOLUTIONS\" \/>\n<meta property=\"og:description\" content=\"M3MHM3MH ist der Software, die die Leistung Ihrer 3- und 5-Achsen-Werkzeugmaschine maximiert und eine schnelle \u00dcberpr\u00fcfung der Maschine sowie die Einrichtung und Messung von Teilen gem\u00e4\u00df den Anforderungen der Branche und der Vorschriften erm\u00f6glicht. M3MH verf\u00fcgt \u00fcber die bew\u00e4hrte M3-Technologie, die die Messung von Teilen in 3- und 5-Achsen-Werkzeugmaschinen erm\u00f6glicht. Es ist die erste Messsoftware, [&hellip;]\" \/>\n<meta property=\"og:url\" content=\"https:\/\/innovalia-metrology.com\/de\/metrology-produkte\/loesungen-fuer-die-werkzeugmaschine\/mh-loesungen\/\" \/>\n<meta property=\"og:site_name\" content=\"INNOVALIA METROLOGY | INDUSTRIAL METROLOGY SOLUTIONS\" \/>\n<meta property=\"article:modified_time\" content=\"2024-08-30T08:52:42+00:00\" \/>\n<meta property=\"og:image\" content=\"https:\/\/innovalia-metrology.com\/wp-content\/uploads\/2021\/08\/500X-350-482x271-1.jpg\" \/>\n\t<meta property=\"og:image:width\" content=\"482\" \/>\n\t<meta property=\"og:image:height\" content=\"271\" \/>\n\t<meta property=\"og:image:type\" content=\"image\/jpeg\" \/>\n<meta name=\"twitter:label1\" content=\"Gesch\u00e4tzte Lesezeit\" \/>\n\t<meta name=\"twitter:data1\" content=\"4 Minuten\" \/>\n<script type=\"application\/ld+json\" class=\"yoast-schema-graph\">{\"@context\":\"https:\/\/schema.org\",\"@graph\":[{\"@type\":\"WebPage\",\"@id\":\"https:\/\/innovalia-metrology.com\/de\/metrology-produkte\/loesungen-fuer-die-werkzeugmaschine\/mh-loesungen\/\",\"url\":\"https:\/\/innovalia-metrology.com\/de\/metrology-produkte\/loesungen-fuer-die-werkzeugmaschine\/mh-loesungen\/\",\"name\":\"M3MH: Komplette Messsoftware f\u00fcr Werkzeugmaschinen | INNOVALIA METROLOGY | INDUSTRIAL METROLOGY SOLUTIONS\",\"isPartOf\":{\"@id\":\"https:\/\/innovalia-metrology.com\/de\/#website\"},\"primaryImageOfPage\":{\"@id\":\"https:\/\/innovalia-metrology.com\/de\/metrology-produkte\/loesungen-fuer-die-werkzeugmaschine\/mh-loesungen\/#primaryimage\"},\"image\":{\"@id\":\"https:\/\/innovalia-metrology.com\/de\/metrology-produkte\/loesungen-fuer-die-werkzeugmaschine\/mh-loesungen\/#primaryimage\"},\"thumbnailUrl\":\"https:\/\/innovalia-metrology.com\/wp-content\/uploads\/2021\/08\/500X-350-482x271-1.jpg\",\"datePublished\":\"2021-08-13T10:14:48+00:00\",\"dateModified\":\"2024-08-30T08:52:42+00:00\",\"breadcrumb\":{\"@id\":\"https:\/\/innovalia-metrology.com\/de\/metrology-produkte\/loesungen-fuer-die-werkzeugmaschine\/mh-loesungen\/#breadcrumb\"},\"inLanguage\":\"de-DE\",\"potentialAction\":[{\"@type\":\"ReadAction\",\"target\":[\"https:\/\/innovalia-metrology.com\/de\/metrology-produkte\/loesungen-fuer-die-werkzeugmaschine\/mh-loesungen\/\"]}]},{\"@type\":\"ImageObject\",\"inLanguage\":\"de-DE\",\"@id\":\"https:\/\/innovalia-metrology.com\/de\/metrology-produkte\/loesungen-fuer-die-werkzeugmaschine\/mh-loesungen\/#primaryimage\",\"url\":\"https:\/\/innovalia-metrology.com\/wp-content\/uploads\/2021\/08\/500X-350-482x271-1.jpg\",\"contentUrl\":\"https:\/\/innovalia-metrology.com\/wp-content\/uploads\/2021\/08\/500X-350-482x271-1.jpg\",\"width\":482,\"height\":271},{\"@type\":\"BreadcrumbList\",\"@id\":\"https:\/\/innovalia-metrology.com\/de\/metrology-produkte\/loesungen-fuer-die-werkzeugmaschine\/mh-loesungen\/#breadcrumb\",\"itemListElement\":[{\"@type\":\"ListItem\",\"position\":1,\"name\":\"Home\",\"item\":\"https:\/\/innovalia-metrology.com\/de\/\"},{\"@type\":\"ListItem\",\"position\":2,\"name\":\"Produkte\",\"item\":\"https:\/\/innovalia-metrology.com\/de\/metrology-produkte\/\"},{\"@type\":\"ListItem\",\"position\":3,\"name\":\"L\u00f6sungen f\u00fcr die Werkzeugmaschine\",\"item\":\"https:\/\/innovalia-metrology.com\/de\/metrology-produkte\/loesungen-fuer-die-werkzeugmaschine\/\"},{\"@type\":\"ListItem\",\"position\":4,\"name\":\"M3MH: Komplette Messsoftware f\u00fcr Werkzeugmaschinen\"}]},{\"@type\":\"WebSite\",\"@id\":\"https:\/\/innovalia-metrology.com\/de\/#website\",\"url\":\"https:\/\/innovalia-metrology.com\/de\/\",\"name\":\"INNOVALIA METROLOGY\",\"description\":\"METROLOGY SOLUTIONS\",\"publisher\":{\"@id\":\"https:\/\/innovalia-metrology.com\/de\/#organization\"},\"potentialAction\":[{\"@type\":\"SearchAction\",\"target\":{\"@type\":\"EntryPoint\",\"urlTemplate\":\"https:\/\/innovalia-metrology.com\/de\/?s={search_term_string}\"},\"query-input\":{\"@type\":\"PropertyValueSpecification\",\"valueRequired\":true,\"valueName\":\"search_term_string\"}}],\"inLanguage\":\"de-DE\"},{\"@type\":\"Organization\",\"@id\":\"https:\/\/innovalia-metrology.com\/de\/#organization\",\"name\":\"INNOVALIA METROLOGY\",\"url\":\"https:\/\/innovalia-metrology.com\/de\/\",\"logo\":{\"@type\":\"ImageObject\",\"inLanguage\":\"de-DE\",\"@id\":\"https:\/\/innovalia-metrology.com\/de\/#\/schema\/logo\/image\/\",\"url\":\"https:\/\/innovalia-metrology.com\/wp-content\/uploads\/2025\/10\/Diseno-sin-titulo-36.png\",\"contentUrl\":\"https:\/\/innovalia-metrology.com\/wp-content\/uploads\/2025\/10\/Diseno-sin-titulo-36.png\",\"width\":300,\"height\":250,\"caption\":\"INNOVALIA METROLOGY\"},\"image\":{\"@id\":\"https:\/\/innovalia-metrology.com\/de\/#\/schema\/logo\/image\/\"},\"sameAs\":[\"https:\/\/x.com\/IMetrology_ES\",\"https:\/\/www.linkedin.com\/company\/innovalia-metrology\",\"https:\/\/www.youtube.com\/channel\/UCV7L_atMrcg6DUslHYeDaYQ\"]}]}<\/script>","yoast_head_json":{"title":"M3MH: Komplette Messsoftware f\u00fcr Werkzeugmaschinen | INNOVALIA METROLOGY | INDUSTRIAL METROLOGY SOLUTIONS","robots":{"index":"index","follow":"follow","max-snippet":"max-snippet:-1","max-image-preview":"max-image-preview:large","max-video-preview":"max-video-preview:-1"},"canonical":"https:\/\/innovalia-metrology.com\/de\/metrology-produkte\/loesungen-fuer-die-werkzeugmaschine\/mh-loesungen\/","og_locale":"de_DE","og_type":"article","og_title":"M3MH: Komplette Messsoftware f\u00fcr Werkzeugmaschinen | INNOVALIA METROLOGY | INDUSTRIAL METROLOGY SOLUTIONS","og_description":"M3MHM3MH ist der Software, die die Leistung Ihrer 3- und 5-Achsen-Werkzeugmaschine maximiert und eine schnelle \u00dcberpr\u00fcfung der Maschine sowie die Einrichtung und Messung von Teilen gem\u00e4\u00df den Anforderungen der Branche und der Vorschriften erm\u00f6glicht. M3MH verf\u00fcgt \u00fcber die bew\u00e4hrte M3-Technologie, die die Messung von Teilen in 3- und 5-Achsen-Werkzeugmaschinen erm\u00f6glicht. Es ist die erste Messsoftware, [&hellip;]","og_url":"https:\/\/innovalia-metrology.com\/de\/metrology-produkte\/loesungen-fuer-die-werkzeugmaschine\/mh-loesungen\/","og_site_name":"INNOVALIA METROLOGY | INDUSTRIAL METROLOGY SOLUTIONS","article_modified_time":"2024-08-30T08:52:42+00:00","og_image":[{"width":482,"height":271,"url":"https:\/\/innovalia-metrology.com\/wp-content\/uploads\/2021\/08\/500X-350-482x271-1.jpg","type":"image\/jpeg"}],"twitter_misc":{"Gesch\u00e4tzte Lesezeit":"4 Minuten"},"schema":{"@context":"https:\/\/schema.org","@graph":[{"@type":"WebPage","@id":"https:\/\/innovalia-metrology.com\/de\/metrology-produkte\/loesungen-fuer-die-werkzeugmaschine\/mh-loesungen\/","url":"https:\/\/innovalia-metrology.com\/de\/metrology-produkte\/loesungen-fuer-die-werkzeugmaschine\/mh-loesungen\/","name":"M3MH: Komplette Messsoftware f\u00fcr Werkzeugmaschinen | INNOVALIA METROLOGY | INDUSTRIAL METROLOGY SOLUTIONS","isPartOf":{"@id":"https:\/\/innovalia-metrology.com\/de\/#website"},"primaryImageOfPage":{"@id":"https:\/\/innovalia-metrology.com\/de\/metrology-produkte\/loesungen-fuer-die-werkzeugmaschine\/mh-loesungen\/#primaryimage"},"image":{"@id":"https:\/\/innovalia-metrology.com\/de\/metrology-produkte\/loesungen-fuer-die-werkzeugmaschine\/mh-loesungen\/#primaryimage"},"thumbnailUrl":"https:\/\/innovalia-metrology.com\/wp-content\/uploads\/2021\/08\/500X-350-482x271-1.jpg","datePublished":"2021-08-13T10:14:48+00:00","dateModified":"2024-08-30T08:52:42+00:00","breadcrumb":{"@id":"https:\/\/innovalia-metrology.com\/de\/metrology-produkte\/loesungen-fuer-die-werkzeugmaschine\/mh-loesungen\/#breadcrumb"},"inLanguage":"de-DE","potentialAction":[{"@type":"ReadAction","target":["https:\/\/innovalia-metrology.com\/de\/metrology-produkte\/loesungen-fuer-die-werkzeugmaschine\/mh-loesungen\/"]}]},{"@type":"ImageObject","inLanguage":"de-DE","@id":"https:\/\/innovalia-metrology.com\/de\/metrology-produkte\/loesungen-fuer-die-werkzeugmaschine\/mh-loesungen\/#primaryimage","url":"https:\/\/innovalia-metrology.com\/wp-content\/uploads\/2021\/08\/500X-350-482x271-1.jpg","contentUrl":"https:\/\/innovalia-metrology.com\/wp-content\/uploads\/2021\/08\/500X-350-482x271-1.jpg","width":482,"height":271},{"@type":"BreadcrumbList","@id":"https:\/\/innovalia-metrology.com\/de\/metrology-produkte\/loesungen-fuer-die-werkzeugmaschine\/mh-loesungen\/#breadcrumb","itemListElement":[{"@type":"ListItem","position":1,"name":"Home","item":"https:\/\/innovalia-metrology.com\/de\/"},{"@type":"ListItem","position":2,"name":"Produkte","item":"https:\/\/innovalia-metrology.com\/de\/metrology-produkte\/"},{"@type":"ListItem","position":3,"name":"L\u00f6sungen f\u00fcr die Werkzeugmaschine","item":"https:\/\/innovalia-metrology.com\/de\/metrology-produkte\/loesungen-fuer-die-werkzeugmaschine\/"},{"@type":"ListItem","position":4,"name":"M3MH: Komplette Messsoftware f\u00fcr Werkzeugmaschinen"}]},{"@type":"WebSite","@id":"https:\/\/innovalia-metrology.com\/de\/#website","url":"https:\/\/innovalia-metrology.com\/de\/","name":"INNOVALIA METROLOGY","description":"METROLOGY SOLUTIONS","publisher":{"@id":"https:\/\/innovalia-metrology.com\/de\/#organization"},"potentialAction":[{"@type":"SearchAction","target":{"@type":"EntryPoint","urlTemplate":"https:\/\/innovalia-metrology.com\/de\/?s={search_term_string}"},"query-input":{"@type":"PropertyValueSpecification","valueRequired":true,"valueName":"search_term_string"}}],"inLanguage":"de-DE"},{"@type":"Organization","@id":"https:\/\/innovalia-metrology.com\/de\/#organization","name":"INNOVALIA METROLOGY","url":"https:\/\/innovalia-metrology.com\/de\/","logo":{"@type":"ImageObject","inLanguage":"de-DE","@id":"https:\/\/innovalia-metrology.com\/de\/#\/schema\/logo\/image\/","url":"https:\/\/innovalia-metrology.com\/wp-content\/uploads\/2025\/10\/Diseno-sin-titulo-36.png","contentUrl":"https:\/\/innovalia-metrology.com\/wp-content\/uploads\/2025\/10\/Diseno-sin-titulo-36.png","width":300,"height":250,"caption":"INNOVALIA METROLOGY"},"image":{"@id":"https:\/\/innovalia-metrology.com\/de\/#\/schema\/logo\/image\/"},"sameAs":["https:\/\/x.com\/IMetrology_ES","https:\/\/www.linkedin.com\/company\/innovalia-metrology","https:\/\/www.youtube.com\/channel\/UCV7L_atMrcg6DUslHYeDaYQ"]}]}},"_links":{"self":[{"href":"https:\/\/innovalia-metrology.com\/de\/wp-json\/wp\/v2\/pages\/629652","targetHints":{"allow":["GET"]}}],"collection":[{"href":"https:\/\/innovalia-metrology.com\/de\/wp-json\/wp\/v2\/pages"}],"about":[{"href":"https:\/\/innovalia-metrology.com\/de\/wp-json\/wp\/v2\/types\/page"}],"author":[{"embeddable":true,"href":"https:\/\/innovalia-metrology.com\/de\/wp-json\/wp\/v2\/users\/85986"}],"replies":[{"embeddable":true,"href":"https:\/\/innovalia-metrology.com\/de\/wp-json\/wp\/v2\/comments?post=629652"}],"version-history":[{"count":12,"href":"https:\/\/innovalia-metrology.com\/de\/wp-json\/wp\/v2\/pages\/629652\/revisions"}],"predecessor-version":[{"id":645862,"href":"https:\/\/innovalia-metrology.com\/de\/wp-json\/wp\/v2\/pages\/629652\/revisions\/645862"}],"up":[{"embeddable":true,"href":"https:\/\/innovalia-metrology.com\/de\/wp-json\/wp\/v2\/pages\/629651"}],"wp:featuredmedia":[{"embeddable":true,"href":"https:\/\/innovalia-metrology.com\/de\/wp-json\/wp\/v2\/media\/113122"}],"wp:attachment":[{"href":"https:\/\/innovalia-metrology.com\/de\/wp-json\/wp\/v2\/media?parent=629652"}],"curies":[{"name":"wp","href":"https:\/\/api.w.org\/{rel}","templated":true}]}}