{"id":629745,"date":"2014-05-02T10:43:22","date_gmt":"2014-05-02T08:43:22","guid":{"rendered":"https:\/\/innovalia-metrology.cbtpruebas.es\/metrology-software-m3\/"},"modified":"2023-02-20T09:30:44","modified_gmt":"2023-02-20T08:30:44","slug":"metrology-software-m3","status":"publish","type":"page","link":"https:\/\/innovalia-metrology.com\/de\/metrology-produkte\/metrology-software\/metrology-software-m3\/","title":{"rendered":"M3"},"content":{"rendered":"<p>[et_pb_section fb_built=&#8220;1&#8243; _builder_version=&#8220;4.19.4&#8243; _module_preset=&#8220;default&#8220; background_color=&#8220;#f7f7f7&#8243; custom_padding=&#8220;5px||10px|||&#8220; locked=&#8220;off&#8220; global_colors_info=&#8220;{}&#8220; theme_builder_area=&#8220;post_content&#8220;][et_pb_row _builder_version=&#8220;4.19.4&#8243; background_size=&#8220;initial&#8220; background_position=&#8220;top_left&#8220; background_repeat=&#8220;repeat&#8220; width=&#8220;100%&#8220; custom_padding=&#8220;||0px||false|false&#8220; locked=&#8220;off&#8220; global_colors_info=&#8220;{}&#8220; theme_builder_area=&#8220;post_content&#8220;][et_pb_column type=&#8220;4_4&#8243; _builder_version=&#8220;4.16&#8243; custom_padding=&#8220;|||&#8220; global_colors_info=&#8220;{}&#8220; custom_padding__hover=&#8220;|||&#8220; theme_builder_area=&#8220;post_content&#8220;][et_pb_text _builder_version=&#8220;4.16&#8243; header_3_font_size=&#8220;25px&#8220; background_size=&#8220;initial&#8220; background_position=&#8220;top_left&#8220; background_repeat=&#8220;repeat&#8220; custom_padding=&#8220;||0px|||&#8220; global_colors_info=&#8220;{}&#8220; theme_builder_area=&#8220;post_content&#8220;]<\/p>\n<h3 class=\"mover\">Messtechnik-Software M3<\/h3>\n<p>[\/et_pb_text][\/et_pb_column][\/et_pb_row][et_pb_row _builder_version=&#8220;4.19.4&#8243; background_size=&#8220;initial&#8220; background_position=&#8220;top_left&#8220; background_repeat=&#8220;repeat&#8220; width=&#8220;100%&#8220; custom_margin=&#8220;-3px|auto||auto|false|false&#8220; custom_padding=&#8220;0px||0px||false|false&#8220; border_width_bottom=&#8220;1px&#8220; border_color_bottom=&#8220;#d6d6d6&#8243; locked=&#8220;off&#8220; global_colors_info=&#8220;{}&#8220; theme_builder_area=&#8220;post_content&#8220;][et_pb_column type=&#8220;4_4&#8243; _builder_version=&#8220;4.16&#8243; custom_padding=&#8220;|||&#8220; global_colors_info=&#8220;{}&#8220; custom_padding__hover=&#8220;|||&#8220; theme_builder_area=&#8220;post_content&#8220;][et_pb_divider divider_position=&#8220;bottom&#8220; divider_weight=&#8220;2px&#8220; _builder_version=&#8220;4.16&#8243; _module_preset=&#8220;default&#8220; width=&#8220;30px&#8220; custom_margin=&#8220;||-3px||false|false&#8220; custom_padding=&#8220;0px||0px||true|false&#8220; border_color_all=&#8220;#000000&#8243; border_color_top=&#8220;#a0a0a0&#8243; border_color_bottom=&#8220;#dbdbdb&#8220; global_colors_info=&#8220;{}&#8220; theme_builder_area=&#8220;post_content&#8220;][\/et_pb_divider][\/et_pb_column][\/et_pb_row][et_pb_row _builder_version=&#8220;4.19.4&#8243; _module_preset=&#8220;default&#8220; width=&#8220;100%&#8220; global_colors_info=&#8220;{}&#8220; theme_builder_area=&#8220;post_content&#8220;][et_pb_column type=&#8220;4_4&#8243; _builder_version=&#8220;4.16&#8243; _module_preset=&#8220;default&#8220; global_colors_info=&#8220;{}&#8220; theme_builder_area=&#8220;post_content&#8220;][et_pb_text _builder_version=&#8220;4.16&#8243; _module_preset=&#8220;default&#8220; global_colors_info=&#8220;{}&#8220; theme_builder_area=&#8220;post_content&#8220;]<\/p>\n<h3 class=\"entry-subtitle\">Die Messtechnik-Software M3 ist eine High-Performance-Software f\u00fcr die Aufzeichnung und Analyse von Punktwolken. M3 l\u00f6st den umfassenden Prozess des Scan- und Punktwolken-Managements in vielseitiger, agiler und leistungsstarker Weise.<\/h3>\n<p>[\/et_pb_text][et_pb_image src=&#8220;https:\/\/innovalia-metrology.com\/wp-content\/uploads\/2014\/04\/m3-tablet-section2.jpg&#8220; title_text=&#8220;m3-tablet-section&#8220; _builder_version=&#8220;4.16&#8243; _module_preset=&#8220;default&#8220; global_colors_info=&#8220;{}&#8220; theme_builder_area=&#8220;post_content&#8220;][\/et_pb_image][\/et_pb_column][\/et_pb_row][et_pb_row _builder_version=&#8220;4.19.4&#8243; _module_preset=&#8220;default&#8220; width=&#8220;100%&#8220; custom_padding=&#8220;||0px|||&#8220; global_colors_info=&#8220;{}&#8220; theme_builder_area=&#8220;post_content&#8220;][et_pb_column type=&#8220;4_4&#8243; _builder_version=&#8220;4.16&#8243; _module_preset=&#8220;default&#8220; global_colors_info=&#8220;{}&#8220; theme_builder_area=&#8220;post_content&#8220;][et_pb_text _builder_version=&#8220;4.19.5&#8243; _module_preset=&#8220;default&#8220; custom_margin=&#8220;||12px|||&#8220; custom_padding=&#8220;20px|30px|20px|30px|true|true&#8220; hover_enabled=&#8220;0&#8243; border_width_all=&#8220;1px&#8220; border_color_all=&#8220;#e8e8e8&#8243; box_shadow_style=&#8220;preset5&#8243; box_shadow_vertical=&#8220;0px&#8220; box_shadow_spread=&#8220;4px&#8220; box_shadow_color=&#8220;rgba(173,173,173,0.22)&#8220; global_colors_info=&#8220;{}&#8220; theme_builder_area=&#8220;post_content&#8220; sticky_enabled=&#8220;0&#8243;]<\/p>\n<h4>Vorteile<\/h4>\n<ul id=\"g1-list-1\" class=\"g1-list--icon g1-list--none \">\n<li>Gro\u00dfe Kompatibilit\u00e4t: M3 deckt das gesamte Spektrum der Messtechnik ab, unabh\u00e4ngig von Ger\u00e4t, Marke oder Modell<\/li>\n<li><i class=\"fa fa-chevron-right g1-list__icon\"><\/i>Multisensor: derselbe Workflow f\u00fcr Kontakt- und optische Messtechnik<\/li>\n<li><i class=\"fa fa-chevron-right g1-list__icon\"><\/i>Die Arbeit startet in wenigen Minuten. Keine spezifischen Vorkenntnisse der CAD- oder messtechnischen Werkzeuge werden ben\u00f6tigt.<\/li>\n<li><i class=\"fa fa-chevron-right g1-list__icon\"><\/i>Trazability: jederzeit Zugriff auf Ihre urspr\u00fcnglichen Daten<\/li>\n<li><i class=\"fa fa-chevron-right g1-list__icon\"><\/i>Leistungsf\u00e4hige Analyse: Arbeiten mit den unterschiedlichsten Geometrien, geometrischer Dimensionierung und Lagetoleranzen (GD&amp;T)<\/li>\n<li><i class=\"fa fa-chevron-right g1-list__icon\"><\/i>etc<i class=\"fa fa-chevron-right g1-list__icon\"><\/i><\/li>\n<\/ul>\n<p>[\/et_pb_text][et_pb_text _builder_version=&#8220;4.19.5&#8243; _module_preset=&#8220;default&#8220; custom_margin=&#8220;48px|||||&#8220; hover_enabled=&#8220;0&#8243; global_colors_info=&#8220;{}&#8220; theme_builder_area=&#8220;post_content&#8220; sticky_enabled=&#8220;0&#8243;]<\/p>\n<p><span>Greifen Sie auf M3 Microsite zu und entdecken Sie die erweiterten Funktionen und Vorteile:<\/span><\/p>\n<p>[\/et_pb_text][et_pb_button button_url=&#8220;https:\/\/m3.innovalia-metrology.com\/&#8220; url_new_window=&#8220;on&#8220; button_text=&#8220;Besuchen Sie die M3-seite!&#8220; button_alignment=&#8220;right&#8220; _builder_version=&#8220;4.19.5&#8243; _module_preset=&#8220;default&#8220; custom_padding=&#8220;10px|20px|10px|20px|true|true&#8220; hover_enabled=&#8220;0&#8243; global_colors_info=&#8220;{}&#8220; theme_builder_area=&#8220;post_content&#8220; sticky_enabled=&#8220;0&#8243;][\/et_pb_button][\/et_pb_column][\/et_pb_row][\/et_pb_section]<\/p>\n","protected":false},"excerpt":{"rendered":"<p>Messtechnik-Software M3Die Messtechnik-Software M3 ist eine High-Performance-Software f\u00fcr die Aufzeichnung und Analyse von Punktwolken. M3 l\u00f6st den umfassenden Prozess des Scan- und Punktwolken-Managements in vielseitiger, agiler und leistungsstarker Weise.Vorteile Gro\u00dfe Kompatibilit\u00e4t: M3 deckt das gesamte Spektrum der Messtechnik ab, unabh\u00e4ngig von Ger\u00e4t, Marke oder Modell Multisensor: derselbe Workflow f\u00fcr Kontakt- und optische Messtechnik Die Arbeit [&hellip;]<\/p>\n","protected":false},"author":85986,"featured_media":79473,"parent":629744,"menu_order":1,"comment_status":"closed","ping_status":"closed","template":"","meta":{"_acf_changed":false,"_et_pb_use_builder":"on","_et_pb_old_content":"[precontent]\r\n<div class=\"sale\"><img class=\"aligncenter size-full wp-image-14299\" src=\"https:\/\/innovalia-metrology.com\/wp-content\/uploads\/2019\/12\/Banner_Metrology_Sale_Nov19_en.jpg\" alt=\"\" width=\"5833\" height=\"1250\"><\/div>\r\n[\/precontent]\r\n\r\n<h3 class=\"mover\"><\/h3>\r\n<h3>Metrology software M3<\/h3>\r\n[divider style=\"simple\"]\r\n\r\n[\/divider]\r\n<h3 class=\"entry-subtitle\">The Metrology software M3 is a High Performance Software for <strong>Capturing and Analyzing Point Clouds<\/strong>. M3 solves all the comprehensive process of scanning and point cloud management in a versatile, agile and powerful way.<\/h3>\r\n\u00a0\r\n\r\n[caption id=\"attachment_2827\" align=\"alignnone\" width=\"1000\"]<img class=\"size-full wp-image-2827\" src=\"https:\/\/innovalia-metrology.com\/wp-content\/uploads\/2014\/04\/m3-tablet-section2.jpg\" alt=\"Metrology-software-M3\" width=\"1000\" height=\"664\"> M3[\/caption]\r\n\r\n[box style=\"solid\"]\r\n<h4>Advantages<\/h4>\r\n[list type=\"icon\" icon=\"chevron-right\"]\r\n<ul>\r\n \t<li>Great compatibility: M3 covers the entire spectrum of metrology, regardless of device, brand or model<\/li>\r\n \t<li>Multisensor: Same workflow for contact and optical Measurement<\/li>\r\n \t<li>Start working in a few minutes. No specific previous knowledge of CAD or metrological tools is needed<\/li>\r\n \t<li>Trazability: Access to your original information anytime<\/li>\r\n \t<li>Powerful analysis: Work with the widest range of geometries and geometric dimensioning and tolerancing (GD&T)<\/li>\r\n \t<li>etc<\/li>\r\n<\/ul>\r\n[\/list]\r\n\r\n[\/box]\r\n\r\nAccess to M3 microsite and discover its advanced features and main advantages:\r\n<p style=\"text-align: right;\">[button size=\"big\" link=\"http:\/\/m3.innovalia-metrology.com\/\"]Go to the M3 site[\/button]<\/p>","_et_gb_content_width":"","footnotes":""},"class_list":["post-629745","page","type-page","status-publish","has-post-thumbnail","hentry"],"acf":[],"yoast_head":"<title>Metrology software M3 | Innovalia Metrology<\/title>\n<meta name=\"description\" content=\"Metrology software M3 is for capturing and analyzing point clouds. M3 solves all the process of scanning and point cloud management in a versatile way.\" \/>\n<meta name=\"robots\" content=\"index, follow, max-snippet:-1, max-image-preview:large, max-video-preview:-1\" \/>\n<link rel=\"canonical\" href=\"https:\/\/innovalia-metrology.com\/de\/metrology-produkte\/metrology-software\/metrology-software-m3\/\" \/>\n<meta property=\"og:locale\" content=\"de_DE\" \/>\n<meta property=\"og:type\" content=\"article\" \/>\n<meta property=\"og:title\" content=\"Metrology software M3 | Innovalia Metrology\" \/>\n<meta property=\"og:description\" content=\"Metrology software M3 is for capturing and analyzing point clouds. M3 solves all the process of scanning and point cloud management in a versatile way.\" \/>\n<meta property=\"og:url\" content=\"https:\/\/innovalia-metrology.com\/de\/metrology-produkte\/metrology-software\/metrology-software-m3\/\" \/>\n<meta property=\"og:site_name\" content=\"INNOVALIA METROLOGY | INDUSTRIAL METROLOGY SOLUTIONS\" \/>\n<meta property=\"article:modified_time\" content=\"2023-02-20T08:30:44+00:00\" \/>\n<meta property=\"og:image\" content=\"https:\/\/innovalia-metrology.com\/wp-content\/uploads\/2013\/03\/software-m3.jpg\" \/>\n\t<meta property=\"og:image:width\" content=\"500\" \/>\n\t<meta property=\"og:image:height\" content=\"380\" \/>\n\t<meta property=\"og:image:type\" content=\"image\/jpeg\" \/>\n<meta name=\"twitter:label1\" content=\"Gesch\u00e4tzte Lesezeit\" \/>\n\t<meta name=\"twitter:data1\" content=\"3 Minuten\" \/>\n<script type=\"application\/ld+json\" class=\"yoast-schema-graph\">{\"@context\":\"https:\/\/schema.org\",\"@graph\":[{\"@type\":\"WebPage\",\"@id\":\"https:\/\/innovalia-metrology.com\/de\/metrology-produkte\/metrology-software\/metrology-software-m3\/\",\"url\":\"https:\/\/innovalia-metrology.com\/de\/metrology-produkte\/metrology-software\/metrology-software-m3\/\",\"name\":\"Metrology software M3 | Innovalia Metrology\",\"isPartOf\":{\"@id\":\"https:\/\/innovalia-metrology.com\/de\/#website\"},\"primaryImageOfPage\":{\"@id\":\"https:\/\/innovalia-metrology.com\/de\/metrology-produkte\/metrology-software\/metrology-software-m3\/#primaryimage\"},\"image\":{\"@id\":\"https:\/\/innovalia-metrology.com\/de\/metrology-produkte\/metrology-software\/metrology-software-m3\/#primaryimage\"},\"thumbnailUrl\":\"https:\/\/innovalia-metrology.com\/wp-content\/uploads\/2013\/03\/software-m3.jpg\",\"datePublished\":\"2014-05-02T08:43:22+00:00\",\"dateModified\":\"2023-02-20T08:30:44+00:00\",\"description\":\"Metrology software M3 is for capturing and analyzing point clouds. M3 solves all the process of scanning and point cloud management in a versatile way.\",\"breadcrumb\":{\"@id\":\"https:\/\/innovalia-metrology.com\/de\/metrology-produkte\/metrology-software\/metrology-software-m3\/#breadcrumb\"},\"inLanguage\":\"de-DE\",\"potentialAction\":[{\"@type\":\"ReadAction\",\"target\":[\"https:\/\/innovalia-metrology.com\/de\/metrology-produkte\/metrology-software\/metrology-software-m3\/\"]}]},{\"@type\":\"ImageObject\",\"inLanguage\":\"de-DE\",\"@id\":\"https:\/\/innovalia-metrology.com\/de\/metrology-produkte\/metrology-software\/metrology-software-m3\/#primaryimage\",\"url\":\"https:\/\/innovalia-metrology.com\/wp-content\/uploads\/2013\/03\/software-m3.jpg\",\"contentUrl\":\"https:\/\/innovalia-metrology.com\/wp-content\/uploads\/2013\/03\/software-m3.jpg\",\"width\":500,\"height\":380},{\"@type\":\"BreadcrumbList\",\"@id\":\"https:\/\/innovalia-metrology.com\/de\/metrology-produkte\/metrology-software\/metrology-software-m3\/#breadcrumb\",\"itemListElement\":[{\"@type\":\"ListItem\",\"position\":1,\"name\":\"Home\",\"item\":\"https:\/\/innovalia-metrology.com\/de\/\"},{\"@type\":\"ListItem\",\"position\":2,\"name\":\"Produkte\",\"item\":\"https:\/\/innovalia-metrology.com\/de\/metrology-produkte\/\"},{\"@type\":\"ListItem\",\"position\":3,\"name\":\"Messtechnik software\",\"item\":\"https:\/\/innovalia-metrology.com\/de\/metrology-produkte\/metrology-software\/\"},{\"@type\":\"ListItem\",\"position\":4,\"name\":\"M3\"}]},{\"@type\":\"WebSite\",\"@id\":\"https:\/\/innovalia-metrology.com\/de\/#website\",\"url\":\"https:\/\/innovalia-metrology.com\/de\/\",\"name\":\"INNOVALIA METROLOGY\",\"description\":\"METROLOGY SOLUTIONS\",\"publisher\":{\"@id\":\"https:\/\/innovalia-metrology.com\/de\/#organization\"},\"potentialAction\":[{\"@type\":\"SearchAction\",\"target\":{\"@type\":\"EntryPoint\",\"urlTemplate\":\"https:\/\/innovalia-metrology.com\/de\/?s={search_term_string}\"},\"query-input\":{\"@type\":\"PropertyValueSpecification\",\"valueRequired\":true,\"valueName\":\"search_term_string\"}}],\"inLanguage\":\"de-DE\"},{\"@type\":\"Organization\",\"@id\":\"https:\/\/innovalia-metrology.com\/de\/#organization\",\"name\":\"INNOVALIA METROLOGY\",\"url\":\"https:\/\/innovalia-metrology.com\/de\/\",\"logo\":{\"@type\":\"ImageObject\",\"inLanguage\":\"de-DE\",\"@id\":\"https:\/\/innovalia-metrology.com\/de\/#\/schema\/logo\/image\/\",\"url\":\"https:\/\/innovalia-metrology.com\/wp-content\/uploads\/2025\/10\/Diseno-sin-titulo-36.png\",\"contentUrl\":\"https:\/\/innovalia-metrology.com\/wp-content\/uploads\/2025\/10\/Diseno-sin-titulo-36.png\",\"width\":300,\"height\":250,\"caption\":\"INNOVALIA METROLOGY\"},\"image\":{\"@id\":\"https:\/\/innovalia-metrology.com\/de\/#\/schema\/logo\/image\/\"},\"sameAs\":[\"https:\/\/x.com\/IMetrology_ES\",\"https:\/\/www.linkedin.com\/company\/innovalia-metrology\",\"https:\/\/www.youtube.com\/channel\/UCV7L_atMrcg6DUslHYeDaYQ\"]}]}<\/script>","yoast_head_json":{"title":"Metrology software M3 | Innovalia Metrology","description":"Metrology software M3 is for capturing and analyzing point clouds. M3 solves all the process of scanning and point cloud management in a versatile way.","robots":{"index":"index","follow":"follow","max-snippet":"max-snippet:-1","max-image-preview":"max-image-preview:large","max-video-preview":"max-video-preview:-1"},"canonical":"https:\/\/innovalia-metrology.com\/de\/metrology-produkte\/metrology-software\/metrology-software-m3\/","og_locale":"de_DE","og_type":"article","og_title":"Metrology software M3 | Innovalia Metrology","og_description":"Metrology software M3 is for capturing and analyzing point clouds. M3 solves all the process of scanning and point cloud management in a versatile way.","og_url":"https:\/\/innovalia-metrology.com\/de\/metrology-produkte\/metrology-software\/metrology-software-m3\/","og_site_name":"INNOVALIA METROLOGY | INDUSTRIAL METROLOGY SOLUTIONS","article_modified_time":"2023-02-20T08:30:44+00:00","og_image":[{"width":500,"height":380,"url":"https:\/\/innovalia-metrology.com\/wp-content\/uploads\/2013\/03\/software-m3.jpg","type":"image\/jpeg"}],"twitter_misc":{"Gesch\u00e4tzte Lesezeit":"3 Minuten"},"schema":{"@context":"https:\/\/schema.org","@graph":[{"@type":"WebPage","@id":"https:\/\/innovalia-metrology.com\/de\/metrology-produkte\/metrology-software\/metrology-software-m3\/","url":"https:\/\/innovalia-metrology.com\/de\/metrology-produkte\/metrology-software\/metrology-software-m3\/","name":"Metrology software M3 | Innovalia Metrology","isPartOf":{"@id":"https:\/\/innovalia-metrology.com\/de\/#website"},"primaryImageOfPage":{"@id":"https:\/\/innovalia-metrology.com\/de\/metrology-produkte\/metrology-software\/metrology-software-m3\/#primaryimage"},"image":{"@id":"https:\/\/innovalia-metrology.com\/de\/metrology-produkte\/metrology-software\/metrology-software-m3\/#primaryimage"},"thumbnailUrl":"https:\/\/innovalia-metrology.com\/wp-content\/uploads\/2013\/03\/software-m3.jpg","datePublished":"2014-05-02T08:43:22+00:00","dateModified":"2023-02-20T08:30:44+00:00","description":"Metrology software M3 is for capturing and analyzing point clouds. M3 solves all the process of scanning and point cloud management in a versatile way.","breadcrumb":{"@id":"https:\/\/innovalia-metrology.com\/de\/metrology-produkte\/metrology-software\/metrology-software-m3\/#breadcrumb"},"inLanguage":"de-DE","potentialAction":[{"@type":"ReadAction","target":["https:\/\/innovalia-metrology.com\/de\/metrology-produkte\/metrology-software\/metrology-software-m3\/"]}]},{"@type":"ImageObject","inLanguage":"de-DE","@id":"https:\/\/innovalia-metrology.com\/de\/metrology-produkte\/metrology-software\/metrology-software-m3\/#primaryimage","url":"https:\/\/innovalia-metrology.com\/wp-content\/uploads\/2013\/03\/software-m3.jpg","contentUrl":"https:\/\/innovalia-metrology.com\/wp-content\/uploads\/2013\/03\/software-m3.jpg","width":500,"height":380},{"@type":"BreadcrumbList","@id":"https:\/\/innovalia-metrology.com\/de\/metrology-produkte\/metrology-software\/metrology-software-m3\/#breadcrumb","itemListElement":[{"@type":"ListItem","position":1,"name":"Home","item":"https:\/\/innovalia-metrology.com\/de\/"},{"@type":"ListItem","position":2,"name":"Produkte","item":"https:\/\/innovalia-metrology.com\/de\/metrology-produkte\/"},{"@type":"ListItem","position":3,"name":"Messtechnik software","item":"https:\/\/innovalia-metrology.com\/de\/metrology-produkte\/metrology-software\/"},{"@type":"ListItem","position":4,"name":"M3"}]},{"@type":"WebSite","@id":"https:\/\/innovalia-metrology.com\/de\/#website","url":"https:\/\/innovalia-metrology.com\/de\/","name":"INNOVALIA METROLOGY","description":"METROLOGY SOLUTIONS","publisher":{"@id":"https:\/\/innovalia-metrology.com\/de\/#organization"},"potentialAction":[{"@type":"SearchAction","target":{"@type":"EntryPoint","urlTemplate":"https:\/\/innovalia-metrology.com\/de\/?s={search_term_string}"},"query-input":{"@type":"PropertyValueSpecification","valueRequired":true,"valueName":"search_term_string"}}],"inLanguage":"de-DE"},{"@type":"Organization","@id":"https:\/\/innovalia-metrology.com\/de\/#organization","name":"INNOVALIA METROLOGY","url":"https:\/\/innovalia-metrology.com\/de\/","logo":{"@type":"ImageObject","inLanguage":"de-DE","@id":"https:\/\/innovalia-metrology.com\/de\/#\/schema\/logo\/image\/","url":"https:\/\/innovalia-metrology.com\/wp-content\/uploads\/2025\/10\/Diseno-sin-titulo-36.png","contentUrl":"https:\/\/innovalia-metrology.com\/wp-content\/uploads\/2025\/10\/Diseno-sin-titulo-36.png","width":300,"height":250,"caption":"INNOVALIA METROLOGY"},"image":{"@id":"https:\/\/innovalia-metrology.com\/de\/#\/schema\/logo\/image\/"},"sameAs":["https:\/\/x.com\/IMetrology_ES","https:\/\/www.linkedin.com\/company\/innovalia-metrology","https:\/\/www.youtube.com\/channel\/UCV7L_atMrcg6DUslHYeDaYQ"]}]}},"_links":{"self":[{"href":"https:\/\/innovalia-metrology.com\/de\/wp-json\/wp\/v2\/pages\/629745","targetHints":{"allow":["GET"]}}],"collection":[{"href":"https:\/\/innovalia-metrology.com\/de\/wp-json\/wp\/v2\/pages"}],"about":[{"href":"https:\/\/innovalia-metrology.com\/de\/wp-json\/wp\/v2\/types\/page"}],"author":[{"embeddable":true,"href":"https:\/\/innovalia-metrology.com\/de\/wp-json\/wp\/v2\/users\/85986"}],"replies":[{"embeddable":true,"href":"https:\/\/innovalia-metrology.com\/de\/wp-json\/wp\/v2\/comments?post=629745"}],"version-history":[{"count":2,"href":"https:\/\/innovalia-metrology.com\/de\/wp-json\/wp\/v2\/pages\/629745\/revisions"}],"predecessor-version":[{"id":629756,"href":"https:\/\/innovalia-metrology.com\/de\/wp-json\/wp\/v2\/pages\/629745\/revisions\/629756"}],"up":[{"embeddable":true,"href":"https:\/\/innovalia-metrology.com\/de\/wp-json\/wp\/v2\/pages\/629744"}],"wp:featuredmedia":[{"embeddable":true,"href":"https:\/\/innovalia-metrology.com\/de\/wp-json\/wp\/v2\/media\/79473"}],"wp:attachment":[{"href":"https:\/\/innovalia-metrology.com\/de\/wp-json\/wp\/v2\/media?parent=629745"}],"curies":[{"name":"wp","href":"https:\/\/api.w.org\/{rel}","templated":true}]}}