{"id":629769,"date":"2014-05-02T10:34:31","date_gmt":"2014-05-02T08:34:31","guid":{"rendered":"https:\/\/innovalia-metrology.cbtpruebas.es\/metrology-produkte\/accessories\/"},"modified":"2023-02-20T17:21:32","modified_gmt":"2023-02-20T16:21:32","slug":"zubehoer","status":"publish","type":"page","link":"https:\/\/innovalia-metrology.com\/de\/metrology-produkte\/zubehoer\/","title":{"rendered":"Zubeh\u00f6r"},"content":{"rendered":"<p>[et_pb_section fb_built=&#8220;1&#8243; _builder_version=&#8220;4.19.5&#8243; _module_preset=&#8220;default&#8220; background_color=&#8220;RGBA(255,255,255,0)&#8220; custom_padding=&#8220;0px|||||&#8220; global_colors_info=&#8220;{}&#8220; theme_builder_area=&#8220;post_content&#8220;][et_pb_row _builder_version=&#8220;4.19.5&#8243; _module_preset=&#8220;default&#8220; width=&#8220;100%&#8220; global_colors_info=&#8220;{}&#8220; theme_builder_area=&#8220;post_content&#8220;][et_pb_column type=&#8220;4_4&#8243; _builder_version=&#8220;4.16&#8243; _module_preset=&#8220;default&#8220; global_colors_info=&#8220;{}&#8220; theme_builder_area=&#8220;post_content&#8220;][et_pb_text _builder_version=&#8220;4.16&#8243; header_3_font_size=&#8220;25px&#8220; background_size=&#8220;initial&#8220; background_position=&#8220;top_left&#8220; background_repeat=&#8220;repeat&#8220; custom_margin=&#8220;||30px|||&#8220; global_colors_info=&#8220;{}&#8220; theme_builder_area=&#8220;post_content&#8220;]<\/p>\n<h2 class=\"mover\">Gemeinsam nutzen wir die Entwicklung und Herstellung von Kohlenstofffaser-Artefakten und Softwareentwicklung f\u00fcr die vollst\u00e4ndige \u00dcberpr\u00fcfung der KMGs und Werkzeugmaschinen.<\/h2>\n<p>[\/et_pb_text][et_pb_text _builder_version=&#8220;4.16&#8243; _module_preset=&#8220;default&#8220; global_colors_info=&#8220;{}&#8220; theme_builder_area=&#8220;post_content&#8220;]<\/p>\n<p>Wir sind ein spezialisierter Hersteller gro\u00dfer Referenzartefakte aus Kohlenstofffaser-Verbundwerkstoff. Die typischsten sind Kugelleisten von 1,5 m bis 5,0 m L\u00e4nge.<\/p>\n<p>Diese Kugelleisten sind nur einige der im Handel erh\u00e4ltlichen Artefakte, die gro\u00dfe Koordinatenmessger\u00e4te (siehe Standards f\u00fcr KMG-Leistungsbewertung: VDI 2617\/2.3; neuer Entwurf von ISO 10360\/2) und Werkzeugmaschinen \u00fcberpr\u00fcfen.<\/p>\n<p>Innovalia Metrology fertigt auch zwei- und dreidimensionale Kugel-Artefakte mit einem bis zu 1,5 m Abstand von Ecke zu Ecke. Unsere Spezialisierung sind Tetraeder und W\u00fcrfel, mit denen extrem schnell Interimkontrollen von KMGs durchgef\u00fchrt werden k\u00f6nnen. Ein Check in weniger als 10 Minuten ist m\u00f6glich (Montage, Ausrichtung, Messung und Bewertung).<\/p>\n<p>[\/et_pb_text][\/et_pb_column][\/et_pb_row][et_pb_row _builder_version=&#8220;4.19.5&#8243; _module_preset=&#8220;default&#8220; width=&#8220;100%&#8220; custom_padding=&#8220;||0px|||&#8220; global_colors_info=&#8220;{}&#8220; theme_builder_area=&#8220;post_content&#8220;][et_pb_column type=&#8220;4_4&#8243; _builder_version=&#8220;4.16&#8243; _module_preset=&#8220;default&#8220; global_colors_info=&#8220;{}&#8220; theme_builder_area=&#8220;post_content&#8220;][et_pb_text _builder_version=&#8220;4.16&#8243; header_3_font_size=&#8220;25px&#8220; background_size=&#8220;initial&#8220; background_position=&#8220;top_left&#8220; background_repeat=&#8220;repeat&#8220; custom_padding=&#8220;||0px|||&#8220; global_colors_info=&#8220;{}&#8220; theme_builder_area=&#8220;post_content&#8220;]<\/p>\n<h3>\u00dcberpr\u00fcfungs- und Kalibrierungsartefakte<\/h3>\n<p>[\/et_pb_text][\/et_pb_column][\/et_pb_row][et_pb_row _builder_version=&#8220;4.19.5&#8243; background_size=&#8220;initial&#8220; background_position=&#8220;top_left&#8220; background_repeat=&#8220;repeat&#8220; width=&#8220;100%&#8220; custom_margin=&#8220;-3px|auto||auto|false|false&#8220; custom_padding=&#8220;0px||0px||false|false&#8220; border_width_bottom=&#8220;1px&#8220; border_color_bottom=&#8220;#d6d6d6&#8243; locked=&#8220;off&#8220; global_colors_info=&#8220;{}&#8220; theme_builder_area=&#8220;post_content&#8220;][et_pb_column type=&#8220;4_4&#8243; _builder_version=&#8220;4.16&#8243; custom_padding=&#8220;|||&#8220; global_colors_info=&#8220;{}&#8220; custom_padding__hover=&#8220;|||&#8220; theme_builder_area=&#8220;post_content&#8220;][et_pb_divider divider_position=&#8220;bottom&#8220; divider_weight=&#8220;2px&#8220; _builder_version=&#8220;4.16&#8243; _module_preset=&#8220;default&#8220; width=&#8220;30px&#8220; custom_margin=&#8220;||-3px||false|false&#8220; custom_padding=&#8220;0px||0px||true|false&#8220; border_color_all=&#8220;#000000&#8243; border_color_top=&#8220;#a0a0a0&#8243; border_color_bottom=&#8220;#dbdbdb&#8220; global_colors_info=&#8220;{}&#8220; theme_builder_area=&#8220;post_content&#8220;][\/et_pb_divider][\/et_pb_column][\/et_pb_row][et_pb_row column_structure=&#8220;1_3,1_3,1_3&#8243; _builder_version=&#8220;4.19.5&#8243; _module_preset=&#8220;default&#8220; width=&#8220;100%&#8220; global_colors_info=&#8220;{}&#8220; theme_builder_area=&#8220;post_content&#8220;][et_pb_column type=&#8220;1_3&#8243; _builder_version=&#8220;4.16&#8243; _module_preset=&#8220;default&#8220; global_colors_info=&#8220;{}&#8220; theme_builder_area=&#8220;post_content&#8220;][et_pb_cta button_url=&#8220;@ET-DC@eyJkeW5hbWljIjp0cnVlLCJjb250ZW50IjoicG9zdF9saW5rX3VybF9wYWdlIiwic2V0dGluZ3MiOnsicG9zdF9pZCI6IjIwNDA1In19@&#8220; button_text=&#8220;Mehr&#8220; _builder_version=&#8220;4.19.5&#8243; _dynamic_attributes=&#8220;button_url,link_option_url&#8220; _module_preset=&#8220;default&#8220; header_level=&#8220;h3&#8243; header_text_align=&#8220;left&#8220; header_text_color=&#8220;#000000&#8243; background_color=&#8220;RGBA(0,0,0,0)&#8220; button_alignment=&#8220;left&#8220; background_layout=&#8220;light&#8220; custom_padding=&#8220;0px|0px|0px|0px|true|true&#8220; link_option_url=&#8220;@ET-DC@eyJkeW5hbWljIjp0cnVlLCJjb250ZW50IjoicG9zdF9saW5rX3VybF9wYWdlIiwic2V0dGluZ3MiOnsicG9zdF9pZCI6IjIwNDA1In19@&#8220; hover_enabled=&#8220;0&#8243; custom_css_promo_button=&#8220;margin-top:-20px;&#8220; locked=&#8220;off&#8220; global_colors_info=&#8220;{}&#8220; theme_builder_area=&#8220;post_content&#8220; sticky_enabled=&#8220;0&#8243;]<\/p>\n<figure class=\"entry-featured-media g1-on--mouse\">\n<div id=\"g1-content-area\">\n<div id=\"primary\">\n<div id=\"content\" role=\"main\">\n<article id=\"post-6205\" class=\"post-6205 page type-page status-publish has-post-thumbnail g1-complete\">\n<div class=\"entry-content\">\n<div id=\"g1-custom-posts-shortcode-1\" class=\"g1-collection-custom_pages g1-custom-posts-shortcode g1-shortcode mover\">\n<div class=\"g1-collection g1-collection--grid g1-collection--one-half g1-collection--simple g1-effect-none\">\n<article id=\"post-4237\" class=\"post-4237 page type-page status-publish has-post-thumbnail g1_relation_tag-cmms g1-brief\">\n<figure class=\"entry-featured-media g1-on--mouse\"><span class=\"g1-decorator\"><img loading=\"lazy\" decoding=\"async\" class=\"wp-image-4107 size-full alignnone\" src=\"https:\/\/innovalia-metrology.com\/wp-content\/uploads\/2014\/04\/tetraedro_contacto_03-482x271.jpg\" alt=\"cmm\" width=\"490\" height=\"275\" \/><\/span><\/figure>\n<\/article>\n<\/div>\n<\/div>\n<\/div>\n<\/article>\n<\/div>\n<\/div>\n<\/div>\n<\/figure>\n<div class=\"g1-nonmedia\">\n<div class=\"g1-inner\">\n<header class=\"entry-header\">\n<h3><\/h3>\n<\/header>\n<\/div>\n<\/div>\n<h3 style=\"text-align: left;\">\u00dcberpr\u00fcfungsartefakte f\u00fcr KMGs<\/h3>\n<p>[\/et_pb_cta][\/et_pb_column][et_pb_column type=&#8220;1_3&#8243; _builder_version=&#8220;4.16&#8243; _module_preset=&#8220;default&#8220; global_colors_info=&#8220;{}&#8220; theme_builder_area=&#8220;post_content&#8220;][\/et_pb_column][et_pb_column type=&#8220;1_3&#8243; _builder_version=&#8220;4.16&#8243; _module_preset=&#8220;default&#8220; global_colors_info=&#8220;{}&#8220; theme_builder_area=&#8220;post_content&#8220;][\/et_pb_column][\/et_pb_row][et_pb_row _builder_version=&#8220;4.19.5&#8243; _module_preset=&#8220;default&#8220; width=&#8220;100%&#8220; custom_padding=&#8220;||0px|||&#8220; global_colors_info=&#8220;{}&#8220; theme_builder_area=&#8220;post_content&#8220;][et_pb_column type=&#8220;4_4&#8243; _builder_version=&#8220;4.16&#8243; _module_preset=&#8220;default&#8220; global_colors_info=&#8220;{}&#8220; theme_builder_area=&#8220;post_content&#8220;][et_pb_text _builder_version=&#8220;4.16&#8243; header_3_font_size=&#8220;25px&#8220; background_size=&#8220;initial&#8220; background_position=&#8220;top_left&#8220; background_repeat=&#8220;repeat&#8220; custom_padding=&#8220;||0px|||&#8220; global_colors_info=&#8220;{}&#8220; theme_builder_area=&#8220;post_content&#8220;]<\/p>\n<h3>\u00dcberpr\u00fcfungs- und Kalibriersoftware<\/h3>\n<p>[\/et_pb_text][\/et_pb_column][\/et_pb_row][et_pb_row _builder_version=&#8220;4.19.5&#8243; background_size=&#8220;initial&#8220; background_position=&#8220;top_left&#8220; background_repeat=&#8220;repeat&#8220; width=&#8220;100%&#8220; custom_margin=&#8220;-3px|auto||auto|false|false&#8220; custom_padding=&#8220;0px||0px||false|false&#8220; border_width_bottom=&#8220;1px&#8220; border_color_bottom=&#8220;#d6d6d6&#8243; locked=&#8220;off&#8220; global_colors_info=&#8220;{}&#8220; theme_builder_area=&#8220;post_content&#8220;][et_pb_column type=&#8220;4_4&#8243; _builder_version=&#8220;4.16&#8243; custom_padding=&#8220;|||&#8220; global_colors_info=&#8220;{}&#8220; custom_padding__hover=&#8220;|||&#8220; theme_builder_area=&#8220;post_content&#8220;][et_pb_divider divider_position=&#8220;bottom&#8220; divider_weight=&#8220;2px&#8220; _builder_version=&#8220;4.16&#8243; _module_preset=&#8220;default&#8220; width=&#8220;30px&#8220; custom_margin=&#8220;||-3px||false|false&#8220; custom_padding=&#8220;0px||0px||true|false&#8220; border_color_all=&#8220;#000000&#8243; border_color_top=&#8220;#a0a0a0&#8243; border_color_bottom=&#8220;#dbdbdb&#8220; global_colors_info=&#8220;{}&#8220; theme_builder_area=&#8220;post_content&#8220;][\/et_pb_divider][\/et_pb_column][\/et_pb_row][et_pb_row column_structure=&#8220;1_3,1_3,1_3&#8243; _builder_version=&#8220;4.19.5&#8243; _module_preset=&#8220;default&#8220; width=&#8220;100%&#8220; global_colors_info=&#8220;{}&#8220; theme_builder_area=&#8220;post_content&#8220;][et_pb_column type=&#8220;1_3&#8243; _builder_version=&#8220;4.16&#8243; _module_preset=&#8220;default&#8220; global_colors_info=&#8220;{}&#8220; theme_builder_area=&#8220;post_content&#8220;][et_pb_cta button_url=&#8220;@ET-DC@eyJkeW5hbWljIjp0cnVlLCJjb250ZW50IjoicG9zdF9saW5rX3VybF9wYWdlIiwic2V0dGluZ3MiOnsicG9zdF9pZCI6IjQyNzQifX0=@&#8220; button_text=&#8220;Mehr&#8220; _builder_version=&#8220;4.19.5&#8243; _dynamic_attributes=&#8220;button_url,link_option_url&#8220; _module_preset=&#8220;default&#8220; header_level=&#8220;h3&#8243; header_text_align=&#8220;left&#8220; header_text_color=&#8220;#000000&#8243; background_color=&#8220;RGBA(0,0,0,0)&#8220; button_alignment=&#8220;left&#8220; background_layout=&#8220;light&#8220; custom_padding=&#8220;0px|0px|0px|0px|true|true&#8220; link_option_url=&#8220;@ET-DC@eyJkeW5hbWljIjp0cnVlLCJjb250ZW50IjoicG9zdF9saW5rX3VybF9wYWdlIiwic2V0dGluZ3MiOnsicG9zdF9pZCI6IjQyNzQifX0=@&#8220; custom_css_promo_button=&#8220;margin-top:-20px;&#8220; locked=&#8220;off&#8220; global_colors_info=&#8220;{}&#8220; theme_builder_area=&#8220;post_content&#8220;]<\/p>\n<figure class=\"entry-featured-media g1-on--mouse\">\n<div id=\"g1-content-area\">\n<div id=\"primary\">\n<div id=\"content\" role=\"main\">\n<article id=\"post-6205\" class=\"post-6205 page type-page status-publish has-post-thumbnail g1-complete\">\n<div class=\"entry-content\">\n<div id=\"g1-custom-posts-shortcode-1\" class=\"g1-collection-custom_pages g1-custom-posts-shortcode g1-shortcode mover\">\n<div class=\"g1-collection g1-collection--grid g1-collection--one-half g1-collection--simple g1-effect-none\">\n<article id=\"post-4237\" class=\"post-4237 page type-page status-publish has-post-thumbnail g1_relation_tag-cmms g1-brief\">\n<figure class=\"entry-featured-media g1-on--mouse\"><span class=\"g1-decorator\"><img loading=\"lazy\" decoding=\"async\" class=\"wp-image-4107 size-full alignnone\" src=\"https:\/\/innovalia-metrology.com\/wp-content\/uploads\/2014\/04\/tetracheck-screenshot-en-482x271.jpg\" alt=\"cmm\" width=\"490\" height=\"275\" \/><\/span><\/figure>\n<\/article>\n<\/div>\n<\/div>\n<\/div>\n<\/article>\n<\/div>\n<\/div>\n<\/div>\n<\/figure>\n<div class=\"g1-nonmedia\">\n<div class=\"g1-inner\">\n<header class=\"entry-header\">\n<h3><\/h3>\n<\/header>\n<\/div>\n<\/div>\n<h3 style=\"text-align: left;\">Tetracheck: \u00dcberpr\u00fcfungssoftware f\u00fcr KMGs<\/h3>\n<p>[\/et_pb_cta][\/et_pb_column][et_pb_column type=&#8220;1_3&#8243; _builder_version=&#8220;4.16&#8243; _module_preset=&#8220;default&#8220; global_colors_info=&#8220;{}&#8220; theme_builder_area=&#8220;post_content&#8220;][\/et_pb_column][et_pb_column type=&#8220;1_3&#8243; _builder_version=&#8220;4.16&#8243; _module_preset=&#8220;default&#8220; global_colors_info=&#8220;{}&#8220; theme_builder_area=&#8220;post_content&#8220;][\/et_pb_column][\/et_pb_row][\/et_pb_section]<\/p>\n","protected":false},"excerpt":{"rendered":"<p>Gemeinsam nutzen wir die Entwicklung und Herstellung von Kohlenstofffaser-Artefakten und Softwareentwicklung f\u00fcr die vollst\u00e4ndige \u00dcberpr\u00fcfung der KMGs und Werkzeugmaschinen.Wir sind ein spezialisierter Hersteller gro\u00dfer Referenzartefakte aus Kohlenstofffaser-Verbundwerkstoff. Die typischsten sind Kugelleisten von 1,5 m bis 5,0 m L\u00e4nge. Diese Kugelleisten sind nur einige der im Handel erh\u00e4ltlichen Artefakte, die gro\u00dfe Koordinatenmessger\u00e4te (siehe Standards f\u00fcr KMG-Leistungsbewertung: [&hellip;]<\/p>\n","protected":false},"author":85986,"featured_media":79467,"parent":629598,"menu_order":5,"comment_status":"closed","ping_status":"closed","template":"","meta":{"_acf_changed":false,"_et_pb_use_builder":"on","_et_pb_old_content":"<p>[et_pb_section admin_label=\"section\"]<br \/>[et_pb_row admin_label=\"row\"]<br \/>[et_pb_column type=\"4_4\"][et_pb_text admin_label=\"Text\"][precontent]<\/p><div class=\"sale\"><img class=\"aligncenter size-full wp-image-14299\" src=\"https:\/\/innovalia-metrology.com\/wp-content\/uploads\/2019\/12\/Banner_Metrology_Sale_Nov19_en.jpg\" alt=\"\" width=\"5833\" height=\"1250\" \/><\/div><p>[\/precontent]<\/p><h2 class=\"mover\">We jointly use the design and manufacture of carbon fiber artifacts and software development for full CMM verification and machine tool<\/h2><p>We are a specialized manufacturer of large reference artifacts made of carbon fiber composite material. The most typical are ball bars of 1.5m to 5.0m in length.<\/p><p>These ball bars are just a few of the commercially available artifacts that verify large <a href=\"https:\/\/innovalia-metrology.com\/metrology-products\/cmms-systems\/\">coordinate measuring machines<\/a> (see standards for CMM performance evaluation: VDI 2617\/2.3; new draft of ISO 10360\/2) and machine tools.<\/p><p>Innovalia Metrology also manufactures 2-dimensional and 3-dimensional ball artifacts up to 1.5m corner to corner spacing. Our specialties include tetrahedrons and cubes with which extremely fast interim checks of CMMs can be performed. A check in less than 10 minutes is possible (mounting, aligning, measuring and evaluating).<\/p><p>\u00a0<\/p><h3>Verification and calibration artifacts<\/h3><p>[divider style=\"simple\"]<\/p><div id=\"productos-home\">[custom_pages template=\"one_half\" effect=\"none\" hide=\"author,summary\" entry_ids=\" 4256\"]<\/div><div>\u00a0<\/div><div><h3>Verification and calibration software<\/h3><p>[divider style=\"simple\"]<\/p><div id=\"productos-home\">[custom_pages template=\"one_half\" effect=\"none\" hide=\"author,summary\" entry_ids=\" 4274\"]<\/div><\/div><p>[\/et_pb_text][\/et_pb_column]<br \/>[\/et_pb_row]<br \/>[\/et_pb_section]<\/p>","_et_gb_content_width":"","footnotes":""},"class_list":["post-629769","page","type-page","status-publish","has-post-thumbnail","hentry"],"acf":[],"yoast_head":"<title>CMM verification | Innovalia Metrology<\/title>\n<meta name=\"description\" content=\"A check in less than 10&quot;(mounting, aligning, measuring and evaluating). We are a specialized manufacturer of large reference artifacts for CMM verification.\" \/>\n<meta name=\"robots\" content=\"index, follow, max-snippet:-1, max-image-preview:large, max-video-preview:-1\" \/>\n<link rel=\"canonical\" href=\"https:\/\/innovalia-metrology.com\/de\/metrology-produkte\/zubehoer\/\" \/>\n<meta property=\"og:locale\" content=\"de_DE\" \/>\n<meta property=\"og:type\" content=\"article\" \/>\n<meta property=\"og:title\" content=\"CMM verification | Innovalia Metrology\" \/>\n<meta property=\"og:description\" content=\"A check in less than 10&quot;(mounting, aligning, measuring and evaluating). We are a specialized manufacturer of large reference artifacts for CMM verification.\" \/>\n<meta property=\"og:url\" content=\"https:\/\/innovalia-metrology.com\/de\/metrology-produkte\/zubehoer\/\" \/>\n<meta property=\"og:site_name\" content=\"INNOVALIA METROLOGY | INDUSTRIAL METROLOGY SOLUTIONS\" \/>\n<meta property=\"article:modified_time\" content=\"2023-02-20T16:21:32+00:00\" \/>\n<meta property=\"og:image\" content=\"https:\/\/innovalia-metrology.com\/wp-content\/uploads\/2013\/03\/artefactoss-sin-contacto-maquinas-cmm.jpg\" \/>\n\t<meta property=\"og:image:width\" content=\"500\" \/>\n\t<meta property=\"og:image:height\" content=\"380\" \/>\n\t<meta property=\"og:image:type\" content=\"image\/jpeg\" \/>\n<meta name=\"twitter:label1\" content=\"Gesch\u00e4tzte Lesezeit\" \/>\n\t<meta name=\"twitter:data1\" content=\"5 Minuten\" \/>\n<script type=\"application\/ld+json\" class=\"yoast-schema-graph\">{\"@context\":\"https:\/\/schema.org\",\"@graph\":[{\"@type\":\"WebPage\",\"@id\":\"https:\/\/innovalia-metrology.com\/de\/metrology-produkte\/zubehoer\/\",\"url\":\"https:\/\/innovalia-metrology.com\/de\/metrology-produkte\/zubehoer\/\",\"name\":\"CMM verification | Innovalia Metrology\",\"isPartOf\":{\"@id\":\"https:\/\/innovalia-metrology.com\/de\/#website\"},\"primaryImageOfPage\":{\"@id\":\"https:\/\/innovalia-metrology.com\/de\/metrology-produkte\/zubehoer\/#primaryimage\"},\"image\":{\"@id\":\"https:\/\/innovalia-metrology.com\/de\/metrology-produkte\/zubehoer\/#primaryimage\"},\"thumbnailUrl\":\"https:\/\/innovalia-metrology.com\/wp-content\/uploads\/2013\/03\/artefactoss-sin-contacto-maquinas-cmm.jpg\",\"datePublished\":\"2014-05-02T08:34:31+00:00\",\"dateModified\":\"2023-02-20T16:21:32+00:00\",\"description\":\"A check in less than 10\\\"(mounting, aligning, measuring and evaluating). We are a specialized manufacturer of large reference artifacts for CMM verification.\",\"breadcrumb\":{\"@id\":\"https:\/\/innovalia-metrology.com\/de\/metrology-produkte\/zubehoer\/#breadcrumb\"},\"inLanguage\":\"de-DE\",\"potentialAction\":[{\"@type\":\"ReadAction\",\"target\":[\"https:\/\/innovalia-metrology.com\/de\/metrology-produkte\/zubehoer\/\"]}]},{\"@type\":\"ImageObject\",\"inLanguage\":\"de-DE\",\"@id\":\"https:\/\/innovalia-metrology.com\/de\/metrology-produkte\/zubehoer\/#primaryimage\",\"url\":\"https:\/\/innovalia-metrology.com\/wp-content\/uploads\/2013\/03\/artefactoss-sin-contacto-maquinas-cmm.jpg\",\"contentUrl\":\"https:\/\/innovalia-metrology.com\/wp-content\/uploads\/2013\/03\/artefactoss-sin-contacto-maquinas-cmm.jpg\",\"width\":500,\"height\":380},{\"@type\":\"BreadcrumbList\",\"@id\":\"https:\/\/innovalia-metrology.com\/de\/metrology-produkte\/zubehoer\/#breadcrumb\",\"itemListElement\":[{\"@type\":\"ListItem\",\"position\":1,\"name\":\"Home\",\"item\":\"https:\/\/innovalia-metrology.com\/de\/\"},{\"@type\":\"ListItem\",\"position\":2,\"name\":\"Produkte\",\"item\":\"https:\/\/innovalia-metrology.com\/de\/metrology-produkte\/\"},{\"@type\":\"ListItem\",\"position\":3,\"name\":\"Zubeh\u00f6r\"}]},{\"@type\":\"WebSite\",\"@id\":\"https:\/\/innovalia-metrology.com\/de\/#website\",\"url\":\"https:\/\/innovalia-metrology.com\/de\/\",\"name\":\"INNOVALIA METROLOGY\",\"description\":\"METROLOGY SOLUTIONS\",\"publisher\":{\"@id\":\"https:\/\/innovalia-metrology.com\/de\/#organization\"},\"potentialAction\":[{\"@type\":\"SearchAction\",\"target\":{\"@type\":\"EntryPoint\",\"urlTemplate\":\"https:\/\/innovalia-metrology.com\/de\/?s={search_term_string}\"},\"query-input\":{\"@type\":\"PropertyValueSpecification\",\"valueRequired\":true,\"valueName\":\"search_term_string\"}}],\"inLanguage\":\"de-DE\"},{\"@type\":\"Organization\",\"@id\":\"https:\/\/innovalia-metrology.com\/de\/#organization\",\"name\":\"INNOVALIA METROLOGY\",\"url\":\"https:\/\/innovalia-metrology.com\/de\/\",\"logo\":{\"@type\":\"ImageObject\",\"inLanguage\":\"de-DE\",\"@id\":\"https:\/\/innovalia-metrology.com\/de\/#\/schema\/logo\/image\/\",\"url\":\"https:\/\/innovalia-metrology.com\/wp-content\/uploads\/2025\/10\/Diseno-sin-titulo-36.png\",\"contentUrl\":\"https:\/\/innovalia-metrology.com\/wp-content\/uploads\/2025\/10\/Diseno-sin-titulo-36.png\",\"width\":300,\"height\":250,\"caption\":\"INNOVALIA METROLOGY\"},\"image\":{\"@id\":\"https:\/\/innovalia-metrology.com\/de\/#\/schema\/logo\/image\/\"},\"sameAs\":[\"https:\/\/x.com\/IMetrology_ES\",\"https:\/\/www.linkedin.com\/company\/innovalia-metrology\",\"https:\/\/www.youtube.com\/channel\/UCV7L_atMrcg6DUslHYeDaYQ\"]}]}<\/script>","yoast_head_json":{"title":"CMM verification | Innovalia Metrology","description":"A check in less than 10\"(mounting, aligning, measuring and evaluating). We are a specialized manufacturer of large reference artifacts for CMM verification.","robots":{"index":"index","follow":"follow","max-snippet":"max-snippet:-1","max-image-preview":"max-image-preview:large","max-video-preview":"max-video-preview:-1"},"canonical":"https:\/\/innovalia-metrology.com\/de\/metrology-produkte\/zubehoer\/","og_locale":"de_DE","og_type":"article","og_title":"CMM verification | Innovalia Metrology","og_description":"A check in less than 10\"(mounting, aligning, measuring and evaluating). We are a specialized manufacturer of large reference artifacts for CMM verification.","og_url":"https:\/\/innovalia-metrology.com\/de\/metrology-produkte\/zubehoer\/","og_site_name":"INNOVALIA METROLOGY | INDUSTRIAL METROLOGY SOLUTIONS","article_modified_time":"2023-02-20T16:21:32+00:00","og_image":[{"width":500,"height":380,"url":"https:\/\/innovalia-metrology.com\/wp-content\/uploads\/2013\/03\/artefactoss-sin-contacto-maquinas-cmm.jpg","type":"image\/jpeg"}],"twitter_misc":{"Gesch\u00e4tzte Lesezeit":"5 Minuten"},"schema":{"@context":"https:\/\/schema.org","@graph":[{"@type":"WebPage","@id":"https:\/\/innovalia-metrology.com\/de\/metrology-produkte\/zubehoer\/","url":"https:\/\/innovalia-metrology.com\/de\/metrology-produkte\/zubehoer\/","name":"CMM verification | Innovalia Metrology","isPartOf":{"@id":"https:\/\/innovalia-metrology.com\/de\/#website"},"primaryImageOfPage":{"@id":"https:\/\/innovalia-metrology.com\/de\/metrology-produkte\/zubehoer\/#primaryimage"},"image":{"@id":"https:\/\/innovalia-metrology.com\/de\/metrology-produkte\/zubehoer\/#primaryimage"},"thumbnailUrl":"https:\/\/innovalia-metrology.com\/wp-content\/uploads\/2013\/03\/artefactoss-sin-contacto-maquinas-cmm.jpg","datePublished":"2014-05-02T08:34:31+00:00","dateModified":"2023-02-20T16:21:32+00:00","description":"A check in less than 10\"(mounting, aligning, measuring and evaluating). We are a specialized manufacturer of large reference artifacts for CMM verification.","breadcrumb":{"@id":"https:\/\/innovalia-metrology.com\/de\/metrology-produkte\/zubehoer\/#breadcrumb"},"inLanguage":"de-DE","potentialAction":[{"@type":"ReadAction","target":["https:\/\/innovalia-metrology.com\/de\/metrology-produkte\/zubehoer\/"]}]},{"@type":"ImageObject","inLanguage":"de-DE","@id":"https:\/\/innovalia-metrology.com\/de\/metrology-produkte\/zubehoer\/#primaryimage","url":"https:\/\/innovalia-metrology.com\/wp-content\/uploads\/2013\/03\/artefactoss-sin-contacto-maquinas-cmm.jpg","contentUrl":"https:\/\/innovalia-metrology.com\/wp-content\/uploads\/2013\/03\/artefactoss-sin-contacto-maquinas-cmm.jpg","width":500,"height":380},{"@type":"BreadcrumbList","@id":"https:\/\/innovalia-metrology.com\/de\/metrology-produkte\/zubehoer\/#breadcrumb","itemListElement":[{"@type":"ListItem","position":1,"name":"Home","item":"https:\/\/innovalia-metrology.com\/de\/"},{"@type":"ListItem","position":2,"name":"Produkte","item":"https:\/\/innovalia-metrology.com\/de\/metrology-produkte\/"},{"@type":"ListItem","position":3,"name":"Zubeh\u00f6r"}]},{"@type":"WebSite","@id":"https:\/\/innovalia-metrology.com\/de\/#website","url":"https:\/\/innovalia-metrology.com\/de\/","name":"INNOVALIA METROLOGY","description":"METROLOGY SOLUTIONS","publisher":{"@id":"https:\/\/innovalia-metrology.com\/de\/#organization"},"potentialAction":[{"@type":"SearchAction","target":{"@type":"EntryPoint","urlTemplate":"https:\/\/innovalia-metrology.com\/de\/?s={search_term_string}"},"query-input":{"@type":"PropertyValueSpecification","valueRequired":true,"valueName":"search_term_string"}}],"inLanguage":"de-DE"},{"@type":"Organization","@id":"https:\/\/innovalia-metrology.com\/de\/#organization","name":"INNOVALIA METROLOGY","url":"https:\/\/innovalia-metrology.com\/de\/","logo":{"@type":"ImageObject","inLanguage":"de-DE","@id":"https:\/\/innovalia-metrology.com\/de\/#\/schema\/logo\/image\/","url":"https:\/\/innovalia-metrology.com\/wp-content\/uploads\/2025\/10\/Diseno-sin-titulo-36.png","contentUrl":"https:\/\/innovalia-metrology.com\/wp-content\/uploads\/2025\/10\/Diseno-sin-titulo-36.png","width":300,"height":250,"caption":"INNOVALIA METROLOGY"},"image":{"@id":"https:\/\/innovalia-metrology.com\/de\/#\/schema\/logo\/image\/"},"sameAs":["https:\/\/x.com\/IMetrology_ES","https:\/\/www.linkedin.com\/company\/innovalia-metrology","https:\/\/www.youtube.com\/channel\/UCV7L_atMrcg6DUslHYeDaYQ"]}]}},"_links":{"self":[{"href":"https:\/\/innovalia-metrology.com\/de\/wp-json\/wp\/v2\/pages\/629769","targetHints":{"allow":["GET"]}}],"collection":[{"href":"https:\/\/innovalia-metrology.com\/de\/wp-json\/wp\/v2\/pages"}],"about":[{"href":"https:\/\/innovalia-metrology.com\/de\/wp-json\/wp\/v2\/types\/page"}],"author":[{"embeddable":true,"href":"https:\/\/innovalia-metrology.com\/de\/wp-json\/wp\/v2\/users\/85986"}],"replies":[{"embeddable":true,"href":"https:\/\/innovalia-metrology.com\/de\/wp-json\/wp\/v2\/comments?post=629769"}],"version-history":[{"count":5,"href":"https:\/\/innovalia-metrology.com\/de\/wp-json\/wp\/v2\/pages\/629769\/revisions"}],"predecessor-version":[{"id":629839,"href":"https:\/\/innovalia-metrology.com\/de\/wp-json\/wp\/v2\/pages\/629769\/revisions\/629839"}],"up":[{"embeddable":true,"href":"https:\/\/innovalia-metrology.com\/de\/wp-json\/wp\/v2\/pages\/629598"}],"wp:featuredmedia":[{"embeddable":true,"href":"https:\/\/innovalia-metrology.com\/de\/wp-json\/wp\/v2\/media\/79467"}],"wp:attachment":[{"href":"https:\/\/innovalia-metrology.com\/de\/wp-json\/wp\/v2\/media?parent=629769"}],"curies":[{"name":"wp","href":"https:\/\/api.w.org\/{rel}","templated":true}]}}