{"id":631243,"date":"2017-10-13T12:14:48","date_gmt":"2017-10-13T10:14:48","guid":{"rendered":"https:\/\/innovalia-metrology.cbtpruebas.es\/metrology-produkte\/zubehoer\/befestigungssysteme\/custom-jigs\/"},"modified":"2023-03-28T09:15:18","modified_gmt":"2023-03-28T07:15:18","slug":"kundenspezifische-vorrichtungen","status":"publish","type":"page","link":"https:\/\/innovalia-metrology.com\/de\/metrology-produkte\/zubehoer\/befestigungssysteme\/kundenspezifische-vorrichtungen\/","title":{"rendered":"Kundenspezifische Vorrichtungen"},"content":{"rendered":"<p>[et_pb_section fb_built=&#8220;1&#8243; _builder_version=&#8220;4.19.4&#8243; _module_preset=&#8220;default&#8220; background_color=&#8220;#f7f7f7&#8243; custom_padding=&#8220;5px||10px|||&#8220; da_disable_devices=&#8220;off|off|off&#8220; locked=&#8220;off&#8220; global_colors_info=&#8220;{}&#8220; theme_builder_area=&#8220;post_content&#8220; da_is_popup=&#8220;off&#8220; da_exit_intent=&#8220;off&#8220; da_has_close=&#8220;on&#8220; da_alt_close=&#8220;off&#8220; da_dark_close=&#8220;off&#8220; da_not_modal=&#8220;on&#8220; da_is_singular=&#8220;off&#8220; da_with_loader=&#8220;off&#8220; da_has_shadow=&#8220;on&#8220;][et_pb_row _builder_version=&#8220;4.19.4&#8243; _module_preset=&#8220;default&#8220; width=&#8220;100%&#8220; custom_margin=&#8220;||||false|false&#8220; custom_padding=&#8220;16px||0px||false|false&#8220; global_colors_info=&#8220;{}&#8220; theme_builder_area=&#8220;post_content&#8220;][et_pb_column type=&#8220;4_4&#8243; _builder_version=&#8220;4.16&#8243; _module_preset=&#8220;default&#8220; global_colors_info=&#8220;{}&#8220; theme_builder_area=&#8220;post_content&#8220;][et_pb_text _builder_version=&#8220;4.19.5&#8243; _module_preset=&#8220;default&#8220; custom_padding=&#8220;||0px|||&#8220; global_colors_info=&#8220;{}&#8220; theme_builder_area=&#8220;post_content&#8220;]<\/p>\n<h3><strong>Kundenspezifische Vorrichtungen<\/strong><\/h3>\n<div id=\"g1-divider-1\" class=\"g1-divider g1-divider--simple g1-divider--noicon \"><\/div>\n<p>[\/et_pb_text][\/et_pb_column][\/et_pb_row][et_pb_row _builder_version=&#8220;4.19.4&#8243; background_size=&#8220;initial&#8220; background_position=&#8220;top_left&#8220; background_repeat=&#8220;repeat&#8220; width=&#8220;100%&#8220; custom_margin=&#8220;-3px|auto||auto|false|false&#8220; custom_padding=&#8220;0px||0px||false|false&#8220; border_width_bottom=&#8220;1px&#8220; border_color_bottom=&#8220;#d6d6d6&#8243; locked=&#8220;off&#8220; global_colors_info=&#8220;{}&#8220; theme_builder_area=&#8220;post_content&#8220;][et_pb_column type=&#8220;4_4&#8243; _builder_version=&#8220;4.16&#8243; custom_padding=&#8220;|||&#8220; global_colors_info=&#8220;{}&#8220; custom_padding__hover=&#8220;|||&#8220; theme_builder_area=&#8220;post_content&#8220;][et_pb_divider divider_position=&#8220;bottom&#8220; divider_weight=&#8220;2px&#8220; _builder_version=&#8220;4.16&#8243; _module_preset=&#8220;default&#8220; width=&#8220;30px&#8220; custom_margin=&#8220;||-3px||false|false&#8220; custom_padding=&#8220;0px||0px||true|false&#8220; border_color_all=&#8220;#000000&#8243; border_color_top=&#8220;#a0a0a0&#8243; border_color_bottom=&#8220;#dbdbdb&#8220; global_colors_info=&#8220;{}&#8220; theme_builder_area=&#8220;post_content&#8220;][\/et_pb_divider][\/et_pb_column][\/et_pb_row][\/et_pb_section][et_pb_section fb_built=&#8220;1&#8243; _builder_version=&#8220;4.19.5&#8243; _module_preset=&#8220;default&#8220; background_color=&#8220;RGBA(255,255,255,0)&#8220; custom_padding=&#8220;0px|||||&#8220; da_disable_devices=&#8220;off|off|off&#8220; global_colors_info=&#8220;{}&#8220; theme_builder_area=&#8220;post_content&#8220; da_is_popup=&#8220;off&#8220; da_exit_intent=&#8220;off&#8220; da_has_close=&#8220;on&#8220; da_alt_close=&#8220;off&#8220; da_dark_close=&#8220;off&#8220; da_not_modal=&#8220;on&#8220; da_is_singular=&#8220;off&#8220; da_with_loader=&#8220;off&#8220; da_has_shadow=&#8220;on&#8220;][et_pb_row _builder_version=&#8220;4.19.4&#8243; _module_preset=&#8220;default&#8220; width=&#8220;100%&#8220; global_colors_info=&#8220;{}&#8220; column_structure=&#8220;1_2,1_2&#8243; theme_builder_area=&#8220;post_content&#8220;][et_pb_column type=&#8220;1_2&#8243; _builder_version=&#8220;4.19.4&#8243; _module_preset=&#8220;default&#8220; global_colors_info=&#8220;{}&#8220; theme_builder_area=&#8220;post_content&#8220;][et_pb_image src=&#8220;https:\/\/innovalia-metrology.com\/wp-content\/uploads\/2023\/01\/vulkan-cmm-portable-system-2-3.webp&#8220; alt=&#8220;vulkan-cmm-portable-system-2-3&#8243; title_text=&#8220;vulkan-cmm-portable-system-2-3&#8243; _builder_version=&#8220;4.19.4&#8243; _module_preset=&#8220;default&#8220; global_colors_info=&#8220;{}&#8220; theme_builder_area=&#8220;post_content&#8220;][\/et_pb_image][et_pb_video src_webm=&#8220;https:\/\/innovalia-metrology.com\/wp-content\/uploads\/2020\/09\/spark_op1.103.mp4&#8243; _builder_version=&#8220;4.19.4&#8243; _module_preset=&#8220;default&#8220; global_colors_info=&#8220;{}&#8220; theme_builder_area=&#8220;post_content&#8220;][\/et_pb_video][\/et_pb_column][et_pb_column type=&#8220;1_2&#8243; _builder_version=&#8220;4.19.4&#8243; _module_preset=&#8220;default&#8220; global_colors_info=&#8220;{}&#8220; theme_builder_area=&#8220;post_content&#8220;][et_pb_text _builder_version=&#8220;4.19.4&#8243; _module_preset=&#8220;default&#8220; global_colors_info=&#8220;{}&#8220; theme_builder_area=&#8220;post_content&#8220;]<\/p>\n<h4>Die Kontrollwerkzeuge von Innovalia Metrology erm\u00f6glichen eine h\u00f6here Wiederholgenauigkeit bei einer Minderung der Produktionszeiten.<\/h4>\n<p>Innovalia Metrology Modelle bieten eine deutliche Verk\u00fcrzung der Messzeit, was es dem Anwender erm\u00f6glicht, mehr Teile in k\u00fcrzerer Zeit herzustellen. Innovalia Metrology Modelle bieten zudem eine h\u00f6here Wiederholgenauigkeit und werden geliefert mit:<\/p>\n<ul id=\"g1-list-1\" class=\"g1-list--icon g1-list--none \">\n<li><i class=\"fa fa-chevron-right g1-list__icon\"><\/i>ENAC Kalibrierbericht<\/li>\n<li><i class=\"fa fa-chevron-right g1-list__icon\"><\/i>3D Bericht<\/li>\n<li><i class=\"fa fa-chevron-right g1-list__icon\"><\/i>Material- und Konstruktionsbericht<\/li>\n<\/ul>\n<p>&nbsp;<\/p>\n<p>[\/et_pb_text][et_pb_text _builder_version=&#8220;4.19.5&#8243; _module_preset=&#8220;default&#8220; global_colors_info=&#8220;{}&#8220; theme_builder_area=&#8220;post_content&#8220;]<\/p>\n<h4>Vorteile<\/h4>\n<ul id=\"g1-list-2\" class=\"g1-list--icon g1-list--none \">\n<li><i class=\"fa fa-chevron-right g1-list__icon\"><\/i>Ma\u00dfgeschneidert f\u00fcr jede Art von Werkst\u00fcck.<\/li>\n<li><i class=\"fa fa-chevron-right g1-list__icon\"><\/i>ENAC-Zertifizierung<\/li>\n<li><i class=\"fa fa-chevron-right g1-list__icon\"><\/i>Erh\u00f6ht die Wiederholgenauigkeit<\/li>\n<\/ul>\n<p>[\/et_pb_text][\/et_pb_column][\/et_pb_row][et_pb_row _builder_version=&#8220;4.19.5&#8243; _module_preset=&#8220;default&#8220; width=&#8220;100%&#8220; global_colors_info=&#8220;{}&#8220; theme_builder_area=&#8220;post_content&#8220;][et_pb_column type=&#8220;4_4&#8243; _builder_version=&#8220;4.19.4&#8243; _module_preset=&#8220;default&#8220; global_colors_info=&#8220;{}&#8220; theme_builder_area=&#8220;post_content&#8220;][et_pb_code _builder_version=&#8220;4.19.5&#8243; _module_preset=&#8220;default&#8220; custom_padding=&#8220;2px|||||&#8220; locked=&#8220;off&#8220; global_colors_info=&#8220;{}&#8220; theme_builder_area=&#8220;post_content&#8220;]\n<div class=\"wpcf7 no-js\" id=\"wpcf7-f8997-o1\" lang=\"en-US\" dir=\"ltr\" data-wpcf7-id=\"8997\">\n<div class=\"screen-reader-response\"><p role=\"status\" aria-live=\"polite\" aria-atomic=\"true\"><\/p> <ul><\/ul><\/div>\n<form action=\"\/de\/wp-json\/wp\/v2\/pages\/631243#wpcf7-f8997-o1\" method=\"post\" class=\"wpcf7-form init\" aria-label=\"Contact form\" novalidate=\"novalidate\" data-status=\"init\">\n<fieldset class=\"hidden-fields-container\"><input type=\"hidden\" name=\"_wpcf7\" value=\"8997\" \/><input type=\"hidden\" name=\"_wpcf7_version\" value=\"6.1.5\" \/><input type=\"hidden\" name=\"_wpcf7_locale\" value=\"en_US\" \/><input type=\"hidden\" name=\"_wpcf7_unit_tag\" value=\"wpcf7-f8997-o1\" \/><input type=\"hidden\" name=\"_wpcf7_container_post\" value=\"0\" \/><input type=\"hidden\" name=\"_wpcf7_posted_data_hash\" value=\"\" \/><input type=\"hidden\" name=\"_wpcf7cf_hidden_group_fields\" value=\"[]\" \/><input type=\"hidden\" name=\"_wpcf7cf_hidden_groups\" value=\"[]\" \/><input type=\"hidden\" name=\"_wpcf7cf_visible_groups\" value=\"[]\" \/><input type=\"hidden\" name=\"_wpcf7cf_repeaters\" value=\"[]\" \/><input type=\"hidden\" name=\"_wpcf7cf_steps\" value=\"{}\" \/><input type=\"hidden\" name=\"_wpcf7cf_options\" value=\"{&quot;form_id&quot;:8997,&quot;conditions&quot;:[],&quot;settings&quot;:{&quot;animation&quot;:&quot;yes&quot;,&quot;animation_intime&quot;:200,&quot;animation_outtime&quot;:200,&quot;conditions_ui&quot;:&quot;normal&quot;,&quot;notice_dismissed&quot;:false,&quot;notice_dismissed_update-cf7-5.4&quot;:true,&quot;notice_dismissed_rollback-cf7-5.4.1&quot;:true}}\" \/><input type=\"hidden\" name=\"_wpcf7dtx_version\" value=\"5.0.5\" \/><input type=\"hidden\" name=\"_wpcf7_recaptcha_response\" value=\"\" \/>\n<\/fieldset>\n<p><label><\/label>\n<\/p>\n<h4>Brosch\u00fcre anforden:\n<\/h4>\n<p><label><span class=\"wpcf7-form-control-wrap\" data-name=\"name-560\"><input size=\"40\" maxlength=\"400\" class=\"wpcf7-form-control wpcf7-text wpcf7-validates-as-required\" aria-required=\"true\" aria-invalid=\"false\" placeholder=\"Name*\" value=\"\" type=\"text\" name=\"name-560\" \/><\/span><\/label><br \/>\n<label><span class=\"wpcf7-form-control-wrap\" data-name=\"empresa-560\"><input size=\"40\" maxlength=\"400\" class=\"wpcf7-form-control wpcf7-text wpcf7-validates-as-required\" aria-required=\"true\" aria-invalid=\"false\" placeholder=\"Company*\" value=\"\" type=\"text\" name=\"empresa-560\" \/><\/span><\/label><br \/>\n<label><span class=\"wpcf7-form-control-wrap\" data-name=\"your-email\"><input size=\"40\" maxlength=\"400\" class=\"wpcf7-form-control wpcf7-email wpcf7-validates-as-required wpcf7-text wpcf7-validates-as-email\" aria-required=\"true\" aria-invalid=\"false\" placeholder=\"Email*\" value=\"\" type=\"email\" name=\"your-email\" \/><\/span><\/label><br \/>\n<span class=\"wpcf7-form-control-wrap title\" data-name=\"title\"><input type=\"hidden\" name=\"title\" class=\"wpcf7-form-control wpcf7-hidden wpcf7dtx wpcf7dtx-hidden\" aria-invalid=\"false\" value=\"Kundenspezifische Vorrichtungen\"><\/span><br \/>\n<input class=\"wpcf7-form-control wpcf7-submit has-spinner button\" id=\"btn_pedir-de\" type=\"submit\" value=\"Mehr\" \/>\n<\/p><p style=\"display: none !important;\" class=\"akismet-fields-container\" data-prefix=\"_wpcf7_ak_\"><label>&#916;<textarea name=\"_wpcf7_ak_hp_textarea\" cols=\"45\" rows=\"8\" maxlength=\"100\"><\/textarea><\/label><input type=\"hidden\" id=\"ak_js_1\" name=\"_wpcf7_ak_js\" value=\"114\"\/><script type=\"text\/javascript\">\n\/* <![CDATA[ *\/\ndocument.getElementById( \"ak_js_1\" ).setAttribute( \"value\", ( new Date() ).getTime() );\n\/* ]]> *\/\n<\/script>\n<\/p><div class=\"wpcf7-response-output\" aria-hidden=\"true\"><\/div>\n<\/form>\n<\/div>\n[\/et_pb_code][\/et_pb_column][\/et_pb_row][\/et_pb_section]<\/p>\n","protected":false},"excerpt":{"rendered":"<p>Kundenspezifische Vorrichtungen Die Kontrollwerkzeuge von Innovalia Metrology erm\u00f6glichen eine h\u00f6here Wiederholgenauigkeit bei einer Minderung der Produktionszeiten. Innovalia Metrology Modelle bieten eine deutliche Verk\u00fcrzung der Messzeit, was es dem Anwender erm\u00f6glicht, mehr Teile in k\u00fcrzerer Zeit herzustellen. Innovalia Metrology Modelle bieten zudem eine h\u00f6here Wiederholgenauigkeit und werden geliefert mit: ENAC Kalibrierbericht 3D Bericht Material- und Konstruktionsbericht [&hellip;]<\/p>\n","protected":false},"author":85986,"featured_media":81904,"parent":631198,"menu_order":2,"comment_status":"closed","ping_status":"closed","template":"","meta":{"_acf_changed":false,"_et_pb_use_builder":"on","_et_pb_old_content":"[precontent]\r\n\r\n[section class=\"sale\" background_color=\"#c9c9c9\" background_repeat=\"repeat\" background_position=\"center top\" background_attachment=\"static\" background_scroll=\"none\" padding_top=\"8\"]\r\n\r\n[two_third valign=\"top\" animation=\"none\"]\r\n\r\n<img class=\"aligncenter size-large wp-image-13161\" src=\"https:\/\/innovalia-metrology.com\/wp-content\/uploads\/2019\/07\/web_banner_en-1024x435.png\" alt=\"\" width=\"686\" height=\"291\">\r\n\r\n[\/two_third]\r\n\r\n[one_third_last valign=\"top\" animation=\"none\"]\r\n\r\n[wpforms id=\"13169\"][\/wpforms]\r\n\r\n[\/one_third_last]\r\n\r\n[\/section]\r\n\r\n[\/precontent]\r\n\r\n<h3 class=\"mover\"><\/h3>\r\n<h3>Custom Jigs<\/h3>\r\n[divider style=\"simple\"]\r\n\r\n[\/divider]\r\n<h4>Innovalia Metrology control tools enable to increase repeatability and reduce time in production processes.<\/h4>\r\nThey also offer a significant reduction in the measurement time which allows the user to produce more parts in less time.\r\n\r\nOur checking fixtures are always delivered with:\r\n\r\n[list type=\"icon\" style=\"none\" icon=\"chevron-right\"]\r\n<ul>\r\n \t<li>ENAC calibration report<\/li>\r\n \t<li>checking fixture 3D data<\/li>\r\n \t<li>Checking fixture manufacturing drawings and material list<\/li>\r\n<\/ul>\r\n[\/list]\r\n\r\n<img class=\"size-full wp-image-8443 aligncenter\" src=\"https:\/\/innovalia-metrology.com\/wp-content\/uploads\/2017\/10\/vulkan-cmm-portable-system-2-3.jpg\" alt=\"\" width=\"782\" height=\"451\" \/>\r\n\r\n[box style=\"solid\"]\r\n<h4>Advantages<\/h4>\r\n[list type=\"icon\" icon=\"chevron-right\"]\r\n<ul>\r\n \t<li style=\"list-style-type: none;\"><\/li>\r\n \t<li>Designed to fit any type of part<\/li>\r\n \t<li>ENAC Certification<\/li>\r\n \t<li>Increases repeatability<\/li>\r\n<\/ul>\r\n[\/list]\r\n[\/box]\r\n<h4>Contact us for more information<\/h4>","_et_gb_content_width":"","footnotes":""},"class_list":["post-631243","page","type-page","status-publish","has-post-thumbnail","hentry"],"acf":[],"yoast_head":"<title>Custom checking and fixture jigs for quality control<\/title>\n<meta name=\"description\" content=\"The models of Innovalia Metrology offer a significant reduction in the measurement time which in turn allows the user to produce more pieces in less time\" \/>\n<meta name=\"robots\" content=\"index, follow, max-snippet:-1, max-image-preview:large, max-video-preview:-1\" \/>\n<link rel=\"canonical\" href=\"https:\/\/innovalia-metrology.com\/de\/metrology-produkte\/zubehoer\/befestigungssysteme\/kundenspezifische-vorrichtungen\/\" \/>\n<meta property=\"og:locale\" content=\"de_DE\" \/>\n<meta property=\"og:type\" content=\"article\" \/>\n<meta property=\"og:title\" content=\"Custom checking and fixture jigs for quality control\" \/>\n<meta property=\"og:description\" content=\"The models of Innovalia Metrology offer a significant reduction in the measurement time which in turn allows the user to produce more pieces in less time\" \/>\n<meta property=\"og:url\" content=\"https:\/\/innovalia-metrology.com\/de\/metrology-produkte\/zubehoer\/befestigungssysteme\/kundenspezifische-vorrichtungen\/\" \/>\n<meta property=\"og:site_name\" content=\"INNOVALIA METROLOGY | INDUSTRIAL METROLOGY SOLUTIONS\" \/>\n<meta property=\"article:modified_time\" content=\"2023-03-28T07:15:18+00:00\" \/>\n<meta property=\"og:image\" content=\"https:\/\/innovalia-metrology.com\/wp-content\/uploads\/2017\/10\/vulkan-cmm-portable-system-2-1.jpg\" \/>\n\t<meta property=\"og:image:width\" content=\"782\" \/>\n\t<meta property=\"og:image:height\" content=\"596\" \/>\n\t<meta property=\"og:image:type\" content=\"image\/jpeg\" \/>\n<meta name=\"twitter:label1\" content=\"Gesch\u00e4tzte Lesezeit\" \/>\n\t<meta name=\"twitter:data1\" content=\"3 Minuten\" \/>\n<script type=\"application\/ld+json\" class=\"yoast-schema-graph\">{\"@context\":\"https:\/\/schema.org\",\"@graph\":[{\"@type\":\"WebPage\",\"@id\":\"https:\/\/innovalia-metrology.com\/de\/metrology-produkte\/zubehoer\/befestigungssysteme\/kundenspezifische-vorrichtungen\/\",\"url\":\"https:\/\/innovalia-metrology.com\/de\/metrology-produkte\/zubehoer\/befestigungssysteme\/kundenspezifische-vorrichtungen\/\",\"name\":\"Custom checking and fixture jigs for quality control\",\"isPartOf\":{\"@id\":\"https:\/\/innovalia-metrology.com\/de\/#website\"},\"primaryImageOfPage\":{\"@id\":\"https:\/\/innovalia-metrology.com\/de\/metrology-produkte\/zubehoer\/befestigungssysteme\/kundenspezifische-vorrichtungen\/#primaryimage\"},\"image\":{\"@id\":\"https:\/\/innovalia-metrology.com\/de\/metrology-produkte\/zubehoer\/befestigungssysteme\/kundenspezifische-vorrichtungen\/#primaryimage\"},\"thumbnailUrl\":\"https:\/\/innovalia-metrology.com\/wp-content\/uploads\/2017\/10\/vulkan-cmm-portable-system-2-1.jpg\",\"datePublished\":\"2017-10-13T10:14:48+00:00\",\"dateModified\":\"2023-03-28T07:15:18+00:00\",\"description\":\"The models of Innovalia Metrology offer a significant reduction in the measurement time which in turn allows the user to produce more pieces in less time\",\"breadcrumb\":{\"@id\":\"https:\/\/innovalia-metrology.com\/de\/metrology-produkte\/zubehoer\/befestigungssysteme\/kundenspezifische-vorrichtungen\/#breadcrumb\"},\"inLanguage\":\"de-DE\",\"potentialAction\":[{\"@type\":\"ReadAction\",\"target\":[\"https:\/\/innovalia-metrology.com\/de\/metrology-produkte\/zubehoer\/befestigungssysteme\/kundenspezifische-vorrichtungen\/\"]}]},{\"@type\":\"ImageObject\",\"inLanguage\":\"de-DE\",\"@id\":\"https:\/\/innovalia-metrology.com\/de\/metrology-produkte\/zubehoer\/befestigungssysteme\/kundenspezifische-vorrichtungen\/#primaryimage\",\"url\":\"https:\/\/innovalia-metrology.com\/wp-content\/uploads\/2017\/10\/vulkan-cmm-portable-system-2-1.jpg\",\"contentUrl\":\"https:\/\/innovalia-metrology.com\/wp-content\/uploads\/2017\/10\/vulkan-cmm-portable-system-2-1.jpg\",\"width\":782,\"height\":596},{\"@type\":\"BreadcrumbList\",\"@id\":\"https:\/\/innovalia-metrology.com\/de\/metrology-produkte\/zubehoer\/befestigungssysteme\/kundenspezifische-vorrichtungen\/#breadcrumb\",\"itemListElement\":[{\"@type\":\"ListItem\",\"position\":1,\"name\":\"Home\",\"item\":\"https:\/\/innovalia-metrology.com\/de\/\"},{\"@type\":\"ListItem\",\"position\":2,\"name\":\"Produkte\",\"item\":\"https:\/\/innovalia-metrology.com\/de\/metrology-produkte\/\"},{\"@type\":\"ListItem\",\"position\":3,\"name\":\"Zubeh\u00f6r\",\"item\":\"https:\/\/innovalia-metrology.com\/de\/metrology-produkte\/zubehoer\/\"},{\"@type\":\"ListItem\",\"position\":4,\"name\":\"Befestigungssysteme\",\"item\":\"https:\/\/innovalia-metrology.com\/de\/metrology-produkte\/zubehoer\/befestigungssysteme\/\"},{\"@type\":\"ListItem\",\"position\":5,\"name\":\"Kundenspezifische Vorrichtungen\"}]},{\"@type\":\"WebSite\",\"@id\":\"https:\/\/innovalia-metrology.com\/de\/#website\",\"url\":\"https:\/\/innovalia-metrology.com\/de\/\",\"name\":\"INNOVALIA METROLOGY\",\"description\":\"METROLOGY SOLUTIONS\",\"publisher\":{\"@id\":\"https:\/\/innovalia-metrology.com\/de\/#organization\"},\"potentialAction\":[{\"@type\":\"SearchAction\",\"target\":{\"@type\":\"EntryPoint\",\"urlTemplate\":\"https:\/\/innovalia-metrology.com\/de\/?s={search_term_string}\"},\"query-input\":{\"@type\":\"PropertyValueSpecification\",\"valueRequired\":true,\"valueName\":\"search_term_string\"}}],\"inLanguage\":\"de-DE\"},{\"@type\":\"Organization\",\"@id\":\"https:\/\/innovalia-metrology.com\/de\/#organization\",\"name\":\"INNOVALIA METROLOGY\",\"url\":\"https:\/\/innovalia-metrology.com\/de\/\",\"logo\":{\"@type\":\"ImageObject\",\"inLanguage\":\"de-DE\",\"@id\":\"https:\/\/innovalia-metrology.com\/de\/#\/schema\/logo\/image\/\",\"url\":\"https:\/\/innovalia-metrology.com\/wp-content\/uploads\/2025\/10\/Diseno-sin-titulo-36.png\",\"contentUrl\":\"https:\/\/innovalia-metrology.com\/wp-content\/uploads\/2025\/10\/Diseno-sin-titulo-36.png\",\"width\":300,\"height\":250,\"caption\":\"INNOVALIA METROLOGY\"},\"image\":{\"@id\":\"https:\/\/innovalia-metrology.com\/de\/#\/schema\/logo\/image\/\"},\"sameAs\":[\"https:\/\/x.com\/IMetrology_ES\",\"https:\/\/www.linkedin.com\/company\/innovalia-metrology\",\"https:\/\/www.youtube.com\/channel\/UCV7L_atMrcg6DUslHYeDaYQ\"]}]}<\/script>","yoast_head_json":{"title":"Custom checking and fixture jigs for quality control","description":"The models of Innovalia Metrology offer a significant reduction in the measurement time which in turn allows the user to produce more pieces in less time","robots":{"index":"index","follow":"follow","max-snippet":"max-snippet:-1","max-image-preview":"max-image-preview:large","max-video-preview":"max-video-preview:-1"},"canonical":"https:\/\/innovalia-metrology.com\/de\/metrology-produkte\/zubehoer\/befestigungssysteme\/kundenspezifische-vorrichtungen\/","og_locale":"de_DE","og_type":"article","og_title":"Custom checking and fixture jigs for quality control","og_description":"The models of Innovalia Metrology offer a significant reduction in the measurement time which in turn allows the user to produce more pieces in less time","og_url":"https:\/\/innovalia-metrology.com\/de\/metrology-produkte\/zubehoer\/befestigungssysteme\/kundenspezifische-vorrichtungen\/","og_site_name":"INNOVALIA METROLOGY | INDUSTRIAL METROLOGY SOLUTIONS","article_modified_time":"2023-03-28T07:15:18+00:00","og_image":[{"width":782,"height":596,"url":"https:\/\/innovalia-metrology.com\/wp-content\/uploads\/2017\/10\/vulkan-cmm-portable-system-2-1.jpg","type":"image\/jpeg"}],"twitter_misc":{"Gesch\u00e4tzte Lesezeit":"3 Minuten"},"schema":{"@context":"https:\/\/schema.org","@graph":[{"@type":"WebPage","@id":"https:\/\/innovalia-metrology.com\/de\/metrology-produkte\/zubehoer\/befestigungssysteme\/kundenspezifische-vorrichtungen\/","url":"https:\/\/innovalia-metrology.com\/de\/metrology-produkte\/zubehoer\/befestigungssysteme\/kundenspezifische-vorrichtungen\/","name":"Custom checking and fixture jigs for quality control","isPartOf":{"@id":"https:\/\/innovalia-metrology.com\/de\/#website"},"primaryImageOfPage":{"@id":"https:\/\/innovalia-metrology.com\/de\/metrology-produkte\/zubehoer\/befestigungssysteme\/kundenspezifische-vorrichtungen\/#primaryimage"},"image":{"@id":"https:\/\/innovalia-metrology.com\/de\/metrology-produkte\/zubehoer\/befestigungssysteme\/kundenspezifische-vorrichtungen\/#primaryimage"},"thumbnailUrl":"https:\/\/innovalia-metrology.com\/wp-content\/uploads\/2017\/10\/vulkan-cmm-portable-system-2-1.jpg","datePublished":"2017-10-13T10:14:48+00:00","dateModified":"2023-03-28T07:15:18+00:00","description":"The models of Innovalia Metrology offer a significant reduction in the measurement time which in turn allows the user to produce more pieces in less time","breadcrumb":{"@id":"https:\/\/innovalia-metrology.com\/de\/metrology-produkte\/zubehoer\/befestigungssysteme\/kundenspezifische-vorrichtungen\/#breadcrumb"},"inLanguage":"de-DE","potentialAction":[{"@type":"ReadAction","target":["https:\/\/innovalia-metrology.com\/de\/metrology-produkte\/zubehoer\/befestigungssysteme\/kundenspezifische-vorrichtungen\/"]}]},{"@type":"ImageObject","inLanguage":"de-DE","@id":"https:\/\/innovalia-metrology.com\/de\/metrology-produkte\/zubehoer\/befestigungssysteme\/kundenspezifische-vorrichtungen\/#primaryimage","url":"https:\/\/innovalia-metrology.com\/wp-content\/uploads\/2017\/10\/vulkan-cmm-portable-system-2-1.jpg","contentUrl":"https:\/\/innovalia-metrology.com\/wp-content\/uploads\/2017\/10\/vulkan-cmm-portable-system-2-1.jpg","width":782,"height":596},{"@type":"BreadcrumbList","@id":"https:\/\/innovalia-metrology.com\/de\/metrology-produkte\/zubehoer\/befestigungssysteme\/kundenspezifische-vorrichtungen\/#breadcrumb","itemListElement":[{"@type":"ListItem","position":1,"name":"Home","item":"https:\/\/innovalia-metrology.com\/de\/"},{"@type":"ListItem","position":2,"name":"Produkte","item":"https:\/\/innovalia-metrology.com\/de\/metrology-produkte\/"},{"@type":"ListItem","position":3,"name":"Zubeh\u00f6r","item":"https:\/\/innovalia-metrology.com\/de\/metrology-produkte\/zubehoer\/"},{"@type":"ListItem","position":4,"name":"Befestigungssysteme","item":"https:\/\/innovalia-metrology.com\/de\/metrology-produkte\/zubehoer\/befestigungssysteme\/"},{"@type":"ListItem","position":5,"name":"Kundenspezifische Vorrichtungen"}]},{"@type":"WebSite","@id":"https:\/\/innovalia-metrology.com\/de\/#website","url":"https:\/\/innovalia-metrology.com\/de\/","name":"INNOVALIA METROLOGY","description":"METROLOGY SOLUTIONS","publisher":{"@id":"https:\/\/innovalia-metrology.com\/de\/#organization"},"potentialAction":[{"@type":"SearchAction","target":{"@type":"EntryPoint","urlTemplate":"https:\/\/innovalia-metrology.com\/de\/?s={search_term_string}"},"query-input":{"@type":"PropertyValueSpecification","valueRequired":true,"valueName":"search_term_string"}}],"inLanguage":"de-DE"},{"@type":"Organization","@id":"https:\/\/innovalia-metrology.com\/de\/#organization","name":"INNOVALIA METROLOGY","url":"https:\/\/innovalia-metrology.com\/de\/","logo":{"@type":"ImageObject","inLanguage":"de-DE","@id":"https:\/\/innovalia-metrology.com\/de\/#\/schema\/logo\/image\/","url":"https:\/\/innovalia-metrology.com\/wp-content\/uploads\/2025\/10\/Diseno-sin-titulo-36.png","contentUrl":"https:\/\/innovalia-metrology.com\/wp-content\/uploads\/2025\/10\/Diseno-sin-titulo-36.png","width":300,"height":250,"caption":"INNOVALIA METROLOGY"},"image":{"@id":"https:\/\/innovalia-metrology.com\/de\/#\/schema\/logo\/image\/"},"sameAs":["https:\/\/x.com\/IMetrology_ES","https:\/\/www.linkedin.com\/company\/innovalia-metrology","https:\/\/www.youtube.com\/channel\/UCV7L_atMrcg6DUslHYeDaYQ"]}]}},"_links":{"self":[{"href":"https:\/\/innovalia-metrology.com\/de\/wp-json\/wp\/v2\/pages\/631243","targetHints":{"allow":["GET"]}}],"collection":[{"href":"https:\/\/innovalia-metrology.com\/de\/wp-json\/wp\/v2\/pages"}],"about":[{"href":"https:\/\/innovalia-metrology.com\/de\/wp-json\/wp\/v2\/types\/page"}],"author":[{"embeddable":true,"href":"https:\/\/innovalia-metrology.com\/de\/wp-json\/wp\/v2\/users\/85986"}],"replies":[{"embeddable":true,"href":"https:\/\/innovalia-metrology.com\/de\/wp-json\/wp\/v2\/comments?post=631243"}],"version-history":[{"count":5,"href":"https:\/\/innovalia-metrology.com\/de\/wp-json\/wp\/v2\/pages\/631243\/revisions"}],"predecessor-version":[{"id":634467,"href":"https:\/\/innovalia-metrology.com\/de\/wp-json\/wp\/v2\/pages\/631243\/revisions\/634467"}],"up":[{"embeddable":true,"href":"https:\/\/innovalia-metrology.com\/de\/wp-json\/wp\/v2\/pages\/631198"}],"wp:featuredmedia":[{"embeddable":true,"href":"https:\/\/innovalia-metrology.com\/de\/wp-json\/wp\/v2\/media\/81904"}],"wp:attachment":[{"href":"https:\/\/innovalia-metrology.com\/de\/wp-json\/wp\/v2\/media?parent=631243"}],"curies":[{"name":"wp","href":"https:\/\/api.w.org\/{rel}","templated":true}]}}