{"id":631251,"date":"2023-02-01T16:59:25","date_gmt":"2023-02-01T15:59:25","guid":{"rendered":"https:\/\/innovalia-metrology.cbtpruebas.es\/metrology-produkte\/zubehoer\/befestigungssysteme\/fixture-kits\/inno-fix-kit-c\/"},"modified":"2023-03-02T10:19:43","modified_gmt":"2023-03-02T09:19:43","slug":"inno-fix-kit-c","status":"publish","type":"page","link":"https:\/\/innovalia-metrology.com\/de\/metrology-produkte\/zubehoer\/befestigungssysteme\/fixture-kits\/inno-fix-kit-c\/","title":{"rendered":"INNO-FIX KIT C"},"content":{"rendered":"<p>[et_pb_section fb_built=&#8220;1&#8243; _builder_version=&#8220;4.19.5&#8243; _module_preset=&#8220;default&#8220; background_color=&#8220;#f7f7f7&#8243; custom_margin=&#8220;1em||1em||true|false&#8220; custom_padding=&#8220;0px||0px|1em|true|false&#8220; da_disable_devices=&#8220;off|off|off&#8220; global_colors_info=&#8220;{}&#8220; theme_builder_area=&#8220;post_content&#8220; da_is_popup=&#8220;off&#8220; da_exit_intent=&#8220;off&#8220; da_has_close=&#8220;on&#8220; da_alt_close=&#8220;off&#8220; da_dark_close=&#8220;off&#8220; da_not_modal=&#8220;on&#8220; da_is_singular=&#8220;off&#8220; da_with_loader=&#8220;off&#8220; da_has_shadow=&#8220;on&#8220;][et_pb_row _builder_version=&#8220;4.19.4&#8243; _module_preset=&#8220;default&#8220; width=&#8220;100%&#8220; global_colors_info=&#8220;{}&#8220; theme_builder_area=&#8220;post_content&#8220;][et_pb_column type=&#8220;4_4&#8243; _builder_version=&#8220;4.19.4&#8243; _module_preset=&#8220;default&#8220; global_colors_info=&#8220;{}&#8220; theme_builder_area=&#8220;post_content&#8220;][et_pb_text _builder_version=&#8220;4.19.5&#8243; _module_preset=&#8220;default&#8220; locked=&#8220;off&#8220; global_colors_info=&#8220;{}&#8220; theme_builder_area=&#8220;post_content&#8220;]<\/p>\n<h3>INNO-FIX KIT C<\/h3>\n<p>[\/et_pb_text][\/et_pb_column][\/et_pb_row][et_pb_row column_structure=&#8220;2_5,3_5&#8243; use_custom_gutter=&#8220;on&#8220; gutter_width=&#8220;1&#8243; _builder_version=&#8220;4.19.5&#8243; _module_preset=&#8220;default&#8220; width=&#8220;100%&#8220; locked=&#8220;off&#8220; global_colors_info=&#8220;{}&#8220; theme_builder_area=&#8220;post_content&#8220;][et_pb_column type=&#8220;2_5&#8243; _builder_version=&#8220;4.19.5&#8243; _module_preset=&#8220;default&#8220; global_colors_info=&#8220;{}&#8220; theme_builder_area=&#8220;post_content&#8220;][et_pb_image src=&#8220;https:\/\/innovalia-metrology.com\/wp-content\/uploads\/2023\/02\/Inno-Fix-kit-C.webp&#8220; alt=&#8220;INNO-FIX KIT M&#8220; title_text=&#8220;Inno-Fix kit C&#8220; _builder_version=&#8220;4.19.5&#8243; _module_preset=&#8220;default&#8220; custom_padding=&#8220;|1em|||false|false&#8220; global_colors_info=&#8220;{}&#8220; theme_builder_area=&#8220;post_content&#8220;][\/et_pb_image][et_pb_text _builder_version=&#8220;4.19.5&#8243; _module_preset=&#8220;default&#8220; custom_padding=&#8220;|1em|||false|false&#8220; global_colors_info=&#8220;{}&#8220; theme_builder_area=&#8220;post_content&#8220;]<\/p>\n<p>Das INNO-FIX KIT M Fixierungssystem ist f\u00fcr kleine und mittelgro\u00dfe Teile konzipiert. Es umfasst eine modulare Grundplatte, Magnete und eine gro\u00dfe Auswahl an sehr vielseitigen Elementen. Es eignet sich perfekt f\u00fcr individuelle Befestigungen mit gro\u00dfer Flexibilit\u00e4t f\u00fcr Metall- und Kunststoffteile. Das INNO-FIX KIT M erleichtert die Montage, beschleunigt den Austausch von Teilen und kann wiederverwendet werden. Die Komponenten sind mit der gesamten INNO-FIX Produktpalette kompatibel.<\/p>\n<p>[\/et_pb_text][\/et_pb_column][et_pb_column type=&#8220;3_5&#8243; _builder_version=&#8220;4.19.4&#8243; _module_preset=&#8220;default&#8220; global_colors_info=&#8220;{}&#8220; theme_builder_area=&#8220;post_content&#8220;][et_pb_gallery gallery_ids=&#8220;116953,116963,116969,116975,116981,116987,116993,117000,117013,117025,117036,117047,117056,117067,117078,117089,117100,117111,117121,117127,117133,117142,117153,117164,117174,117187,117199,117210,117220,117232,117244,117256,117266,117278,117289,117299,117306,117317,117328,117340,117351,117362,117372,117384,117394,117406,117429,117440&#8243; posts_number=&#8220;16&#8243; orientation=&#8220;portrait&#8220; show_title_and_caption=&#8220;off&#8220; _builder_version=&#8220;4.19.5&#8243; _module_preset=&#8220;default&#8220; custom_css_gallery_item=&#8220;width: 25% !important;||margin: 0 !important;||display: block;||margin-left: auto;||margin-right: auto;||&#8220; border_width_all=&#8220;3px&#8220; border_color_all=&#8220;#f7f7f7&#8243; global_colors_info=&#8220;{}&#8220; theme_builder_area=&#8220;post_content&#8220;][\/et_pb_gallery][\/et_pb_column][\/et_pb_row][et_pb_row _builder_version=&#8220;4.19.5&#8243; _module_preset=&#8220;default&#8220; width=&#8220;100%&#8220; global_colors_info=&#8220;{}&#8220; theme_builder_area=&#8220;post_content&#8220;][et_pb_column type=&#8220;4_4&#8243; _builder_version=&#8220;4.19.5&#8243; _module_preset=&#8220;default&#8220; global_colors_info=&#8220;{}&#8220; theme_builder_area=&#8220;post_content&#8220;][et_pb_text _builder_version=&#8220;4.19.5&#8243; _module_preset=&#8220;default&#8220; global_colors_info=&#8220;{}&#8220; theme_builder_area=&#8220;post_content&#8220;]<\/p>\n<h3>Wie funktioniert das?<\/h3>\n<p>[\/et_pb_text][et_pb_video src_webm=&#8220;https:\/\/innovalia-metrology.com\/wp-content\/uploads\/2020\/09\/forjado1-v3.mp4&#8243; _builder_version=&#8220;4.19.5&#8243; _module_preset=&#8220;default&#8220; global_colors_info=&#8220;{}&#8220; theme_builder_area=&#8220;post_content&#8220;][\/et_pb_video][et_pb_code _builder_version=&#8220;4.19.5&#8243; _module_preset=&#8220;default&#8220; global_colors_info=&#8220;{}&#8220; theme_builder_area=&#8220;post_content&#8220;]\n<div class=\"wpcf7 no-js\" id=\"wpcf7-f8997-o1\" lang=\"en-US\" dir=\"ltr\" data-wpcf7-id=\"8997\">\n<div class=\"screen-reader-response\"><p role=\"status\" aria-live=\"polite\" aria-atomic=\"true\"><\/p> <ul><\/ul><\/div>\n<form action=\"\/de\/wp-json\/wp\/v2\/pages\/631251#wpcf7-f8997-o1\" method=\"post\" class=\"wpcf7-form init\" aria-label=\"Contact form\" novalidate=\"novalidate\" data-status=\"init\">\n<fieldset class=\"hidden-fields-container\"><input type=\"hidden\" name=\"_wpcf7\" value=\"8997\" \/><input type=\"hidden\" name=\"_wpcf7_version\" value=\"6.1.5\" \/><input type=\"hidden\" name=\"_wpcf7_locale\" value=\"en_US\" \/><input type=\"hidden\" name=\"_wpcf7_unit_tag\" value=\"wpcf7-f8997-o1\" \/><input type=\"hidden\" name=\"_wpcf7_container_post\" value=\"0\" \/><input type=\"hidden\" name=\"_wpcf7_posted_data_hash\" value=\"\" \/><input type=\"hidden\" name=\"_wpcf7cf_hidden_group_fields\" value=\"[]\" \/><input type=\"hidden\" name=\"_wpcf7cf_hidden_groups\" value=\"[]\" \/><input type=\"hidden\" name=\"_wpcf7cf_visible_groups\" value=\"[]\" \/><input type=\"hidden\" name=\"_wpcf7cf_repeaters\" value=\"[]\" \/><input type=\"hidden\" name=\"_wpcf7cf_steps\" value=\"{}\" \/><input type=\"hidden\" name=\"_wpcf7cf_options\" value=\"{&quot;form_id&quot;:8997,&quot;conditions&quot;:[],&quot;settings&quot;:{&quot;animation&quot;:&quot;yes&quot;,&quot;animation_intime&quot;:200,&quot;animation_outtime&quot;:200,&quot;conditions_ui&quot;:&quot;normal&quot;,&quot;notice_dismissed&quot;:false,&quot;notice_dismissed_update-cf7-5.4&quot;:true,&quot;notice_dismissed_rollback-cf7-5.4.1&quot;:true}}\" \/><input type=\"hidden\" name=\"_wpcf7dtx_version\" value=\"5.0.5\" \/><input type=\"hidden\" name=\"_wpcf7_recaptcha_response\" value=\"\" \/>\n<\/fieldset>\n<p><label><\/label>\n<\/p>\n<h4>Brosch\u00fcre anforden:\n<\/h4>\n<p><label><span class=\"wpcf7-form-control-wrap\" data-name=\"name-560\"><input size=\"40\" maxlength=\"400\" class=\"wpcf7-form-control wpcf7-text wpcf7-validates-as-required\" aria-required=\"true\" aria-invalid=\"false\" placeholder=\"Name*\" value=\"\" type=\"text\" name=\"name-560\" \/><\/span><\/label><br \/>\n<label><span class=\"wpcf7-form-control-wrap\" data-name=\"empresa-560\"><input size=\"40\" maxlength=\"400\" class=\"wpcf7-form-control wpcf7-text wpcf7-validates-as-required\" aria-required=\"true\" aria-invalid=\"false\" placeholder=\"Company*\" value=\"\" type=\"text\" name=\"empresa-560\" \/><\/span><\/label><br \/>\n<label><span class=\"wpcf7-form-control-wrap\" data-name=\"your-email\"><input size=\"40\" maxlength=\"400\" class=\"wpcf7-form-control wpcf7-email wpcf7-validates-as-required wpcf7-text wpcf7-validates-as-email\" aria-required=\"true\" aria-invalid=\"false\" placeholder=\"Email*\" value=\"\" type=\"email\" name=\"your-email\" \/><\/span><\/label><br \/>\n<span class=\"wpcf7-form-control-wrap title\" data-name=\"title\"><input type=\"hidden\" name=\"title\" class=\"wpcf7-form-control wpcf7-hidden wpcf7dtx wpcf7dtx-hidden\" aria-invalid=\"false\" value=\"INNO-FIX KIT C\"><\/span><br \/>\n<input class=\"wpcf7-form-control wpcf7-submit has-spinner button\" id=\"btn_pedir-de\" type=\"submit\" value=\"Mehr\" \/>\n<\/p><p style=\"display: none !important;\" class=\"akismet-fields-container\" data-prefix=\"_wpcf7_ak_\"><label>&#916;<textarea name=\"_wpcf7_ak_hp_textarea\" cols=\"45\" rows=\"8\" maxlength=\"100\"><\/textarea><\/label><input type=\"hidden\" id=\"ak_js_1\" name=\"_wpcf7_ak_js\" value=\"160\"\/><script>document.getElementById( \"ak_js_1\" ).setAttribute( \"value\", ( new Date() ).getTime() );<\/script><\/p><div class=\"wpcf7-response-output\" aria-hidden=\"true\"><\/div>\n<\/form>\n<\/div>\n[\/et_pb_code][\/et_pb_column][\/et_pb_row][\/et_pb_section]<\/p>\n","protected":false},"excerpt":{"rendered":"<p>INNO-FIX KIT CDas INNO-FIX KIT M Fixierungssystem ist f\u00fcr kleine und mittelgro\u00dfe Teile konzipiert. Es umfasst eine modulare Grundplatte, Magnete und eine gro\u00dfe Auswahl an sehr vielseitigen Elementen. Es eignet sich perfekt f\u00fcr individuelle Befestigungen mit gro\u00dfer Flexibilit\u00e4t f\u00fcr Metall- und Kunststoffteile. Das INNO-FIX KIT M erleichtert die Montage, beschleunigt den Austausch von Teilen und [&hellip;]<\/p>\n","protected":false},"author":85986,"featured_media":0,"parent":631244,"menu_order":0,"comment_status":"closed","ping_status":"closed","template":"","meta":{"_acf_changed":false,"_et_pb_use_builder":"on","_et_pb_old_content":"","_et_gb_content_width":"","footnotes":""},"class_list":["post-631251","page","type-page","status-publish","hentry"],"acf":[],"yoast_head":"<title>INNO-FIX KIT C | INNOVALIA METROLOGY | INDUSTRIAL METROLOGY SOLUTIONS<\/title>\n<meta name=\"robots\" content=\"index, follow, max-snippet:-1, max-image-preview:large, max-video-preview:-1\" \/>\n<link rel=\"canonical\" href=\"https:\/\/innovalia-metrology.com\/de\/metrology-produkte\/zubehoer\/befestigungssysteme\/fixture-kits\/inno-fix-kit-c\/\" \/>\n<meta property=\"og:locale\" content=\"de_DE\" \/>\n<meta property=\"og:type\" content=\"article\" \/>\n<meta property=\"og:title\" content=\"INNO-FIX KIT C | INNOVALIA METROLOGY | INDUSTRIAL METROLOGY SOLUTIONS\" \/>\n<meta property=\"og:description\" content=\"INNO-FIX KIT CDas INNO-FIX KIT M Fixierungssystem ist f\u00fcr kleine und mittelgro\u00dfe Teile konzipiert. Es umfasst eine modulare Grundplatte, Magnete und eine gro\u00dfe Auswahl an sehr vielseitigen Elementen. Es eignet sich perfekt f\u00fcr individuelle Befestigungen mit gro\u00dfer Flexibilit\u00e4t f\u00fcr Metall- und Kunststoffteile. Das INNO-FIX KIT M erleichtert die Montage, beschleunigt den Austausch von Teilen und [&hellip;]\" \/>\n<meta property=\"og:url\" content=\"https:\/\/innovalia-metrology.com\/de\/metrology-produkte\/zubehoer\/befestigungssysteme\/fixture-kits\/inno-fix-kit-c\/\" \/>\n<meta property=\"og:site_name\" content=\"INNOVALIA METROLOGY | INDUSTRIAL METROLOGY SOLUTIONS\" \/>\n<meta property=\"article:modified_time\" content=\"2023-03-02T09:19:43+00:00\" \/>\n<meta property=\"og:image\" content=\"https:\/\/innovalia-metrology.com\/wp-content\/uploads\/2025\/10\/logo-innovalia-metrology.png\" \/>\n\t<meta property=\"og:image:width\" content=\"1200\" \/>\n\t<meta property=\"og:image:height\" content=\"675\" \/>\n\t<meta property=\"og:image:type\" content=\"image\/png\" \/>\n<meta name=\"twitter:label1\" content=\"Gesch\u00e4tzte Lesezeit\" \/>\n\t<meta name=\"twitter:data1\" content=\"3 Minuten\" \/>\n<script type=\"application\/ld+json\" class=\"yoast-schema-graph\">{\"@context\":\"https:\/\/schema.org\",\"@graph\":[{\"@type\":\"WebPage\",\"@id\":\"https:\/\/innovalia-metrology.com\/de\/metrology-produkte\/zubehoer\/befestigungssysteme\/fixture-kits\/inno-fix-kit-c\/\",\"url\":\"https:\/\/innovalia-metrology.com\/de\/metrology-produkte\/zubehoer\/befestigungssysteme\/fixture-kits\/inno-fix-kit-c\/\",\"name\":\"INNO-FIX KIT C | INNOVALIA METROLOGY | INDUSTRIAL METROLOGY SOLUTIONS\",\"isPartOf\":{\"@id\":\"https:\/\/innovalia-metrology.com\/de\/#website\"},\"datePublished\":\"2023-02-01T15:59:25+00:00\",\"dateModified\":\"2023-03-02T09:19:43+00:00\",\"breadcrumb\":{\"@id\":\"https:\/\/innovalia-metrology.com\/de\/metrology-produkte\/zubehoer\/befestigungssysteme\/fixture-kits\/inno-fix-kit-c\/#breadcrumb\"},\"inLanguage\":\"de-DE\",\"potentialAction\":[{\"@type\":\"ReadAction\",\"target\":[\"https:\/\/innovalia-metrology.com\/de\/metrology-produkte\/zubehoer\/befestigungssysteme\/fixture-kits\/inno-fix-kit-c\/\"]}]},{\"@type\":\"BreadcrumbList\",\"@id\":\"https:\/\/innovalia-metrology.com\/de\/metrology-produkte\/zubehoer\/befestigungssysteme\/fixture-kits\/inno-fix-kit-c\/#breadcrumb\",\"itemListElement\":[{\"@type\":\"ListItem\",\"position\":1,\"name\":\"Home\",\"item\":\"https:\/\/innovalia-metrology.com\/de\/\"},{\"@type\":\"ListItem\",\"position\":2,\"name\":\"Produkte\",\"item\":\"https:\/\/innovalia-metrology.com\/de\/metrology-produkte\/\"},{\"@type\":\"ListItem\",\"position\":3,\"name\":\"Zubeh\u00f6r\",\"item\":\"https:\/\/innovalia-metrology.com\/de\/metrology-produkte\/zubehoer\/\"},{\"@type\":\"ListItem\",\"position\":4,\"name\":\"Befestigungssysteme\",\"item\":\"https:\/\/innovalia-metrology.com\/de\/metrology-produkte\/zubehoer\/befestigungssysteme\/\"},{\"@type\":\"ListItem\",\"position\":5,\"name\":\"Fixture Kits\",\"item\":\"https:\/\/innovalia-metrology.com\/de\/metrology-produkte\/zubehoer\/befestigungssysteme\/fixture-kits\/\"},{\"@type\":\"ListItem\",\"position\":6,\"name\":\"INNO-FIX KIT C\"}]},{\"@type\":\"WebSite\",\"@id\":\"https:\/\/innovalia-metrology.com\/de\/#website\",\"url\":\"https:\/\/innovalia-metrology.com\/de\/\",\"name\":\"INNOVALIA METROLOGY\",\"description\":\"METROLOGY SOLUTIONS\",\"publisher\":{\"@id\":\"https:\/\/innovalia-metrology.com\/de\/#organization\"},\"potentialAction\":[{\"@type\":\"SearchAction\",\"target\":{\"@type\":\"EntryPoint\",\"urlTemplate\":\"https:\/\/innovalia-metrology.com\/de\/?s={search_term_string}\"},\"query-input\":{\"@type\":\"PropertyValueSpecification\",\"valueRequired\":true,\"valueName\":\"search_term_string\"}}],\"inLanguage\":\"de-DE\"},{\"@type\":\"Organization\",\"@id\":\"https:\/\/innovalia-metrology.com\/de\/#organization\",\"name\":\"INNOVALIA METROLOGY\",\"url\":\"https:\/\/innovalia-metrology.com\/de\/\",\"logo\":{\"@type\":\"ImageObject\",\"inLanguage\":\"de-DE\",\"@id\":\"https:\/\/innovalia-metrology.com\/de\/#\/schema\/logo\/image\/\",\"url\":\"https:\/\/innovalia-metrology.com\/wp-content\/uploads\/2025\/10\/Diseno-sin-titulo-36.png\",\"contentUrl\":\"https:\/\/innovalia-metrology.com\/wp-content\/uploads\/2025\/10\/Diseno-sin-titulo-36.png\",\"width\":300,\"height\":250,\"caption\":\"INNOVALIA METROLOGY\"},\"image\":{\"@id\":\"https:\/\/innovalia-metrology.com\/de\/#\/schema\/logo\/image\/\"},\"sameAs\":[\"https:\/\/x.com\/IMetrology_ES\",\"https:\/\/www.linkedin.com\/company\/innovalia-metrology\",\"https:\/\/www.youtube.com\/channel\/UCV7L_atMrcg6DUslHYeDaYQ\"]}]}<\/script>","yoast_head_json":{"title":"INNO-FIX KIT C | INNOVALIA METROLOGY | INDUSTRIAL METROLOGY SOLUTIONS","robots":{"index":"index","follow":"follow","max-snippet":"max-snippet:-1","max-image-preview":"max-image-preview:large","max-video-preview":"max-video-preview:-1"},"canonical":"https:\/\/innovalia-metrology.com\/de\/metrology-produkte\/zubehoer\/befestigungssysteme\/fixture-kits\/inno-fix-kit-c\/","og_locale":"de_DE","og_type":"article","og_title":"INNO-FIX KIT C | INNOVALIA METROLOGY | INDUSTRIAL METROLOGY SOLUTIONS","og_description":"INNO-FIX KIT CDas INNO-FIX KIT M Fixierungssystem ist f\u00fcr kleine und mittelgro\u00dfe Teile konzipiert. Es umfasst eine modulare Grundplatte, Magnete und eine gro\u00dfe Auswahl an sehr vielseitigen Elementen. Es eignet sich perfekt f\u00fcr individuelle Befestigungen mit gro\u00dfer Flexibilit\u00e4t f\u00fcr Metall- und Kunststoffteile. Das INNO-FIX KIT M erleichtert die Montage, beschleunigt den Austausch von Teilen und [&hellip;]","og_url":"https:\/\/innovalia-metrology.com\/de\/metrology-produkte\/zubehoer\/befestigungssysteme\/fixture-kits\/inno-fix-kit-c\/","og_site_name":"INNOVALIA METROLOGY | INDUSTRIAL METROLOGY SOLUTIONS","article_modified_time":"2023-03-02T09:19:43+00:00","og_image":[{"width":1200,"height":675,"url":"https:\/\/innovalia-metrology.com\/wp-content\/uploads\/2025\/10\/logo-innovalia-metrology.png","type":"image\/png"}],"twitter_misc":{"Gesch\u00e4tzte Lesezeit":"3 Minuten"},"schema":{"@context":"https:\/\/schema.org","@graph":[{"@type":"WebPage","@id":"https:\/\/innovalia-metrology.com\/de\/metrology-produkte\/zubehoer\/befestigungssysteme\/fixture-kits\/inno-fix-kit-c\/","url":"https:\/\/innovalia-metrology.com\/de\/metrology-produkte\/zubehoer\/befestigungssysteme\/fixture-kits\/inno-fix-kit-c\/","name":"INNO-FIX KIT C | INNOVALIA METROLOGY | INDUSTRIAL METROLOGY SOLUTIONS","isPartOf":{"@id":"https:\/\/innovalia-metrology.com\/de\/#website"},"datePublished":"2023-02-01T15:59:25+00:00","dateModified":"2023-03-02T09:19:43+00:00","breadcrumb":{"@id":"https:\/\/innovalia-metrology.com\/de\/metrology-produkte\/zubehoer\/befestigungssysteme\/fixture-kits\/inno-fix-kit-c\/#breadcrumb"},"inLanguage":"de-DE","potentialAction":[{"@type":"ReadAction","target":["https:\/\/innovalia-metrology.com\/de\/metrology-produkte\/zubehoer\/befestigungssysteme\/fixture-kits\/inno-fix-kit-c\/"]}]},{"@type":"BreadcrumbList","@id":"https:\/\/innovalia-metrology.com\/de\/metrology-produkte\/zubehoer\/befestigungssysteme\/fixture-kits\/inno-fix-kit-c\/#breadcrumb","itemListElement":[{"@type":"ListItem","position":1,"name":"Home","item":"https:\/\/innovalia-metrology.com\/de\/"},{"@type":"ListItem","position":2,"name":"Produkte","item":"https:\/\/innovalia-metrology.com\/de\/metrology-produkte\/"},{"@type":"ListItem","position":3,"name":"Zubeh\u00f6r","item":"https:\/\/innovalia-metrology.com\/de\/metrology-produkte\/zubehoer\/"},{"@type":"ListItem","position":4,"name":"Befestigungssysteme","item":"https:\/\/innovalia-metrology.com\/de\/metrology-produkte\/zubehoer\/befestigungssysteme\/"},{"@type":"ListItem","position":5,"name":"Fixture Kits","item":"https:\/\/innovalia-metrology.com\/de\/metrology-produkte\/zubehoer\/befestigungssysteme\/fixture-kits\/"},{"@type":"ListItem","position":6,"name":"INNO-FIX KIT C"}]},{"@type":"WebSite","@id":"https:\/\/innovalia-metrology.com\/de\/#website","url":"https:\/\/innovalia-metrology.com\/de\/","name":"INNOVALIA METROLOGY","description":"METROLOGY SOLUTIONS","publisher":{"@id":"https:\/\/innovalia-metrology.com\/de\/#organization"},"potentialAction":[{"@type":"SearchAction","target":{"@type":"EntryPoint","urlTemplate":"https:\/\/innovalia-metrology.com\/de\/?s={search_term_string}"},"query-input":{"@type":"PropertyValueSpecification","valueRequired":true,"valueName":"search_term_string"}}],"inLanguage":"de-DE"},{"@type":"Organization","@id":"https:\/\/innovalia-metrology.com\/de\/#organization","name":"INNOVALIA METROLOGY","url":"https:\/\/innovalia-metrology.com\/de\/","logo":{"@type":"ImageObject","inLanguage":"de-DE","@id":"https:\/\/innovalia-metrology.com\/de\/#\/schema\/logo\/image\/","url":"https:\/\/innovalia-metrology.com\/wp-content\/uploads\/2025\/10\/Diseno-sin-titulo-36.png","contentUrl":"https:\/\/innovalia-metrology.com\/wp-content\/uploads\/2025\/10\/Diseno-sin-titulo-36.png","width":300,"height":250,"caption":"INNOVALIA METROLOGY"},"image":{"@id":"https:\/\/innovalia-metrology.com\/de\/#\/schema\/logo\/image\/"},"sameAs":["https:\/\/x.com\/IMetrology_ES","https:\/\/www.linkedin.com\/company\/innovalia-metrology","https:\/\/www.youtube.com\/channel\/UCV7L_atMrcg6DUslHYeDaYQ"]}]}},"_links":{"self":[{"href":"https:\/\/innovalia-metrology.com\/de\/wp-json\/wp\/v2\/pages\/631251","targetHints":{"allow":["GET"]}}],"collection":[{"href":"https:\/\/innovalia-metrology.com\/de\/wp-json\/wp\/v2\/pages"}],"about":[{"href":"https:\/\/innovalia-metrology.com\/de\/wp-json\/wp\/v2\/types\/page"}],"author":[{"embeddable":true,"href":"https:\/\/innovalia-metrology.com\/de\/wp-json\/wp\/v2\/users\/85986"}],"replies":[{"embeddable":true,"href":"https:\/\/innovalia-metrology.com\/de\/wp-json\/wp\/v2\/comments?post=631251"}],"version-history":[{"count":2,"href":"https:\/\/innovalia-metrology.com\/de\/wp-json\/wp\/v2\/pages\/631251\/revisions"}],"predecessor-version":[{"id":631290,"href":"https:\/\/innovalia-metrology.com\/de\/wp-json\/wp\/v2\/pages\/631251\/revisions\/631290"}],"up":[{"embeddable":true,"href":"https:\/\/innovalia-metrology.com\/de\/wp-json\/wp\/v2\/pages\/631244"}],"wp:attachment":[{"href":"https:\/\/innovalia-metrology.com\/de\/wp-json\/wp\/v2\/media?parent=631251"}],"curies":[{"name":"wp","href":"https:\/\/api.w.org\/{rel}","templated":true}]}}