{"id":628073,"date":"2013-12-13T15:26:22","date_gmt":"2013-12-13T14:26:22","guid":{"rendered":"https:\/\/innovalia-metrology.cbtpruebas.es\/metrology-products\/"},"modified":"2025-11-28T16:53:58","modified_gmt":"2025-11-28T15:53:58","slug":"productos-metrology","status":"publish","type":"page","link":"https:\/\/innovalia-metrology.com\/es\/productos-metrology\/","title":{"rendered":"Soluciones de metrolog\u00eda dimensional industrial"},"content":{"rendered":"<p>[et_pb_section fb_built=\u00bb1&#8243; _builder_version=\u00bb4.19.4&#8243; _module_preset=\u00bbdefault\u00bb background_color=\u00bb#f7f7f7&#8243; width=\u00bb100%\u00bb custom_padding=\u00bb5px|||||\u00bb da_disable_devices=\u00bboff|off|off\u00bb global_colors_info=\u00bb{}\u00bb da_is_popup=\u00bboff\u00bb da_exit_intent=\u00bboff\u00bb da_has_close=\u00bbon\u00bb da_alt_close=\u00bboff\u00bb da_dark_close=\u00bboff\u00bb da_not_modal=\u00bbon\u00bb da_is_singular=\u00bboff\u00bb da_with_loader=\u00bboff\u00bb da_has_shadow=\u00bbon\u00bb][et_pb_row _builder_version=\u00bb4.19.4&#8243; background_size=\u00bbinitial\u00bb background_position=\u00bbtop_left\u00bb background_repeat=\u00bbrepeat\u00bb width=\u00bb100%\u00bb custom_padding=\u00bb||0px||false|false\u00bb locked=\u00bboff\u00bb global_colors_info=\u00bb{}\u00bb][et_pb_column type=\u00bb4_4&#8243; _builder_version=\u00bb4.16&#8243; custom_padding=\u00bb|||\u00bb global_colors_info=\u00bb{}\u00bb custom_padding__hover=\u00bb|||\u00bb][et_pb_text _builder_version=\u00bb4.16&#8243; header_3_font_size=\u00bb25px\u00bb background_size=\u00bbinitial\u00bb background_position=\u00bbtop_left\u00bb background_repeat=\u00bbrepeat\u00bb custom_margin=\u00bb||2px|||\u00bb global_colors_info=\u00bb{}\u00bb]<\/p>\n<div class=\"g1-layout-inner\">\n<div id=\"g1-content-area\">\n<div id=\"primary\">\n<div id=\"content\" role=\"main\">\n<article id=\"post-4229\" class=\"post-4229 page type-page status-publish g1_relation_tag-productos g1-complete\">\n<div class=\"entry-content\">\n<h3>Descubre nuestros productos para la gesti\u00f3n de calidad<br \/><a id=\"g1-button-6\" class=\"g1-button g1-button--small g1-button--solid g1-button--standard \" href=\"https:\/\/www.innovalia-metrology.com\/metrology-products\/m3-hybrid\/\"><\/a><\/h3>\n<\/div>\n<footer class=\"entry-meta\"><\/footer>\n<\/article>\n<\/div>\n<\/div>\n<\/div>\n<\/div>\n<p>[\/et_pb_text][et_pb_divider color=\u00bb#e2e2e2&#8243; divider_position=\u00bbcenter\u00bb divider_weight=\u00bb1px\u00bb _builder_version=\u00bb4.16&#8243; _module_preset=\u00bbdefault\u00bb custom_margin=\u00bb||25px||false|false\u00bb custom_css_main_element=\u00bbheight:2px;\u00bb border_color_all=\u00bb#000000&#8243; border_color_top=\u00bb#a0a0a0&#8243; border_color_bottom=\u00bb#dbdbdb\u00bb border_width_left=\u00bb35px\u00bb border_color_left=\u00bb#DC1100&#8243; global_colors_info=\u00bb{}\u00bb][\/et_pb_divider][\/et_pb_column][\/et_pb_row][et_pb_row column_structure=\u00bb1_2,1_2&#8243; use_custom_gutter=\u00bbon\u00bb gutter_width=\u00bb1&#8243; _builder_version=\u00bb4.19.4&#8243; _module_preset=\u00bbdefault\u00bb width=\u00bb100%\u00bb global_colors_info=\u00bb{}\u00bb][et_pb_column type=\u00bb1_2&#8243; _builder_version=\u00bb4.16&#8243; _module_preset=\u00bbdefault\u00bb global_colors_info=\u00bb{}\u00bb][et_pb_cta button_url=\u00bb@ET-DC@eyJkeW5hbWljIjp0cnVlLCJjb250ZW50IjoicG9zdF9saW5rX3VybF9wYWdlIiwic2V0dGluZ3MiOnsicG9zdF9pZCI6IjYyMDUifX0=@\u00bb button_text=\u00bbVer m\u00e1s\u00bb _builder_version=\u00bb4.19.5&#8243; _dynamic_attributes=\u00bbbutton_url,link_option_url\u00bb _module_preset=\u00bbdefault\u00bb header_level=\u00bbh3&#8243; header_text_align=\u00bbleft\u00bb header_text_color=\u00bb#000000&#8243; background_color=\u00bbRGBA(0,0,0,0)\u00bb button_alignment=\u00bbleft\u00bb background_layout=\u00bblight\u00bb custom_padding=\u00bb0px|||||\u00bb link_option_url=\u00bb@ET-DC@eyJkeW5hbWljIjp0cnVlLCJjb250ZW50IjoicG9zdF9saW5rX3VybF9wYWdlIiwic2V0dGluZ3MiOnsicG9zdF9pZCI6IjYyMDUifX0=@\u00bb custom_css_promo_button=\u00bbmargin-top:-20px;\u00bb global_colors_info=\u00bb{}\u00bb]<\/p>\n<p><span class=\"g1-decorator\"><img decoding=\"async\" width=\"482\" height=\"271\" src=\"https:\/\/www.innovalia-metrology.com\/wp-content\/uploads\/2013\/03\/m3portable-cmm1-482x271.png\" class=\"attachment-g1_one_half size-g1_one_half wp-post-image\" alt=\"m3portable-cmm\" loading=\"lazy\" srcset=\"https:\/\/www.innovalia-metrology.com\/wp-content\/uploads\/2013\/03\/m3portable-cmm1-482x271.png 482w, https:\/\/www.innovalia-metrology.com\/wp-content\/uploads\/2013\/03\/m3portable-cmm1-320x180.png 320w, https:\/\/www.innovalia-metrology.com\/wp-content\/uploads\/2013\/03\/m3portable-cmm1-239x134.png 239w\" sizes=\"(max-width: 482px) 100vw, 482px\" \/><\/span><\/p>\n<p><span class=\"g1-decorator\"><\/span><\/p>\n<h3 style=\"text-align: left;\"><span class=\"g1-decorator\">Sistemas MMC<\/span><\/h3>\n<p>[\/et_pb_cta][et_pb_cta button_url=\u00bb@ET-DC@eyJkeW5hbWljIjp0cnVlLCJjb250ZW50IjoicG9zdF9saW5rX3VybF9wYWdlIiwic2V0dGluZ3MiOnsicG9zdF9pZCI6IjQyNTMifX0=@\u00bb button_text=\u00bbVer m\u00e1s\u00bb _builder_version=\u00bb4.19.5&#8243; _dynamic_attributes=\u00bbbutton_url,link_option_url\u00bb _module_preset=\u00bbdefault\u00bb header_level=\u00bbh3&#8243; header_text_align=\u00bbleft\u00bb header_text_color=\u00bb#000000&#8243; background_color=\u00bbRGBA(0,0,0,0)\u00bb button_alignment=\u00bbleft\u00bb background_layout=\u00bblight\u00bb custom_padding=\u00bb0px|||||\u00bb link_option_url=\u00bb@ET-DC@eyJkeW5hbWljIjp0cnVlLCJjb250ZW50IjoicG9zdF9saW5rX3VybF9wYWdlIiwic2V0dGluZ3MiOnsicG9zdF9pZCI6IjQyNTMifX0=@\u00bb custom_css_promo_button=\u00bbmargin-top:-20px;\u00bb global_colors_info=\u00bb{}\u00bb]<\/p>\n<figure class=\"entry-featured-media g1-on--mouse\"><span class=\"g1-decorator\"><img loading=\"lazy\" decoding=\"async\" class=\"attachment-g1_one_half size-g1_one_half wp-post-image\" src=\"https:\/\/www.innovalia-metrology.com\/wp-content\/uploads\/2013\/03\/artefactoss-sin-contacto-maquinas-cmm-482x271.jpg\" sizes=\"(max-width: 482px) 100vw, 482px\" srcset=\"https:\/\/www.innovalia-metrology.com\/wp-content\/uploads\/2013\/03\/artefactoss-sin-contacto-maquinas-cmm-482x271.jpg 482w, https:\/\/www.innovalia-metrology.com\/wp-content\/uploads\/2013\/03\/artefactoss-sin-contacto-maquinas-cmm-320x180.jpg 320w, https:\/\/www.innovalia-metrology.com\/wp-content\/uploads\/2013\/03\/artefactoss-sin-contacto-maquinas-cmm-239x134.jpg 239w\" alt=\"artefactos-sin-contacto-maquinas-cmm\" width=\"482\" height=\"271\" \/><\/span><\/figure>\n<h3 style=\"text-align: left;\">Accessorios<\/h3>\n<p>[\/et_pb_cta][et_pb_cta button_url=\u00bb@ET-DC@eyJkeW5hbWljIjp0cnVlLCJjb250ZW50IjoicG9zdF9saW5rX3VybF9wYWdlIiwic2V0dGluZ3MiOnsicG9zdF9pZCI6IjIwMzExIn19@\u00bb button_text=\u00bbVer m\u00e1s\u00bb _builder_version=\u00bb4.19.5&#8243; _dynamic_attributes=\u00bbbutton_url,link_option_url\u00bb _module_preset=\u00bbdefault\u00bb header_level=\u00bbh3&#8243; header_text_align=\u00bbleft\u00bb header_text_color=\u00bb#000000&#8243; background_color=\u00bbRGBA(0,0,0,0)\u00bb button_alignment=\u00bbleft\u00bb background_layout=\u00bblight\u00bb custom_padding=\u00bb0px|||||\u00bb link_option_url=\u00bb@ET-DC@eyJkeW5hbWljIjp0cnVlLCJjb250ZW50IjoicG9zdF9saW5rX3VybF9wYWdlIiwic2V0dGluZ3MiOnsicG9zdF9pZCI6IjIwMzExIn19@\u00bb custom_css_promo_button=\u00bbmargin-top:-20px;\u00bb global_colors_info=\u00bb{}\u00bb]<\/p>\n<figure class=\"entry-featured-media g1-on--mouse\"><span class=\"g1-decorator\"><img decoding=\"async\" width=\"482\" height=\"271\" src=\"https:\/\/www.innovalia-metrology.com\/wp-content\/uploads\/2017\/05\/500X-350-482x271.jpg\" class=\"attachment-g1_one_half size-g1_one_half wp-post-image\" alt=\"\" loading=\"lazy\" srcset=\"https:\/\/www.innovalia-metrology.com\/wp-content\/uploads\/2017\/05\/500X-350-482x271.jpg 482w, https:\/\/www.innovalia-metrology.com\/wp-content\/uploads\/2017\/05\/500X-350-320x180.jpg 320w, https:\/\/www.innovalia-metrology.com\/wp-content\/uploads\/2017\/05\/500X-350-239x134.jpg 239w\" sizes=\"(max-width: 482px) 100vw, 482px\" \/><\/span><\/figure>\n<p><a href=\"https:\/\/www.innovalia-metrology.com\/metrology-products\/cmms-systems\/\" id=\"g1-frame-1\" class=\"g1-frame g1-frame--none g1-frame--inherit g1-frame--center \"><span class=\"g1-decorator\"><\/span><\/a><\/p>\n<p><span class=\"g1-decorator\"><\/span><\/p>\n<h3 style=\"text-align: left;\">M3 MH: Software de medici\u00f3n en m\u00e1quina herramienta<\/h3>\n<p>[\/et_pb_cta][\/et_pb_column][et_pb_column type=\u00bb1_2&#8243; _builder_version=\u00bb4.16&#8243; _module_preset=\u00bbdefault\u00bb global_colors_info=\u00bb{}\u00bb][et_pb_cta button_url=\u00bb@ET-DC@eyJkeW5hbWljIjp0cnVlLCJjb250ZW50IjoicG9zdF9saW5rX3VybF9wYWdlIiwic2V0dGluZ3MiOnsicG9zdF9pZCI6IjQyNTAifX0=@\u00bb button_text=\u00bbVer m\u00e1s\u00bb _builder_version=\u00bb4.19.5&#8243; _dynamic_attributes=\u00bbbutton_url,link_option_url\u00bb _module_preset=\u00bbdefault\u00bb header_level=\u00bbh3&#8243; header_text_align=\u00bbleft\u00bb header_text_color=\u00bb#000000&#8243; background_color=\u00bbRGBA(0,0,0,0)\u00bb button_alignment=\u00bbleft\u00bb background_layout=\u00bblight\u00bb custom_padding=\u00bb0px|||||\u00bb link_option_url=\u00bb@ET-DC@eyJkeW5hbWljIjp0cnVlLCJjb250ZW50IjoicG9zdF9saW5rX3VybF9wYWdlIiwic2V0dGluZ3MiOnsicG9zdF9pZCI6IjQyNTAifX0=@\u00bb custom_css_promo_button=\u00bbmargin-top:-20px;\u00bb global_colors_info=\u00bb{}\u00bb]<\/p>\n<p><a href=\"https:\/\/www.innovalia-metrology.com\/metrology-products\/cmms-systems\/\" id=\"g1-frame-1\" class=\"g1-frame g1-frame--none g1-frame--inherit g1-frame--center \"><span class=\"g1-decorator\"><\/span><\/a><img decoding=\"async\" width=\"482\" height=\"271\" src=\"https:\/\/www.innovalia-metrology.com\/wp-content\/uploads\/2013\/03\/sensor-optico-optiscan-482x271.jpg\" class=\"attachment-g1_one_half size-g1_one_half wp-post-image\" alt=\"sensor-optico-optiscan\" loading=\"lazy\" srcset=\"https:\/\/www.innovalia-metrology.com\/wp-content\/uploads\/2013\/03\/sensor-optico-optiscan-482x271.jpg 482w, https:\/\/www.innovalia-metrology.com\/wp-content\/uploads\/2013\/03\/sensor-optico-optiscan-320x180.jpg 320w, https:\/\/www.innovalia-metrology.com\/wp-content\/uploads\/2013\/03\/sensor-optico-optiscan-239x134.jpg 239w\" sizes=\"(max-width: 482px) 100vw, 482px\" \/><\/p>\n<p><span class=\"g1-decorator\"><\/span><\/p>\n<h3 style=\"text-align: left;\">Sensores \u00f3pticos<\/h3>\n<p>[\/et_pb_cta][et_pb_cta button_url=\u00bb@ET-DC@eyJkeW5hbWljIjp0cnVlLCJjb250ZW50IjoicG9zdF9saW5rX3VybF9wYWdlIiwic2V0dGluZ3MiOnsicG9zdF9pZCI6IjQyNjcifX0=@\u00bb button_text=\u00bbVer m\u00e1s\u00bb _builder_version=\u00bb4.19.5&#8243; _dynamic_attributes=\u00bbbutton_url,link_option_url\u00bb _module_preset=\u00bbdefault\u00bb header_level=\u00bbh3&#8243; header_text_align=\u00bbleft\u00bb header_text_color=\u00bb#000000&#8243; background_color=\u00bbRGBA(0,0,0,0)\u00bb button_alignment=\u00bbleft\u00bb background_layout=\u00bblight\u00bb custom_padding=\u00bb0px|||||\u00bb link_option_url=\u00bb@ET-DC@eyJkeW5hbWljIjp0cnVlLCJjb250ZW50IjoicG9zdF9saW5rX3VybF9wYWdlIiwic2V0dGluZ3MiOnsicG9zdF9pZCI6IjQyNjcifX0=@\u00bb custom_css_promo_button=\u00bbmargin-top:-20px;\u00bb global_colors_info=\u00bb{}\u00bb]<\/p>\n<figure class=\"entry-featured-media g1-on--mouse\"><span class=\"g1-decorator\"><img decoding=\"async\" width=\"482\" height=\"271\" src=\"https:\/\/www.innovalia-metrology.com\/wp-content\/uploads\/2013\/03\/software-m3-482x271.jpg\" class=\"attachment-g1_one_half size-g1_one_half wp-post-image\" alt=\"software-m3\" loading=\"lazy\" srcset=\"https:\/\/www.innovalia-metrology.com\/wp-content\/uploads\/2013\/03\/software-m3-482x271.jpg 482w, https:\/\/www.innovalia-metrology.com\/wp-content\/uploads\/2013\/03\/software-m3-320x180.jpg 320w, https:\/\/www.innovalia-metrology.com\/wp-content\/uploads\/2013\/03\/software-m3-239x134.jpg 239w\" sizes=\"(max-width: 482px) 100vw, 482px\" \/><\/span><\/figure>\n<p><span class=\"g1-decorator\"><\/span><\/p>\n<h3 style=\"text-align: left;\">M3<\/h3>\n<p>[\/et_pb_cta][et_pb_cta button_url=\u00bb@ET-DC@eyJkeW5hbWljIjp0cnVlLCJjb250ZW50IjoicG9zdF9saW5rX3VybF9wYWdlIiwic2V0dGluZ3MiOnsicG9zdF9pZCI6Ijc3MjAifX0=@\u00bb button_text=\u00bbVer m\u00e1s\u00bb _builder_version=\u00bb4.19.5&#8243; _dynamic_attributes=\u00bblink_option_url,button_url\u00bb _module_preset=\u00bbdefault\u00bb header_level=\u00bbh3&#8243; header_text_align=\u00bbleft\u00bb header_text_color=\u00bb#000000&#8243; background_color=\u00bbRGBA(0,0,0,0)\u00bb button_alignment=\u00bbleft\u00bb background_layout=\u00bblight\u00bb custom_padding=\u00bb0px|||||\u00bb link_option_url=\u00bb@ET-DC@eyJkeW5hbWljIjp0cnVlLCJjb250ZW50IjoicG9zdF9saW5rX3VybF9wYWdlIiwic2V0dGluZ3MiOnsicG9zdF9pZCI6Ijc3MjAifX0=@\u00bb custom_css_promo_button=\u00bbmargin-top:-20px;\u00bb global_colors_info=\u00bb{}\u00bb]<\/p>\n<div class=\"g1-layout-inner\">\n<div id=\"g1-content-area\">\n<div id=\"primary\">\n<div id=\"content\" role=\"main\">\n<article id=\"post-4229\" class=\"post-4229 page type-page status-publish g1_relation_tag-productos g1-complete\">\n<div class=\"entry-content\">\n<div>\n<div id=\"g1-custom-posts-shortcode-1\" class=\"g1-collection-custom_pages g1-custom-posts-shortcode g1-shortcode \">\n<div class=\"g1-collection g1-collection--grid g1-collection--one-half g1-collection--simple g1-effect-none\">\n<article id=\"post-7720\" class=\"post-7720 page type-page status-publish has-post-thumbnail g1-brief\">\n<figure class=\"entry-featured-media g1-on--mouse\"><span class=\"g1-decorator\"><img decoding=\"async\" width=\"458\" height=\"271\" src=\"https:\/\/www.innovalia-metrology.com\/wp-content\/uploads\/2018\/03\/Innovalia2-4-458x271.jpg\" class=\"attachment-g1_one_half size-g1_one_half wp-post-image\" alt=\"\" loading=\"lazy\" \/><\/span><\/figure>\n<div class=\"g1-nonmedia\">\n<div class=\"g1-01\"><\/div>\n<\/div>\n<\/article>\n<\/div>\n<\/div>\n<\/div>\n<\/div>\n<footer class=\"entry-meta\"><\/footer>\n<\/article>\n<\/div>\n<\/div>\n<\/div>\n<\/div>\n<p><a href=\"https:\/\/www.innovalia-metrology.com\/metrology-products\/cmms-systems\/\" id=\"g1-frame-1\" class=\"g1-frame g1-frame--none g1-frame--inherit g1-frame--center \"><span class=\"g1-decorator\"><\/span><\/a><\/p>\n<p><span class=\"g1-decorator\"><\/span><\/p>\n<h3 style=\"text-align: left;\">M3 Hybrid<\/h3>\n<p>[\/et_pb_cta][\/et_pb_column][\/et_pb_row][\/et_pb_section]<\/p>\n","protected":false},"excerpt":{"rendered":"<p>Descubre nuestros productos para la gesti\u00f3n de calidad Sistemas MMC Accessorios M3 MH: Software de medici\u00f3n en m\u00e1quina herramienta Sensores \u00f3pticos M3 M3 Hybrid<\/p>\n","protected":false},"author":85986,"featured_media":0,"parent":0,"menu_order":0,"comment_status":"closed","ping_status":"closed","template":"","meta":{"_acf_changed":false,"_et_pb_use_builder":"on","_et_pb_old_content":"<h3>Innovalia metrology products<\/h3>\r\n[divider style=\"none\"]\r\n\r\n[\/divider]\r\n<div>[custom_pages template=\"one_half\" effect=\"none\" hide=\"author,summary\" entry_ids=\"6205, 4250, 4253, 4267, 9487, 7720\"][\/custom_pages]<\/div>","_et_gb_content_width":"","footnotes":""},"class_list":["post-628073","page","type-page","status-publish","hentry"],"acf":[],"yoast_head":"<title>Soluciones de metrolog\u00eda dimensional industrial<\/title>\n<meta name=\"description\" content=\"Productos de metrolog\u00eda para la gesti\u00f3n de la calidad industrial: M\u00e1quinas de medici\u00f3n por coordenadas, software metrol\u00f3gico y mucho m\u00e1s.\" \/>\n<meta name=\"robots\" content=\"index, follow, max-snippet:-1, max-image-preview:large, max-video-preview:-1\" \/>\n<link rel=\"canonical\" href=\"https:\/\/innovalia-metrology.com\/es\/productos-metrology\/\" \/>\n<meta property=\"og:locale\" content=\"es_ES\" \/>\n<meta property=\"og:type\" content=\"article\" \/>\n<meta property=\"og:title\" content=\"Soluciones de metrolog\u00eda dimensional industrial\" \/>\n<meta property=\"og:description\" content=\"Productos de metrolog\u00eda para la gesti\u00f3n de la calidad industrial: M\u00e1quinas de medici\u00f3n por coordenadas, software metrol\u00f3gico y mucho m\u00e1s.\" \/>\n<meta property=\"og:url\" content=\"https:\/\/innovalia-metrology.com\/es\/productos-metrology\/\" \/>\n<meta property=\"og:site_name\" content=\"INNOVALIA METROLOGY | INDUSTRIAL METROLOGY SOLUTIONS\" \/>\n<meta property=\"article:modified_time\" content=\"2025-11-28T15:53:58+00:00\" \/>\n<meta property=\"og:image\" content=\"https:\/\/www.innovalia-metrology.com\/wp-content\/uploads\/2013\/03\/m3portable-cmm1-482x271.png\" \/>\n<meta name=\"twitter:label1\" content=\"Tiempo de lectura\" \/>\n\t<meta name=\"twitter:data1\" content=\"2 minutos\" \/>\n<script type=\"application\/ld+json\" class=\"yoast-schema-graph\">{\"@context\":\"https:\/\/schema.org\",\"@graph\":[{\"@type\":\"WebPage\",\"@id\":\"https:\/\/innovalia-metrology.com\/es\/productos-metrology\/\",\"url\":\"https:\/\/innovalia-metrology.com\/es\/productos-metrology\/\",\"name\":\"Soluciones de metrolog\u00eda dimensional industrial\",\"isPartOf\":{\"@id\":\"https:\/\/innovalia-metrology.com\/es\/#website\"},\"primaryImageOfPage\":{\"@id\":\"https:\/\/innovalia-metrology.com\/es\/productos-metrology\/#primaryimage\"},\"image\":{\"@id\":\"https:\/\/innovalia-metrology.com\/es\/productos-metrology\/#primaryimage\"},\"thumbnailUrl\":\"https:\/\/www.innovalia-metrology.com\/wp-content\/uploads\/2013\/03\/m3portable-cmm1-482x271.png\",\"datePublished\":\"2013-12-13T14:26:22+00:00\",\"dateModified\":\"2025-11-28T15:53:58+00:00\",\"description\":\"Productos de metrolog\u00eda para la gesti\u00f3n de la calidad industrial: M\u00e1quinas de medici\u00f3n por coordenadas, software metrol\u00f3gico y mucho m\u00e1s.\",\"breadcrumb\":{\"@id\":\"https:\/\/innovalia-metrology.com\/es\/productos-metrology\/#breadcrumb\"},\"inLanguage\":\"es\",\"potentialAction\":[{\"@type\":\"ReadAction\",\"target\":[\"https:\/\/innovalia-metrology.com\/es\/productos-metrology\/\"]}]},{\"@type\":\"ImageObject\",\"inLanguage\":\"es\",\"@id\":\"https:\/\/innovalia-metrology.com\/es\/productos-metrology\/#primaryimage\",\"url\":\"https:\/\/www.innovalia-metrology.com\/wp-content\/uploads\/2013\/03\/m3portable-cmm1-482x271.png\",\"contentUrl\":\"https:\/\/www.innovalia-metrology.com\/wp-content\/uploads\/2013\/03\/m3portable-cmm1-482x271.png\"},{\"@type\":\"BreadcrumbList\",\"@id\":\"https:\/\/innovalia-metrology.com\/es\/productos-metrology\/#breadcrumb\",\"itemListElement\":[{\"@type\":\"ListItem\",\"position\":1,\"name\":\"Home\",\"item\":\"https:\/\/innovalia-metrology.com\/es\/\"},{\"@type\":\"ListItem\",\"position\":2,\"name\":\"Soluciones de metrolog\u00eda dimensional industrial\"}]},{\"@type\":\"WebSite\",\"@id\":\"https:\/\/innovalia-metrology.com\/es\/#website\",\"url\":\"https:\/\/innovalia-metrology.com\/es\/\",\"name\":\"INNOVALIA METROLOGY\",\"description\":\"METROLOGY SOLUTIONS\",\"publisher\":{\"@id\":\"https:\/\/innovalia-metrology.com\/es\/#organization\"},\"potentialAction\":[{\"@type\":\"SearchAction\",\"target\":{\"@type\":\"EntryPoint\",\"urlTemplate\":\"https:\/\/innovalia-metrology.com\/es\/?s={search_term_string}\"},\"query-input\":{\"@type\":\"PropertyValueSpecification\",\"valueRequired\":true,\"valueName\":\"search_term_string\"}}],\"inLanguage\":\"es\"},{\"@type\":\"Organization\",\"@id\":\"https:\/\/innovalia-metrology.com\/es\/#organization\",\"name\":\"INNOVALIA METROLOGY\",\"url\":\"https:\/\/innovalia-metrology.com\/es\/\",\"logo\":{\"@type\":\"ImageObject\",\"inLanguage\":\"es\",\"@id\":\"https:\/\/innovalia-metrology.com\/es\/#\/schema\/logo\/image\/\",\"url\":\"https:\/\/innovalia-metrology.com\/wp-content\/uploads\/2025\/10\/Diseno-sin-titulo-36.png\",\"contentUrl\":\"https:\/\/innovalia-metrology.com\/wp-content\/uploads\/2025\/10\/Diseno-sin-titulo-36.png\",\"width\":300,\"height\":250,\"caption\":\"INNOVALIA METROLOGY\"},\"image\":{\"@id\":\"https:\/\/innovalia-metrology.com\/es\/#\/schema\/logo\/image\/\"},\"sameAs\":[\"https:\/\/x.com\/IMetrology_ES\",\"https:\/\/www.linkedin.com\/company\/innovalia-metrology\",\"https:\/\/www.youtube.com\/channel\/UCV7L_atMrcg6DUslHYeDaYQ\"]}]}<\/script>","yoast_head_json":{"title":"Soluciones de metrolog\u00eda dimensional industrial","description":"Productos de metrolog\u00eda para la gesti\u00f3n de la calidad industrial: M\u00e1quinas de medici\u00f3n por coordenadas, software metrol\u00f3gico y mucho m\u00e1s.","robots":{"index":"index","follow":"follow","max-snippet":"max-snippet:-1","max-image-preview":"max-image-preview:large","max-video-preview":"max-video-preview:-1"},"canonical":"https:\/\/innovalia-metrology.com\/es\/productos-metrology\/","og_locale":"es_ES","og_type":"article","og_title":"Soluciones de metrolog\u00eda dimensional industrial","og_description":"Productos de metrolog\u00eda para la gesti\u00f3n de la calidad industrial: M\u00e1quinas de medici\u00f3n por coordenadas, software metrol\u00f3gico y mucho m\u00e1s.","og_url":"https:\/\/innovalia-metrology.com\/es\/productos-metrology\/","og_site_name":"INNOVALIA METROLOGY | INDUSTRIAL METROLOGY SOLUTIONS","article_modified_time":"2025-11-28T15:53:58+00:00","og_image":[{"url":"https:\/\/www.innovalia-metrology.com\/wp-content\/uploads\/2013\/03\/m3portable-cmm1-482x271.png","type":"","width":"","height":""}],"twitter_misc":{"Tiempo de lectura":"2 minutos"},"schema":{"@context":"https:\/\/schema.org","@graph":[{"@type":"WebPage","@id":"https:\/\/innovalia-metrology.com\/es\/productos-metrology\/","url":"https:\/\/innovalia-metrology.com\/es\/productos-metrology\/","name":"Soluciones de metrolog\u00eda dimensional industrial","isPartOf":{"@id":"https:\/\/innovalia-metrology.com\/es\/#website"},"primaryImageOfPage":{"@id":"https:\/\/innovalia-metrology.com\/es\/productos-metrology\/#primaryimage"},"image":{"@id":"https:\/\/innovalia-metrology.com\/es\/productos-metrology\/#primaryimage"},"thumbnailUrl":"https:\/\/www.innovalia-metrology.com\/wp-content\/uploads\/2013\/03\/m3portable-cmm1-482x271.png","datePublished":"2013-12-13T14:26:22+00:00","dateModified":"2025-11-28T15:53:58+00:00","description":"Productos de metrolog\u00eda para la gesti\u00f3n de la calidad industrial: M\u00e1quinas de medici\u00f3n por coordenadas, software metrol\u00f3gico y mucho m\u00e1s.","breadcrumb":{"@id":"https:\/\/innovalia-metrology.com\/es\/productos-metrology\/#breadcrumb"},"inLanguage":"es","potentialAction":[{"@type":"ReadAction","target":["https:\/\/innovalia-metrology.com\/es\/productos-metrology\/"]}]},{"@type":"ImageObject","inLanguage":"es","@id":"https:\/\/innovalia-metrology.com\/es\/productos-metrology\/#primaryimage","url":"https:\/\/www.innovalia-metrology.com\/wp-content\/uploads\/2013\/03\/m3portable-cmm1-482x271.png","contentUrl":"https:\/\/www.innovalia-metrology.com\/wp-content\/uploads\/2013\/03\/m3portable-cmm1-482x271.png"},{"@type":"BreadcrumbList","@id":"https:\/\/innovalia-metrology.com\/es\/productos-metrology\/#breadcrumb","itemListElement":[{"@type":"ListItem","position":1,"name":"Home","item":"https:\/\/innovalia-metrology.com\/es\/"},{"@type":"ListItem","position":2,"name":"Soluciones de metrolog\u00eda dimensional industrial"}]},{"@type":"WebSite","@id":"https:\/\/innovalia-metrology.com\/es\/#website","url":"https:\/\/innovalia-metrology.com\/es\/","name":"INNOVALIA METROLOGY","description":"METROLOGY SOLUTIONS","publisher":{"@id":"https:\/\/innovalia-metrology.com\/es\/#organization"},"potentialAction":[{"@type":"SearchAction","target":{"@type":"EntryPoint","urlTemplate":"https:\/\/innovalia-metrology.com\/es\/?s={search_term_string}"},"query-input":{"@type":"PropertyValueSpecification","valueRequired":true,"valueName":"search_term_string"}}],"inLanguage":"es"},{"@type":"Organization","@id":"https:\/\/innovalia-metrology.com\/es\/#organization","name":"INNOVALIA METROLOGY","url":"https:\/\/innovalia-metrology.com\/es\/","logo":{"@type":"ImageObject","inLanguage":"es","@id":"https:\/\/innovalia-metrology.com\/es\/#\/schema\/logo\/image\/","url":"https:\/\/innovalia-metrology.com\/wp-content\/uploads\/2025\/10\/Diseno-sin-titulo-36.png","contentUrl":"https:\/\/innovalia-metrology.com\/wp-content\/uploads\/2025\/10\/Diseno-sin-titulo-36.png","width":300,"height":250,"caption":"INNOVALIA METROLOGY"},"image":{"@id":"https:\/\/innovalia-metrology.com\/es\/#\/schema\/logo\/image\/"},"sameAs":["https:\/\/x.com\/IMetrology_ES","https:\/\/www.linkedin.com\/company\/innovalia-metrology","https:\/\/www.youtube.com\/channel\/UCV7L_atMrcg6DUslHYeDaYQ"]}]}},"_links":{"self":[{"href":"https:\/\/innovalia-metrology.com\/es\/wp-json\/wp\/v2\/pages\/628073","targetHints":{"allow":["GET"]}}],"collection":[{"href":"https:\/\/innovalia-metrology.com\/es\/wp-json\/wp\/v2\/pages"}],"about":[{"href":"https:\/\/innovalia-metrology.com\/es\/wp-json\/wp\/v2\/types\/page"}],"author":[{"embeddable":true,"href":"https:\/\/innovalia-metrology.com\/es\/wp-json\/wp\/v2\/users\/85986"}],"replies":[{"embeddable":true,"href":"https:\/\/innovalia-metrology.com\/es\/wp-json\/wp\/v2\/comments?post=628073"}],"version-history":[{"count":12,"href":"https:\/\/innovalia-metrology.com\/es\/wp-json\/wp\/v2\/pages\/628073\/revisions"}],"predecessor-version":[{"id":693590,"href":"https:\/\/innovalia-metrology.com\/es\/wp-json\/wp\/v2\/pages\/628073\/revisions\/693590"}],"wp:attachment":[{"href":"https:\/\/innovalia-metrology.com\/es\/wp-json\/wp\/v2\/media?parent=628073"}],"curies":[{"name":"wp","href":"https:\/\/api.w.org\/{rel}","templated":true}]}}