{"id":628078,"date":"2016-08-02T11:53:47","date_gmt":"2016-08-02T09:53:47","guid":{"rendered":"https:\/\/innovalia-metrology.cbtpruebas.es\/metrology-products\/cmms-systems\/"},"modified":"2025-11-28T16:55:29","modified_gmt":"2025-11-28T15:55:29","slug":"sistemas-mmc","status":"publish","type":"page","link":"https:\/\/innovalia-metrology.com\/es\/productos-metrology\/sistemas-mmc\/","title":{"rendered":"Sistemas de medici\u00f3n por coordenadas (MMC)"},"content":{"rendered":"<p>[et_pb_section fb_built=\u00bb1&#8243; _builder_version=\u00bb4.19.4&#8243; _module_preset=\u00bbdefault\u00bb background_color=\u00bbRGBA(255,255,255,0)\u00bb custom_padding=\u00bb0px|||||\u00bb da_disable_devices=\u00bboff|off|off\u00bb global_colors_info=\u00bb{}\u00bb da_is_popup=\u00bboff\u00bb da_exit_intent=\u00bboff\u00bb da_has_close=\u00bbon\u00bb da_alt_close=\u00bboff\u00bb da_dark_close=\u00bboff\u00bb da_not_modal=\u00bbon\u00bb da_is_singular=\u00bboff\u00bb da_with_loader=\u00bboff\u00bb da_has_shadow=\u00bbon\u00bb][et_pb_row column_structure=\u00bb1_2,1_2&#8243; use_custom_gutter=\u00bbon\u00bb gutter_width=\u00bb1&#8243; _builder_version=\u00bb4.19.4&#8243; _module_preset=\u00bbdefault\u00bb width=\u00bb100%\u00bb custom_padding=\u00bb|||0px||\u00bb locked=\u00bboff\u00bb global_colors_info=\u00bb{}\u00bb][et_pb_column type=\u00bb1_2&#8243; _builder_version=\u00bb4.16&#8243; _module_preset=\u00bbdefault\u00bb global_colors_info=\u00bb{}\u00bb][et_pb_cta button_url=\u00bb@ET-DC@eyJkeW5hbWljIjp0cnVlLCJjb250ZW50IjoicG9zdF9saW5rX3VybF9wYWdlIiwic2V0dGluZ3MiOnsicG9zdF9pZCI6IjQyMzcifX0=@\u00bb button_text=\u00bbVer m\u00e1s\u00bb _builder_version=\u00bb4.19.5&#8243; _dynamic_attributes=\u00bbbutton_url\u00bb _module_preset=\u00bbdefault\u00bb header_level=\u00bbh3&#8243; header_text_align=\u00bbleft\u00bb header_text_color=\u00bb#000000&#8243; background_color=\u00bbRGBA(0,0,0,0)\u00bb button_alignment=\u00bbleft\u00bb background_layout=\u00bblight\u00bb custom_padding=\u00bb0px|30px||25px||\u00bb custom_css_promo_button=\u00bbmargin-top:-20px;\u00bb global_colors_info=\u00bb{}\u00bb]<\/p>\n<figure class=\"entry-featured-media g1-on--mouse\">\n<div id=\"g1-content-area\">\n<div id=\"primary\">\n<div id=\"content\" role=\"main\">\n<article id=\"post-6205\" class=\"post-6205 page type-page status-publish has-post-thumbnail g1-complete\">\n<div class=\"entry-content\">\n<div id=\"g1-custom-posts-shortcode-1\" class=\"g1-collection-custom_pages g1-custom-posts-shortcode g1-shortcode mover\">\n<div class=\"g1-collection g1-collection--grid g1-collection--one-half g1-collection--simple g1-effect-none\">\n<article id=\"post-4237\" class=\"post-4237 page type-page status-publish has-post-thumbnail g1_relation_tag-cmms g1-brief\">\n<figure class=\"entry-featured-media g1-on--mouse\"><span class=\"g1-decorator\"><img decoding=\"async\" width=\"482\" height=\"271\" src=\"https:\/\/www.innovalia-metrology.com\/wp-content\/uploads\/2013\/03\/m3portable-cmm1-482x271.png\" class=\"attachment-g1_one_half size-g1_one_half wp-post-image\" alt=\"m3portable-cmm\" loading=\"lazy\" srcset=\"https:\/\/www.innovalia-metrology.com\/wp-content\/uploads\/2013\/03\/m3portable-cmm1-482x271.png 482w, https:\/\/www.innovalia-metrology.com\/wp-content\/uploads\/2013\/03\/m3portable-cmm1-320x180.png 320w, https:\/\/www.innovalia-metrology.com\/wp-content\/uploads\/2013\/03\/m3portable-cmm1-239x134.png 239w\" sizes=\"(max-width: 482px) 100vw, 482px\" \/><\/span><\/figure>\n<\/article>\n<\/div>\n<\/div>\n<\/div>\n<\/article>\n<\/div>\n<\/div>\n<\/div>\n<\/figure>\n<div class=\"g1-nonmedia\">\n<div class=\"g1-inner\">\n<header class=\"entry-header\">\n<h3><a href=\"https:\/\/www.innovalia-metrology.com\/metrology-products\/cmms-systems\/\" id=\"g1-frame-1\" class=\"g1-frame g1-frame--none g1-frame--inherit g1-frame--center \" style=\"font-size: 16px;\"><span class=\"g1-decorator\"><\/span><\/a><\/h3>\n<\/header>\n<\/div>\n<\/div>\n<h3 style=\"text-align: left;\">Sistemas port\u00e1tiles<\/h3>\n<p>[\/et_pb_cta][et_pb_cta button_url=\u00bb@ET-DC@eyJkeW5hbWljIjp0cnVlLCJjb250ZW50IjoicG9zdF9saW5rX3VybF9wYWdlIiwic2V0dGluZ3MiOnsicG9zdF9pZCI6IjQyNDQifX0=@\u00bb button_text=\u00bbVer m\u00e1s\u00bb _builder_version=\u00bb4.19.5&#8243; _dynamic_attributes=\u00bbbutton_url\u00bb _module_preset=\u00bbdefault\u00bb header_level=\u00bbh3&#8243; header_text_align=\u00bbleft\u00bb header_text_color=\u00bb#000000&#8243; background_color=\u00bbRGBA(0,0,0,0)\u00bb button_alignment=\u00bbleft\u00bb background_layout=\u00bblight\u00bb custom_padding=\u00bb0px|30px||25px||\u00bb link_option_url=\u00bb\/metrology-products\/cmms-systems\/cmm-bridge-system\/\u00bb custom_css_promo_button=\u00bbmargin-top:-20px;\u00bb global_colors_info=\u00bb{}\u00bb]<\/p>\n<figure class=\"entry-featured-media g1-on--mouse\"><span class=\"g1-decorator\"><img decoding=\"async\" width=\"482\" height=\"271\" src=\"https:\/\/www.innovalia-metrology.com\/wp-content\/uploads\/2014\/04\/sistemas-puente-482x271.jpg\" class=\"attachment-g1_one_half size-g1_one_half wp-post-image\" alt=\"sistemas-puente cmm\" loading=\"lazy\" srcset=\"https:\/\/www.innovalia-metrology.com\/wp-content\/uploads\/2014\/04\/sistemas-puente-482x271.jpg 482w, https:\/\/www.innovalia-metrology.com\/wp-content\/uploads\/2014\/04\/sistemas-puente-300x168.jpg 300w, https:\/\/www.innovalia-metrology.com\/wp-content\/uploads\/2014\/04\/sistemas-puente-320x179.jpg 320w, https:\/\/www.innovalia-metrology.com\/wp-content\/uploads\/2014\/04\/sistemas-puente-239x134.jpg 239w, https:\/\/www.innovalia-metrology.com\/wp-content\/uploads\/2014\/04\/sistemas-puente.jpg 490w\" sizes=\"(max-width: 482px) 100vw, 482px\" \/><\/span><\/figure>\n<p><a href=\"https:\/\/www.innovalia-metrology.com\/metrology-products\/cmms-systems\/\" id=\"g1-frame-1\" class=\"g1-frame g1-frame--none g1-frame--inherit g1-frame--center \"><span class=\"g1-decorator\"><\/span><\/a><\/p>\n<p><span class=\"g1-decorator\"><\/span><\/p>\n<h3 style=\"text-align: left;\">Sistemas de puente<\/h3>\n<p>[\/et_pb_cta][\/et_pb_column][et_pb_column type=\u00bb1_2&#8243; _builder_version=\u00bb4.16&#8243; _module_preset=\u00bbdefault\u00bb global_colors_info=\u00bb{}\u00bb][et_pb_cta button_url=\u00bb@ET-DC@eyJkeW5hbWljIjp0cnVlLCJjb250ZW50IjoicG9zdF9saW5rX3VybF9wYWdlIiwic2V0dGluZ3MiOnsicG9zdF9pZCI6IjQyNDEifX0=@\u00bb button_text=\u00bbVer m\u00e1s\u00bb _builder_version=\u00bb4.19.5&#8243; _dynamic_attributes=\u00bbbutton_url\u00bb _module_preset=\u00bbdefault\u00bb header_level=\u00bbh3&#8243; header_text_align=\u00bbleft\u00bb header_text_color=\u00bb#000000&#8243; background_color=\u00bbRGBA(0,0,0,0)\u00bb button_alignment=\u00bbleft\u00bb background_layout=\u00bblight\u00bb custom_padding=\u00bb0px|30px||25px||\u00bb link_option_url=\u00bb\/metrology-products\/cmms-systems\/horizontal-arm\/\u00bb custom_css_promo_button=\u00bbmargin-top:-20px;\u00bb global_colors_info=\u00bb{}\u00bb]<\/p>\n<figure class=\"entry-featured-media\"><span class=\"g1-decorator\"><img decoding=\"async\" width=\"482\" height=\"271\" src=\"https:\/\/www.innovalia-metrology.com\/wp-content\/uploads\/2014\/04\/Sea_gallery_011-482x271.jpg\" class=\"attachment-g1_one_half size-g1_one_half wp-post-image\" alt=\"\" loading=\"lazy\" srcset=\"https:\/\/www.innovalia-metrology.com\/wp-content\/uploads\/2014\/04\/Sea_gallery_011-482x271.jpg 482w, https:\/\/www.innovalia-metrology.com\/wp-content\/uploads\/2014\/04\/Sea_gallery_011-320x180.jpg 320w, https:\/\/www.innovalia-metrology.com\/wp-content\/uploads\/2014\/04\/Sea_gallery_011-239x134.jpg 239w\" sizes=\"(max-width: 482px) 100vw, 482px\" \/><\/span><\/figure>\n<div class=\"g1-nonmedia\">\n<div class=\"g1-inner\">\n<header class=\"entry-header\"><\/header>\n<\/div>\n<\/div>\n<p><span class=\"g1-decorator\"><\/span><\/p>\n<h3 style=\"text-align: left;\"><\/h3>\n<h3 style=\"text-align: left;\">Sistemas de brazo<\/h3>\n<p>[\/et_pb_cta][et_pb_cta button_url=\u00bb@ET-DC@eyJkeW5hbWljIjp0cnVlLCJjb250ZW50IjoicG9zdF9saW5rX3VybF9wYWdlIiwic2V0dGluZ3MiOnsicG9zdF9pZCI6IjQyNDcifX0=@\u00bb button_text=\u00bbVer m\u00e1s\u00bb _builder_version=\u00bb4.19.5&#8243; _dynamic_attributes=\u00bbbutton_url\u00bb _module_preset=\u00bbdefault\u00bb header_level=\u00bbh3&#8243; header_text_align=\u00bbleft\u00bb header_text_color=\u00bb#000000&#8243; background_color=\u00bbRGBA(0,0,0,0)\u00bb button_alignment=\u00bbleft\u00bb background_layout=\u00bblight\u00bb width=\u00bb100%\u00bb custom_padding=\u00bb0px|30px||25px||\u00bb custom_css_promo_button=\u00bbmargin-top:-20px;\u00bb global_colors_info=\u00bb{}\u00bb]<\/p>\n<figure class=\"entry-featured-media g1-on--mouse\"><span class=\"g1-decorator\"><img loading=\"lazy\" decoding=\"async\" width=\"482\" class=\"attachment-g1_one_half size-g1_one_half wp-post-image\" src=\"https:\/\/www.innovalia-metrology.com\/wp-content\/uploads\/2014\/04\/gantry_landing_maquinas.png\" sizes=\"(max-width: 357px) 100vw, 357px\" srcset=\"https:\/\/www.innovalia-metrology.com\/wp-content\/uploads\/2014\/04\/gantry_landing_maquinas.png 357w, https:\/\/www.innovalia-metrology.com\/wp-content\/uploads\/2014\/04\/gantry_landing_maquinas-300x168.png 300w, https:\/\/www.innovalia-metrology.com\/wp-content\/uploads\/2014\/04\/gantry_landing_maquinas-320x180.png 320w, https:\/\/www.innovalia-metrology.com\/wp-content\/uploads\/2014\/04\/gantry_landing_maquinas-239x134.png 239w\" alt=\"\" height=\"201\" \/><\/span><\/figure>\n<h3 style=\"text-align: left;\"><\/h3>\n<h3 style=\"text-align: left;\">Sistemas Gantry<\/h3>\n<p>[\/et_pb_cta][\/et_pb_column][\/et_pb_row][\/et_pb_section]<\/p>\n","protected":false},"excerpt":{"rendered":"<p>Sistemas port\u00e1tiles Sistemas de puente Sistemas de brazo Sistemas Gantry<\/p>\n","protected":false},"author":85986,"featured_media":79735,"parent":628073,"menu_order":0,"comment_status":"closed","ping_status":"closed","template":"","meta":{"_acf_changed":false,"_et_pb_use_builder":"on","_et_pb_old_content":"<p>[et_pb_section fb_built=\"1\" admin_label=\"section\" _builder_version=\"3.22\"][et_pb_row admin_label=\"row\" _builder_version=\"3.25\" background_size=\"initial\" background_position=\"top_left\" background_repeat=\"repeat\"][et_pb_column type=\"4_4\" _builder_version=\"3.25\" custom_padding=\"|||\" custom_padding__hover=\"|||\"][et_pb_text admin_label=\"Text\" _builder_version=\"3.27.4\" background_size=\"initial\" background_position=\"top_left\" background_repeat=\"repeat\"]<\/p><p>[precontent]<\/p><p>[\/precontent]<\/p><p>[custom_pages class=\"mover\" template=\"one_half\" effect=\"none\" hide=\"autho<\/p><p><img class=\"aligncenter size-full wp-image-14299\" src=\"https:\/\/innovalia-metrology.com\/wp-content\/uploads\/2019\/12\/Banner_Metrology_Sale_Nov19_en.jpg\" alt=\"\" width=\"5833\" height=\"1250\" \/><\/p><p>r,summary\" entry_ids=\"4237, 4241, 4244, 4247\"]<\/p><p>[\/custom_pages]<\/p><p>[\/et_pb_text][\/et_pb_column][\/et_pb_row][\/et_pb_section]<\/p>","_et_gb_content_width":"","footnotes":""},"class_list":["post-628078","page","type-page","status-publish","has-post-thumbnail","hentry"],"acf":[],"yoast_head":"<title>Sistemas de medici\u00f3n por coordenadas (MMC)<\/title>\n<meta name=\"description\" content=\"Descubra la amplia gama de m\u00e1quinas de medici\u00f3n por coordenadas que cubren todas las posibles necesidades metrol\u00f3gicas de nuestros clientes.\" \/>\n<meta name=\"robots\" content=\"index, follow, max-snippet:-1, max-image-preview:large, max-video-preview:-1\" \/>\n<link rel=\"canonical\" href=\"https:\/\/innovalia-metrology.com\/es\/productos-metrology\/sistemas-mmc\/\" \/>\n<meta property=\"og:locale\" content=\"es_ES\" \/>\n<meta property=\"og:type\" content=\"article\" \/>\n<meta property=\"og:title\" content=\"Sistemas de medici\u00f3n por coordenadas (MMC)\" \/>\n<meta property=\"og:description\" content=\"Descubra la amplia gama de m\u00e1quinas de medici\u00f3n por coordenadas que cubren todas las posibles necesidades metrol\u00f3gicas de nuestros clientes.\" \/>\n<meta property=\"og:url\" content=\"https:\/\/innovalia-metrology.com\/es\/productos-metrology\/sistemas-mmc\/\" \/>\n<meta property=\"og:site_name\" content=\"INNOVALIA METROLOGY | INDUSTRIAL METROLOGY SOLUTIONS\" \/>\n<meta property=\"article:modified_time\" content=\"2025-11-28T15:55:29+00:00\" \/>\n<meta property=\"og:image\" content=\"https:\/\/innovalia-metrology.com\/wp-content\/uploads\/2013\/03\/m3portable-cmm1.png\" \/>\n\t<meta property=\"og:image:width\" content=\"500\" \/>\n\t<meta property=\"og:image:height\" content=\"380\" \/>\n\t<meta property=\"og:image:type\" content=\"image\/png\" \/>\n<meta name=\"twitter:label1\" content=\"Tiempo de lectura\" \/>\n\t<meta name=\"twitter:data1\" content=\"2 minutos\" \/>\n<script type=\"application\/ld+json\" class=\"yoast-schema-graph\">{\"@context\":\"https:\/\/schema.org\",\"@graph\":[{\"@type\":\"WebPage\",\"@id\":\"https:\/\/innovalia-metrology.com\/es\/productos-metrology\/sistemas-mmc\/\",\"url\":\"https:\/\/innovalia-metrology.com\/es\/productos-metrology\/sistemas-mmc\/\",\"name\":\"Sistemas de medici\u00f3n por coordenadas (MMC)\",\"isPartOf\":{\"@id\":\"https:\/\/innovalia-metrology.com\/es\/#website\"},\"primaryImageOfPage\":{\"@id\":\"https:\/\/innovalia-metrology.com\/es\/productos-metrology\/sistemas-mmc\/#primaryimage\"},\"image\":{\"@id\":\"https:\/\/innovalia-metrology.com\/es\/productos-metrology\/sistemas-mmc\/#primaryimage\"},\"thumbnailUrl\":\"https:\/\/innovalia-metrology.com\/wp-content\/uploads\/2013\/03\/m3portable-cmm1.png\",\"datePublished\":\"2016-08-02T09:53:47+00:00\",\"dateModified\":\"2025-11-28T15:55:29+00:00\",\"description\":\"Descubra la amplia gama de m\u00e1quinas de medici\u00f3n por coordenadas que cubren todas las posibles necesidades metrol\u00f3gicas de nuestros clientes.\",\"breadcrumb\":{\"@id\":\"https:\/\/innovalia-metrology.com\/es\/productos-metrology\/sistemas-mmc\/#breadcrumb\"},\"inLanguage\":\"es\",\"potentialAction\":[{\"@type\":\"ReadAction\",\"target\":[\"https:\/\/innovalia-metrology.com\/es\/productos-metrology\/sistemas-mmc\/\"]}]},{\"@type\":\"ImageObject\",\"inLanguage\":\"es\",\"@id\":\"https:\/\/innovalia-metrology.com\/es\/productos-metrology\/sistemas-mmc\/#primaryimage\",\"url\":\"https:\/\/innovalia-metrology.com\/wp-content\/uploads\/2013\/03\/m3portable-cmm1.png\",\"contentUrl\":\"https:\/\/innovalia-metrology.com\/wp-content\/uploads\/2013\/03\/m3portable-cmm1.png\",\"width\":500,\"height\":380},{\"@type\":\"BreadcrumbList\",\"@id\":\"https:\/\/innovalia-metrology.com\/es\/productos-metrology\/sistemas-mmc\/#breadcrumb\",\"itemListElement\":[{\"@type\":\"ListItem\",\"position\":1,\"name\":\"Home\",\"item\":\"https:\/\/innovalia-metrology.com\/es\/\"},{\"@type\":\"ListItem\",\"position\":2,\"name\":\"Soluciones de metrolog\u00eda dimensional industrial\",\"item\":\"https:\/\/innovalia-metrology.com\/es\/productos-metrology\/\"},{\"@type\":\"ListItem\",\"position\":3,\"name\":\"Sistemas de medici\u00f3n por coordenadas (MMC)\"}]},{\"@type\":\"WebSite\",\"@id\":\"https:\/\/innovalia-metrology.com\/es\/#website\",\"url\":\"https:\/\/innovalia-metrology.com\/es\/\",\"name\":\"INNOVALIA METROLOGY\",\"description\":\"METROLOGY SOLUTIONS\",\"publisher\":{\"@id\":\"https:\/\/innovalia-metrology.com\/es\/#organization\"},\"potentialAction\":[{\"@type\":\"SearchAction\",\"target\":{\"@type\":\"EntryPoint\",\"urlTemplate\":\"https:\/\/innovalia-metrology.com\/es\/?s={search_term_string}\"},\"query-input\":{\"@type\":\"PropertyValueSpecification\",\"valueRequired\":true,\"valueName\":\"search_term_string\"}}],\"inLanguage\":\"es\"},{\"@type\":\"Organization\",\"@id\":\"https:\/\/innovalia-metrology.com\/es\/#organization\",\"name\":\"INNOVALIA METROLOGY\",\"url\":\"https:\/\/innovalia-metrology.com\/es\/\",\"logo\":{\"@type\":\"ImageObject\",\"inLanguage\":\"es\",\"@id\":\"https:\/\/innovalia-metrology.com\/es\/#\/schema\/logo\/image\/\",\"url\":\"https:\/\/innovalia-metrology.com\/wp-content\/uploads\/2025\/10\/Diseno-sin-titulo-36.png\",\"contentUrl\":\"https:\/\/innovalia-metrology.com\/wp-content\/uploads\/2025\/10\/Diseno-sin-titulo-36.png\",\"width\":300,\"height\":250,\"caption\":\"INNOVALIA METROLOGY\"},\"image\":{\"@id\":\"https:\/\/innovalia-metrology.com\/es\/#\/schema\/logo\/image\/\"},\"sameAs\":[\"https:\/\/x.com\/IMetrology_ES\",\"https:\/\/www.linkedin.com\/company\/innovalia-metrology\",\"https:\/\/www.youtube.com\/channel\/UCV7L_atMrcg6DUslHYeDaYQ\"]}]}<\/script>","yoast_head_json":{"title":"Sistemas de medici\u00f3n por coordenadas (MMC)","description":"Descubra la amplia gama de m\u00e1quinas de medici\u00f3n por coordenadas que cubren todas las posibles necesidades metrol\u00f3gicas de nuestros clientes.","robots":{"index":"index","follow":"follow","max-snippet":"max-snippet:-1","max-image-preview":"max-image-preview:large","max-video-preview":"max-video-preview:-1"},"canonical":"https:\/\/innovalia-metrology.com\/es\/productos-metrology\/sistemas-mmc\/","og_locale":"es_ES","og_type":"article","og_title":"Sistemas de medici\u00f3n por coordenadas (MMC)","og_description":"Descubra la amplia gama de m\u00e1quinas de medici\u00f3n por coordenadas que cubren todas las posibles necesidades metrol\u00f3gicas de nuestros clientes.","og_url":"https:\/\/innovalia-metrology.com\/es\/productos-metrology\/sistemas-mmc\/","og_site_name":"INNOVALIA METROLOGY | INDUSTRIAL METROLOGY SOLUTIONS","article_modified_time":"2025-11-28T15:55:29+00:00","og_image":[{"width":500,"height":380,"url":"https:\/\/innovalia-metrology.com\/wp-content\/uploads\/2013\/03\/m3portable-cmm1.png","type":"image\/png"}],"twitter_misc":{"Tiempo de lectura":"2 minutos"},"schema":{"@context":"https:\/\/schema.org","@graph":[{"@type":"WebPage","@id":"https:\/\/innovalia-metrology.com\/es\/productos-metrology\/sistemas-mmc\/","url":"https:\/\/innovalia-metrology.com\/es\/productos-metrology\/sistemas-mmc\/","name":"Sistemas de medici\u00f3n por coordenadas (MMC)","isPartOf":{"@id":"https:\/\/innovalia-metrology.com\/es\/#website"},"primaryImageOfPage":{"@id":"https:\/\/innovalia-metrology.com\/es\/productos-metrology\/sistemas-mmc\/#primaryimage"},"image":{"@id":"https:\/\/innovalia-metrology.com\/es\/productos-metrology\/sistemas-mmc\/#primaryimage"},"thumbnailUrl":"https:\/\/innovalia-metrology.com\/wp-content\/uploads\/2013\/03\/m3portable-cmm1.png","datePublished":"2016-08-02T09:53:47+00:00","dateModified":"2025-11-28T15:55:29+00:00","description":"Descubra la amplia gama de m\u00e1quinas de medici\u00f3n por coordenadas que cubren todas las posibles necesidades metrol\u00f3gicas de nuestros clientes.","breadcrumb":{"@id":"https:\/\/innovalia-metrology.com\/es\/productos-metrology\/sistemas-mmc\/#breadcrumb"},"inLanguage":"es","potentialAction":[{"@type":"ReadAction","target":["https:\/\/innovalia-metrology.com\/es\/productos-metrology\/sistemas-mmc\/"]}]},{"@type":"ImageObject","inLanguage":"es","@id":"https:\/\/innovalia-metrology.com\/es\/productos-metrology\/sistemas-mmc\/#primaryimage","url":"https:\/\/innovalia-metrology.com\/wp-content\/uploads\/2013\/03\/m3portable-cmm1.png","contentUrl":"https:\/\/innovalia-metrology.com\/wp-content\/uploads\/2013\/03\/m3portable-cmm1.png","width":500,"height":380},{"@type":"BreadcrumbList","@id":"https:\/\/innovalia-metrology.com\/es\/productos-metrology\/sistemas-mmc\/#breadcrumb","itemListElement":[{"@type":"ListItem","position":1,"name":"Home","item":"https:\/\/innovalia-metrology.com\/es\/"},{"@type":"ListItem","position":2,"name":"Soluciones de metrolog\u00eda dimensional industrial","item":"https:\/\/innovalia-metrology.com\/es\/productos-metrology\/"},{"@type":"ListItem","position":3,"name":"Sistemas de medici\u00f3n por coordenadas (MMC)"}]},{"@type":"WebSite","@id":"https:\/\/innovalia-metrology.com\/es\/#website","url":"https:\/\/innovalia-metrology.com\/es\/","name":"INNOVALIA METROLOGY","description":"METROLOGY SOLUTIONS","publisher":{"@id":"https:\/\/innovalia-metrology.com\/es\/#organization"},"potentialAction":[{"@type":"SearchAction","target":{"@type":"EntryPoint","urlTemplate":"https:\/\/innovalia-metrology.com\/es\/?s={search_term_string}"},"query-input":{"@type":"PropertyValueSpecification","valueRequired":true,"valueName":"search_term_string"}}],"inLanguage":"es"},{"@type":"Organization","@id":"https:\/\/innovalia-metrology.com\/es\/#organization","name":"INNOVALIA METROLOGY","url":"https:\/\/innovalia-metrology.com\/es\/","logo":{"@type":"ImageObject","inLanguage":"es","@id":"https:\/\/innovalia-metrology.com\/es\/#\/schema\/logo\/image\/","url":"https:\/\/innovalia-metrology.com\/wp-content\/uploads\/2025\/10\/Diseno-sin-titulo-36.png","contentUrl":"https:\/\/innovalia-metrology.com\/wp-content\/uploads\/2025\/10\/Diseno-sin-titulo-36.png","width":300,"height":250,"caption":"INNOVALIA METROLOGY"},"image":{"@id":"https:\/\/innovalia-metrology.com\/es\/#\/schema\/logo\/image\/"},"sameAs":["https:\/\/x.com\/IMetrology_ES","https:\/\/www.linkedin.com\/company\/innovalia-metrology","https:\/\/www.youtube.com\/channel\/UCV7L_atMrcg6DUslHYeDaYQ"]}]}},"_links":{"self":[{"href":"https:\/\/innovalia-metrology.com\/es\/wp-json\/wp\/v2\/pages\/628078","targetHints":{"allow":["GET"]}}],"collection":[{"href":"https:\/\/innovalia-metrology.com\/es\/wp-json\/wp\/v2\/pages"}],"about":[{"href":"https:\/\/innovalia-metrology.com\/es\/wp-json\/wp\/v2\/types\/page"}],"author":[{"embeddable":true,"href":"https:\/\/innovalia-metrology.com\/es\/wp-json\/wp\/v2\/users\/85986"}],"replies":[{"embeddable":true,"href":"https:\/\/innovalia-metrology.com\/es\/wp-json\/wp\/v2\/comments?post=628078"}],"version-history":[{"count":13,"href":"https:\/\/innovalia-metrology.com\/es\/wp-json\/wp\/v2\/pages\/628078\/revisions"}],"predecessor-version":[{"id":693591,"href":"https:\/\/innovalia-metrology.com\/es\/wp-json\/wp\/v2\/pages\/628078\/revisions\/693591"}],"up":[{"embeddable":true,"href":"https:\/\/innovalia-metrology.com\/es\/wp-json\/wp\/v2\/pages\/628073"}],"wp:featuredmedia":[{"embeddable":true,"href":"https:\/\/innovalia-metrology.com\/es\/wp-json\/wp\/v2\/media\/79735"}],"wp:attachment":[{"href":"https:\/\/innovalia-metrology.com\/es\/wp-json\/wp\/v2\/media?parent=628078"}],"curies":[{"name":"wp","href":"https:\/\/api.w.org\/{rel}","templated":true}]}}