{"id":628119,"date":"2021-08-13T11:28:46","date_gmt":"2021-08-13T09:28:46","guid":{"rendered":"https:\/\/innovalia-metrology.cbtpruebas.es\/metrology-products\/machine-tool-solutions\/"},"modified":"2025-11-28T13:04:29","modified_gmt":"2025-11-28T12:04:29","slug":"soluciones-mh","status":"publish","type":"page","link":"https:\/\/innovalia-metrology.com\/es\/productos-metrology\/soluciones-mh\/","title":{"rendered":"Soluciones de medici\u00f3n para maquina herramienta"},"content":{"rendered":"<p>[et_pb_section fb_built=\u00bb1&#8243; _builder_version=\u00bb4.19.5&#8243; _module_preset=\u00bbdefault\u00bb background_color=\u00bbRGBA(255,255,255,0)\u00bb custom_margin=\u00bb0px||||false|false\u00bb custom_padding=\u00bb0px||||false|false\u00bb da_disable_devices=\u00bboff|off|off\u00bb global_colors_info=\u00bb{}\u00bb da_is_popup=\u00bboff\u00bb da_exit_intent=\u00bboff\u00bb da_has_close=\u00bbon\u00bb da_alt_close=\u00bboff\u00bb da_dark_close=\u00bboff\u00bb da_not_modal=\u00bbon\u00bb da_is_singular=\u00bboff\u00bb da_with_loader=\u00bboff\u00bb da_has_shadow=\u00bbon\u00bb][et_pb_row column_structure=\u00bb1_2,1_2&#8243; use_custom_gutter=\u00bbon\u00bb gutter_width=\u00bb1&#8243; make_equal=\u00bbon\u00bb _builder_version=\u00bb4.19.4&#8243; _module_preset=\u00bbdefault\u00bb width=\u00bb100%\u00bb custom_padding=\u00bb|||0px||\u00bb locked=\u00bboff\u00bb global_colors_info=\u00bb{}\u00bb][et_pb_column type=\u00bb1_2&#8243; _builder_version=\u00bb4.16&#8243; _module_preset=\u00bbdefault\u00bb global_colors_info=\u00bb{}\u00bb][et_pb_cta button_url=\u00bb@ET-DC@eyJkeW5hbWljIjp0cnVlLCJjb250ZW50IjoicG9zdF9saW5rX3VybF9wYWdlIiwic2V0dGluZ3MiOnsicG9zdF9pZCI6IjIwMzExIn19@\u00bb button_text=\u00bbVer m\u00e1s\u00bb _builder_version=\u00bb4.27.0&#8243; _dynamic_attributes=\u00bbbutton_url,link_option_url\u00bb _module_preset=\u00bbdefault\u00bb header_level=\u00bbh3&#8243; header_text_align=\u00bbleft\u00bb header_text_color=\u00bb#000000&#8243; background_color=\u00bbRGBA(0,0,0,0)\u00bb button_alignment=\u00bbleft\u00bb background_layout=\u00bblight\u00bb custom_padding=\u00bb0px|30px||25px||\u00bb link_option_url=\u00bb@ET-DC@eyJkeW5hbWljIjp0cnVlLCJjb250ZW50IjoicG9zdF9saW5rX3VybF9wYWdlIiwic2V0dGluZ3MiOnsicG9zdF9pZCI6IjIwMzExIn19@\u00bb custom_css_promo_button=\u00bbmargin-top:-20px;\u00bb global_colors_info=\u00bb{}\u00bb]<\/p>\n<figure class=\"entry-featured-media g1-on--mouse\">\n<div id=\"g1-content-area\">\n<div id=\"primary\">\n<div id=\"content\" role=\"main\">\n<article id=\"post-6205\" class=\"post-6205 page type-page status-publish has-post-thumbnail g1-complete\">\n<div class=\"entry-content\">\n<div id=\"g1-custom-posts-shortcode-1\" class=\"g1-collection-custom_pages g1-custom-posts-shortcode g1-shortcode mover\">\n<div class=\"g1-collection g1-collection--grid g1-collection--one-half g1-collection--simple g1-effect-none\">\n<article id=\"post-4237\" class=\"post-4237 page type-page status-publish has-post-thumbnail g1_relation_tag-cmms g1-brief\">\n<figure class=\"entry-featured-media g1-on--mouse\"><img loading=\"lazy\" decoding=\"async\" class=\"wp-image-19124 alignleft size-full\" src=\"https:\/\/innovalia-metrology.com\/wp-content\/uploads\/2021\/01\/m3mh_medicion_5ejes.jpg\" alt=\"\" width=\"1909\" height=\"1183\" srcset=\"https:\/\/innovalia-metrology.com\/wp-content\/uploads\/2021\/01\/m3mh_medicion_5ejes.jpg 1909w, https:\/\/innovalia-metrology.com\/wp-content\/uploads\/2021\/01\/m3mh_medicion_5ejes-300x186.jpg 300w, https:\/\/innovalia-metrology.com\/wp-content\/uploads\/2021\/01\/m3mh_medicion_5ejes-1024x635.jpg 1024w, https:\/\/innovalia-metrology.com\/wp-content\/uploads\/2021\/01\/m3mh_medicion_5ejes-768x476.jpg 768w, https:\/\/innovalia-metrology.com\/wp-content\/uploads\/2021\/01\/m3mh_medicion_5ejes-1536x952.jpg 1536w, https:\/\/innovalia-metrology.com\/wp-content\/uploads\/2021\/01\/m3mh_medicion_5ejes-968x600.jpg 968w, https:\/\/innovalia-metrology.com\/wp-content\/uploads\/2021\/01\/m3mh_medicion_5ejes-636x394.jpg 636w, https:\/\/innovalia-metrology.com\/wp-content\/uploads\/2021\/01\/m3mh_medicion_5ejes-320x198.jpg 320w, https:\/\/innovalia-metrology.com\/wp-content\/uploads\/2021\/01\/m3mh_medicion_5ejes-239x148.jpg 239w\" sizes=\"(max-width: 1909px) 100vw, 1909px\" \/><\/figure>\n<\/article>\n<\/div>\n<\/div>\n<\/div>\n<\/article>\n<\/div>\n<\/div>\n<\/div>\n<\/figure>\n<div class=\"g1-nonmedia\">\n<div class=\"g1-inner\">\n<header class=\"entry-header\">\n<h3>\u00a0<\/h3>\n<\/header>\n<\/div>\n<\/div>\n<h3 style=\"text-align: left;\">M3 MH: Software de medici\u00f3n completa para m\u00e1quina herramienta<\/h3>\n<p>[\/et_pb_cta][et_pb_cta button_url=\u00bb@ET-DC@eyJkeW5hbWljIjp0cnVlLCJjb250ZW50IjoicG9zdF9saW5rX3VybF9wYWdlIiwic2V0dGluZ3MiOnsicG9zdF9pZCI6IjYyODEzNSJ9fQ==@\u00bb button_text=\u00bbVer m\u00e1s\u00bb _builder_version=\u00bb4.27.0&#8243; _dynamic_attributes=\u00bbbutton_url,link_option_url\u00bb _module_preset=\u00bbdefault\u00bb header_level=\u00bbh3&#8243; header_text_align=\u00bbleft\u00bb header_text_color=\u00bb#000000&#8243; background_color=\u00bbRGBA(0,0,0,0)\u00bb button_alignment=\u00bbleft\u00bb background_layout=\u00bblight\u00bb custom_padding=\u00bb0px|30px||25px||\u00bb link_option_url=\u00bb@ET-DC@eyJkeW5hbWljIjp0cnVlLCJjb250ZW50IjoicG9zdF9saW5rX3VybF9wYWdlIiwic2V0dGluZ3MiOnsicG9zdF9pZCI6IjYyODEzNSJ9fQ==@\u00bb custom_css_promo_button=\u00bbmargin-top:-20px;\u00bb global_colors_info=\u00bb{}\u00bb]<\/p>\n<figure class=\"entry-featured-media g1-on--mouse\"><img loading=\"lazy\" decoding=\"async\" class=\"wp-image-4080 alignleft size-full\" src=\"https:\/\/innovalia-metrology.com\/wp-content\/uploads\/2014\/04\/barrabolas_contacto_01.jpg\" alt=\"barrabolas_contacto\" width=\"1024\" height=\"680\" srcset=\"https:\/\/innovalia-metrology.com\/wp-content\/uploads\/2014\/04\/barrabolas_contacto_01.jpg 1024w, https:\/\/innovalia-metrology.com\/wp-content\/uploads\/2014\/04\/barrabolas_contacto_01-300x199.jpg 300w, https:\/\/innovalia-metrology.com\/wp-content\/uploads\/2014\/04\/barrabolas_contacto_01-968x642.jpg 968w, https:\/\/innovalia-metrology.com\/wp-content\/uploads\/2014\/04\/barrabolas_contacto_01-636x422.jpg 636w, https:\/\/innovalia-metrology.com\/wp-content\/uploads\/2014\/04\/barrabolas_contacto_01-320x212.jpg 320w, https:\/\/innovalia-metrology.com\/wp-content\/uploads\/2014\/04\/barrabolas_contacto_01-239x158.jpg 239w\" sizes=\"(max-width: 1024px) 100vw, 1024px\" \/><\/figure>\n<p>&nbsp;<\/p>\n<p>&nbsp;<\/p>\n<h3 style=\"text-align: left;\">Artefactos de verificaci\u00f3n para m\u00e1quina herramienta<\/h3>\n<p>[\/et_pb_cta][\/et_pb_column][et_pb_column type=\u00bb1_2&#8243; _builder_version=\u00bb4.16&#8243; _module_preset=\u00bbdefault\u00bb global_colors_info=\u00bb{}\u00bb][et_pb_cta button_url=\u00bb@ET-DC@eyJkeW5hbWljIjp0cnVlLCJjb250ZW50IjoicG9zdF9saW5rX3VybF9wYWdlIiwic2V0dGluZ3MiOnsicG9zdF9pZCI6IjIwMzIxIn19@\u00bb button_text=\u00bbVer m\u00e1s\u00bb _builder_version=\u00bb4.20.4&#8243; _dynamic_attributes=\u00bbbutton_url,link_option_url\u00bb _module_preset=\u00bbdefault\u00bb header_level=\u00bbh3&#8243; header_text_align=\u00bbleft\u00bb header_text_color=\u00bb#000000&#8243; background_color=\u00bbRGBA(0,0,0,0)\u00bb button_alignment=\u00bbleft\u00bb background_layout=\u00bblight\u00bb custom_padding=\u00bb0px|30px||25px||\u00bb link_option_url=\u00bb@ET-DC@eyJkeW5hbWljIjp0cnVlLCJjb250ZW50IjoicG9zdF9saW5rX3VybF9wYWdlIiwic2V0dGluZ3MiOnsicG9zdF9pZCI6IjIwMzIxIn19@\u00bb custom_css_promo_button=\u00bbmargin-top:-20px;\u00bb global_colors_info=\u00bb{}\u00bb]<\/p>\n<figure class=\"entry-featured-media\"><img loading=\"lazy\" decoding=\"async\" src=\"https:\/\/innovalia-metrology.com\/wp-content\/uploads\/2013\/12\/TetracheckCMM3-web.jpg\" width=\"1024\" height=\"680\" alt=\"Tetracheck CMM\" class=\"wp-image-3167 alignleft size-full\" \/><\/figure>\n<div class=\"g1-nonmedia\">\n<div class=\"g1-inner\">\n<header class=\"entry-header\"><\/header>\n<\/div>\n<\/div>\n<p><span class=\"g1-decorator\"><\/span><\/p>\n<h3 style=\"text-align: left;\"><\/h3>\n<h3 style=\"text-align: left;\">MH Check: Software de verificaci\u00f3n para m\u00e1quina herramienta<\/h3>\n<p>[\/et_pb_cta][\/et_pb_column][\/et_pb_row][\/et_pb_section]<\/p>\n","protected":false},"excerpt":{"rendered":"<p>\u00a0 M3 MH: Software de medici\u00f3n completa para m\u00e1quina herramienta &nbsp; &nbsp; Artefactos de verificaci\u00f3n para m\u00e1quina herramienta MH Check: Software de verificaci\u00f3n para m\u00e1quina herramienta<\/p>\n","protected":false},"author":85986,"featured_media":79735,"parent":628073,"menu_order":0,"comment_status":"closed","ping_status":"closed","template":"","meta":{"_acf_changed":false,"_et_pb_use_builder":"on","_et_pb_old_content":"","_et_gb_content_width":"","footnotes":""},"class_list":["post-628119","page","type-page","status-publish","has-post-thumbnail","hentry"],"acf":[],"yoast_head":"<title>Soluciones de medici\u00f3n para maquina herramienta | INNOVALIA METROLOGY | INDUSTRIAL METROLOGY SOLUTIONS<\/title>\n<meta name=\"description\" content=\"Soluciones de software M3MH y MH Check y artefactos de verficaci\u00f3n para m\u00e1quina herramienta. \u00a1Solicita informaci\u00f3n!\" \/>\n<meta name=\"robots\" content=\"index, follow, max-snippet:-1, max-image-preview:large, max-video-preview:-1\" \/>\n<link rel=\"canonical\" href=\"https:\/\/innovalia-metrology.com\/es\/productos-metrology\/soluciones-mh\/\" \/>\n<meta property=\"og:locale\" content=\"es_ES\" \/>\n<meta property=\"og:type\" content=\"article\" \/>\n<meta property=\"og:title\" content=\"Soluciones de medici\u00f3n para maquina herramienta | INNOVALIA METROLOGY | INDUSTRIAL METROLOGY SOLUTIONS\" \/>\n<meta property=\"og:description\" content=\"Soluciones de software M3MH y MH Check y artefactos de verficaci\u00f3n para m\u00e1quina herramienta. \u00a1Solicita informaci\u00f3n!\" \/>\n<meta property=\"og:url\" content=\"https:\/\/innovalia-metrology.com\/es\/productos-metrology\/soluciones-mh\/\" \/>\n<meta property=\"og:site_name\" content=\"INNOVALIA METROLOGY | INDUSTRIAL METROLOGY SOLUTIONS\" \/>\n<meta property=\"article:modified_time\" content=\"2025-11-28T12:04:29+00:00\" \/>\n<meta property=\"og:image\" content=\"https:\/\/innovalia-metrology.com\/wp-content\/uploads\/2013\/03\/m3portable-cmm1.png\" \/>\n\t<meta property=\"og:image:width\" content=\"500\" \/>\n\t<meta property=\"og:image:height\" content=\"380\" \/>\n\t<meta property=\"og:image:type\" content=\"image\/png\" \/>\n<meta name=\"twitter:label1\" content=\"Tiempo de lectura\" \/>\n\t<meta name=\"twitter:data1\" content=\"1 minuto\" \/>\n<script type=\"application\/ld+json\" class=\"yoast-schema-graph\">{\"@context\":\"https:\/\/schema.org\",\"@graph\":[{\"@type\":\"WebPage\",\"@id\":\"https:\/\/innovalia-metrology.com\/es\/productos-metrology\/soluciones-mh\/\",\"url\":\"https:\/\/innovalia-metrology.com\/es\/productos-metrology\/soluciones-mh\/\",\"name\":\"Soluciones de medici\u00f3n para maquina herramienta | INNOVALIA METROLOGY | INDUSTRIAL METROLOGY SOLUTIONS\",\"isPartOf\":{\"@id\":\"https:\/\/innovalia-metrology.com\/es\/#website\"},\"primaryImageOfPage\":{\"@id\":\"https:\/\/innovalia-metrology.com\/es\/productos-metrology\/soluciones-mh\/#primaryimage\"},\"image\":{\"@id\":\"https:\/\/innovalia-metrology.com\/es\/productos-metrology\/soluciones-mh\/#primaryimage\"},\"thumbnailUrl\":\"https:\/\/innovalia-metrology.com\/wp-content\/uploads\/2013\/03\/m3portable-cmm1.png\",\"datePublished\":\"2021-08-13T09:28:46+00:00\",\"dateModified\":\"2025-11-28T12:04:29+00:00\",\"description\":\"Soluciones de software M3MH y MH Check y artefactos de verficaci\u00f3n para m\u00e1quina herramienta. \u00a1Solicita informaci\u00f3n!\",\"breadcrumb\":{\"@id\":\"https:\/\/innovalia-metrology.com\/es\/productos-metrology\/soluciones-mh\/#breadcrumb\"},\"inLanguage\":\"es\",\"potentialAction\":[{\"@type\":\"ReadAction\",\"target\":[\"https:\/\/innovalia-metrology.com\/es\/productos-metrology\/soluciones-mh\/\"]}]},{\"@type\":\"ImageObject\",\"inLanguage\":\"es\",\"@id\":\"https:\/\/innovalia-metrology.com\/es\/productos-metrology\/soluciones-mh\/#primaryimage\",\"url\":\"https:\/\/innovalia-metrology.com\/wp-content\/uploads\/2013\/03\/m3portable-cmm1.png\",\"contentUrl\":\"https:\/\/innovalia-metrology.com\/wp-content\/uploads\/2013\/03\/m3portable-cmm1.png\",\"width\":500,\"height\":380},{\"@type\":\"BreadcrumbList\",\"@id\":\"https:\/\/innovalia-metrology.com\/es\/productos-metrology\/soluciones-mh\/#breadcrumb\",\"itemListElement\":[{\"@type\":\"ListItem\",\"position\":1,\"name\":\"Home\",\"item\":\"https:\/\/innovalia-metrology.com\/es\/\"},{\"@type\":\"ListItem\",\"position\":2,\"name\":\"Soluciones de metrolog\u00eda dimensional industrial\",\"item\":\"https:\/\/innovalia-metrology.com\/es\/productos-metrology\/\"},{\"@type\":\"ListItem\",\"position\":3,\"name\":\"Soluciones de medici\u00f3n para maquina herramienta\"}]},{\"@type\":\"WebSite\",\"@id\":\"https:\/\/innovalia-metrology.com\/es\/#website\",\"url\":\"https:\/\/innovalia-metrology.com\/es\/\",\"name\":\"INNOVALIA METROLOGY\",\"description\":\"METROLOGY SOLUTIONS\",\"publisher\":{\"@id\":\"https:\/\/innovalia-metrology.com\/es\/#organization\"},\"potentialAction\":[{\"@type\":\"SearchAction\",\"target\":{\"@type\":\"EntryPoint\",\"urlTemplate\":\"https:\/\/innovalia-metrology.com\/es\/?s={search_term_string}\"},\"query-input\":{\"@type\":\"PropertyValueSpecification\",\"valueRequired\":true,\"valueName\":\"search_term_string\"}}],\"inLanguage\":\"es\"},{\"@type\":\"Organization\",\"@id\":\"https:\/\/innovalia-metrology.com\/es\/#organization\",\"name\":\"INNOVALIA METROLOGY\",\"url\":\"https:\/\/innovalia-metrology.com\/es\/\",\"logo\":{\"@type\":\"ImageObject\",\"inLanguage\":\"es\",\"@id\":\"https:\/\/innovalia-metrology.com\/es\/#\/schema\/logo\/image\/\",\"url\":\"https:\/\/innovalia-metrology.com\/wp-content\/uploads\/2025\/10\/Diseno-sin-titulo-36.png\",\"contentUrl\":\"https:\/\/innovalia-metrology.com\/wp-content\/uploads\/2025\/10\/Diseno-sin-titulo-36.png\",\"width\":300,\"height\":250,\"caption\":\"INNOVALIA METROLOGY\"},\"image\":{\"@id\":\"https:\/\/innovalia-metrology.com\/es\/#\/schema\/logo\/image\/\"},\"sameAs\":[\"https:\/\/x.com\/IMetrology_ES\",\"https:\/\/www.linkedin.com\/company\/innovalia-metrology\",\"https:\/\/www.youtube.com\/channel\/UCV7L_atMrcg6DUslHYeDaYQ\"]}]}<\/script>","yoast_head_json":{"title":"Soluciones de medici\u00f3n para maquina herramienta | INNOVALIA METROLOGY | INDUSTRIAL METROLOGY SOLUTIONS","description":"Soluciones de software M3MH y MH Check y artefactos de verficaci\u00f3n para m\u00e1quina herramienta. \u00a1Solicita informaci\u00f3n!","robots":{"index":"index","follow":"follow","max-snippet":"max-snippet:-1","max-image-preview":"max-image-preview:large","max-video-preview":"max-video-preview:-1"},"canonical":"https:\/\/innovalia-metrology.com\/es\/productos-metrology\/soluciones-mh\/","og_locale":"es_ES","og_type":"article","og_title":"Soluciones de medici\u00f3n para maquina herramienta | INNOVALIA METROLOGY | INDUSTRIAL METROLOGY SOLUTIONS","og_description":"Soluciones de software M3MH y MH Check y artefactos de verficaci\u00f3n para m\u00e1quina herramienta. \u00a1Solicita informaci\u00f3n!","og_url":"https:\/\/innovalia-metrology.com\/es\/productos-metrology\/soluciones-mh\/","og_site_name":"INNOVALIA METROLOGY | INDUSTRIAL METROLOGY SOLUTIONS","article_modified_time":"2025-11-28T12:04:29+00:00","og_image":[{"width":500,"height":380,"url":"https:\/\/innovalia-metrology.com\/wp-content\/uploads\/2013\/03\/m3portable-cmm1.png","type":"image\/png"}],"twitter_misc":{"Tiempo de lectura":"1 minuto"},"schema":{"@context":"https:\/\/schema.org","@graph":[{"@type":"WebPage","@id":"https:\/\/innovalia-metrology.com\/es\/productos-metrology\/soluciones-mh\/","url":"https:\/\/innovalia-metrology.com\/es\/productos-metrology\/soluciones-mh\/","name":"Soluciones de medici\u00f3n para maquina herramienta | INNOVALIA METROLOGY | INDUSTRIAL METROLOGY SOLUTIONS","isPartOf":{"@id":"https:\/\/innovalia-metrology.com\/es\/#website"},"primaryImageOfPage":{"@id":"https:\/\/innovalia-metrology.com\/es\/productos-metrology\/soluciones-mh\/#primaryimage"},"image":{"@id":"https:\/\/innovalia-metrology.com\/es\/productos-metrology\/soluciones-mh\/#primaryimage"},"thumbnailUrl":"https:\/\/innovalia-metrology.com\/wp-content\/uploads\/2013\/03\/m3portable-cmm1.png","datePublished":"2021-08-13T09:28:46+00:00","dateModified":"2025-11-28T12:04:29+00:00","description":"Soluciones de software M3MH y MH Check y artefactos de verficaci\u00f3n para m\u00e1quina herramienta. \u00a1Solicita informaci\u00f3n!","breadcrumb":{"@id":"https:\/\/innovalia-metrology.com\/es\/productos-metrology\/soluciones-mh\/#breadcrumb"},"inLanguage":"es","potentialAction":[{"@type":"ReadAction","target":["https:\/\/innovalia-metrology.com\/es\/productos-metrology\/soluciones-mh\/"]}]},{"@type":"ImageObject","inLanguage":"es","@id":"https:\/\/innovalia-metrology.com\/es\/productos-metrology\/soluciones-mh\/#primaryimage","url":"https:\/\/innovalia-metrology.com\/wp-content\/uploads\/2013\/03\/m3portable-cmm1.png","contentUrl":"https:\/\/innovalia-metrology.com\/wp-content\/uploads\/2013\/03\/m3portable-cmm1.png","width":500,"height":380},{"@type":"BreadcrumbList","@id":"https:\/\/innovalia-metrology.com\/es\/productos-metrology\/soluciones-mh\/#breadcrumb","itemListElement":[{"@type":"ListItem","position":1,"name":"Home","item":"https:\/\/innovalia-metrology.com\/es\/"},{"@type":"ListItem","position":2,"name":"Soluciones de metrolog\u00eda dimensional industrial","item":"https:\/\/innovalia-metrology.com\/es\/productos-metrology\/"},{"@type":"ListItem","position":3,"name":"Soluciones de medici\u00f3n para maquina herramienta"}]},{"@type":"WebSite","@id":"https:\/\/innovalia-metrology.com\/es\/#website","url":"https:\/\/innovalia-metrology.com\/es\/","name":"INNOVALIA METROLOGY","description":"METROLOGY SOLUTIONS","publisher":{"@id":"https:\/\/innovalia-metrology.com\/es\/#organization"},"potentialAction":[{"@type":"SearchAction","target":{"@type":"EntryPoint","urlTemplate":"https:\/\/innovalia-metrology.com\/es\/?s={search_term_string}"},"query-input":{"@type":"PropertyValueSpecification","valueRequired":true,"valueName":"search_term_string"}}],"inLanguage":"es"},{"@type":"Organization","@id":"https:\/\/innovalia-metrology.com\/es\/#organization","name":"INNOVALIA METROLOGY","url":"https:\/\/innovalia-metrology.com\/es\/","logo":{"@type":"ImageObject","inLanguage":"es","@id":"https:\/\/innovalia-metrology.com\/es\/#\/schema\/logo\/image\/","url":"https:\/\/innovalia-metrology.com\/wp-content\/uploads\/2025\/10\/Diseno-sin-titulo-36.png","contentUrl":"https:\/\/innovalia-metrology.com\/wp-content\/uploads\/2025\/10\/Diseno-sin-titulo-36.png","width":300,"height":250,"caption":"INNOVALIA METROLOGY"},"image":{"@id":"https:\/\/innovalia-metrology.com\/es\/#\/schema\/logo\/image\/"},"sameAs":["https:\/\/x.com\/IMetrology_ES","https:\/\/www.linkedin.com\/company\/innovalia-metrology","https:\/\/www.youtube.com\/channel\/UCV7L_atMrcg6DUslHYeDaYQ"]}]}},"_links":{"self":[{"href":"https:\/\/innovalia-metrology.com\/es\/wp-json\/wp\/v2\/pages\/628119","targetHints":{"allow":["GET"]}}],"collection":[{"href":"https:\/\/innovalia-metrology.com\/es\/wp-json\/wp\/v2\/pages"}],"about":[{"href":"https:\/\/innovalia-metrology.com\/es\/wp-json\/wp\/v2\/types\/page"}],"author":[{"embeddable":true,"href":"https:\/\/innovalia-metrology.com\/es\/wp-json\/wp\/v2\/users\/85986"}],"replies":[{"embeddable":true,"href":"https:\/\/innovalia-metrology.com\/es\/wp-json\/wp\/v2\/comments?post=628119"}],"version-history":[{"count":11,"href":"https:\/\/innovalia-metrology.com\/es\/wp-json\/wp\/v2\/pages\/628119\/revisions"}],"predecessor-version":[{"id":693566,"href":"https:\/\/innovalia-metrology.com\/es\/wp-json\/wp\/v2\/pages\/628119\/revisions\/693566"}],"up":[{"embeddable":true,"href":"https:\/\/innovalia-metrology.com\/es\/wp-json\/wp\/v2\/pages\/628073"}],"wp:featuredmedia":[{"embeddable":true,"href":"https:\/\/innovalia-metrology.com\/es\/wp-json\/wp\/v2\/media\/79735"}],"wp:attachment":[{"href":"https:\/\/innovalia-metrology.com\/es\/wp-json\/wp\/v2\/media?parent=628119"}],"curies":[{"name":"wp","href":"https:\/\/api.w.org\/{rel}","templated":true}]}}