{"id":628126,"date":"2021-08-13T12:14:48","date_gmt":"2021-08-13T10:14:48","guid":{"rendered":"https:\/\/innovalia-metrology.cbtpruebas.es\/metrology-products\/machine-tool-solutions\/m3-mh-complete-measurement-software-for-machine-tools\/"},"modified":"2025-11-28T13:26:48","modified_gmt":"2025-11-28T12:26:48","slug":"m3-mh-software-de-medicion-en-maquina-herramienta","status":"publish","type":"page","link":"https:\/\/innovalia-metrology.com\/es\/productos-metrology\/soluciones-mh\/m3-mh-software-de-medicion-en-maquina-herramienta\/","title":{"rendered":"M3MH: Software de medici\u00f3n en m\u00e1quina herramienta"},"content":{"rendered":"<p>[et_pb_section fb_built=\u00bb1&#8243; _builder_version=\u00bb4.19.4&#8243; _module_preset=\u00bbdefault\u00bb background_color=\u00bbRGBA(255,255,255,0)\u00bb custom_padding=\u00bb0px|||||\u00bb da_disable_devices=\u00bboff|off|off\u00bb global_colors_info=\u00bb{}\u00bb da_is_popup=\u00bboff\u00bb da_exit_intent=\u00bboff\u00bb da_has_close=\u00bbon\u00bb da_alt_close=\u00bboff\u00bb da_dark_close=\u00bboff\u00bb da_not_modal=\u00bbon\u00bb da_is_singular=\u00bboff\u00bb da_with_loader=\u00bboff\u00bb da_has_shadow=\u00bbon\u00bb][et_pb_row _builder_version=\u00bb4.19.4&#8243; background_size=\u00bbinitial\u00bb background_position=\u00bbtop_left\u00bb background_repeat=\u00bbrepeat\u00bb width=\u00bb100%\u00bb custom_padding=\u00bb||0px||false|false\u00bb locked=\u00bboff\u00bb global_colors_info=\u00bb{}\u00bb][et_pb_column type=\u00bb4_4&#8243; _builder_version=\u00bb4.16&#8243; custom_padding=\u00bb|||\u00bb global_colors_info=\u00bb{}\u00bb custom_padding__hover=\u00bb|||\u00bb][et_pb_text _builder_version=\u00bb4.16&#8243; header_3_font_size=\u00bb25px\u00bb background_size=\u00bbinitial\u00bb background_position=\u00bbtop_left\u00bb background_repeat=\u00bbrepeat\u00bb custom_padding=\u00bb||0px|||\u00bb global_colors_info=\u00bb{}\u00bb]<\/p>\n<h3 class=\"mover\">M3MH<\/h3>\n<p>[\/et_pb_text][\/et_pb_column][\/et_pb_row][et_pb_row _builder_version=\u00bb4.19.4&#8243; background_size=\u00bbinitial\u00bb background_position=\u00bbtop_left\u00bb background_repeat=\u00bbrepeat\u00bb width=\u00bb100%\u00bb custom_margin=\u00bb-3px|auto||auto|false|false\u00bb custom_padding=\u00bb0px||0px||false|false\u00bb border_width_bottom=\u00bb1px\u00bb border_color_bottom=\u00bb#d6d6d6&#8243; locked=\u00bboff\u00bb global_colors_info=\u00bb{}\u00bb][et_pb_column type=\u00bb4_4&#8243; _builder_version=\u00bb4.16&#8243; custom_padding=\u00bb|||\u00bb global_colors_info=\u00bb{}\u00bb custom_padding__hover=\u00bb|||\u00bb][et_pb_divider divider_position=\u00bbbottom\u00bb divider_weight=\u00bb2px\u00bb _builder_version=\u00bb4.16&#8243; _module_preset=\u00bbdefault\u00bb width=\u00bb30px\u00bb custom_margin=\u00bb||-3px||false|false\u00bb custom_padding=\u00bb0px||0px||true|false\u00bb border_color_all=\u00bb#000000&#8243; border_color_top=\u00bb#a0a0a0&#8243; border_color_bottom=\u00bb#dbdbdb\u00bb global_colors_info=\u00bb{}\u00bb][\/et_pb_divider][\/et_pb_column][\/et_pb_row][et_pb_row _builder_version=\u00bb4.19.4&#8243; _module_preset=\u00bbdefault\u00bb width=\u00bb100%\u00bb global_colors_info=\u00bb{}\u00bb][et_pb_column type=\u00bb4_4&#8243; _builder_version=\u00bb4.16&#8243; _module_preset=\u00bbdefault\u00bb global_colors_info=\u00bb{}\u00bb][et_pb_text _builder_version=\u00bb4.19.5&#8243; _module_preset=\u00bbdefault\u00bb global_colors_info=\u00bb{}\u00bb]<\/p>\n<p>M3MH es el software CADCAM de medici\u00f3n en centros de mecanizado de 5 ejes que maximiza las prestaciones de tu m\u00e1quina herramienta mediante la verificaci\u00f3n r\u00e1pida de la m\u00e1quina, el set up y alineamiento \u00f3ptimo de piezas complejas. La medici\u00f3n de las piezas puede realizarlas antes, durante y despu\u00e9s del mecanizado, de acuerdo a les exigencias de la industria y de las normativas.<\/p>\n<p>M3MH proporciona una conexi\u00f3n \u00e1gil con el control de la m\u00e1quina. Adem\u00e1s, desde su intuitiva interfaz te permite realizar las siguientes funciones:<\/p>\n<p>[\/et_pb_text][et_pb_text _builder_version=\u00bb4.19.5&#8243; _module_preset=\u00bbdefault\u00bb custom_margin=\u00bb||23px|||\u00bb custom_padding=\u00bb20px|30px|20px|30px|true|true\u00bb border_width_all=\u00bb1px\u00bb border_color_all=\u00bb#e8e8e8&#8243; box_shadow_style=\u00bbpreset5&#8243; box_shadow_vertical=\u00bb0px\u00bb box_shadow_spread=\u00bb4px\u00bb box_shadow_color=\u00bbrgba(173,173,173,0.22)\u00bb global_colors_info=\u00bb{}\u00bb]<\/p>\n<h4>Funciones<\/h4>\n<ul id=\"g1-list-1\" class=\"g1-list--icon g1-list--none \">\n<li><i class=\"fa fa-chevron-right g1-list__icon\"><\/i>Axis check: verificaci\u00f3n de los ejes rotatorios<\/li>\n<li><i class=\"fa fa-chevron-right g1-list__icon\"><\/i>Machine check: verificaci\u00f3n del volumen de la m\u00e1quina<\/li>\n<li><i class=\"fa fa-chevron-right g1-list__icon\"><\/i>M3MH Set up: alineamiento de pieza<\/li>\n<li><i class=\"fa fa-chevron-right g1-list__icon\"><\/i>M3MH Measurement: medici\u00f3n pre, post y en proceso.<i class=\"fa fa-chevron-right g1-list__icon\"><\/i><\/li>\n<\/ul>\n<p>[\/et_pb_text][et_pb_text _builder_version=\u00bb4.19.5&#8243; _module_preset=\u00bbdefault\u00bb global_colors_info=\u00bb{}\u00bb]<\/p>\n<p><iframe loading=\"lazy\" title=\"M3MH: Measurement Software for Machine Tools\" src=\"https:\/\/player.vimeo.com\/video\/556168373?dnt=1&amp;app_id=122963\" width=\"1080\" height=\"608\" frameborder=\"0\" allow=\"autoplay; fullscreen; picture-in-picture; clipboard-write; encrypted-media; web-share\" referrerpolicy=\"strict-origin-when-cross-origin\"><\/iframe><\/p>\n<p><span>Con M3MH podr\u00e1s implementar un flujo de trabajo que te ayudar\u00e1 a reducir el tiempo de fabricaci\u00f3n y el coste de los utillajes, aumentar la trazabilidad y la calidad tanto del proceso productivo como de las piezas fabricadas y garantizar un control total de todo el proceso de mecanizado.<\/span><\/p>\n<p>[\/et_pb_text][\/et_pb_column][\/et_pb_row][et_pb_row _builder_version=\u00bb4.19.4&#8243; _module_preset=\u00bbdefault\u00bb width=\u00bb100%\u00bb custom_padding=\u00bb||0px|||\u00bb global_colors_info=\u00bb{}\u00bb][et_pb_column type=\u00bb4_4&#8243; _builder_version=\u00bb4.16&#8243; _module_preset=\u00bbdefault\u00bb global_colors_info=\u00bb{}\u00bb][et_pb_text _builder_version=\u00bb4.16&#8243; _module_preset=\u00bbdefault\u00bb custom_margin=\u00bb||23px|||\u00bb custom_padding=\u00bb20px|30px|20px|30px|true|true\u00bb border_width_all=\u00bb1px\u00bb border_color_all=\u00bb#e8e8e8&#8243; box_shadow_style=\u00bbpreset5&#8243; box_shadow_vertical=\u00bb0px\u00bb box_shadow_spread=\u00bb4px\u00bb box_shadow_color=\u00bbrgba(173,173,173,0.22)\u00bb global_colors_info=\u00bb{}\u00bb]<\/p>\n<h4>Features<\/h4>\n<ul id=\"g1-list-1\" class=\"g1-list--icon g1-list--none \">\n<li>Software de manejo f\u00e1cil e intuitivo<\/li>\n<li><i class=\"fa fa-chevron-right g1-list__icon\"><\/i>Conexi\u00f3n bidireccional con el control de la m\u00e1quina<\/li>\n<li><i class=\"fa fa-chevron-right g1-list__icon\"><\/i>Programaci\u00f3n offline<\/li>\n<li><i class=\"fa fa-chevron-right g1-list__icon\"><\/i>Importaci\u00f3n multi CAD y utilizando m\u00faltiples formatos: IGES, STEP, TXT y STL<\/li>\n<li><i class=\"fa fa-chevron-right g1-list__icon\"><\/i>Importaci\u00f3n de nominales y caracter\u00edsticas GD&amp;T en m\u00faltiples formatos: QIF, DMIS\/DMO, TXT, CSV\u2026<\/li>\n<li><i class=\"fa fa-chevron-right g1-list__icon\"><\/i>Simulaci\u00f3n de programas<\/li>\n<li><i class=\"fa fa-chevron-right g1-list__icon\"><\/i>Activaci\u00f3n y desactivaci\u00f3n \u00e1gil de ejes para medici\u00f3n<\/li>\n<li><i class=\"fa fa-chevron-right g1-list__icon\"><\/i>Medici\u00f3n en 3, 4 y 5 ejes<\/li>\n<li><i class=\"fa fa-chevron-right g1-list__icon\"><\/i>Alineamientos iterativos y multi-sistema de coordenadas<\/li>\n<li><i class=\"fa fa-chevron-right g1-list__icon\"><\/i>Medici\u00f3n de todo tipo de superficies, geometr\u00edas y tolerancias<\/li>\n<li><i class=\"fa fa-chevron-right g1-list__icon\"><\/i>Presentaci\u00f3n de resultados en diferentes sistemas de coordenadas<\/li>\n<li><i class=\"fa fa-chevron-right g1-list__icon\"><\/i>Resultados gr\u00e1ficos 3D e informes personalizados<\/li>\n<li><i class=\"fa fa-chevron-right g1-list__icon\"><\/i>Disponible para sondas de contacto est\u00e1ndar y avanzadas, y esc\u00e1neres 3D<\/li>\n<\/ul>\n<p>[\/et_pb_text][et_pb_text _builder_version=\u00bb4.16&#8243; _module_preset=\u00bbdefault\u00bb custom_margin=\u00bb||23px|||\u00bb custom_padding=\u00bb20px|30px|20px|30px|true|true\u00bb border_width_all=\u00bb1px\u00bb border_color_all=\u00bb#e8e8e8&#8243; box_shadow_style=\u00bbpreset5&#8243; box_shadow_vertical=\u00bb0px\u00bb box_shadow_spread=\u00bb4px\u00bb box_shadow_color=\u00bbrgba(173,173,173,0.22)\u00bb global_colors_info=\u00bb{}\u00bb]<\/p>\n<h4>Ventajas<\/h4>\n<ul id=\"g1-list-1\" class=\"g1-list--icon g1-list--none \">\n<li>Optimizaci\u00f3n del rendimiento de la m\u00e1quina y del proceso de mecanizado<\/li>\n<li><i class=\"fa fa-chevron-right g1-list__icon\"><\/i>Reducci\u00f3n del tiempo de alineamiento de pieza y del coste de los utillajes<\/li>\n<li><i class=\"fa fa-chevron-right g1-list__icon\"><\/i>Fabricaci\u00f3n adaptativa y eliminaci\u00f3n de errores de proceso<\/li>\n<\/ul>\n<p>[\/et_pb_text][et_pb_code _builder_version=\u00bb4.16&#8243; _module_preset=\u00bbdefault\u00bb background_color=\u00bb#f7f7f7&#8243; custom_margin=\u00bb54px||66px|||\u00bb custom_padding=\u00bb20px|30px|20px|30px|true|true\u00bb global_colors_info=\u00bb{}\u00bb]\n<div class=\"wpcf7 no-js\" id=\"wpcf7-f8971-o1\" lang=\"en-US\" dir=\"ltr\" data-wpcf7-id=\"8971\">\n<div class=\"screen-reader-response\"><p role=\"status\" aria-live=\"polite\" aria-atomic=\"true\"><\/p> <ul><\/ul><\/div>\n<form action=\"\/es\/wp-json\/wp\/v2\/pages\/628126#wpcf7-f8971-o1\" method=\"post\" class=\"wpcf7-form init\" aria-label=\"Contact form\" novalidate=\"novalidate\" data-status=\"init\">\n<fieldset class=\"hidden-fields-container\"><input type=\"hidden\" name=\"_wpcf7\" value=\"8971\" \/><input type=\"hidden\" name=\"_wpcf7_version\" value=\"6.1.5\" \/><input type=\"hidden\" name=\"_wpcf7_locale\" value=\"en_US\" \/><input type=\"hidden\" name=\"_wpcf7_unit_tag\" value=\"wpcf7-f8971-o1\" \/><input type=\"hidden\" name=\"_wpcf7_container_post\" value=\"0\" \/><input type=\"hidden\" name=\"_wpcf7_posted_data_hash\" value=\"\" \/><input type=\"hidden\" name=\"_wpcf7cf_hidden_group_fields\" value=\"[]\" \/><input type=\"hidden\" name=\"_wpcf7cf_hidden_groups\" value=\"[]\" \/><input type=\"hidden\" name=\"_wpcf7cf_visible_groups\" value=\"[]\" \/><input type=\"hidden\" name=\"_wpcf7cf_repeaters\" value=\"[]\" \/><input type=\"hidden\" name=\"_wpcf7cf_steps\" value=\"{}\" \/><input type=\"hidden\" name=\"_wpcf7cf_options\" value=\"{&quot;form_id&quot;:8971,&quot;conditions&quot;:[],&quot;settings&quot;:{&quot;animation&quot;:&quot;yes&quot;,&quot;animation_intime&quot;:200,&quot;animation_outtime&quot;:200,&quot;conditions_ui&quot;:&quot;normal&quot;,&quot;notice_dismissed&quot;:false,&quot;notice_dismissed_update-cf7-5.4&quot;:true,&quot;notice_dismissed_rollback-cf7-5.4.1&quot;:true}}\" \/><input type=\"hidden\" name=\"_wpcf7dtx_version\" value=\"5.0.5\" \/><input type=\"hidden\" name=\"_wpcf7_recaptcha_response\" value=\"\" \/>\n<\/fieldset>\n<h4>Pide un cat\u00e1logo:\n<\/h4>\n<p><label><span class=\"wpcf7-form-control-wrap\" data-name=\"name-560\"><input size=\"40\" maxlength=\"400\" class=\"wpcf7-form-control wpcf7-text wpcf7-validates-as-required\" aria-required=\"true\" aria-invalid=\"false\" placeholder=\"Nombre*\" value=\"\" type=\"text\" name=\"name-560\" \/><\/span><\/label><br \/>\n<label><span class=\"wpcf7-form-control-wrap\" data-name=\"empresa-560\"><input size=\"40\" maxlength=\"400\" class=\"wpcf7-form-control wpcf7-text wpcf7-validates-as-required\" aria-required=\"true\" aria-invalid=\"false\" placeholder=\"Empresa*\" value=\"\" type=\"text\" name=\"empresa-560\" \/><\/span><\/label><br \/>\n<label><span class=\"wpcf7-form-control-wrap\" data-name=\"your-email\"><input size=\"40\" maxlength=\"400\" class=\"wpcf7-form-control wpcf7-email wpcf7-validates-as-required wpcf7-text wpcf7-validates-as-email\" aria-required=\"true\" aria-invalid=\"false\" placeholder=\"Email*\" value=\"\" type=\"email\" name=\"your-email\" \/><\/span><\/label>\n<\/p>\n<p><input class=\"wpcf7-form-control wpcf7-submit has-spinner button\" id=\"btn_pedir-es\" type=\"submit\" value=\"Pedir\" \/><br \/>\n<span class=\"wpcf7-form-control-wrap title\" data-name=\"title\"><input type=\"hidden\" name=\"title\" class=\"wpcf7-form-control wpcf7-hidden wpcf7dtx wpcf7dtx-hidden\" aria-invalid=\"false\" value=\"M3MH: Software de medici\u00f3n en m\u00e1quina herramienta\"><\/span>\n<\/p><p style=\"display: none !important;\" class=\"akismet-fields-container\" data-prefix=\"_wpcf7_ak_\"><label>&#916;<textarea name=\"_wpcf7_ak_hp_textarea\" cols=\"45\" rows=\"8\" maxlength=\"100\"><\/textarea><\/label><input type=\"hidden\" id=\"ak_js_1\" name=\"_wpcf7_ak_js\" value=\"29\"\/><script>document.getElementById( \"ak_js_1\" ).setAttribute( \"value\", ( new Date() ).getTime() );<\/script><\/p><div class=\"wpcf7-response-output\" aria-hidden=\"true\"><\/div>\n<\/form>\n<\/div>\n[\/et_pb_code][\/et_pb_column][\/et_pb_row][\/et_pb_section]<\/p>\n","protected":false},"excerpt":{"rendered":"<p>M3MHM3MH es el software CADCAM de medici\u00f3n en centros de mecanizado de 5 ejes que maximiza las prestaciones de tu m\u00e1quina herramienta mediante la verificaci\u00f3n r\u00e1pida de la m\u00e1quina, el set up y alineamiento \u00f3ptimo de piezas complejas. La medici\u00f3n de las piezas puede realizarlas antes, durante y despu\u00e9s del mecanizado, de acuerdo a les [&hellip;]<\/p>\n","protected":false},"author":85986,"featured_media":113126,"parent":628119,"menu_order":0,"comment_status":"closed","ping_status":"closed","template":"","meta":{"_acf_changed":false,"_et_pb_use_builder":"on","_et_pb_old_content":"","_et_gb_content_width":"","footnotes":""},"class_list":["post-628126","page","type-page","status-publish","has-post-thumbnail","hentry"],"acf":[],"yoast_head":"<title>M3MH: Software de medici\u00f3n en m\u00e1quina herramienta | INNOVALIA METROLOGY | INDUSTRIAL METROLOGY SOLUTIONS<\/title>\n<meta name=\"description\" content=\"M3MH es el software CADCAM de medici\u00f3n en centros de mecanizado de 5 ejes que maximiza las prestaciones de tu m\u00e1quina herramienta.\" \/>\n<meta name=\"robots\" content=\"index, follow, max-snippet:-1, max-image-preview:large, max-video-preview:-1\" \/>\n<link rel=\"canonical\" href=\"https:\/\/innovalia-metrology.com\/es\/productos-metrology\/soluciones-mh\/m3-mh-software-de-medicion-en-maquina-herramienta\/\" \/>\n<meta property=\"og:locale\" content=\"es_ES\" \/>\n<meta property=\"og:type\" content=\"article\" \/>\n<meta property=\"og:title\" content=\"M3MH: Software de medici\u00f3n en m\u00e1quina herramienta | INNOVALIA METROLOGY | INDUSTRIAL METROLOGY SOLUTIONS\" \/>\n<meta property=\"og:description\" content=\"M3MH es el software CADCAM de medici\u00f3n en centros de mecanizado de 5 ejes que maximiza las prestaciones de tu m\u00e1quina herramienta.\" \/>\n<meta property=\"og:url\" content=\"https:\/\/innovalia-metrology.com\/es\/productos-metrology\/soluciones-mh\/m3-mh-software-de-medicion-en-maquina-herramienta\/\" \/>\n<meta property=\"og:site_name\" content=\"INNOVALIA METROLOGY | INDUSTRIAL METROLOGY SOLUTIONS\" \/>\n<meta property=\"article:modified_time\" content=\"2025-11-28T12:26:48+00:00\" \/>\n<meta property=\"og:image\" content=\"https:\/\/innovalia-metrology.com\/wp-content\/uploads\/2021\/08\/500X-350-482x271-1.jpg\" \/>\n\t<meta property=\"og:image:width\" content=\"482\" \/>\n\t<meta property=\"og:image:height\" content=\"271\" \/>\n\t<meta property=\"og:image:type\" content=\"image\/jpeg\" \/>\n<meta name=\"twitter:label1\" content=\"Tiempo de lectura\" \/>\n\t<meta name=\"twitter:data1\" content=\"2 minutos\" \/>\n<script type=\"application\/ld+json\" class=\"yoast-schema-graph\">{\"@context\":\"https:\/\/schema.org\",\"@graph\":[{\"@type\":\"WebPage\",\"@id\":\"https:\/\/innovalia-metrology.com\/es\/productos-metrology\/soluciones-mh\/m3-mh-software-de-medicion-en-maquina-herramienta\/\",\"url\":\"https:\/\/innovalia-metrology.com\/es\/productos-metrology\/soluciones-mh\/m3-mh-software-de-medicion-en-maquina-herramienta\/\",\"name\":\"M3MH: Software de medici\u00f3n en m\u00e1quina herramienta | INNOVALIA METROLOGY | INDUSTRIAL METROLOGY SOLUTIONS\",\"isPartOf\":{\"@id\":\"https:\/\/innovalia-metrology.com\/es\/#website\"},\"primaryImageOfPage\":{\"@id\":\"https:\/\/innovalia-metrology.com\/es\/productos-metrology\/soluciones-mh\/m3-mh-software-de-medicion-en-maquina-herramienta\/#primaryimage\"},\"image\":{\"@id\":\"https:\/\/innovalia-metrology.com\/es\/productos-metrology\/soluciones-mh\/m3-mh-software-de-medicion-en-maquina-herramienta\/#primaryimage\"},\"thumbnailUrl\":\"https:\/\/innovalia-metrology.com\/wp-content\/uploads\/2021\/08\/500X-350-482x271-1.jpg\",\"datePublished\":\"2021-08-13T10:14:48+00:00\",\"dateModified\":\"2025-11-28T12:26:48+00:00\",\"description\":\"M3MH es el software CADCAM de medici\u00f3n en centros de mecanizado de 5 ejes que maximiza las prestaciones de tu m\u00e1quina herramienta.\",\"breadcrumb\":{\"@id\":\"https:\/\/innovalia-metrology.com\/es\/productos-metrology\/soluciones-mh\/m3-mh-software-de-medicion-en-maquina-herramienta\/#breadcrumb\"},\"inLanguage\":\"es\",\"potentialAction\":[{\"@type\":\"ReadAction\",\"target\":[\"https:\/\/innovalia-metrology.com\/es\/productos-metrology\/soluciones-mh\/m3-mh-software-de-medicion-en-maquina-herramienta\/\"]}]},{\"@type\":\"ImageObject\",\"inLanguage\":\"es\",\"@id\":\"https:\/\/innovalia-metrology.com\/es\/productos-metrology\/soluciones-mh\/m3-mh-software-de-medicion-en-maquina-herramienta\/#primaryimage\",\"url\":\"https:\/\/innovalia-metrology.com\/wp-content\/uploads\/2021\/08\/500X-350-482x271-1.jpg\",\"contentUrl\":\"https:\/\/innovalia-metrology.com\/wp-content\/uploads\/2021\/08\/500X-350-482x271-1.jpg\",\"width\":482,\"height\":271},{\"@type\":\"BreadcrumbList\",\"@id\":\"https:\/\/innovalia-metrology.com\/es\/productos-metrology\/soluciones-mh\/m3-mh-software-de-medicion-en-maquina-herramienta\/#breadcrumb\",\"itemListElement\":[{\"@type\":\"ListItem\",\"position\":1,\"name\":\"Home\",\"item\":\"https:\/\/innovalia-metrology.com\/es\/\"},{\"@type\":\"ListItem\",\"position\":2,\"name\":\"Soluciones de metrolog\u00eda dimensional industrial\",\"item\":\"https:\/\/innovalia-metrology.com\/es\/productos-metrology\/\"},{\"@type\":\"ListItem\",\"position\":3,\"name\":\"Soluciones de medici\u00f3n para maquina herramienta\",\"item\":\"https:\/\/innovalia-metrology.com\/es\/productos-metrology\/soluciones-mh\/\"},{\"@type\":\"ListItem\",\"position\":4,\"name\":\"M3MH: Software de medici\u00f3n en m\u00e1quina herramienta\"}]},{\"@type\":\"WebSite\",\"@id\":\"https:\/\/innovalia-metrology.com\/es\/#website\",\"url\":\"https:\/\/innovalia-metrology.com\/es\/\",\"name\":\"INNOVALIA METROLOGY\",\"description\":\"METROLOGY SOLUTIONS\",\"publisher\":{\"@id\":\"https:\/\/innovalia-metrology.com\/es\/#organization\"},\"potentialAction\":[{\"@type\":\"SearchAction\",\"target\":{\"@type\":\"EntryPoint\",\"urlTemplate\":\"https:\/\/innovalia-metrology.com\/es\/?s={search_term_string}\"},\"query-input\":{\"@type\":\"PropertyValueSpecification\",\"valueRequired\":true,\"valueName\":\"search_term_string\"}}],\"inLanguage\":\"es\"},{\"@type\":\"Organization\",\"@id\":\"https:\/\/innovalia-metrology.com\/es\/#organization\",\"name\":\"INNOVALIA METROLOGY\",\"url\":\"https:\/\/innovalia-metrology.com\/es\/\",\"logo\":{\"@type\":\"ImageObject\",\"inLanguage\":\"es\",\"@id\":\"https:\/\/innovalia-metrology.com\/es\/#\/schema\/logo\/image\/\",\"url\":\"https:\/\/innovalia-metrology.com\/wp-content\/uploads\/2025\/10\/Diseno-sin-titulo-36.png\",\"contentUrl\":\"https:\/\/innovalia-metrology.com\/wp-content\/uploads\/2025\/10\/Diseno-sin-titulo-36.png\",\"width\":300,\"height\":250,\"caption\":\"INNOVALIA METROLOGY\"},\"image\":{\"@id\":\"https:\/\/innovalia-metrology.com\/es\/#\/schema\/logo\/image\/\"},\"sameAs\":[\"https:\/\/x.com\/IMetrology_ES\",\"https:\/\/www.linkedin.com\/company\/innovalia-metrology\",\"https:\/\/www.youtube.com\/channel\/UCV7L_atMrcg6DUslHYeDaYQ\"]}]}<\/script>","yoast_head_json":{"title":"M3MH: Software de medici\u00f3n en m\u00e1quina herramienta | INNOVALIA METROLOGY | INDUSTRIAL METROLOGY SOLUTIONS","description":"M3MH es el software CADCAM de medici\u00f3n en centros de mecanizado de 5 ejes que maximiza las prestaciones de tu m\u00e1quina herramienta.","robots":{"index":"index","follow":"follow","max-snippet":"max-snippet:-1","max-image-preview":"max-image-preview:large","max-video-preview":"max-video-preview:-1"},"canonical":"https:\/\/innovalia-metrology.com\/es\/productos-metrology\/soluciones-mh\/m3-mh-software-de-medicion-en-maquina-herramienta\/","og_locale":"es_ES","og_type":"article","og_title":"M3MH: Software de medici\u00f3n en m\u00e1quina herramienta | INNOVALIA METROLOGY | INDUSTRIAL METROLOGY SOLUTIONS","og_description":"M3MH es el software CADCAM de medici\u00f3n en centros de mecanizado de 5 ejes que maximiza las prestaciones de tu m\u00e1quina herramienta.","og_url":"https:\/\/innovalia-metrology.com\/es\/productos-metrology\/soluciones-mh\/m3-mh-software-de-medicion-en-maquina-herramienta\/","og_site_name":"INNOVALIA METROLOGY | INDUSTRIAL METROLOGY SOLUTIONS","article_modified_time":"2025-11-28T12:26:48+00:00","og_image":[{"width":482,"height":271,"url":"https:\/\/innovalia-metrology.com\/wp-content\/uploads\/2021\/08\/500X-350-482x271-1.jpg","type":"image\/jpeg"}],"twitter_misc":{"Tiempo de lectura":"2 minutos"},"schema":{"@context":"https:\/\/schema.org","@graph":[{"@type":"WebPage","@id":"https:\/\/innovalia-metrology.com\/es\/productos-metrology\/soluciones-mh\/m3-mh-software-de-medicion-en-maquina-herramienta\/","url":"https:\/\/innovalia-metrology.com\/es\/productos-metrology\/soluciones-mh\/m3-mh-software-de-medicion-en-maquina-herramienta\/","name":"M3MH: Software de medici\u00f3n en m\u00e1quina herramienta | INNOVALIA METROLOGY | INDUSTRIAL METROLOGY SOLUTIONS","isPartOf":{"@id":"https:\/\/innovalia-metrology.com\/es\/#website"},"primaryImageOfPage":{"@id":"https:\/\/innovalia-metrology.com\/es\/productos-metrology\/soluciones-mh\/m3-mh-software-de-medicion-en-maquina-herramienta\/#primaryimage"},"image":{"@id":"https:\/\/innovalia-metrology.com\/es\/productos-metrology\/soluciones-mh\/m3-mh-software-de-medicion-en-maquina-herramienta\/#primaryimage"},"thumbnailUrl":"https:\/\/innovalia-metrology.com\/wp-content\/uploads\/2021\/08\/500X-350-482x271-1.jpg","datePublished":"2021-08-13T10:14:48+00:00","dateModified":"2025-11-28T12:26:48+00:00","description":"M3MH es el software CADCAM de medici\u00f3n en centros de mecanizado de 5 ejes que maximiza las prestaciones de tu m\u00e1quina herramienta.","breadcrumb":{"@id":"https:\/\/innovalia-metrology.com\/es\/productos-metrology\/soluciones-mh\/m3-mh-software-de-medicion-en-maquina-herramienta\/#breadcrumb"},"inLanguage":"es","potentialAction":[{"@type":"ReadAction","target":["https:\/\/innovalia-metrology.com\/es\/productos-metrology\/soluciones-mh\/m3-mh-software-de-medicion-en-maquina-herramienta\/"]}]},{"@type":"ImageObject","inLanguage":"es","@id":"https:\/\/innovalia-metrology.com\/es\/productos-metrology\/soluciones-mh\/m3-mh-software-de-medicion-en-maquina-herramienta\/#primaryimage","url":"https:\/\/innovalia-metrology.com\/wp-content\/uploads\/2021\/08\/500X-350-482x271-1.jpg","contentUrl":"https:\/\/innovalia-metrology.com\/wp-content\/uploads\/2021\/08\/500X-350-482x271-1.jpg","width":482,"height":271},{"@type":"BreadcrumbList","@id":"https:\/\/innovalia-metrology.com\/es\/productos-metrology\/soluciones-mh\/m3-mh-software-de-medicion-en-maquina-herramienta\/#breadcrumb","itemListElement":[{"@type":"ListItem","position":1,"name":"Home","item":"https:\/\/innovalia-metrology.com\/es\/"},{"@type":"ListItem","position":2,"name":"Soluciones de metrolog\u00eda dimensional industrial","item":"https:\/\/innovalia-metrology.com\/es\/productos-metrology\/"},{"@type":"ListItem","position":3,"name":"Soluciones de medici\u00f3n para maquina herramienta","item":"https:\/\/innovalia-metrology.com\/es\/productos-metrology\/soluciones-mh\/"},{"@type":"ListItem","position":4,"name":"M3MH: Software de medici\u00f3n en m\u00e1quina herramienta"}]},{"@type":"WebSite","@id":"https:\/\/innovalia-metrology.com\/es\/#website","url":"https:\/\/innovalia-metrology.com\/es\/","name":"INNOVALIA METROLOGY","description":"METROLOGY SOLUTIONS","publisher":{"@id":"https:\/\/innovalia-metrology.com\/es\/#organization"},"potentialAction":[{"@type":"SearchAction","target":{"@type":"EntryPoint","urlTemplate":"https:\/\/innovalia-metrology.com\/es\/?s={search_term_string}"},"query-input":{"@type":"PropertyValueSpecification","valueRequired":true,"valueName":"search_term_string"}}],"inLanguage":"es"},{"@type":"Organization","@id":"https:\/\/innovalia-metrology.com\/es\/#organization","name":"INNOVALIA METROLOGY","url":"https:\/\/innovalia-metrology.com\/es\/","logo":{"@type":"ImageObject","inLanguage":"es","@id":"https:\/\/innovalia-metrology.com\/es\/#\/schema\/logo\/image\/","url":"https:\/\/innovalia-metrology.com\/wp-content\/uploads\/2025\/10\/Diseno-sin-titulo-36.png","contentUrl":"https:\/\/innovalia-metrology.com\/wp-content\/uploads\/2025\/10\/Diseno-sin-titulo-36.png","width":300,"height":250,"caption":"INNOVALIA METROLOGY"},"image":{"@id":"https:\/\/innovalia-metrology.com\/es\/#\/schema\/logo\/image\/"},"sameAs":["https:\/\/x.com\/IMetrology_ES","https:\/\/www.linkedin.com\/company\/innovalia-metrology","https:\/\/www.youtube.com\/channel\/UCV7L_atMrcg6DUslHYeDaYQ"]}]}},"_links":{"self":[{"href":"https:\/\/innovalia-metrology.com\/es\/wp-json\/wp\/v2\/pages\/628126","targetHints":{"allow":["GET"]}}],"collection":[{"href":"https:\/\/innovalia-metrology.com\/es\/wp-json\/wp\/v2\/pages"}],"about":[{"href":"https:\/\/innovalia-metrology.com\/es\/wp-json\/wp\/v2\/types\/page"}],"author":[{"embeddable":true,"href":"https:\/\/innovalia-metrology.com\/es\/wp-json\/wp\/v2\/users\/85986"}],"replies":[{"embeddable":true,"href":"https:\/\/innovalia-metrology.com\/es\/wp-json\/wp\/v2\/comments?post=628126"}],"version-history":[{"count":13,"href":"https:\/\/innovalia-metrology.com\/es\/wp-json\/wp\/v2\/pages\/628126\/revisions"}],"predecessor-version":[{"id":645855,"href":"https:\/\/innovalia-metrology.com\/es\/wp-json\/wp\/v2\/pages\/628126\/revisions\/645855"}],"up":[{"embeddable":true,"href":"https:\/\/innovalia-metrology.com\/es\/wp-json\/wp\/v2\/pages\/628119"}],"wp:featuredmedia":[{"embeddable":true,"href":"https:\/\/innovalia-metrology.com\/es\/wp-json\/wp\/v2\/media\/113126"}],"wp:attachment":[{"href":"https:\/\/innovalia-metrology.com\/es\/wp-json\/wp\/v2\/media?parent=628126"}],"curies":[{"name":"wp","href":"https:\/\/api.w.org\/{rel}","templated":true}]}}