{"id":628227,"date":"2014-05-02T10:43:22","date_gmt":"2014-05-02T08:43:22","guid":{"rendered":"https:\/\/innovalia-metrology.cbtpruebas.es\/metrology-products\/metrology-software\/metrology-software-m3\/"},"modified":"2025-11-28T12:55:54","modified_gmt":"2025-11-28T11:55:54","slug":"metrology-software-m3","status":"publish","type":"page","link":"https:\/\/innovalia-metrology.com\/es\/productos-metrology\/software-metrologico\/metrology-software-m3\/","title":{"rendered":"Software medici\u00f3n nubes de puntos"},"content":{"rendered":"<p>[et_pb_section fb_built=\u00bb1&#8243; _builder_version=\u00bb4.19.4&#8243; _module_preset=\u00bbdefault\u00bb background_color=\u00bb#f7f7f7&#8243; custom_padding=\u00bb5px||10px|||\u00bb da_disable_devices=\u00bboff|off|off\u00bb locked=\u00bboff\u00bb global_colors_info=\u00bb{}\u00bb da_is_popup=\u00bboff\u00bb da_exit_intent=\u00bboff\u00bb da_has_close=\u00bbon\u00bb da_alt_close=\u00bboff\u00bb da_dark_close=\u00bboff\u00bb da_not_modal=\u00bbon\u00bb da_is_singular=\u00bboff\u00bb da_with_loader=\u00bboff\u00bb da_has_shadow=\u00bbon\u00bb][et_pb_row _builder_version=\u00bb4.19.4&#8243; background_size=\u00bbinitial\u00bb background_position=\u00bbtop_left\u00bb background_repeat=\u00bbrepeat\u00bb width=\u00bb100%\u00bb custom_padding=\u00bb||0px||false|false\u00bb locked=\u00bboff\u00bb global_colors_info=\u00bb{}\u00bb][et_pb_column type=\u00bb4_4&#8243; _builder_version=\u00bb4.16&#8243; custom_padding=\u00bb|||\u00bb global_colors_info=\u00bb{}\u00bb custom_padding__hover=\u00bb|||\u00bb][et_pb_text _builder_version=\u00bb4.16&#8243; header_3_font_size=\u00bb25px\u00bb background_size=\u00bbinitial\u00bb background_position=\u00bbtop_left\u00bb background_repeat=\u00bbrepeat\u00bb custom_padding=\u00bb||0px|||\u00bb global_colors_info=\u00bb{}\u00bb]<\/p>\n<h3 class=\"mover\">M3 : Software de alto rendimiento para la captura y an\u00e1lisis de nubes de puntos<\/h3>\n<p>[\/et_pb_text][\/et_pb_column][\/et_pb_row][et_pb_row _builder_version=\u00bb4.19.4&#8243; background_size=\u00bbinitial\u00bb background_position=\u00bbtop_left\u00bb background_repeat=\u00bbrepeat\u00bb width=\u00bb100%\u00bb custom_margin=\u00bb-3px|auto||auto|false|false\u00bb custom_padding=\u00bb0px||0px||false|false\u00bb border_width_bottom=\u00bb1px\u00bb border_color_bottom=\u00bb#d6d6d6&#8243; locked=\u00bboff\u00bb global_colors_info=\u00bb{}\u00bb][et_pb_column type=\u00bb4_4&#8243; _builder_version=\u00bb4.16&#8243; custom_padding=\u00bb|||\u00bb global_colors_info=\u00bb{}\u00bb custom_padding__hover=\u00bb|||\u00bb][et_pb_divider divider_position=\u00bbbottom\u00bb divider_weight=\u00bb2px\u00bb _builder_version=\u00bb4.16&#8243; _module_preset=\u00bbdefault\u00bb width=\u00bb30px\u00bb custom_margin=\u00bb||-3px||false|false\u00bb custom_padding=\u00bb0px||0px||true|false\u00bb border_color_all=\u00bb#000000&#8243; border_color_top=\u00bb#a0a0a0&#8243; border_color_bottom=\u00bb#dbdbdb\u00bb global_colors_info=\u00bb{}\u00bb][\/et_pb_divider][\/et_pb_column][\/et_pb_row][et_pb_row _builder_version=\u00bb4.19.4&#8243; _module_preset=\u00bbdefault\u00bb width=\u00bb100%\u00bb global_colors_info=\u00bb{}\u00bb][et_pb_column type=\u00bb4_4&#8243; _builder_version=\u00bb4.16&#8243; _module_preset=\u00bbdefault\u00bb global_colors_info=\u00bb{}\u00bb][et_pb_text _builder_version=\u00bb4.16&#8243; _module_preset=\u00bbdefault\u00bb global_colors_info=\u00bb{}\u00bb]<\/p>\n<h3 class=\"entry-subtitle\">Software metrol\u00f3gico de alto rendimiento desarrollado por Innovalia Metrology para la<span>\u00a0<\/span><strong>captura y an\u00e1lisis de nubes de puntos<\/strong>. M3 soluciona el complejo proceso de escaneado y gesti\u00f3n de nubes de puntos de una forma<span>\u00a0<\/span><strong>\u00e1gil, potente y sencilla<\/strong><\/h3>\n<p>[\/et_pb_text][et_pb_image src=\u00bbhttps:\/\/innovalia-metrology.com\/wp-content\/uploads\/2014\/04\/m3-tablet-section2.jpg\u00bb title_text=\u00bbm3-tablet-section\u00bb _builder_version=\u00bb4.16&#8243; _module_preset=\u00bbdefault\u00bb global_colors_info=\u00bb{}\u00bb][\/et_pb_image][\/et_pb_column][\/et_pb_row][et_pb_row _builder_version=\u00bb4.19.4&#8243; _module_preset=\u00bbdefault\u00bb width=\u00bb100%\u00bb custom_padding=\u00bb||0px|||\u00bb global_colors_info=\u00bb{}\u00bb][et_pb_column type=\u00bb4_4&#8243; _builder_version=\u00bb4.16&#8243; _module_preset=\u00bbdefault\u00bb global_colors_info=\u00bb{}\u00bb][et_pb_text _builder_version=\u00bb4.16&#8243; _module_preset=\u00bbdefault\u00bb custom_margin=\u00bb||12px|||\u00bb custom_padding=\u00bb20px|30px|20px|30px|true|true\u00bb border_width_all=\u00bb1px\u00bb border_color_all=\u00bb#e8e8e8&#8243; box_shadow_style=\u00bbpreset5&#8243; box_shadow_vertical=\u00bb0px\u00bb box_shadow_spread=\u00bb4px\u00bb box_shadow_color=\u00bbrgba(173,173,173,0.22)\u00bb global_colors_info=\u00bb{}\u00bb]<\/p>\n<h4>Ventajas<\/h4>\n<ul id=\"g1-list-1\" class=\"g1-list--icon g1-list--none \">\n<li>M3 es compatible con diversos dispositivos de medici\u00f3n 3D<\/li>\n<li><i class=\"fa fa-chevron-right g1-list__icon\"><\/i>Multisensor: Mismo flujo de trabajo para medici\u00f3n \u00f3ptica y por contacto<\/li>\n<li><i class=\"fa fa-chevron-right g1-list__icon\"><\/i>Conecta y mide: M3 es muy f\u00e1cil de usar. Comienza a trabajar en pocos minutos<\/li>\n<li><i class=\"fa fa-chevron-right g1-list__icon\"><\/i>Trazabilidad: Accede a tu informaci\u00f3n original en cualquier momento<\/li>\n<li><i class=\"fa fa-chevron-right g1-list__icon\"><\/i>Potente an\u00e1lisis de informaci\u00f3n<i class=\"fa fa-chevron-right g1-list__icon\"><\/i><\/li>\n<\/ul>\n<p>[\/et_pb_text][et_pb_text _builder_version=\u00bb4.19.5&#8243; _module_preset=\u00bbdefault\u00bb custom_margin=\u00bb48px|||||\u00bb global_colors_info=\u00bb{}\u00bb]<\/p>\n<p><span>Para obtener m\u00e1s informaci\u00f3n sobre las caracter\u00edsticas y ventajas del uso de M3, accede al microsite de la herramienta:<\/span><\/p>\n<p>[\/et_pb_text][et_pb_button button_url=\u00bbhttps:\/\/m3.innovalia-metrology.com\/\u00bb url_new_window=\u00bbon\u00bb button_text=\u00bbIr a la web de M3&#8243; button_alignment=\u00bbright\u00bb _builder_version=\u00bb4.19.5&#8243; _module_preset=\u00bbdefault\u00bb custom_padding=\u00bb10px|20px|10px|20px|true|true\u00bb global_colors_info=\u00bb{}\u00bb][\/et_pb_button][\/et_pb_column][\/et_pb_row][\/et_pb_section]<\/p>\n","protected":false},"excerpt":{"rendered":"<p>M3 : Software de alto rendimiento para la captura y an\u00e1lisis de nubes de puntosSoftware metrol\u00f3gico de alto rendimiento desarrollado por Innovalia Metrology para la\u00a0captura y an\u00e1lisis de nubes de puntos. M3 soluciona el complejo proceso de escaneado y gesti\u00f3n de nubes de puntos de una forma\u00a0\u00e1gil, potente y sencillaVentajas M3 es compatible con diversos [&hellip;]<\/p>\n","protected":false},"author":85986,"featured_media":79477,"parent":628221,"menu_order":1,"comment_status":"closed","ping_status":"closed","template":"","meta":{"_acf_changed":false,"_et_pb_use_builder":"on","_et_pb_old_content":"[precontent]\r\n<div class=\"sale\"><img class=\"aligncenter size-full wp-image-14299\" src=\"https:\/\/innovalia-metrology.com\/wp-content\/uploads\/2019\/12\/Banner_Metrology_Sale_Nov19_en.jpg\" alt=\"\" width=\"5833\" height=\"1250\"><\/div>\r\n[\/precontent]\r\n\r\n<h3 class=\"mover\"><\/h3>\r\n<h3>Metrology software M3<\/h3>\r\n[divider style=\"simple\"]\r\n\r\n[\/divider]\r\n<h3 class=\"entry-subtitle\">The Metrology software M3 is a High Performance Software for <strong>Capturing and Analyzing Point Clouds<\/strong>. M3 solves all the comprehensive process of scanning and point cloud management in a versatile, agile and powerful way.<\/h3>\r\n\u00a0\r\n\r\n[caption id=\"attachment_2827\" align=\"alignnone\" width=\"1000\"]<img class=\"size-full wp-image-2827\" src=\"https:\/\/innovalia-metrology.com\/wp-content\/uploads\/2014\/04\/m3-tablet-section2.jpg\" alt=\"Metrology-software-M3\" width=\"1000\" height=\"664\"> M3[\/caption]\r\n\r\n[box style=\"solid\"]\r\n<h4>Advantages<\/h4>\r\n[list type=\"icon\" icon=\"chevron-right\"]\r\n<ul>\r\n \t<li>Great compatibility: M3 covers the entire spectrum of metrology, regardless of device, brand or model<\/li>\r\n \t<li>Multisensor: Same workflow for contact and optical Measurement<\/li>\r\n \t<li>Start working in a few minutes. No specific previous knowledge of CAD or metrological tools is needed<\/li>\r\n \t<li>Trazability: Access to your original information anytime<\/li>\r\n \t<li>Powerful analysis: Work with the widest range of geometries and geometric dimensioning and tolerancing (GD&T)<\/li>\r\n \t<li>etc<\/li>\r\n<\/ul>\r\n[\/list]\r\n\r\n[\/box]\r\n\r\nAccess to M3 microsite and discover its advanced features and main advantages:\r\n<p style=\"text-align: right;\">[button size=\"big\" link=\"http:\/\/m3.innovalia-metrology.com\/\"]Go to the M3 site[\/button]<\/p>","_et_gb_content_width":"","footnotes":""},"class_list":["post-628227","page","type-page","status-publish","has-post-thumbnail","hentry"],"acf":[],"yoast_head":"<title>Software medici\u00f3n nubes de puntos | Innovalia Metrology<\/title>\n<meta name=\"description\" content=\"El software de metrolog\u00eda M3 resuelve todo el proceso de escaneo y gesti\u00f3n de nubes de puntos de una manera vers\u00e1til.\" \/>\n<meta name=\"robots\" content=\"index, follow, max-snippet:-1, max-image-preview:large, max-video-preview:-1\" \/>\n<link rel=\"canonical\" href=\"https:\/\/innovalia-metrology.com\/es\/productos-metrology\/software-metrologico\/metrology-software-m3\/\" \/>\n<meta property=\"og:locale\" content=\"es_ES\" \/>\n<meta property=\"og:type\" content=\"article\" \/>\n<meta property=\"og:title\" content=\"Software medici\u00f3n nubes de puntos | Innovalia Metrology\" \/>\n<meta property=\"og:description\" content=\"El software de metrolog\u00eda M3 resuelve todo el proceso de escaneo y gesti\u00f3n de nubes de puntos de una manera vers\u00e1til.\" \/>\n<meta property=\"og:url\" content=\"https:\/\/innovalia-metrology.com\/es\/productos-metrology\/software-metrologico\/metrology-software-m3\/\" \/>\n<meta property=\"og:site_name\" content=\"INNOVALIA METROLOGY | INDUSTRIAL METROLOGY SOLUTIONS\" \/>\n<meta property=\"article:modified_time\" content=\"2025-11-28T11:55:54+00:00\" \/>\n<meta property=\"og:image\" content=\"https:\/\/innovalia-metrology.com\/wp-content\/uploads\/2013\/03\/software-m3.jpg\" \/>\n\t<meta property=\"og:image:width\" content=\"500\" \/>\n\t<meta property=\"og:image:height\" content=\"380\" \/>\n\t<meta property=\"og:image:type\" content=\"image\/jpeg\" \/>\n<meta name=\"twitter:label1\" content=\"Tiempo de lectura\" \/>\n\t<meta name=\"twitter:data1\" content=\"1 minuto\" \/>\n<script type=\"application\/ld+json\" class=\"yoast-schema-graph\">{\"@context\":\"https:\/\/schema.org\",\"@graph\":[{\"@type\":\"WebPage\",\"@id\":\"https:\/\/innovalia-metrology.com\/es\/productos-metrology\/software-metrologico\/metrology-software-m3\/\",\"url\":\"https:\/\/innovalia-metrology.com\/es\/productos-metrology\/software-metrologico\/metrology-software-m3\/\",\"name\":\"Software medici\u00f3n nubes de puntos | Innovalia Metrology\",\"isPartOf\":{\"@id\":\"https:\/\/innovalia-metrology.com\/es\/#website\"},\"primaryImageOfPage\":{\"@id\":\"https:\/\/innovalia-metrology.com\/es\/productos-metrology\/software-metrologico\/metrology-software-m3\/#primaryimage\"},\"image\":{\"@id\":\"https:\/\/innovalia-metrology.com\/es\/productos-metrology\/software-metrologico\/metrology-software-m3\/#primaryimage\"},\"thumbnailUrl\":\"https:\/\/innovalia-metrology.com\/wp-content\/uploads\/2013\/03\/software-m3.jpg\",\"datePublished\":\"2014-05-02T08:43:22+00:00\",\"dateModified\":\"2025-11-28T11:55:54+00:00\",\"description\":\"El software de metrolog\u00eda M3 resuelve todo el proceso de escaneo y gesti\u00f3n de nubes de puntos de una manera vers\u00e1til.\",\"breadcrumb\":{\"@id\":\"https:\/\/innovalia-metrology.com\/es\/productos-metrology\/software-metrologico\/metrology-software-m3\/#breadcrumb\"},\"inLanguage\":\"es\",\"potentialAction\":[{\"@type\":\"ReadAction\",\"target\":[\"https:\/\/innovalia-metrology.com\/es\/productos-metrology\/software-metrologico\/metrology-software-m3\/\"]}]},{\"@type\":\"ImageObject\",\"inLanguage\":\"es\",\"@id\":\"https:\/\/innovalia-metrology.com\/es\/productos-metrology\/software-metrologico\/metrology-software-m3\/#primaryimage\",\"url\":\"https:\/\/innovalia-metrology.com\/wp-content\/uploads\/2013\/03\/software-m3.jpg\",\"contentUrl\":\"https:\/\/innovalia-metrology.com\/wp-content\/uploads\/2013\/03\/software-m3.jpg\",\"width\":500,\"height\":380},{\"@type\":\"BreadcrumbList\",\"@id\":\"https:\/\/innovalia-metrology.com\/es\/productos-metrology\/software-metrologico\/metrology-software-m3\/#breadcrumb\",\"itemListElement\":[{\"@type\":\"ListItem\",\"position\":1,\"name\":\"Home\",\"item\":\"https:\/\/innovalia-metrology.com\/es\/\"},{\"@type\":\"ListItem\",\"position\":2,\"name\":\"Soluciones de metrolog\u00eda dimensional industrial\",\"item\":\"https:\/\/innovalia-metrology.com\/es\/productos-metrology\/\"},{\"@type\":\"ListItem\",\"position\":3,\"name\":\"Software de metrolog\u00eda para maquinas de medici\u00f3n\",\"item\":\"https:\/\/innovalia-metrology.com\/es\/productos-metrology\/software-metrologico\/\"},{\"@type\":\"ListItem\",\"position\":4,\"name\":\"Software medici\u00f3n nubes de puntos\"}]},{\"@type\":\"WebSite\",\"@id\":\"https:\/\/innovalia-metrology.com\/es\/#website\",\"url\":\"https:\/\/innovalia-metrology.com\/es\/\",\"name\":\"INNOVALIA METROLOGY\",\"description\":\"METROLOGY SOLUTIONS\",\"publisher\":{\"@id\":\"https:\/\/innovalia-metrology.com\/es\/#organization\"},\"potentialAction\":[{\"@type\":\"SearchAction\",\"target\":{\"@type\":\"EntryPoint\",\"urlTemplate\":\"https:\/\/innovalia-metrology.com\/es\/?s={search_term_string}\"},\"query-input\":{\"@type\":\"PropertyValueSpecification\",\"valueRequired\":true,\"valueName\":\"search_term_string\"}}],\"inLanguage\":\"es\"},{\"@type\":\"Organization\",\"@id\":\"https:\/\/innovalia-metrology.com\/es\/#organization\",\"name\":\"INNOVALIA METROLOGY\",\"url\":\"https:\/\/innovalia-metrology.com\/es\/\",\"logo\":{\"@type\":\"ImageObject\",\"inLanguage\":\"es\",\"@id\":\"https:\/\/innovalia-metrology.com\/es\/#\/schema\/logo\/image\/\",\"url\":\"https:\/\/innovalia-metrology.com\/wp-content\/uploads\/2025\/10\/Diseno-sin-titulo-36.png\",\"contentUrl\":\"https:\/\/innovalia-metrology.com\/wp-content\/uploads\/2025\/10\/Diseno-sin-titulo-36.png\",\"width\":300,\"height\":250,\"caption\":\"INNOVALIA METROLOGY\"},\"image\":{\"@id\":\"https:\/\/innovalia-metrology.com\/es\/#\/schema\/logo\/image\/\"},\"sameAs\":[\"https:\/\/x.com\/IMetrology_ES\",\"https:\/\/www.linkedin.com\/company\/innovalia-metrology\",\"https:\/\/www.youtube.com\/channel\/UCV7L_atMrcg6DUslHYeDaYQ\"]}]}<\/script>","yoast_head_json":{"title":"Software medici\u00f3n nubes de puntos | Innovalia Metrology","description":"El software de metrolog\u00eda M3 resuelve todo el proceso de escaneo y gesti\u00f3n de nubes de puntos de una manera vers\u00e1til.","robots":{"index":"index","follow":"follow","max-snippet":"max-snippet:-1","max-image-preview":"max-image-preview:large","max-video-preview":"max-video-preview:-1"},"canonical":"https:\/\/innovalia-metrology.com\/es\/productos-metrology\/software-metrologico\/metrology-software-m3\/","og_locale":"es_ES","og_type":"article","og_title":"Software medici\u00f3n nubes de puntos | Innovalia Metrology","og_description":"El software de metrolog\u00eda M3 resuelve todo el proceso de escaneo y gesti\u00f3n de nubes de puntos de una manera vers\u00e1til.","og_url":"https:\/\/innovalia-metrology.com\/es\/productos-metrology\/software-metrologico\/metrology-software-m3\/","og_site_name":"INNOVALIA METROLOGY | INDUSTRIAL METROLOGY SOLUTIONS","article_modified_time":"2025-11-28T11:55:54+00:00","og_image":[{"width":500,"height":380,"url":"https:\/\/innovalia-metrology.com\/wp-content\/uploads\/2013\/03\/software-m3.jpg","type":"image\/jpeg"}],"twitter_misc":{"Tiempo de lectura":"1 minuto"},"schema":{"@context":"https:\/\/schema.org","@graph":[{"@type":"WebPage","@id":"https:\/\/innovalia-metrology.com\/es\/productos-metrology\/software-metrologico\/metrology-software-m3\/","url":"https:\/\/innovalia-metrology.com\/es\/productos-metrology\/software-metrologico\/metrology-software-m3\/","name":"Software medici\u00f3n nubes de puntos | Innovalia Metrology","isPartOf":{"@id":"https:\/\/innovalia-metrology.com\/es\/#website"},"primaryImageOfPage":{"@id":"https:\/\/innovalia-metrology.com\/es\/productos-metrology\/software-metrologico\/metrology-software-m3\/#primaryimage"},"image":{"@id":"https:\/\/innovalia-metrology.com\/es\/productos-metrology\/software-metrologico\/metrology-software-m3\/#primaryimage"},"thumbnailUrl":"https:\/\/innovalia-metrology.com\/wp-content\/uploads\/2013\/03\/software-m3.jpg","datePublished":"2014-05-02T08:43:22+00:00","dateModified":"2025-11-28T11:55:54+00:00","description":"El software de metrolog\u00eda M3 resuelve todo el proceso de escaneo y gesti\u00f3n de nubes de puntos de una manera vers\u00e1til.","breadcrumb":{"@id":"https:\/\/innovalia-metrology.com\/es\/productos-metrology\/software-metrologico\/metrology-software-m3\/#breadcrumb"},"inLanguage":"es","potentialAction":[{"@type":"ReadAction","target":["https:\/\/innovalia-metrology.com\/es\/productos-metrology\/software-metrologico\/metrology-software-m3\/"]}]},{"@type":"ImageObject","inLanguage":"es","@id":"https:\/\/innovalia-metrology.com\/es\/productos-metrology\/software-metrologico\/metrology-software-m3\/#primaryimage","url":"https:\/\/innovalia-metrology.com\/wp-content\/uploads\/2013\/03\/software-m3.jpg","contentUrl":"https:\/\/innovalia-metrology.com\/wp-content\/uploads\/2013\/03\/software-m3.jpg","width":500,"height":380},{"@type":"BreadcrumbList","@id":"https:\/\/innovalia-metrology.com\/es\/productos-metrology\/software-metrologico\/metrology-software-m3\/#breadcrumb","itemListElement":[{"@type":"ListItem","position":1,"name":"Home","item":"https:\/\/innovalia-metrology.com\/es\/"},{"@type":"ListItem","position":2,"name":"Soluciones de metrolog\u00eda dimensional industrial","item":"https:\/\/innovalia-metrology.com\/es\/productos-metrology\/"},{"@type":"ListItem","position":3,"name":"Software de metrolog\u00eda para maquinas de medici\u00f3n","item":"https:\/\/innovalia-metrology.com\/es\/productos-metrology\/software-metrologico\/"},{"@type":"ListItem","position":4,"name":"Software medici\u00f3n nubes de puntos"}]},{"@type":"WebSite","@id":"https:\/\/innovalia-metrology.com\/es\/#website","url":"https:\/\/innovalia-metrology.com\/es\/","name":"INNOVALIA METROLOGY","description":"METROLOGY SOLUTIONS","publisher":{"@id":"https:\/\/innovalia-metrology.com\/es\/#organization"},"potentialAction":[{"@type":"SearchAction","target":{"@type":"EntryPoint","urlTemplate":"https:\/\/innovalia-metrology.com\/es\/?s={search_term_string}"},"query-input":{"@type":"PropertyValueSpecification","valueRequired":true,"valueName":"search_term_string"}}],"inLanguage":"es"},{"@type":"Organization","@id":"https:\/\/innovalia-metrology.com\/es\/#organization","name":"INNOVALIA METROLOGY","url":"https:\/\/innovalia-metrology.com\/es\/","logo":{"@type":"ImageObject","inLanguage":"es","@id":"https:\/\/innovalia-metrology.com\/es\/#\/schema\/logo\/image\/","url":"https:\/\/innovalia-metrology.com\/wp-content\/uploads\/2025\/10\/Diseno-sin-titulo-36.png","contentUrl":"https:\/\/innovalia-metrology.com\/wp-content\/uploads\/2025\/10\/Diseno-sin-titulo-36.png","width":300,"height":250,"caption":"INNOVALIA METROLOGY"},"image":{"@id":"https:\/\/innovalia-metrology.com\/es\/#\/schema\/logo\/image\/"},"sameAs":["https:\/\/x.com\/IMetrology_ES","https:\/\/www.linkedin.com\/company\/innovalia-metrology","https:\/\/www.youtube.com\/channel\/UCV7L_atMrcg6DUslHYeDaYQ"]}]}},"_links":{"self":[{"href":"https:\/\/innovalia-metrology.com\/es\/wp-json\/wp\/v2\/pages\/628227","targetHints":{"allow":["GET"]}}],"collection":[{"href":"https:\/\/innovalia-metrology.com\/es\/wp-json\/wp\/v2\/pages"}],"about":[{"href":"https:\/\/innovalia-metrology.com\/es\/wp-json\/wp\/v2\/types\/page"}],"author":[{"embeddable":true,"href":"https:\/\/innovalia-metrology.com\/es\/wp-json\/wp\/v2\/users\/85986"}],"replies":[{"embeddable":true,"href":"https:\/\/innovalia-metrology.com\/es\/wp-json\/wp\/v2\/comments?post=628227"}],"version-history":[{"count":6,"href":"https:\/\/innovalia-metrology.com\/es\/wp-json\/wp\/v2\/pages\/628227\/revisions"}],"predecessor-version":[{"id":693560,"href":"https:\/\/innovalia-metrology.com\/es\/wp-json\/wp\/v2\/pages\/628227\/revisions\/693560"}],"up":[{"embeddable":true,"href":"https:\/\/innovalia-metrology.com\/es\/wp-json\/wp\/v2\/pages\/628221"}],"wp:featuredmedia":[{"embeddable":true,"href":"https:\/\/innovalia-metrology.com\/es\/wp-json\/wp\/v2\/media\/79477"}],"wp:attachment":[{"href":"https:\/\/innovalia-metrology.com\/es\/wp-json\/wp\/v2\/media?parent=628227"}],"curies":[{"name":"wp","href":"https:\/\/api.w.org\/{rel}","templated":true}]}}