{"id":628512,"date":"2017-10-13T12:17:41","date_gmt":"2017-10-13T10:17:41","guid":{"rendered":"https:\/\/innovalia-metrology.cbtpruebas.es\/productos-metrology\/accesorios\/fixtures\/"},"modified":"2025-11-28T16:26:28","modified_gmt":"2025-11-28T15:26:28","slug":"sistemas-de-fijacion","status":"publish","type":"page","link":"https:\/\/innovalia-metrology.com\/es\/productos-metrology\/accesorios\/sistemas-de-fijacion\/","title":{"rendered":"Sistemas de fijaci\u00f3n"},"content":{"rendered":"<p>[et_pb_section fb_built=\u00bb1&#8243; _builder_version=\u00bb4.19.4&#8243; _module_preset=\u00bbdefault\u00bb background_color=\u00bb#f7f7f7&#8243; custom_padding=\u00bb5px||10px|||\u00bb da_disable_devices=\u00bboff|off|off\u00bb locked=\u00bboff\u00bb global_colors_info=\u00bb{}\u00bb da_is_popup=\u00bboff\u00bb da_exit_intent=\u00bboff\u00bb da_has_close=\u00bbon\u00bb da_alt_close=\u00bboff\u00bb da_dark_close=\u00bboff\u00bb da_not_modal=\u00bbon\u00bb da_is_singular=\u00bboff\u00bb da_with_loader=\u00bboff\u00bb da_has_shadow=\u00bbon\u00bb][et_pb_row _builder_version=\u00bb4.19.4&#8243; _module_preset=\u00bbdefault\u00bb width=\u00bb100%\u00bb custom_margin=\u00bb||||false|false\u00bb custom_padding=\u00bb16px||0px||false|false\u00bb global_colors_info=\u00bb{}\u00bb][et_pb_column type=\u00bb4_4&#8243; _builder_version=\u00bb4.16&#8243; _module_preset=\u00bbdefault\u00bb global_colors_info=\u00bb{}\u00bb][et_pb_text _builder_version=\u00bb4.19.4&#8243; _module_preset=\u00bbdefault\u00bb custom_padding=\u00bb||0px|||\u00bb global_colors_info=\u00bb{}\u00bb]<\/p>\n<h3>Fixtures<\/h3>\n<div id=\"g1-divider-1\" class=\"g1-divider g1-divider--simple g1-divider--noicon \"><\/div>\n<p>[\/et_pb_text][\/et_pb_column][\/et_pb_row][et_pb_row _builder_version=\u00bb4.19.4&#8243; background_size=\u00bbinitial\u00bb background_position=\u00bbtop_left\u00bb background_repeat=\u00bbrepeat\u00bb width=\u00bb100%\u00bb custom_margin=\u00bb-3px|auto||auto|false|false\u00bb custom_padding=\u00bb0px||0px||false|false\u00bb border_width_bottom=\u00bb1px\u00bb border_color_bottom=\u00bb#d6d6d6&#8243; locked=\u00bboff\u00bb global_colors_info=\u00bb{}\u00bb][et_pb_column type=\u00bb4_4&#8243; _builder_version=\u00bb4.16&#8243; custom_padding=\u00bb|||\u00bb global_colors_info=\u00bb{}\u00bb custom_padding__hover=\u00bb|||\u00bb][et_pb_divider divider_position=\u00bbbottom\u00bb divider_weight=\u00bb2px\u00bb _builder_version=\u00bb4.16&#8243; _module_preset=\u00bbdefault\u00bb width=\u00bb30px\u00bb custom_margin=\u00bb||-3px||false|false\u00bb custom_padding=\u00bb0px||0px||true|false\u00bb border_color_all=\u00bb#000000&#8243; border_color_top=\u00bb#a0a0a0&#8243; border_color_bottom=\u00bb#dbdbdb\u00bb global_colors_info=\u00bb{}\u00bb][\/et_pb_divider][\/et_pb_column][\/et_pb_row][\/et_pb_section][et_pb_section fb_built=\u00bb1&#8243; _builder_version=\u00bb4.19.5&#8243; _module_preset=\u00bbdefault\u00bb background_color=\u00bb#f7f7f7&#8243; custom_padding=\u00bb3px|||||\u00bb da_disable_devices=\u00bboff|off|off\u00bb global_colors_info=\u00bb{}\u00bb da_is_popup=\u00bboff\u00bb da_exit_intent=\u00bboff\u00bb da_has_close=\u00bbon\u00bb da_alt_close=\u00bboff\u00bb da_dark_close=\u00bboff\u00bb da_not_modal=\u00bbon\u00bb da_is_singular=\u00bboff\u00bb da_with_loader=\u00bboff\u00bb da_has_shadow=\u00bbon\u00bb][et_pb_row column_structure=\u00bb1_3,1_3,1_3&#8243; _builder_version=\u00bb4.19.4&#8243; _module_preset=\u00bbdefault\u00bb width=\u00bb100%\u00bb global_colors_info=\u00bb{}\u00bb][et_pb_column type=\u00bb1_3&#8243; _builder_version=\u00bb4.19.4&#8243; _module_preset=\u00bbdefault\u00bb global_colors_info=\u00bb{}\u00bb][et_pb_cta button_url=\u00bb\/metrology-products\/accessories\/fixtures\/fixture-kits\/\u00bb button_text=\u00bbVer m\u00e1s\u00bb _builder_version=\u00bb4.19.5&#8243; _module_preset=\u00bbdefault\u00bb header_level=\u00bbh3&#8243; header_text_align=\u00bbleft\u00bb header_text_color=\u00bb#000000&#8243; background_color=\u00bbRGBA(0,0,0,0)\u00bb button_alignment=\u00bbleft\u00bb background_layout=\u00bblight\u00bb custom_padding=\u00bb0px|0px|0px|0px|true|true\u00bb link_option_url=\u00bb\/metrology-products\/accessories\/fixtures\/fixture-kits\/\u00bb custom_css_promo_button=\u00bbmargin-top:-20px;\u00bb locked=\u00bboff\u00bb global_colors_info=\u00bb{}\u00bb]<\/p>\n<figure class=\"entry-featured-media g1-on--mouse\">\n<div id=\"g1-content-area\">\n<div id=\"primary\">\n<div id=\"content\" role=\"main\">\n<article id=\"post-6205\" class=\"post-6205 page type-page status-publish has-post-thumbnail g1-complete\">\n<div class=\"entry-content\">\n<div id=\"g1-custom-posts-shortcode-1\" class=\"g1-collection-custom_pages g1-custom-posts-shortcode g1-shortcode mover\">\n<div class=\"g1-collection g1-collection--grid g1-collection--one-half g1-collection--simple g1-effect-none\">\n<article id=\"post-4237\" class=\"post-4237 page type-page status-publish has-post-thumbnail g1_relation_tag-cmms g1-brief\">\n<figure class=\"entry-featured-media g1-on--mouse\"><span class=\"g1-decorator\"><img loading=\"lazy\" decoding=\"async\" class=\"wp-image-4107 size-full alignnone\" src=\"https:\/\/innovalia-metrology.com\/wp-content\/uploads\/2023\/01\/Fixture-kits.webp\" alt=\"Fixture kits\" width=\"490\" height=\"275\" \/><\/span><\/figure>\n<\/article>\n<\/div>\n<\/div>\n<\/div>\n<\/article>\n<\/div>\n<\/div>\n<\/div>\n<\/figure>\n<div class=\"g1-nonmedia\">\n<div class=\"g1-inner\">\n<header class=\"entry-header\">\n<h3><\/h3>\n<\/header>\n<\/div>\n<\/div>\n<h3 style=\"text-align: left;\">Fixture Kits<\/h3>\n<p>[\/et_pb_cta][\/et_pb_column][et_pb_column type=\u00bb1_3&#8243; _builder_version=\u00bb4.19.4&#8243; _module_preset=\u00bbdefault\u00bb global_colors_info=\u00bb{}\u00bb][et_pb_cta button_url=\u00bb@ET-DC@eyJkeW5hbWljIjp0cnVlLCJjb250ZW50IjoicG9zdF9saW5rX3VybF9wYWdlIiwic2V0dGluZ3MiOnsicG9zdF9pZCI6IjIxOTkxIn19@\u00bb button_text=\u00bbVer m\u00e1s\u00bb _builder_version=\u00bb4.19.5&#8243; _dynamic_attributes=\u00bbbutton_url,link_option_url\u00bb _module_preset=\u00bbdefault\u00bb header_level=\u00bbh3&#8243; header_text_align=\u00bbleft\u00bb header_text_color=\u00bb#000000&#8243; background_color=\u00bbRGBA(0,0,0,0)\u00bb button_alignment=\u00bbleft\u00bb background_layout=\u00bblight\u00bb custom_padding=\u00bb0px|0px|0px|0px|true|true\u00bb link_option_url=\u00bb@ET-DC@eyJkeW5hbWljIjp0cnVlLCJjb250ZW50IjoicG9zdF9saW5rX3VybF9wYWdlIiwic2V0dGluZ3MiOnsicG9zdF9pZCI6IjIxOTkxIn19@\u00bb custom_css_promo_button=\u00bbmargin-top:-20px;\u00bb locked=\u00bboff\u00bb global_colors_info=\u00bb{}\u00bb]<\/p>\n<figure class=\"entry-featured-media g1-on--mouse\">\n<div id=\"g1-content-area\">\n<div id=\"primary\">\n<div id=\"content\" role=\"main\">\n<article id=\"post-6205\" class=\"post-6205 page type-page status-publish has-post-thumbnail g1-complete\">\n<div class=\"entry-content\">\n<div id=\"g1-custom-posts-shortcode-1\" class=\"g1-collection-custom_pages g1-custom-posts-shortcode g1-shortcode mover\">\n<div class=\"g1-collection g1-collection--grid g1-collection--one-half g1-collection--simple g1-effect-none\">\n<article id=\"post-4237\" class=\"post-4237 page type-page status-publish has-post-thumbnail g1_relation_tag-cmms g1-brief\">\n<figure class=\"entry-featured-media g1-on--mouse\"><span class=\"g1-decorator\"><img loading=\"lazy\" decoding=\"async\" class=\"wp-image-4107 size-full alignnone\" src=\"https:\/\/innovalia-metrology.com\/wp-content\/uploads\/2023\/01\/Palletizing-systems.webp\" alt=\"Palletizing Systems\" width=\"490\" height=\"275\" \/><\/span><\/figure>\n<\/article>\n<\/div>\n<\/div>\n<\/div>\n<\/article>\n<\/div>\n<\/div>\n<\/div>\n<\/figure>\n<div class=\"g1-nonmedia\">\n<div class=\"g1-inner\">\n<header class=\"entry-header\">\n<h3><\/h3>\n<\/header>\n<\/div>\n<\/div>\n<h3 style=\"text-align: left;\">Sistemas de paletizado<\/h3>\n<p>[\/et_pb_cta][\/et_pb_column][et_pb_column type=\u00bb1_3&#8243; _builder_version=\u00bb4.19.4&#8243; _module_preset=\u00bbdefault\u00bb global_colors_info=\u00bb{}\u00bb][et_pb_cta button_url=\u00bb\/metrology-products\/accessories\/fixtures\/custom-jigs\/\u00bb button_text=\u00bbVer m\u00e1s\u00bb _builder_version=\u00bb4.19.5&#8243; _module_preset=\u00bbdefault\u00bb header_level=\u00bbh3&#8243; header_text_align=\u00bbleft\u00bb header_text_color=\u00bb#000000&#8243; background_color=\u00bbRGBA(0,0,0,0)\u00bb button_alignment=\u00bbleft\u00bb background_layout=\u00bblight\u00bb custom_padding=\u00bb0px|0px|0px|0px|true|true\u00bb link_option_url=\u00bb\/metrology-products\/accessories\/fixtures\/custom-jigs\/\u00bb custom_css_promo_button=\u00bbmargin-top:-20px;\u00bb locked=\u00bboff\u00bb global_colors_info=\u00bb{}\u00bb]<\/p>\n<figure class=\"entry-featured-media g1-on--mouse\">\n<div id=\"g1-content-area\">\n<div id=\"primary\">\n<div id=\"content\" role=\"main\">\n<article id=\"post-6205\" class=\"post-6205 page type-page status-publish has-post-thumbnail g1-complete\">\n<div class=\"entry-content\">\n<div id=\"g1-custom-posts-shortcode-1\" class=\"g1-collection-custom_pages g1-custom-posts-shortcode g1-shortcode mover\">\n<div class=\"g1-collection g1-collection--grid g1-collection--one-half g1-collection--simple g1-effect-none\">\n<article id=\"post-4237\" class=\"post-4237 page type-page status-publish has-post-thumbnail g1_relation_tag-cmms g1-brief\">\n<figure class=\"entry-featured-media g1-on--mouse\"><span class=\"g1-decorator\"><img loading=\"lazy\" decoding=\"async\" class=\"wp-image-4107 size-full alignnone\" src=\"https:\/\/innovalia-metrology.com\/wp-content\/uploads\/2023\/01\/Custom-Jigs.webp\" alt=\"Custom Jigs\" width=\"490\" height=\"275\" \/><\/span><\/figure>\n<\/article>\n<\/div>\n<\/div>\n<\/div>\n<\/article>\n<\/div>\n<\/div>\n<\/div>\n<\/figure>\n<div class=\"g1-nonmedia\">\n<div class=\"g1-inner\">\n<header class=\"entry-header\">\n<h3><\/h3>\n<\/header>\n<\/div>\n<\/div>\n<h3 style=\"text-align: left;\">\u00datiles de fijaci\u00f3n modulables<\/h3>\n<p>[\/et_pb_cta][\/et_pb_column][\/et_pb_row][\/et_pb_section]<\/p>\n","protected":false},"excerpt":{"rendered":"<p>Fixtures Fixture Kits Sistemas de paletizado \u00datiles de fijaci\u00f3n modulables<\/p>\n","protected":false},"author":85986,"featured_media":81667,"parent":628245,"menu_order":3,"comment_status":"closed","ping_status":"closed","template":"","meta":{"_acf_changed":false,"_et_pb_use_builder":"on","_et_pb_old_content":"[precontent]\r\n<div class=\"sale\"><img class=\"aligncenter size-full wp-image-14299\" src=\"https:\/\/innovalia-metrology.com\/wp-content\/uploads\/2019\/12\/Banner_Metrology_Sale_Nov19_en.jpg\" alt=\"\" width=\"5833\" height=\"1250\" \/><\/div>\r\n[\/precontent]\r\n\r\n[space class=\"mover\" value=\"60\"]\r\n\r\n[\/space]\r\n\r\n[one_half valign=\"top\" animation=\"none\"]\r\n\r\n<a href=\"\/?page_id=8355\"><img class=\"size-full wp-image-8435 aligncenter\" src=\"https:\/\/innovalia-metrology.com\/wp-content\/uploads\/2017\/10\/vulkan-cmm-portable-system-2-1.jpg\" alt=\"\" width=\"782\" height=\"596\" \/><\/a>\r\n<h4><a href=\"\/?page_id=8355\">Fixture Kits\r\n<\/a>Standard fixtures for CMM<\/h4>\r\n\u00a0\r\n\r\n[\/one_half]\r\n\r\n[one_half_last valign=\"top\" animation=\"none\"]\r\n\r\n<a href=\"\/?page_id=8394\"><img class=\"size-full wp-image-8436 aligncenter\" src=\"https:\/\/innovalia-metrology.com\/wp-content\/uploads\/2017\/10\/vulkan-cmm-portable-system-2-2.jpg\" alt=\"\" width=\"782\" height=\"596\" \/><\/a>\r\n<h4><a href=\"\/?page_id=8394\">Custom Jigs\r\n<\/a>Custom checking and fixture jigs<\/h4>\r\n\u00a0\r\n\r\n[\/one_half_last]","_et_gb_content_width":"","footnotes":""},"class_list":["post-628512","page","type-page","status-publish","has-post-thumbnail","hentry"],"acf":[],"yoast_head":"<title>Tecnolog\u00eda de fijaci\u00f3n industrial | Innovalia Metrology<\/title>\n<meta name=\"description\" content=\"Sistemas de fijaci\u00f3n est\u00e1ndar y plantillas personalizadas para optimizar el proceso de gesti\u00f3n de la calidad.\" \/>\n<meta name=\"robots\" content=\"index, follow, max-snippet:-1, max-image-preview:large, max-video-preview:-1\" \/>\n<link rel=\"canonical\" href=\"https:\/\/innovalia-metrology.com\/es\/productos-metrology\/accesorios\/sistemas-de-fijacion\/\" \/>\n<meta property=\"og:locale\" content=\"es_ES\" \/>\n<meta property=\"og:type\" content=\"article\" \/>\n<meta property=\"og:title\" content=\"Tecnolog\u00eda de fijaci\u00f3n industrial | Innovalia Metrology\" \/>\n<meta property=\"og:description\" content=\"Sistemas de fijaci\u00f3n est\u00e1ndar y plantillas personalizadas para optimizar el proceso de gesti\u00f3n de la calidad.\" \/>\n<meta property=\"og:url\" content=\"https:\/\/innovalia-metrology.com\/es\/productos-metrology\/accesorios\/sistemas-de-fijacion\/\" \/>\n<meta property=\"og:site_name\" content=\"INNOVALIA METROLOGY | INDUSTRIAL METROLOGY SOLUTIONS\" \/>\n<meta property=\"article:modified_time\" content=\"2025-11-28T15:26:28+00:00\" \/>\n<meta property=\"og:image\" content=\"https:\/\/innovalia-metrology.com\/wp-content\/uploads\/2017\/08\/pantalla-punta.jpg\" \/>\n\t<meta property=\"og:image:width\" content=\"617\" \/>\n\t<meta property=\"og:image:height\" content=\"328\" \/>\n\t<meta property=\"og:image:type\" content=\"image\/jpeg\" \/>\n<meta name=\"twitter:label1\" content=\"Tiempo de lectura\" \/>\n\t<meta name=\"twitter:data1\" content=\"1 minuto\" \/>\n<script type=\"application\/ld+json\" class=\"yoast-schema-graph\">{\"@context\":\"https:\/\/schema.org\",\"@graph\":[{\"@type\":\"WebPage\",\"@id\":\"https:\/\/innovalia-metrology.com\/es\/productos-metrology\/accesorios\/sistemas-de-fijacion\/\",\"url\":\"https:\/\/innovalia-metrology.com\/es\/productos-metrology\/accesorios\/sistemas-de-fijacion\/\",\"name\":\"Tecnolog\u00eda de fijaci\u00f3n industrial | Innovalia Metrology\",\"isPartOf\":{\"@id\":\"https:\/\/innovalia-metrology.com\/es\/#website\"},\"primaryImageOfPage\":{\"@id\":\"https:\/\/innovalia-metrology.com\/es\/productos-metrology\/accesorios\/sistemas-de-fijacion\/#primaryimage\"},\"image\":{\"@id\":\"https:\/\/innovalia-metrology.com\/es\/productos-metrology\/accesorios\/sistemas-de-fijacion\/#primaryimage\"},\"thumbnailUrl\":\"https:\/\/innovalia-metrology.com\/wp-content\/uploads\/2017\/08\/pantalla-punta.jpg\",\"datePublished\":\"2017-10-13T10:17:41+00:00\",\"dateModified\":\"2025-11-28T15:26:28+00:00\",\"description\":\"Sistemas de fijaci\u00f3n est\u00e1ndar y plantillas personalizadas para optimizar el proceso de gesti\u00f3n de la calidad.\",\"breadcrumb\":{\"@id\":\"https:\/\/innovalia-metrology.com\/es\/productos-metrology\/accesorios\/sistemas-de-fijacion\/#breadcrumb\"},\"inLanguage\":\"es\",\"potentialAction\":[{\"@type\":\"ReadAction\",\"target\":[\"https:\/\/innovalia-metrology.com\/es\/productos-metrology\/accesorios\/sistemas-de-fijacion\/\"]}]},{\"@type\":\"ImageObject\",\"inLanguage\":\"es\",\"@id\":\"https:\/\/innovalia-metrology.com\/es\/productos-metrology\/accesorios\/sistemas-de-fijacion\/#primaryimage\",\"url\":\"https:\/\/innovalia-metrology.com\/wp-content\/uploads\/2017\/08\/pantalla-punta.jpg\",\"contentUrl\":\"https:\/\/innovalia-metrology.com\/wp-content\/uploads\/2017\/08\/pantalla-punta.jpg\",\"width\":617,\"height\":328},{\"@type\":\"BreadcrumbList\",\"@id\":\"https:\/\/innovalia-metrology.com\/es\/productos-metrology\/accesorios\/sistemas-de-fijacion\/#breadcrumb\",\"itemListElement\":[{\"@type\":\"ListItem\",\"position\":1,\"name\":\"Home\",\"item\":\"https:\/\/innovalia-metrology.com\/es\/\"},{\"@type\":\"ListItem\",\"position\":2,\"name\":\"Soluciones de metrolog\u00eda dimensional industrial\",\"item\":\"https:\/\/innovalia-metrology.com\/es\/productos-metrology\/\"},{\"@type\":\"ListItem\",\"position\":3,\"name\":\"Artefactos y software de verificaci\u00f3n MMC y m\u00e1quina herramienta\",\"item\":\"https:\/\/innovalia-metrology.com\/es\/productos-metrology\/accesorios\/\"},{\"@type\":\"ListItem\",\"position\":4,\"name\":\"Sistemas de fijaci\u00f3n\"}]},{\"@type\":\"WebSite\",\"@id\":\"https:\/\/innovalia-metrology.com\/es\/#website\",\"url\":\"https:\/\/innovalia-metrology.com\/es\/\",\"name\":\"INNOVALIA METROLOGY\",\"description\":\"METROLOGY SOLUTIONS\",\"publisher\":{\"@id\":\"https:\/\/innovalia-metrology.com\/es\/#organization\"},\"potentialAction\":[{\"@type\":\"SearchAction\",\"target\":{\"@type\":\"EntryPoint\",\"urlTemplate\":\"https:\/\/innovalia-metrology.com\/es\/?s={search_term_string}\"},\"query-input\":{\"@type\":\"PropertyValueSpecification\",\"valueRequired\":true,\"valueName\":\"search_term_string\"}}],\"inLanguage\":\"es\"},{\"@type\":\"Organization\",\"@id\":\"https:\/\/innovalia-metrology.com\/es\/#organization\",\"name\":\"INNOVALIA METROLOGY\",\"url\":\"https:\/\/innovalia-metrology.com\/es\/\",\"logo\":{\"@type\":\"ImageObject\",\"inLanguage\":\"es\",\"@id\":\"https:\/\/innovalia-metrology.com\/es\/#\/schema\/logo\/image\/\",\"url\":\"https:\/\/innovalia-metrology.com\/wp-content\/uploads\/2025\/10\/Diseno-sin-titulo-36.png\",\"contentUrl\":\"https:\/\/innovalia-metrology.com\/wp-content\/uploads\/2025\/10\/Diseno-sin-titulo-36.png\",\"width\":300,\"height\":250,\"caption\":\"INNOVALIA METROLOGY\"},\"image\":{\"@id\":\"https:\/\/innovalia-metrology.com\/es\/#\/schema\/logo\/image\/\"},\"sameAs\":[\"https:\/\/x.com\/IMetrology_ES\",\"https:\/\/www.linkedin.com\/company\/innovalia-metrology\",\"https:\/\/www.youtube.com\/channel\/UCV7L_atMrcg6DUslHYeDaYQ\"]}]}<\/script>","yoast_head_json":{"title":"Tecnolog\u00eda de fijaci\u00f3n industrial | Innovalia Metrology","description":"Sistemas de fijaci\u00f3n est\u00e1ndar y plantillas personalizadas para optimizar el proceso de gesti\u00f3n de la calidad.","robots":{"index":"index","follow":"follow","max-snippet":"max-snippet:-1","max-image-preview":"max-image-preview:large","max-video-preview":"max-video-preview:-1"},"canonical":"https:\/\/innovalia-metrology.com\/es\/productos-metrology\/accesorios\/sistemas-de-fijacion\/","og_locale":"es_ES","og_type":"article","og_title":"Tecnolog\u00eda de fijaci\u00f3n industrial | Innovalia Metrology","og_description":"Sistemas de fijaci\u00f3n est\u00e1ndar y plantillas personalizadas para optimizar el proceso de gesti\u00f3n de la calidad.","og_url":"https:\/\/innovalia-metrology.com\/es\/productos-metrology\/accesorios\/sistemas-de-fijacion\/","og_site_name":"INNOVALIA METROLOGY | INDUSTRIAL METROLOGY SOLUTIONS","article_modified_time":"2025-11-28T15:26:28+00:00","og_image":[{"width":617,"height":328,"url":"https:\/\/innovalia-metrology.com\/wp-content\/uploads\/2017\/08\/pantalla-punta.jpg","type":"image\/jpeg"}],"twitter_misc":{"Tiempo de lectura":"1 minuto"},"schema":{"@context":"https:\/\/schema.org","@graph":[{"@type":"WebPage","@id":"https:\/\/innovalia-metrology.com\/es\/productos-metrology\/accesorios\/sistemas-de-fijacion\/","url":"https:\/\/innovalia-metrology.com\/es\/productos-metrology\/accesorios\/sistemas-de-fijacion\/","name":"Tecnolog\u00eda de fijaci\u00f3n industrial | Innovalia Metrology","isPartOf":{"@id":"https:\/\/innovalia-metrology.com\/es\/#website"},"primaryImageOfPage":{"@id":"https:\/\/innovalia-metrology.com\/es\/productos-metrology\/accesorios\/sistemas-de-fijacion\/#primaryimage"},"image":{"@id":"https:\/\/innovalia-metrology.com\/es\/productos-metrology\/accesorios\/sistemas-de-fijacion\/#primaryimage"},"thumbnailUrl":"https:\/\/innovalia-metrology.com\/wp-content\/uploads\/2017\/08\/pantalla-punta.jpg","datePublished":"2017-10-13T10:17:41+00:00","dateModified":"2025-11-28T15:26:28+00:00","description":"Sistemas de fijaci\u00f3n est\u00e1ndar y plantillas personalizadas para optimizar el proceso de gesti\u00f3n de la calidad.","breadcrumb":{"@id":"https:\/\/innovalia-metrology.com\/es\/productos-metrology\/accesorios\/sistemas-de-fijacion\/#breadcrumb"},"inLanguage":"es","potentialAction":[{"@type":"ReadAction","target":["https:\/\/innovalia-metrology.com\/es\/productos-metrology\/accesorios\/sistemas-de-fijacion\/"]}]},{"@type":"ImageObject","inLanguage":"es","@id":"https:\/\/innovalia-metrology.com\/es\/productos-metrology\/accesorios\/sistemas-de-fijacion\/#primaryimage","url":"https:\/\/innovalia-metrology.com\/wp-content\/uploads\/2017\/08\/pantalla-punta.jpg","contentUrl":"https:\/\/innovalia-metrology.com\/wp-content\/uploads\/2017\/08\/pantalla-punta.jpg","width":617,"height":328},{"@type":"BreadcrumbList","@id":"https:\/\/innovalia-metrology.com\/es\/productos-metrology\/accesorios\/sistemas-de-fijacion\/#breadcrumb","itemListElement":[{"@type":"ListItem","position":1,"name":"Home","item":"https:\/\/innovalia-metrology.com\/es\/"},{"@type":"ListItem","position":2,"name":"Soluciones de metrolog\u00eda dimensional industrial","item":"https:\/\/innovalia-metrology.com\/es\/productos-metrology\/"},{"@type":"ListItem","position":3,"name":"Artefactos y software de verificaci\u00f3n MMC y m\u00e1quina herramienta","item":"https:\/\/innovalia-metrology.com\/es\/productos-metrology\/accesorios\/"},{"@type":"ListItem","position":4,"name":"Sistemas de fijaci\u00f3n"}]},{"@type":"WebSite","@id":"https:\/\/innovalia-metrology.com\/es\/#website","url":"https:\/\/innovalia-metrology.com\/es\/","name":"INNOVALIA METROLOGY","description":"METROLOGY SOLUTIONS","publisher":{"@id":"https:\/\/innovalia-metrology.com\/es\/#organization"},"potentialAction":[{"@type":"SearchAction","target":{"@type":"EntryPoint","urlTemplate":"https:\/\/innovalia-metrology.com\/es\/?s={search_term_string}"},"query-input":{"@type":"PropertyValueSpecification","valueRequired":true,"valueName":"search_term_string"}}],"inLanguage":"es"},{"@type":"Organization","@id":"https:\/\/innovalia-metrology.com\/es\/#organization","name":"INNOVALIA METROLOGY","url":"https:\/\/innovalia-metrology.com\/es\/","logo":{"@type":"ImageObject","inLanguage":"es","@id":"https:\/\/innovalia-metrology.com\/es\/#\/schema\/logo\/image\/","url":"https:\/\/innovalia-metrology.com\/wp-content\/uploads\/2025\/10\/Diseno-sin-titulo-36.png","contentUrl":"https:\/\/innovalia-metrology.com\/wp-content\/uploads\/2025\/10\/Diseno-sin-titulo-36.png","width":300,"height":250,"caption":"INNOVALIA METROLOGY"},"image":{"@id":"https:\/\/innovalia-metrology.com\/es\/#\/schema\/logo\/image\/"},"sameAs":["https:\/\/x.com\/IMetrology_ES","https:\/\/www.linkedin.com\/company\/innovalia-metrology","https:\/\/www.youtube.com\/channel\/UCV7L_atMrcg6DUslHYeDaYQ"]}]}},"_links":{"self":[{"href":"https:\/\/innovalia-metrology.com\/es\/wp-json\/wp\/v2\/pages\/628512","targetHints":{"allow":["GET"]}}],"collection":[{"href":"https:\/\/innovalia-metrology.com\/es\/wp-json\/wp\/v2\/pages"}],"about":[{"href":"https:\/\/innovalia-metrology.com\/es\/wp-json\/wp\/v2\/types\/page"}],"author":[{"embeddable":true,"href":"https:\/\/innovalia-metrology.com\/es\/wp-json\/wp\/v2\/users\/85986"}],"replies":[{"embeddable":true,"href":"https:\/\/innovalia-metrology.com\/es\/wp-json\/wp\/v2\/comments?post=628512"}],"version-history":[{"count":8,"href":"https:\/\/innovalia-metrology.com\/es\/wp-json\/wp\/v2\/pages\/628512\/revisions"}],"predecessor-version":[{"id":631123,"href":"https:\/\/innovalia-metrology.com\/es\/wp-json\/wp\/v2\/pages\/628512\/revisions\/631123"}],"up":[{"embeddable":true,"href":"https:\/\/innovalia-metrology.com\/es\/wp-json\/wp\/v2\/pages\/628245"}],"wp:featuredmedia":[{"embeddable":true,"href":"https:\/\/innovalia-metrology.com\/es\/wp-json\/wp\/v2\/media\/81667"}],"wp:attachment":[{"href":"https:\/\/innovalia-metrology.com\/es\/wp-json\/wp\/v2\/media?parent=628512"}],"curies":[{"name":"wp","href":"https:\/\/api.w.org\/{rel}","templated":true}]}}