{"id":628601,"date":"2017-10-13T12:14:48","date_gmt":"2017-10-13T10:14:48","guid":{"rendered":"https:\/\/innovalia-metrology.cbtpruebas.es\/productos-metrology\/accesorios\/sistemas-de-fijacion\/custom-jigs\/"},"modified":"2025-11-28T16:46:29","modified_gmt":"2025-11-28T15:46:29","slug":"utiles-a-medida","status":"publish","type":"page","link":"https:\/\/innovalia-metrology.com\/es\/productos-metrology\/accesorios\/sistemas-de-fijacion\/utiles-a-medida\/","title":{"rendered":"\u00datiles de fijaci\u00f3n a medida"},"content":{"rendered":"<p>[et_pb_section fb_built=\u00bb1&#8243; _builder_version=\u00bb4.19.4&#8243; _module_preset=\u00bbdefault\u00bb background_color=\u00bb#f7f7f7&#8243; custom_padding=\u00bb5px||10px|||\u00bb da_disable_devices=\u00bboff|off|off\u00bb locked=\u00bboff\u00bb global_colors_info=\u00bb{}\u00bb da_is_popup=\u00bboff\u00bb da_exit_intent=\u00bboff\u00bb da_has_close=\u00bbon\u00bb da_alt_close=\u00bboff\u00bb da_dark_close=\u00bboff\u00bb da_not_modal=\u00bbon\u00bb da_is_singular=\u00bboff\u00bb da_with_loader=\u00bboff\u00bb da_has_shadow=\u00bbon\u00bb][et_pb_row _builder_version=\u00bb4.19.4&#8243; _module_preset=\u00bbdefault\u00bb width=\u00bb100%\u00bb custom_margin=\u00bb||||false|false\u00bb custom_padding=\u00bb16px||0px||false|false\u00bb global_colors_info=\u00bb{}\u00bb][et_pb_column type=\u00bb4_4&#8243; _builder_version=\u00bb4.16&#8243; _module_preset=\u00bbdefault\u00bb global_colors_info=\u00bb{}\u00bb][et_pb_text _builder_version=\u00bb4.19.4&#8243; _module_preset=\u00bbdefault\u00bb custom_padding=\u00bb||0px|||\u00bb global_colors_info=\u00bb{}\u00bb]<\/p>\n<h3>\u00datiles de control customizados<\/h3>\n<div id=\"g1-divider-1\" class=\"g1-divider g1-divider--simple g1-divider--noicon \"><\/div>\n<p>[\/et_pb_text][\/et_pb_column][\/et_pb_row][et_pb_row _builder_version=\u00bb4.19.4&#8243; background_size=\u00bbinitial\u00bb background_position=\u00bbtop_left\u00bb background_repeat=\u00bbrepeat\u00bb width=\u00bb100%\u00bb custom_margin=\u00bb-3px|auto||auto|false|false\u00bb custom_padding=\u00bb0px||0px||false|false\u00bb border_width_bottom=\u00bb1px\u00bb border_color_bottom=\u00bb#d6d6d6&#8243; locked=\u00bboff\u00bb global_colors_info=\u00bb{}\u00bb][et_pb_column type=\u00bb4_4&#8243; _builder_version=\u00bb4.16&#8243; custom_padding=\u00bb|||\u00bb global_colors_info=\u00bb{}\u00bb custom_padding__hover=\u00bb|||\u00bb][et_pb_divider divider_position=\u00bbbottom\u00bb divider_weight=\u00bb2px\u00bb _builder_version=\u00bb4.16&#8243; _module_preset=\u00bbdefault\u00bb width=\u00bb30px\u00bb custom_margin=\u00bb||-3px||false|false\u00bb custom_padding=\u00bb0px||0px||true|false\u00bb border_color_all=\u00bb#000000&#8243; border_color_top=\u00bb#a0a0a0&#8243; border_color_bottom=\u00bb#dbdbdb\u00bb global_colors_info=\u00bb{}\u00bb][\/et_pb_divider][\/et_pb_column][\/et_pb_row][\/et_pb_section][et_pb_section fb_built=\u00bb1&#8243; _builder_version=\u00bb4.19.5&#8243; _module_preset=\u00bbdefault\u00bb background_color=\u00bbRGBA(255,255,255,0)\u00bb custom_padding=\u00bb0px|||||\u00bb da_disable_devices=\u00bboff|off|off\u00bb global_colors_info=\u00bb{}\u00bb da_is_popup=\u00bboff\u00bb da_exit_intent=\u00bboff\u00bb da_has_close=\u00bbon\u00bb da_alt_close=\u00bboff\u00bb da_dark_close=\u00bboff\u00bb da_not_modal=\u00bbon\u00bb da_is_singular=\u00bboff\u00bb da_with_loader=\u00bboff\u00bb da_has_shadow=\u00bbon\u00bb][et_pb_row column_structure=\u00bb1_2,1_2&#8243; _builder_version=\u00bb4.19.4&#8243; _module_preset=\u00bbdefault\u00bb width=\u00bb100%\u00bb global_colors_info=\u00bb{}\u00bb][et_pb_column type=\u00bb1_2&#8243; _builder_version=\u00bb4.19.4&#8243; _module_preset=\u00bbdefault\u00bb global_colors_info=\u00bb{}\u00bb][et_pb_image src=\u00bbhttps:\/\/innovalia-metrology.com\/wp-content\/uploads\/2023\/01\/vulkan-cmm-portable-system-2-3.webp\u00bb alt=\u00bbvulkan-cmm-portable-system-2-3&#8243; title_text=\u00bbvulkan-cmm-portable-system-2-3&#8243; _builder_version=\u00bb4.19.4&#8243; _module_preset=\u00bbdefault\u00bb global_colors_info=\u00bb{}\u00bb][\/et_pb_image][et_pb_video src_webm=\u00bbhttps:\/\/innovalia-metrology.com\/wp-content\/uploads\/2020\/09\/spark_op1.103.mp4&#8243; _builder_version=\u00bb4.19.4&#8243; _module_preset=\u00bbdefault\u00bb global_colors_info=\u00bb{}\u00bb][\/et_pb_video][\/et_pb_column][et_pb_column type=\u00bb1_2&#8243; _builder_version=\u00bb4.19.4&#8243; _module_preset=\u00bbdefault\u00bb global_colors_info=\u00bb{}\u00bb][et_pb_text _builder_version=\u00bb4.19.4&#8243; _module_preset=\u00bbdefault\u00bb global_colors_info=\u00bb{}\u00bb]<\/p>\n<h4>Los \u00fatiles de control de Innovalia Metrology permiten aumentar la repetibilidad y reducir tiempo en los procesos de producci\u00f3n.<\/h4>\n<p>Las maquetas de Innovalia Metrology ofrecen una reducci\u00f3n significativa en el tiempo de medici\u00f3n lo que a su vez permite al usuario producir m\u00e1s piezas en menos tiempo. Las maquetas de Innovalia Metrology ofrecen adem\u00e1s una mayor repetibilidad y se entregan con:<\/p>\n<ul>\n<li><i class=\"fa fa-chevron-right g1-list__icon\"><\/i>Informe de calibraci\u00f3n ENAC<\/li>\n<li><i class=\"fa fa-chevron-right g1-list__icon\"><\/i>Informe 3D<\/li>\n<li><i class=\"fa fa-chevron-right g1-list__icon\"><\/i>Informe de materiales y dise\u00f1o<\/li>\n<\/ul>\n<p><strong>Ventajas<\/strong><\/p>\n<p><strong><\/strong><\/p>\n<ul>\n<li>Dise\u00f1adas a medida para cualquier tipo de pieza.<\/li>\n<li><i class=\"fa fa-chevron-right g1-list__icon\"><\/i>Certificaci\u00f3n ENAC<\/li>\n<li><i class=\"fa fa-chevron-right g1-list__icon\"><\/i>Aumenta la repetibilidad<\/li>\n<\/ul>\n<p>[\/et_pb_text][\/et_pb_column][\/et_pb_row][et_pb_row _builder_version=\u00bb4.19.5&#8243; _module_preset=\u00bbdefault\u00bb width=\u00bb100%\u00bb global_colors_info=\u00bb{}\u00bb][et_pb_column type=\u00bb4_4&#8243; _builder_version=\u00bb4.19.4&#8243; _module_preset=\u00bbdefault\u00bb global_colors_info=\u00bb{}\u00bb][et_pb_code _builder_version=\u00bb4.16&#8243; _module_preset=\u00bbdefault\u00bb custom_padding=\u00bb2px|||||\u00bb locked=\u00bboff\u00bb global_colors_info=\u00bb{}\u00bb]\n<div class=\"wpcf7 no-js\" id=\"wpcf7-f8971-o1\" lang=\"en-US\" dir=\"ltr\" data-wpcf7-id=\"8971\">\n<div class=\"screen-reader-response\"><p role=\"status\" aria-live=\"polite\" aria-atomic=\"true\"><\/p> <ul><\/ul><\/div>\n<form action=\"\/es\/wp-json\/wp\/v2\/pages\/628601#wpcf7-f8971-o1\" method=\"post\" class=\"wpcf7-form init\" aria-label=\"Contact form\" novalidate=\"novalidate\" data-status=\"init\">\n<fieldset class=\"hidden-fields-container\"><input type=\"hidden\" name=\"_wpcf7\" value=\"8971\" \/><input type=\"hidden\" name=\"_wpcf7_version\" value=\"6.1.5\" \/><input type=\"hidden\" name=\"_wpcf7_locale\" value=\"en_US\" \/><input type=\"hidden\" name=\"_wpcf7_unit_tag\" value=\"wpcf7-f8971-o1\" \/><input type=\"hidden\" name=\"_wpcf7_container_post\" value=\"0\" \/><input type=\"hidden\" name=\"_wpcf7_posted_data_hash\" value=\"\" \/><input type=\"hidden\" name=\"_wpcf7cf_hidden_group_fields\" value=\"[]\" \/><input type=\"hidden\" name=\"_wpcf7cf_hidden_groups\" value=\"[]\" \/><input type=\"hidden\" name=\"_wpcf7cf_visible_groups\" value=\"[]\" \/><input type=\"hidden\" name=\"_wpcf7cf_repeaters\" value=\"[]\" \/><input type=\"hidden\" name=\"_wpcf7cf_steps\" value=\"{}\" \/><input type=\"hidden\" name=\"_wpcf7cf_options\" value=\"{&quot;form_id&quot;:8971,&quot;conditions&quot;:[],&quot;settings&quot;:{&quot;animation&quot;:&quot;yes&quot;,&quot;animation_intime&quot;:200,&quot;animation_outtime&quot;:200,&quot;conditions_ui&quot;:&quot;normal&quot;,&quot;notice_dismissed&quot;:false,&quot;notice_dismissed_update-cf7-5.4&quot;:true,&quot;notice_dismissed_rollback-cf7-5.4.1&quot;:true}}\" \/><input type=\"hidden\" name=\"_wpcf7dtx_version\" value=\"5.0.5\" \/><input type=\"hidden\" name=\"_wpcf7_recaptcha_response\" value=\"\" \/>\n<\/fieldset>\n<h4>Pide un cat\u00e1logo:\n<\/h4>\n<p><label><span class=\"wpcf7-form-control-wrap\" data-name=\"name-560\"><input size=\"40\" maxlength=\"400\" class=\"wpcf7-form-control wpcf7-text wpcf7-validates-as-required\" aria-required=\"true\" aria-invalid=\"false\" placeholder=\"Nombre*\" value=\"\" type=\"text\" name=\"name-560\" \/><\/span><\/label><br \/>\n<label><span class=\"wpcf7-form-control-wrap\" data-name=\"empresa-560\"><input size=\"40\" maxlength=\"400\" class=\"wpcf7-form-control wpcf7-text wpcf7-validates-as-required\" aria-required=\"true\" aria-invalid=\"false\" placeholder=\"Empresa*\" value=\"\" type=\"text\" name=\"empresa-560\" \/><\/span><\/label><br \/>\n<label><span class=\"wpcf7-form-control-wrap\" data-name=\"your-email\"><input size=\"40\" maxlength=\"400\" class=\"wpcf7-form-control wpcf7-email wpcf7-validates-as-required wpcf7-text wpcf7-validates-as-email\" aria-required=\"true\" aria-invalid=\"false\" placeholder=\"Email*\" value=\"\" type=\"email\" name=\"your-email\" \/><\/span><\/label>\n<\/p>\n<p><input class=\"wpcf7-form-control wpcf7-submit has-spinner button\" id=\"btn_pedir-es\" type=\"submit\" value=\"Pedir\" \/><br \/>\n<span class=\"wpcf7-form-control-wrap title\" data-name=\"title\"><input type=\"hidden\" name=\"title\" class=\"wpcf7-form-control wpcf7-hidden wpcf7dtx wpcf7dtx-hidden\" aria-invalid=\"false\" value=\"\u00datiles de fijaci\u00f3n a medida\"><\/span>\n<\/p><p style=\"display: none !important;\" class=\"akismet-fields-container\" data-prefix=\"_wpcf7_ak_\"><label>&#916;<textarea name=\"_wpcf7_ak_hp_textarea\" cols=\"45\" rows=\"8\" maxlength=\"100\"><\/textarea><\/label><input type=\"hidden\" id=\"ak_js_1\" name=\"_wpcf7_ak_js\" value=\"17\"\/><script type=\"text\/javascript\">\n\/* <![CDATA[ *\/\ndocument.getElementById( \"ak_js_1\" ).setAttribute( \"value\", ( new Date() ).getTime() );\n\/* ]]> *\/\n<\/script>\n<\/p><div class=\"wpcf7-response-output\" aria-hidden=\"true\"><\/div>\n<\/form>\n<\/div>\n[\/et_pb_code][\/et_pb_column][\/et_pb_row][\/et_pb_section]<\/p>\n","protected":false},"excerpt":{"rendered":"<p>\u00datiles de control customizados Los \u00fatiles de control de Innovalia Metrology permiten aumentar la repetibilidad y reducir tiempo en los procesos de producci\u00f3n. Las maquetas de Innovalia Metrology ofrecen una reducci\u00f3n significativa en el tiempo de medici\u00f3n lo que a su vez permite al usuario producir m\u00e1s piezas en menos tiempo. Las maquetas de Innovalia [&hellip;]<\/p>\n","protected":false},"author":85986,"featured_media":81908,"parent":628512,"menu_order":2,"comment_status":"closed","ping_status":"closed","template":"","meta":{"_acf_changed":false,"_et_pb_use_builder":"on","_et_pb_old_content":"[precontent]\r\n\r\n[section class=\"sale\" background_color=\"#c9c9c9\" background_repeat=\"repeat\" background_position=\"center top\" background_attachment=\"static\" background_scroll=\"none\" padding_top=\"8\"]\r\n\r\n[two_third valign=\"top\" animation=\"none\"]\r\n\r\n<img class=\"aligncenter size-large wp-image-13161\" src=\"https:\/\/innovalia-metrology.com\/wp-content\/uploads\/2019\/07\/web_banner_en-1024x435.png\" alt=\"\" width=\"686\" height=\"291\">\r\n\r\n[\/two_third]\r\n\r\n[one_third_last valign=\"top\" animation=\"none\"]\r\n\r\n[wpforms id=\"13169\"][\/wpforms]\r\n\r\n[\/one_third_last]\r\n\r\n[\/section]\r\n\r\n[\/precontent]\r\n\r\n<h3 class=\"mover\"><\/h3>\r\n<h3>Custom Jigs<\/h3>\r\n[divider style=\"simple\"]\r\n\r\n[\/divider]\r\n<h4>Innovalia Metrology control tools enable to increase repeatability and reduce time in production processes.<\/h4>\r\nThey also offer a significant reduction in the measurement time which allows the user to produce more parts in less time.\r\n\r\nOur checking fixtures are always delivered with:\r\n\r\n[list type=\"icon\" style=\"none\" icon=\"chevron-right\"]\r\n<ul>\r\n \t<li>ENAC calibration report<\/li>\r\n \t<li>checking fixture 3D data<\/li>\r\n \t<li>Checking fixture manufacturing drawings and material list<\/li>\r\n<\/ul>\r\n[\/list]\r\n\r\n<img class=\"size-full wp-image-8443 aligncenter\" src=\"https:\/\/innovalia-metrology.com\/wp-content\/uploads\/2017\/10\/vulkan-cmm-portable-system-2-3.jpg\" alt=\"\" width=\"782\" height=\"451\" \/>\r\n\r\n[box style=\"solid\"]\r\n<h4>Advantages<\/h4>\r\n[list type=\"icon\" icon=\"chevron-right\"]\r\n<ul>\r\n \t<li style=\"list-style-type: none;\"><\/li>\r\n \t<li>Designed to fit any type of part<\/li>\r\n \t<li>ENAC Certification<\/li>\r\n \t<li>Increases repeatability<\/li>\r\n<\/ul>\r\n[\/list]\r\n[\/box]\r\n<h4>Contact us for more information<\/h4>","_et_gb_content_width":"","footnotes":""},"class_list":["post-628601","page","type-page","status-publish","has-post-thumbnail","hentry"],"acf":[],"yoast_head":"<title>Plantillas de verificaci\u00f3n y fijaci\u00f3n personalizadas<\/title>\n<meta name=\"description\" content=\"Los modelos de fijaci\u00f3n ofrecen una reducci\u00f3n significativa del tiempo de medici\u00f3n lo que permite fabricar m\u00e1s en menos tiempo.\" \/>\n<meta name=\"robots\" content=\"index, follow, max-snippet:-1, max-image-preview:large, max-video-preview:-1\" \/>\n<link rel=\"canonical\" href=\"https:\/\/innovalia-metrology.com\/es\/productos-metrology\/accesorios\/sistemas-de-fijacion\/utiles-a-medida\/\" \/>\n<meta property=\"og:locale\" content=\"es_ES\" \/>\n<meta property=\"og:type\" content=\"article\" \/>\n<meta property=\"og:title\" content=\"Plantillas de verificaci\u00f3n y fijaci\u00f3n personalizadas\" \/>\n<meta property=\"og:description\" content=\"Los modelos de fijaci\u00f3n ofrecen una reducci\u00f3n significativa del tiempo de medici\u00f3n lo que permite fabricar m\u00e1s en menos tiempo.\" \/>\n<meta property=\"og:url\" content=\"https:\/\/innovalia-metrology.com\/es\/productos-metrology\/accesorios\/sistemas-de-fijacion\/utiles-a-medida\/\" \/>\n<meta property=\"og:site_name\" content=\"INNOVALIA METROLOGY | INDUSTRIAL METROLOGY SOLUTIONS\" \/>\n<meta property=\"article:modified_time\" content=\"2025-11-28T15:46:29+00:00\" \/>\n<meta property=\"og:image\" content=\"https:\/\/innovalia-metrology.com\/wp-content\/uploads\/2017\/10\/vulkan-cmm-portable-system-2-1.jpg\" \/>\n\t<meta property=\"og:image:width\" content=\"782\" \/>\n\t<meta property=\"og:image:height\" content=\"596\" \/>\n\t<meta property=\"og:image:type\" content=\"image\/jpeg\" \/>\n<meta name=\"twitter:label1\" content=\"Tiempo de lectura\" \/>\n\t<meta name=\"twitter:data1\" content=\"1 minuto\" \/>\n<script type=\"application\/ld+json\" class=\"yoast-schema-graph\">{\"@context\":\"https:\/\/schema.org\",\"@graph\":[{\"@type\":\"WebPage\",\"@id\":\"https:\/\/innovalia-metrology.com\/es\/productos-metrology\/accesorios\/sistemas-de-fijacion\/utiles-a-medida\/\",\"url\":\"https:\/\/innovalia-metrology.com\/es\/productos-metrology\/accesorios\/sistemas-de-fijacion\/utiles-a-medida\/\",\"name\":\"Plantillas de verificaci\u00f3n y fijaci\u00f3n personalizadas\",\"isPartOf\":{\"@id\":\"https:\/\/innovalia-metrology.com\/es\/#website\"},\"primaryImageOfPage\":{\"@id\":\"https:\/\/innovalia-metrology.com\/es\/productos-metrology\/accesorios\/sistemas-de-fijacion\/utiles-a-medida\/#primaryimage\"},\"image\":{\"@id\":\"https:\/\/innovalia-metrology.com\/es\/productos-metrology\/accesorios\/sistemas-de-fijacion\/utiles-a-medida\/#primaryimage\"},\"thumbnailUrl\":\"https:\/\/innovalia-metrology.com\/wp-content\/uploads\/2017\/10\/vulkan-cmm-portable-system-2-1.jpg\",\"datePublished\":\"2017-10-13T10:14:48+00:00\",\"dateModified\":\"2025-11-28T15:46:29+00:00\",\"description\":\"Los modelos de fijaci\u00f3n ofrecen una reducci\u00f3n significativa del tiempo de medici\u00f3n lo que permite fabricar m\u00e1s en menos tiempo.\",\"breadcrumb\":{\"@id\":\"https:\/\/innovalia-metrology.com\/es\/productos-metrology\/accesorios\/sistemas-de-fijacion\/utiles-a-medida\/#breadcrumb\"},\"inLanguage\":\"es\",\"potentialAction\":[{\"@type\":\"ReadAction\",\"target\":[\"https:\/\/innovalia-metrology.com\/es\/productos-metrology\/accesorios\/sistemas-de-fijacion\/utiles-a-medida\/\"]}]},{\"@type\":\"ImageObject\",\"inLanguage\":\"es\",\"@id\":\"https:\/\/innovalia-metrology.com\/es\/productos-metrology\/accesorios\/sistemas-de-fijacion\/utiles-a-medida\/#primaryimage\",\"url\":\"https:\/\/innovalia-metrology.com\/wp-content\/uploads\/2017\/10\/vulkan-cmm-portable-system-2-1.jpg\",\"contentUrl\":\"https:\/\/innovalia-metrology.com\/wp-content\/uploads\/2017\/10\/vulkan-cmm-portable-system-2-1.jpg\",\"width\":782,\"height\":596},{\"@type\":\"BreadcrumbList\",\"@id\":\"https:\/\/innovalia-metrology.com\/es\/productos-metrology\/accesorios\/sistemas-de-fijacion\/utiles-a-medida\/#breadcrumb\",\"itemListElement\":[{\"@type\":\"ListItem\",\"position\":1,\"name\":\"Home\",\"item\":\"https:\/\/innovalia-metrology.com\/es\/\"},{\"@type\":\"ListItem\",\"position\":2,\"name\":\"Soluciones de metrolog\u00eda dimensional industrial\",\"item\":\"https:\/\/innovalia-metrology.com\/es\/productos-metrology\/\"},{\"@type\":\"ListItem\",\"position\":3,\"name\":\"Artefactos y software de verificaci\u00f3n MMC y m\u00e1quina herramienta\",\"item\":\"https:\/\/innovalia-metrology.com\/es\/productos-metrology\/accesorios\/\"},{\"@type\":\"ListItem\",\"position\":4,\"name\":\"Sistemas de fijaci\u00f3n\",\"item\":\"https:\/\/innovalia-metrology.com\/es\/productos-metrology\/accesorios\/sistemas-de-fijacion\/\"},{\"@type\":\"ListItem\",\"position\":5,\"name\":\"\u00datiles de fijaci\u00f3n a medida\"}]},{\"@type\":\"WebSite\",\"@id\":\"https:\/\/innovalia-metrology.com\/es\/#website\",\"url\":\"https:\/\/innovalia-metrology.com\/es\/\",\"name\":\"INNOVALIA METROLOGY\",\"description\":\"METROLOGY SOLUTIONS\",\"publisher\":{\"@id\":\"https:\/\/innovalia-metrology.com\/es\/#organization\"},\"potentialAction\":[{\"@type\":\"SearchAction\",\"target\":{\"@type\":\"EntryPoint\",\"urlTemplate\":\"https:\/\/innovalia-metrology.com\/es\/?s={search_term_string}\"},\"query-input\":{\"@type\":\"PropertyValueSpecification\",\"valueRequired\":true,\"valueName\":\"search_term_string\"}}],\"inLanguage\":\"es\"},{\"@type\":\"Organization\",\"@id\":\"https:\/\/innovalia-metrology.com\/es\/#organization\",\"name\":\"INNOVALIA METROLOGY\",\"url\":\"https:\/\/innovalia-metrology.com\/es\/\",\"logo\":{\"@type\":\"ImageObject\",\"inLanguage\":\"es\",\"@id\":\"https:\/\/innovalia-metrology.com\/es\/#\/schema\/logo\/image\/\",\"url\":\"https:\/\/innovalia-metrology.com\/wp-content\/uploads\/2025\/10\/Diseno-sin-titulo-36.png\",\"contentUrl\":\"https:\/\/innovalia-metrology.com\/wp-content\/uploads\/2025\/10\/Diseno-sin-titulo-36.png\",\"width\":300,\"height\":250,\"caption\":\"INNOVALIA METROLOGY\"},\"image\":{\"@id\":\"https:\/\/innovalia-metrology.com\/es\/#\/schema\/logo\/image\/\"},\"sameAs\":[\"https:\/\/x.com\/IMetrology_ES\",\"https:\/\/www.linkedin.com\/company\/innovalia-metrology\",\"https:\/\/www.youtube.com\/channel\/UCV7L_atMrcg6DUslHYeDaYQ\"]}]}<\/script>","yoast_head_json":{"title":"Plantillas de verificaci\u00f3n y fijaci\u00f3n personalizadas","description":"Los modelos de fijaci\u00f3n ofrecen una reducci\u00f3n significativa del tiempo de medici\u00f3n lo que permite fabricar m\u00e1s en menos tiempo.","robots":{"index":"index","follow":"follow","max-snippet":"max-snippet:-1","max-image-preview":"max-image-preview:large","max-video-preview":"max-video-preview:-1"},"canonical":"https:\/\/innovalia-metrology.com\/es\/productos-metrology\/accesorios\/sistemas-de-fijacion\/utiles-a-medida\/","og_locale":"es_ES","og_type":"article","og_title":"Plantillas de verificaci\u00f3n y fijaci\u00f3n personalizadas","og_description":"Los modelos de fijaci\u00f3n ofrecen una reducci\u00f3n significativa del tiempo de medici\u00f3n lo que permite fabricar m\u00e1s en menos tiempo.","og_url":"https:\/\/innovalia-metrology.com\/es\/productos-metrology\/accesorios\/sistemas-de-fijacion\/utiles-a-medida\/","og_site_name":"INNOVALIA METROLOGY | INDUSTRIAL METROLOGY SOLUTIONS","article_modified_time":"2025-11-28T15:46:29+00:00","og_image":[{"width":782,"height":596,"url":"https:\/\/innovalia-metrology.com\/wp-content\/uploads\/2017\/10\/vulkan-cmm-portable-system-2-1.jpg","type":"image\/jpeg"}],"twitter_misc":{"Tiempo de lectura":"1 minuto"},"schema":{"@context":"https:\/\/schema.org","@graph":[{"@type":"WebPage","@id":"https:\/\/innovalia-metrology.com\/es\/productos-metrology\/accesorios\/sistemas-de-fijacion\/utiles-a-medida\/","url":"https:\/\/innovalia-metrology.com\/es\/productos-metrology\/accesorios\/sistemas-de-fijacion\/utiles-a-medida\/","name":"Plantillas de verificaci\u00f3n y fijaci\u00f3n personalizadas","isPartOf":{"@id":"https:\/\/innovalia-metrology.com\/es\/#website"},"primaryImageOfPage":{"@id":"https:\/\/innovalia-metrology.com\/es\/productos-metrology\/accesorios\/sistemas-de-fijacion\/utiles-a-medida\/#primaryimage"},"image":{"@id":"https:\/\/innovalia-metrology.com\/es\/productos-metrology\/accesorios\/sistemas-de-fijacion\/utiles-a-medida\/#primaryimage"},"thumbnailUrl":"https:\/\/innovalia-metrology.com\/wp-content\/uploads\/2017\/10\/vulkan-cmm-portable-system-2-1.jpg","datePublished":"2017-10-13T10:14:48+00:00","dateModified":"2025-11-28T15:46:29+00:00","description":"Los modelos de fijaci\u00f3n ofrecen una reducci\u00f3n significativa del tiempo de medici\u00f3n lo que permite fabricar m\u00e1s en menos tiempo.","breadcrumb":{"@id":"https:\/\/innovalia-metrology.com\/es\/productos-metrology\/accesorios\/sistemas-de-fijacion\/utiles-a-medida\/#breadcrumb"},"inLanguage":"es","potentialAction":[{"@type":"ReadAction","target":["https:\/\/innovalia-metrology.com\/es\/productos-metrology\/accesorios\/sistemas-de-fijacion\/utiles-a-medida\/"]}]},{"@type":"ImageObject","inLanguage":"es","@id":"https:\/\/innovalia-metrology.com\/es\/productos-metrology\/accesorios\/sistemas-de-fijacion\/utiles-a-medida\/#primaryimage","url":"https:\/\/innovalia-metrology.com\/wp-content\/uploads\/2017\/10\/vulkan-cmm-portable-system-2-1.jpg","contentUrl":"https:\/\/innovalia-metrology.com\/wp-content\/uploads\/2017\/10\/vulkan-cmm-portable-system-2-1.jpg","width":782,"height":596},{"@type":"BreadcrumbList","@id":"https:\/\/innovalia-metrology.com\/es\/productos-metrology\/accesorios\/sistemas-de-fijacion\/utiles-a-medida\/#breadcrumb","itemListElement":[{"@type":"ListItem","position":1,"name":"Home","item":"https:\/\/innovalia-metrology.com\/es\/"},{"@type":"ListItem","position":2,"name":"Soluciones de metrolog\u00eda dimensional industrial","item":"https:\/\/innovalia-metrology.com\/es\/productos-metrology\/"},{"@type":"ListItem","position":3,"name":"Artefactos y software de verificaci\u00f3n MMC y m\u00e1quina herramienta","item":"https:\/\/innovalia-metrology.com\/es\/productos-metrology\/accesorios\/"},{"@type":"ListItem","position":4,"name":"Sistemas de fijaci\u00f3n","item":"https:\/\/innovalia-metrology.com\/es\/productos-metrology\/accesorios\/sistemas-de-fijacion\/"},{"@type":"ListItem","position":5,"name":"\u00datiles de fijaci\u00f3n a medida"}]},{"@type":"WebSite","@id":"https:\/\/innovalia-metrology.com\/es\/#website","url":"https:\/\/innovalia-metrology.com\/es\/","name":"INNOVALIA METROLOGY","description":"METROLOGY SOLUTIONS","publisher":{"@id":"https:\/\/innovalia-metrology.com\/es\/#organization"},"potentialAction":[{"@type":"SearchAction","target":{"@type":"EntryPoint","urlTemplate":"https:\/\/innovalia-metrology.com\/es\/?s={search_term_string}"},"query-input":{"@type":"PropertyValueSpecification","valueRequired":true,"valueName":"search_term_string"}}],"inLanguage":"es"},{"@type":"Organization","@id":"https:\/\/innovalia-metrology.com\/es\/#organization","name":"INNOVALIA METROLOGY","url":"https:\/\/innovalia-metrology.com\/es\/","logo":{"@type":"ImageObject","inLanguage":"es","@id":"https:\/\/innovalia-metrology.com\/es\/#\/schema\/logo\/image\/","url":"https:\/\/innovalia-metrology.com\/wp-content\/uploads\/2025\/10\/Diseno-sin-titulo-36.png","contentUrl":"https:\/\/innovalia-metrology.com\/wp-content\/uploads\/2025\/10\/Diseno-sin-titulo-36.png","width":300,"height":250,"caption":"INNOVALIA METROLOGY"},"image":{"@id":"https:\/\/innovalia-metrology.com\/es\/#\/schema\/logo\/image\/"},"sameAs":["https:\/\/x.com\/IMetrology_ES","https:\/\/www.linkedin.com\/company\/innovalia-metrology","https:\/\/www.youtube.com\/channel\/UCV7L_atMrcg6DUslHYeDaYQ"]}]}},"_links":{"self":[{"href":"https:\/\/innovalia-metrology.com\/es\/wp-json\/wp\/v2\/pages\/628601","targetHints":{"allow":["GET"]}}],"collection":[{"href":"https:\/\/innovalia-metrology.com\/es\/wp-json\/wp\/v2\/pages"}],"about":[{"href":"https:\/\/innovalia-metrology.com\/es\/wp-json\/wp\/v2\/types\/page"}],"author":[{"embeddable":true,"href":"https:\/\/innovalia-metrology.com\/es\/wp-json\/wp\/v2\/users\/85986"}],"replies":[{"embeddable":true,"href":"https:\/\/innovalia-metrology.com\/es\/wp-json\/wp\/v2\/comments?post=628601"}],"version-history":[{"count":11,"href":"https:\/\/innovalia-metrology.com\/es\/wp-json\/wp\/v2\/pages\/628601\/revisions"}],"predecessor-version":[{"id":693588,"href":"https:\/\/innovalia-metrology.com\/es\/wp-json\/wp\/v2\/pages\/628601\/revisions\/693588"}],"up":[{"embeddable":true,"href":"https:\/\/innovalia-metrology.com\/es\/wp-json\/wp\/v2\/pages\/628512"}],"wp:featuredmedia":[{"embeddable":true,"href":"https:\/\/innovalia-metrology.com\/es\/wp-json\/wp\/v2\/media\/81908"}],"wp:attachment":[{"href":"https:\/\/innovalia-metrology.com\/es\/wp-json\/wp\/v2\/media?parent=628601"}],"curies":[{"name":"wp","href":"https:\/\/api.w.org\/{rel}","templated":true}]}}