{"id":628608,"date":"2023-02-01T16:59:25","date_gmt":"2023-02-01T15:59:25","guid":{"rendered":"https:\/\/innovalia-metrology.cbtpruebas.es\/productos-metrology\/accesorios\/sistemas-de-fijacion\/fixture-kits\/inno-fix-kit-c\/"},"modified":"2023-03-01T15:25:43","modified_gmt":"2023-03-01T14:25:43","slug":"inno-fix-kit-c","status":"publish","type":"page","link":"https:\/\/innovalia-metrology.com\/es\/productos-metrology\/accesorios\/sistemas-de-fijacion\/fixture-kits\/inno-fix-kit-c\/","title":{"rendered":"INNO-FIX KIT C"},"content":{"rendered":"<p>[et_pb_section fb_built=\u00bb1&#8243; _builder_version=\u00bb4.19.5&#8243; _module_preset=\u00bbdefault\u00bb background_color=\u00bb#f7f7f7&#8243; custom_margin=\u00bb1em||1em||true|false\u00bb custom_padding=\u00bb0px||0px|1em|true|false\u00bb da_disable_devices=\u00bboff|off|off\u00bb global_colors_info=\u00bb{}\u00bb theme_builder_area=\u00bbpost_content\u00bb da_is_popup=\u00bboff\u00bb da_exit_intent=\u00bboff\u00bb da_has_close=\u00bbon\u00bb da_alt_close=\u00bboff\u00bb da_dark_close=\u00bboff\u00bb da_not_modal=\u00bbon\u00bb da_is_singular=\u00bboff\u00bb da_with_loader=\u00bboff\u00bb da_has_shadow=\u00bbon\u00bb][et_pb_row _builder_version=\u00bb4.19.4&#8243; _module_preset=\u00bbdefault\u00bb width=\u00bb100%\u00bb global_colors_info=\u00bb{}\u00bb theme_builder_area=\u00bbpost_content\u00bb][et_pb_column type=\u00bb4_4&#8243; _builder_version=\u00bb4.19.4&#8243; _module_preset=\u00bbdefault\u00bb global_colors_info=\u00bb{}\u00bb theme_builder_area=\u00bbpost_content\u00bb][et_pb_text _builder_version=\u00bb4.19.5&#8243; _module_preset=\u00bbdefault\u00bb locked=\u00bboff\u00bb global_colors_info=\u00bb{}\u00bb theme_builder_area=\u00bbpost_content\u00bb]<\/p>\n<h3>INNO-FIX KIT C<\/h3>\n<p>[\/et_pb_text][\/et_pb_column][\/et_pb_row][et_pb_row column_structure=\u00bb2_5,3_5&#8243; use_custom_gutter=\u00bbon\u00bb gutter_width=\u00bb1&#8243; _builder_version=\u00bb4.19.5&#8243; _module_preset=\u00bbdefault\u00bb width=\u00bb100%\u00bb locked=\u00bboff\u00bb global_colors_info=\u00bb{}\u00bb theme_builder_area=\u00bbpost_content\u00bb][et_pb_column type=\u00bb2_5&#8243; _builder_version=\u00bb4.19.5&#8243; _module_preset=\u00bbdefault\u00bb global_colors_info=\u00bb{}\u00bb theme_builder_area=\u00bbpost_content\u00bb][et_pb_image src=\u00bbhttps:\/\/innovalia-metrology.com\/wp-content\/uploads\/2023\/02\/Inno-Fix-kit-C.webp\u00bb alt=\u00bbINNO-FIX KIT M\u00bb title_text=\u00bbInno-Fix kit C\u00bb _builder_version=\u00bb4.19.5&#8243; _module_preset=\u00bbdefault\u00bb custom_padding=\u00bb|1em|||false|false\u00bb global_colors_info=\u00bb{}\u00bb theme_builder_area=\u00bbpost_content\u00bb][\/et_pb_image][et_pb_text _builder_version=\u00bb4.19.5&#8243; _module_preset=\u00bbdefault\u00bb custom_padding=\u00bb|1em|||false|false\u00bb hover_enabled=\u00bb0&#8243; global_colors_info=\u00bb{}\u00bb theme_builder_area=\u00bbpost_content\u00bb sticky_enabled=\u00bb0&#8243;]<\/p>\n<p>El sistema de fijaci\u00f3n INNO-FIX KIT C se ha dise\u00f1ado para piezas peque\u00f1as y medianas. Incluye una placa base modular, clamps y gran variedad de elementos muy vers\u00e1tiles. Es perfecto para personalizar fijaciones con gran flexibilidad de piezas tanto met\u00e1licas como de pl\u00e1stico. El INNO-FIX KIT C facilita el montaje y agiliza el cambio de piezas, y adem\u00e1s se puede reutilizar. Los componentes son compatibles con toda la gama de productos INNO-FIX.<\/p>\n<p>[\/et_pb_text][\/et_pb_column][et_pb_column type=\u00bb3_5&#8243; _builder_version=\u00bb4.19.4&#8243; _module_preset=\u00bbdefault\u00bb global_colors_info=\u00bb{}\u00bb theme_builder_area=\u00bbpost_content\u00bb][et_pb_gallery gallery_ids=\u00bb116961,116967,116973,116979,116985,116991,116998,117009,117021,117033,117044,117057,117065,117075,117086,117097,117108,117119,117125,117131,117139,117150,117161,117172,117183,117195,117207,117218,117229,117240,117252,117264,117275,117286,117297,117303,117314,117325,117336,117348,117359,117370,117381,117393,117402,117414,117437,117449&#8243; posts_number=\u00bb16&#8243; orientation=\u00bbportrait\u00bb show_title_and_caption=\u00bboff\u00bb _builder_version=\u00bb4.19.5&#8243; _module_preset=\u00bbdefault\u00bb custom_css_gallery_item=\u00bbwidth: 25% !important;||margin: 0 !important;||display: block;||margin-left: auto;||margin-right: auto;||\u00bb border_width_all=\u00bb3px\u00bb border_color_all=\u00bb#f7f7f7&#8243; global_colors_info=\u00bb{}\u00bb theme_builder_area=\u00bbpost_content\u00bb][\/et_pb_gallery][\/et_pb_column][\/et_pb_row][et_pb_row _builder_version=\u00bb4.19.5&#8243; _module_preset=\u00bbdefault\u00bb width=\u00bb100%\u00bb global_colors_info=\u00bb{}\u00bb theme_builder_area=\u00bbpost_content\u00bb][et_pb_column type=\u00bb4_4&#8243; _builder_version=\u00bb4.19.5&#8243; _module_preset=\u00bbdefault\u00bb global_colors_info=\u00bb{}\u00bb theme_builder_area=\u00bbpost_content\u00bb][et_pb_text _builder_version=\u00bb4.19.5&#8243; _module_preset=\u00bbdefault\u00bb global_colors_info=\u00bb{}\u00bb theme_builder_area=\u00bbpost_content\u00bb]<\/p>\n<h3>\u00bfC\u00f3mo funciona?<\/h3>\n<p>[\/et_pb_text][et_pb_video src_webm=\u00bbhttps:\/\/innovalia-metrology.com\/wp-content\/uploads\/2020\/09\/forjado1-v3.mp4&#8243; _builder_version=\u00bb4.19.5&#8243; _module_preset=\u00bbdefault\u00bb global_colors_info=\u00bb{}\u00bb theme_builder_area=\u00bbpost_content\u00bb][\/et_pb_video][et_pb_code _builder_version=\u00bb4.19.5&#8243; _module_preset=\u00bbdefault\u00bb hover_enabled=\u00bb0&#8243; global_colors_info=\u00bb{}\u00bb theme_builder_area=\u00bbpost_content\u00bb sticky_enabled=\u00bb0&#8243;]\n<div class=\"wpcf7 no-js\" id=\"wpcf7-f8971-o1\" lang=\"en-US\" dir=\"ltr\" data-wpcf7-id=\"8971\">\n<div class=\"screen-reader-response\"><p role=\"status\" aria-live=\"polite\" aria-atomic=\"true\"><\/p> <ul><\/ul><\/div>\n<form action=\"\/es\/wp-json\/wp\/v2\/pages\/628608#wpcf7-f8971-o1\" method=\"post\" class=\"wpcf7-form init\" aria-label=\"Contact form\" novalidate=\"novalidate\" data-status=\"init\">\n<fieldset class=\"hidden-fields-container\"><input type=\"hidden\" name=\"_wpcf7\" value=\"8971\" \/><input type=\"hidden\" name=\"_wpcf7_version\" value=\"6.1.5\" \/><input type=\"hidden\" name=\"_wpcf7_locale\" value=\"en_US\" \/><input type=\"hidden\" name=\"_wpcf7_unit_tag\" value=\"wpcf7-f8971-o1\" \/><input type=\"hidden\" name=\"_wpcf7_container_post\" value=\"0\" \/><input type=\"hidden\" name=\"_wpcf7_posted_data_hash\" value=\"\" \/><input type=\"hidden\" name=\"_wpcf7cf_hidden_group_fields\" value=\"[]\" \/><input type=\"hidden\" name=\"_wpcf7cf_hidden_groups\" value=\"[]\" \/><input type=\"hidden\" name=\"_wpcf7cf_visible_groups\" value=\"[]\" \/><input type=\"hidden\" name=\"_wpcf7cf_repeaters\" value=\"[]\" \/><input type=\"hidden\" name=\"_wpcf7cf_steps\" value=\"{}\" \/><input type=\"hidden\" name=\"_wpcf7cf_options\" value=\"{&quot;form_id&quot;:8971,&quot;conditions&quot;:[],&quot;settings&quot;:{&quot;animation&quot;:&quot;yes&quot;,&quot;animation_intime&quot;:200,&quot;animation_outtime&quot;:200,&quot;conditions_ui&quot;:&quot;normal&quot;,&quot;notice_dismissed&quot;:false,&quot;notice_dismissed_update-cf7-5.4&quot;:true,&quot;notice_dismissed_rollback-cf7-5.4.1&quot;:true}}\" \/><input type=\"hidden\" name=\"_wpcf7dtx_version\" value=\"5.0.5\" \/><input type=\"hidden\" name=\"_wpcf7_recaptcha_response\" value=\"\" \/>\n<\/fieldset>\n<h4>Pide un cat\u00e1logo:\n<\/h4>\n<p><label><span class=\"wpcf7-form-control-wrap\" data-name=\"name-560\"><input size=\"40\" maxlength=\"400\" class=\"wpcf7-form-control wpcf7-text wpcf7-validates-as-required\" aria-required=\"true\" aria-invalid=\"false\" placeholder=\"Nombre*\" value=\"\" type=\"text\" name=\"name-560\" \/><\/span><\/label><br \/>\n<label><span class=\"wpcf7-form-control-wrap\" data-name=\"empresa-560\"><input size=\"40\" maxlength=\"400\" class=\"wpcf7-form-control wpcf7-text wpcf7-validates-as-required\" aria-required=\"true\" aria-invalid=\"false\" placeholder=\"Empresa*\" value=\"\" type=\"text\" name=\"empresa-560\" \/><\/span><\/label><br \/>\n<label><span class=\"wpcf7-form-control-wrap\" data-name=\"your-email\"><input size=\"40\" maxlength=\"400\" class=\"wpcf7-form-control wpcf7-email wpcf7-validates-as-required wpcf7-text wpcf7-validates-as-email\" aria-required=\"true\" aria-invalid=\"false\" placeholder=\"Email*\" value=\"\" type=\"email\" name=\"your-email\" \/><\/span><\/label>\n<\/p>\n<p><input class=\"wpcf7-form-control wpcf7-submit has-spinner button\" id=\"btn_pedir-es\" type=\"submit\" value=\"Pedir\" \/><br \/>\n<span class=\"wpcf7-form-control-wrap title\" data-name=\"title\"><input type=\"hidden\" name=\"title\" class=\"wpcf7-form-control wpcf7-hidden wpcf7dtx wpcf7dtx-hidden\" aria-invalid=\"false\" value=\"INNO-FIX KIT C\"><\/span>\n<\/p><p style=\"display: none !important;\" class=\"akismet-fields-container\" data-prefix=\"_wpcf7_ak_\"><label>&#916;<textarea name=\"_wpcf7_ak_hp_textarea\" cols=\"45\" rows=\"8\" maxlength=\"100\"><\/textarea><\/label><input type=\"hidden\" id=\"ak_js_1\" name=\"_wpcf7_ak_js\" value=\"202\"\/><script>document.getElementById( \"ak_js_1\" ).setAttribute( \"value\", ( new Date() ).getTime() );<\/script><\/p><div class=\"wpcf7-response-output\" aria-hidden=\"true\"><\/div>\n<\/form>\n<\/div>\n[\/et_pb_code][\/et_pb_column][\/et_pb_row][\/et_pb_section]<\/p>\n","protected":false},"excerpt":{"rendered":"<p>INNO-FIX KIT CEl sistema de fijaci\u00f3n INNO-FIX KIT C se ha dise\u00f1ado para piezas peque\u00f1as y medianas. Incluye una placa base modular, clamps y gran variedad de elementos muy vers\u00e1tiles. Es perfecto para personalizar fijaciones con gran flexibilidad de piezas tanto met\u00e1licas como de pl\u00e1stico. El INNO-FIX KIT C facilita el montaje y agiliza el [&hellip;]<\/p>\n","protected":false},"author":85986,"featured_media":0,"parent":628602,"menu_order":0,"comment_status":"closed","ping_status":"closed","template":"","meta":{"_acf_changed":false,"_et_pb_use_builder":"on","_et_pb_old_content":"","_et_gb_content_width":"","footnotes":""},"class_list":["post-628608","page","type-page","status-publish","hentry"],"acf":[],"yoast_head":"<title>INNO-FIX KIT C | INNOVALIA METROLOGY | INDUSTRIAL METROLOGY SOLUTIONS<\/title>\n<meta name=\"robots\" content=\"index, follow, max-snippet:-1, max-image-preview:large, max-video-preview:-1\" \/>\n<link rel=\"canonical\" href=\"https:\/\/innovalia-metrology.com\/es\/productos-metrology\/accesorios\/sistemas-de-fijacion\/fixture-kits\/inno-fix-kit-c\/\" \/>\n<meta property=\"og:locale\" content=\"es_ES\" \/>\n<meta property=\"og:type\" content=\"article\" \/>\n<meta property=\"og:title\" content=\"INNO-FIX KIT C | INNOVALIA METROLOGY | INDUSTRIAL METROLOGY SOLUTIONS\" \/>\n<meta property=\"og:description\" content=\"INNO-FIX KIT CEl sistema de fijaci\u00f3n INNO-FIX KIT C se ha dise\u00f1ado para piezas peque\u00f1as y medianas. Incluye una placa base modular, clamps y gran variedad de elementos muy vers\u00e1tiles. Es perfecto para personalizar fijaciones con gran flexibilidad de piezas tanto met\u00e1licas como de pl\u00e1stico. El INNO-FIX KIT C facilita el montaje y agiliza el [&hellip;]\" \/>\n<meta property=\"og:url\" content=\"https:\/\/innovalia-metrology.com\/es\/productos-metrology\/accesorios\/sistemas-de-fijacion\/fixture-kits\/inno-fix-kit-c\/\" \/>\n<meta property=\"og:site_name\" content=\"INNOVALIA METROLOGY | INDUSTRIAL METROLOGY SOLUTIONS\" \/>\n<meta property=\"article:modified_time\" content=\"2023-03-01T14:25:43+00:00\" \/>\n<meta property=\"og:image\" content=\"https:\/\/innovalia-metrology.com\/wp-content\/uploads\/2025\/10\/logo-innovalia-metrology.png\" \/>\n\t<meta property=\"og:image:width\" content=\"1200\" \/>\n\t<meta property=\"og:image:height\" content=\"675\" \/>\n\t<meta property=\"og:image:type\" content=\"image\/png\" \/>\n<meta name=\"twitter:label1\" content=\"Tiempo de lectura\" \/>\n\t<meta name=\"twitter:data1\" content=\"3 minutos\" \/>\n<script type=\"application\/ld+json\" class=\"yoast-schema-graph\">{\"@context\":\"https:\/\/schema.org\",\"@graph\":[{\"@type\":\"WebPage\",\"@id\":\"https:\/\/innovalia-metrology.com\/es\/productos-metrology\/accesorios\/sistemas-de-fijacion\/fixture-kits\/inno-fix-kit-c\/\",\"url\":\"https:\/\/innovalia-metrology.com\/es\/productos-metrology\/accesorios\/sistemas-de-fijacion\/fixture-kits\/inno-fix-kit-c\/\",\"name\":\"INNO-FIX KIT C | INNOVALIA METROLOGY | INDUSTRIAL METROLOGY SOLUTIONS\",\"isPartOf\":{\"@id\":\"https:\/\/innovalia-metrology.com\/es\/#website\"},\"datePublished\":\"2023-02-01T15:59:25+00:00\",\"dateModified\":\"2023-03-01T14:25:43+00:00\",\"breadcrumb\":{\"@id\":\"https:\/\/innovalia-metrology.com\/es\/productos-metrology\/accesorios\/sistemas-de-fijacion\/fixture-kits\/inno-fix-kit-c\/#breadcrumb\"},\"inLanguage\":\"es\",\"potentialAction\":[{\"@type\":\"ReadAction\",\"target\":[\"https:\/\/innovalia-metrology.com\/es\/productos-metrology\/accesorios\/sistemas-de-fijacion\/fixture-kits\/inno-fix-kit-c\/\"]}]},{\"@type\":\"BreadcrumbList\",\"@id\":\"https:\/\/innovalia-metrology.com\/es\/productos-metrology\/accesorios\/sistemas-de-fijacion\/fixture-kits\/inno-fix-kit-c\/#breadcrumb\",\"itemListElement\":[{\"@type\":\"ListItem\",\"position\":1,\"name\":\"Home\",\"item\":\"https:\/\/innovalia-metrology.com\/es\/\"},{\"@type\":\"ListItem\",\"position\":2,\"name\":\"Soluciones de metrolog\u00eda dimensional industrial\",\"item\":\"https:\/\/innovalia-metrology.com\/es\/productos-metrology\/\"},{\"@type\":\"ListItem\",\"position\":3,\"name\":\"Artefactos y software de verificaci\u00f3n MMC y m\u00e1quina herramienta\",\"item\":\"https:\/\/innovalia-metrology.com\/es\/productos-metrology\/accesorios\/\"},{\"@type\":\"ListItem\",\"position\":4,\"name\":\"Sistemas de fijaci\u00f3n\",\"item\":\"https:\/\/innovalia-metrology.com\/es\/productos-metrology\/accesorios\/sistemas-de-fijacion\/\"},{\"@type\":\"ListItem\",\"position\":5,\"name\":\"Kits de fijaci\u00f3n\",\"item\":\"https:\/\/innovalia-metrology.com\/es\/productos-metrology\/accesorios\/sistemas-de-fijacion\/fixture-kits\/\"},{\"@type\":\"ListItem\",\"position\":6,\"name\":\"INNO-FIX KIT C\"}]},{\"@type\":\"WebSite\",\"@id\":\"https:\/\/innovalia-metrology.com\/es\/#website\",\"url\":\"https:\/\/innovalia-metrology.com\/es\/\",\"name\":\"INNOVALIA METROLOGY\",\"description\":\"METROLOGY SOLUTIONS\",\"publisher\":{\"@id\":\"https:\/\/innovalia-metrology.com\/es\/#organization\"},\"potentialAction\":[{\"@type\":\"SearchAction\",\"target\":{\"@type\":\"EntryPoint\",\"urlTemplate\":\"https:\/\/innovalia-metrology.com\/es\/?s={search_term_string}\"},\"query-input\":{\"@type\":\"PropertyValueSpecification\",\"valueRequired\":true,\"valueName\":\"search_term_string\"}}],\"inLanguage\":\"es\"},{\"@type\":\"Organization\",\"@id\":\"https:\/\/innovalia-metrology.com\/es\/#organization\",\"name\":\"INNOVALIA METROLOGY\",\"url\":\"https:\/\/innovalia-metrology.com\/es\/\",\"logo\":{\"@type\":\"ImageObject\",\"inLanguage\":\"es\",\"@id\":\"https:\/\/innovalia-metrology.com\/es\/#\/schema\/logo\/image\/\",\"url\":\"https:\/\/innovalia-metrology.com\/wp-content\/uploads\/2025\/10\/Diseno-sin-titulo-36.png\",\"contentUrl\":\"https:\/\/innovalia-metrology.com\/wp-content\/uploads\/2025\/10\/Diseno-sin-titulo-36.png\",\"width\":300,\"height\":250,\"caption\":\"INNOVALIA METROLOGY\"},\"image\":{\"@id\":\"https:\/\/innovalia-metrology.com\/es\/#\/schema\/logo\/image\/\"},\"sameAs\":[\"https:\/\/x.com\/IMetrology_ES\",\"https:\/\/www.linkedin.com\/company\/innovalia-metrology\",\"https:\/\/www.youtube.com\/channel\/UCV7L_atMrcg6DUslHYeDaYQ\"]}]}<\/script>","yoast_head_json":{"title":"INNO-FIX KIT C | INNOVALIA METROLOGY | INDUSTRIAL METROLOGY SOLUTIONS","robots":{"index":"index","follow":"follow","max-snippet":"max-snippet:-1","max-image-preview":"max-image-preview:large","max-video-preview":"max-video-preview:-1"},"canonical":"https:\/\/innovalia-metrology.com\/es\/productos-metrology\/accesorios\/sistemas-de-fijacion\/fixture-kits\/inno-fix-kit-c\/","og_locale":"es_ES","og_type":"article","og_title":"INNO-FIX KIT C | INNOVALIA METROLOGY | INDUSTRIAL METROLOGY SOLUTIONS","og_description":"INNO-FIX KIT CEl sistema de fijaci\u00f3n INNO-FIX KIT C se ha dise\u00f1ado para piezas peque\u00f1as y medianas. Incluye una placa base modular, clamps y gran variedad de elementos muy vers\u00e1tiles. Es perfecto para personalizar fijaciones con gran flexibilidad de piezas tanto met\u00e1licas como de pl\u00e1stico. El INNO-FIX KIT C facilita el montaje y agiliza el [&hellip;]","og_url":"https:\/\/innovalia-metrology.com\/es\/productos-metrology\/accesorios\/sistemas-de-fijacion\/fixture-kits\/inno-fix-kit-c\/","og_site_name":"INNOVALIA METROLOGY | INDUSTRIAL METROLOGY SOLUTIONS","article_modified_time":"2023-03-01T14:25:43+00:00","og_image":[{"width":1200,"height":675,"url":"https:\/\/innovalia-metrology.com\/wp-content\/uploads\/2025\/10\/logo-innovalia-metrology.png","type":"image\/png"}],"twitter_misc":{"Tiempo de lectura":"3 minutos"},"schema":{"@context":"https:\/\/schema.org","@graph":[{"@type":"WebPage","@id":"https:\/\/innovalia-metrology.com\/es\/productos-metrology\/accesorios\/sistemas-de-fijacion\/fixture-kits\/inno-fix-kit-c\/","url":"https:\/\/innovalia-metrology.com\/es\/productos-metrology\/accesorios\/sistemas-de-fijacion\/fixture-kits\/inno-fix-kit-c\/","name":"INNO-FIX KIT C | INNOVALIA METROLOGY | INDUSTRIAL METROLOGY SOLUTIONS","isPartOf":{"@id":"https:\/\/innovalia-metrology.com\/es\/#website"},"datePublished":"2023-02-01T15:59:25+00:00","dateModified":"2023-03-01T14:25:43+00:00","breadcrumb":{"@id":"https:\/\/innovalia-metrology.com\/es\/productos-metrology\/accesorios\/sistemas-de-fijacion\/fixture-kits\/inno-fix-kit-c\/#breadcrumb"},"inLanguage":"es","potentialAction":[{"@type":"ReadAction","target":["https:\/\/innovalia-metrology.com\/es\/productos-metrology\/accesorios\/sistemas-de-fijacion\/fixture-kits\/inno-fix-kit-c\/"]}]},{"@type":"BreadcrumbList","@id":"https:\/\/innovalia-metrology.com\/es\/productos-metrology\/accesorios\/sistemas-de-fijacion\/fixture-kits\/inno-fix-kit-c\/#breadcrumb","itemListElement":[{"@type":"ListItem","position":1,"name":"Home","item":"https:\/\/innovalia-metrology.com\/es\/"},{"@type":"ListItem","position":2,"name":"Soluciones de metrolog\u00eda dimensional industrial","item":"https:\/\/innovalia-metrology.com\/es\/productos-metrology\/"},{"@type":"ListItem","position":3,"name":"Artefactos y software de verificaci\u00f3n MMC y m\u00e1quina herramienta","item":"https:\/\/innovalia-metrology.com\/es\/productos-metrology\/accesorios\/"},{"@type":"ListItem","position":4,"name":"Sistemas de fijaci\u00f3n","item":"https:\/\/innovalia-metrology.com\/es\/productos-metrology\/accesorios\/sistemas-de-fijacion\/"},{"@type":"ListItem","position":5,"name":"Kits de fijaci\u00f3n","item":"https:\/\/innovalia-metrology.com\/es\/productos-metrology\/accesorios\/sistemas-de-fijacion\/fixture-kits\/"},{"@type":"ListItem","position":6,"name":"INNO-FIX KIT C"}]},{"@type":"WebSite","@id":"https:\/\/innovalia-metrology.com\/es\/#website","url":"https:\/\/innovalia-metrology.com\/es\/","name":"INNOVALIA METROLOGY","description":"METROLOGY SOLUTIONS","publisher":{"@id":"https:\/\/innovalia-metrology.com\/es\/#organization"},"potentialAction":[{"@type":"SearchAction","target":{"@type":"EntryPoint","urlTemplate":"https:\/\/innovalia-metrology.com\/es\/?s={search_term_string}"},"query-input":{"@type":"PropertyValueSpecification","valueRequired":true,"valueName":"search_term_string"}}],"inLanguage":"es"},{"@type":"Organization","@id":"https:\/\/innovalia-metrology.com\/es\/#organization","name":"INNOVALIA METROLOGY","url":"https:\/\/innovalia-metrology.com\/es\/","logo":{"@type":"ImageObject","inLanguage":"es","@id":"https:\/\/innovalia-metrology.com\/es\/#\/schema\/logo\/image\/","url":"https:\/\/innovalia-metrology.com\/wp-content\/uploads\/2025\/10\/Diseno-sin-titulo-36.png","contentUrl":"https:\/\/innovalia-metrology.com\/wp-content\/uploads\/2025\/10\/Diseno-sin-titulo-36.png","width":300,"height":250,"caption":"INNOVALIA METROLOGY"},"image":{"@id":"https:\/\/innovalia-metrology.com\/es\/#\/schema\/logo\/image\/"},"sameAs":["https:\/\/x.com\/IMetrology_ES","https:\/\/www.linkedin.com\/company\/innovalia-metrology","https:\/\/www.youtube.com\/channel\/UCV7L_atMrcg6DUslHYeDaYQ"]}]}},"_links":{"self":[{"href":"https:\/\/innovalia-metrology.com\/es\/wp-json\/wp\/v2\/pages\/628608","targetHints":{"allow":["GET"]}}],"collection":[{"href":"https:\/\/innovalia-metrology.com\/es\/wp-json\/wp\/v2\/pages"}],"about":[{"href":"https:\/\/innovalia-metrology.com\/es\/wp-json\/wp\/v2\/types\/page"}],"author":[{"embeddable":true,"href":"https:\/\/innovalia-metrology.com\/es\/wp-json\/wp\/v2\/users\/85986"}],"replies":[{"embeddable":true,"href":"https:\/\/innovalia-metrology.com\/es\/wp-json\/wp\/v2\/comments?post=628608"}],"version-history":[{"count":7,"href":"https:\/\/innovalia-metrology.com\/es\/wp-json\/wp\/v2\/pages\/628608\/revisions"}],"predecessor-version":[{"id":631184,"href":"https:\/\/innovalia-metrology.com\/es\/wp-json\/wp\/v2\/pages\/628608\/revisions\/631184"}],"up":[{"embeddable":true,"href":"https:\/\/innovalia-metrology.com\/es\/wp-json\/wp\/v2\/pages\/628602"}],"wp:attachment":[{"href":"https:\/\/innovalia-metrology.com\/es\/wp-json\/wp\/v2\/media?parent=628608"}],"curies":[{"name":"wp","href":"https:\/\/api.w.org\/{rel}","templated":true}]}}