{"id":635301,"date":"2014-01-10T16:55:28","date_gmt":"2014-01-10T15:55:28","guid":{"rendered":"https:\/\/innovalia-metrology.com\/privacy-policy\/"},"modified":"2023-10-25T10:49:42","modified_gmt":"2023-10-25T08:49:42","slug":"privacy-policy","status":"publish","type":"page","link":"https:\/\/innovalia-metrology.com\/es\/privacy-policy\/","title":{"rendered":"Privacy policy"},"content":{"rendered":"<p>[et_pb_section fb_built=\u00bb1&#8243; admin_label=\u00bbsection\u00bb _builder_version=\u00bb4.16&#8243; da_disable_devices=\u00bboff|off|off\u00bb global_colors_info=\u00bb{}\u00bb da_is_popup=\u00bboff\u00bb da_exit_intent=\u00bboff\u00bb da_has_close=\u00bbon\u00bb da_alt_close=\u00bboff\u00bb da_dark_close=\u00bboff\u00bb da_not_modal=\u00bbon\u00bb da_is_singular=\u00bboff\u00bb da_with_loader=\u00bboff\u00bb da_has_shadow=\u00bbon\u00bb][et_pb_row admin_label=\u00bbrow\u00bb _builder_version=\u00bb4.16&#8243; background_size=\u00bbinitial\u00bb background_position=\u00bbtop_left\u00bb background_repeat=\u00bbrepeat\u00bb global_colors_info=\u00bb{}\u00bb][et_pb_column type=\u00bb4_4&#8243; _builder_version=\u00bb4.16&#8243; custom_padding=\u00bb|||\u00bb global_colors_info=\u00bb{}\u00bb custom_padding__hover=\u00bb|||\u00bb][et_pb_text admin_label=\u00bbText\u00bb _builder_version=\u00bb4.22.2&#8243; background_size=\u00bbinitial\u00bb background_position=\u00bbtop_left\u00bb background_repeat=\u00bbrepeat\u00bb global_colors_info=\u00bb{}\u00bb]<\/p>\n<p>El presente aviso legal regula el acceso y el uso del servicio del sitio Web Innovalia Metrology que la Innovalia Metrology, pone a disposici\u00f3n de los usuarios y profesionales que visiten o se registren en el mismo as\u00ed como de los interesados en los servicios y contenidos aqu\u00ed ofrecidos por Innovalia Metrology. A trav\u00e9s de su sitio Web, Innovalia Metrology ofrece la posibilidad de conocer los servicios que presta, detalle de sus trabajos realizados, as\u00ed como alguno de sus clientes m\u00e1s importantes. La finalidad del presente sitio Web es la de dar a conocer la marca Innovalia Metrology, sus actividades y sus servicios. El acceso a este sitio web implica la plena aceptaci\u00f3n de la pol\u00edtica de privacidad.<\/p>\n<p>En relaci\u00f3n al cumplimiento de la Ley Org\u00e1nica 3\/2018, de 5 de diciembre, de Protecci\u00f3n de Datos Personales y garant\u00eda de los derechos digitales (LOPDGDD), le informamos que los datos personales facilitados por el usuario en el formulario de inscripci\u00f3n son incluidos en un fichero inform\u00e1tico propiedad y responsabilidad de Innovalia Metrology,. Los datos no ser\u00e1n tratados con ning\u00fan fin salvo para los que se hayan aportado, y no ser\u00e1n cedidos a terceros.<\/p>\n<p>DERECHOS DE USO<\/p>\n<p>El usuario \u00fanicamente puede utilizar la informaci\u00f3n publicada en este sitio web para su consulta o uso personal sin car\u00e1cter comercial. El uso comercial, copia o reproducci\u00f3n de cualquier contenido de este sitio web queda expresamente prohibido salvo el derecho de cita inherente a una publicaci\u00f3n p\u00fablica. Queda prohibida toda reproducci\u00f3n total o parcial de los contenidos salvo expreso permiso por escrito de Innovalia Metrology.<\/p>\n<p>[\/et_pb_text][\/et_pb_column][\/et_pb_row][\/et_pb_section]<\/p>\n","protected":false},"excerpt":{"rendered":"<p>El presente aviso legal regula el acceso y el uso del servicio del sitio Web Innovalia Metrology que la Innovalia Metrology, pone a disposici\u00f3n de los usuarios y profesionales que visiten o se registren en el mismo as\u00ed como de los interesados en los servicios y contenidos aqu\u00ed ofrecidos por Innovalia Metrology. A trav\u00e9s de [&hellip;]<\/p>\n","protected":false},"author":85986,"featured_media":0,"parent":0,"menu_order":0,"comment_status":"closed","ping_status":"closed","template":"","meta":{"_acf_changed":false,"_et_pb_use_builder":"on","_et_pb_old_content":"This legal notice regulates access and use of the web site www.innovalia-metrology.com that Innovalia Metrology offers to users and professionals who visit or register as well as those interested in the services and content offered by Innovalia Metrology here. Through its web site Innovalia Metrology offers the possibility to know the services provided as well as detail of the work. The purpose of this website is to make known the brand Innovalia Metrology, its activities and services. Access to this website implies full acceptance of the Privacy Policy.\r\n\r\nIn relation to compliance with Law 15\/1999, of December 13, Personal Data Protection (LOPD), we inform you that the personal data provided by the user in the contact form and job opportunities are included in a computer file property and responsibility of Innovalia Metrology. The data are not processed for any purpose except to those who have contributed, and will not be disclosed to third parties.\r\n\r\nRights of use\r\n\r\nThe user can only use the information published on this website for consultation or non-commercial personal use. Commercial use, copying or reproduction of any content of this website is expressly prohibited except, the case that the publications are well referenced. Any total or partial reproduction of the contents is prohibited without the express permission of Innovalia Metrology.","_et_gb_content_width":"","footnotes":""},"class_list":["post-635301","page","type-page","status-publish","hentry"],"acf":[],"yoast_head":"<title>Privacy Policy | Innovalia Metrology<\/title>\n<meta name=\"description\" content=\"This legal notice regulates access to and use of the Web Site www.innovalia-metrology.com\" \/>\n<meta name=\"robots\" content=\"index, follow, max-snippet:-1, max-image-preview:large, max-video-preview:-1\" \/>\n<link rel=\"canonical\" href=\"https:\/\/innovalia-metrology.com\/es\/privacy-policy\/\" \/>\n<meta property=\"og:locale\" content=\"es_ES\" \/>\n<meta property=\"og:type\" content=\"article\" \/>\n<meta property=\"og:title\" content=\"Privacy Policy | Innovalia Metrology\" \/>\n<meta property=\"og:description\" content=\"This legal notice regulates access to and use of the Web Site www.innovalia-metrology.com\" \/>\n<meta property=\"og:url\" content=\"https:\/\/innovalia-metrology.com\/es\/privacy-policy\/\" \/>\n<meta property=\"og:site_name\" content=\"INNOVALIA METROLOGY | INDUSTRIAL METROLOGY SOLUTIONS\" \/>\n<meta property=\"article:modified_time\" content=\"2023-10-25T08:49:42+00:00\" \/>\n<meta property=\"og:image\" content=\"https:\/\/innovalia-metrology.com\/wp-content\/uploads\/2025\/10\/logo-innovalia-metrology.png\" \/>\n\t<meta property=\"og:image:width\" content=\"1200\" \/>\n\t<meta property=\"og:image:height\" content=\"675\" \/>\n\t<meta property=\"og:image:type\" content=\"image\/png\" \/>\n<meta name=\"twitter:label1\" content=\"Tiempo de lectura\" \/>\n\t<meta name=\"twitter:data1\" content=\"2 minutos\" \/>\n<script type=\"application\/ld+json\" class=\"yoast-schema-graph\">{\"@context\":\"https:\/\/schema.org\",\"@graph\":[{\"@type\":\"WebPage\",\"@id\":\"https:\/\/innovalia-metrology.com\/es\/privacy-policy\/\",\"url\":\"https:\/\/innovalia-metrology.com\/es\/privacy-policy\/\",\"name\":\"Privacy Policy | Innovalia Metrology\",\"isPartOf\":{\"@id\":\"https:\/\/innovalia-metrology.com\/es\/#website\"},\"datePublished\":\"2014-01-10T15:55:28+00:00\",\"dateModified\":\"2023-10-25T08:49:42+00:00\",\"description\":\"This legal notice regulates access to and use of the Web Site www.innovalia-metrology.com\",\"breadcrumb\":{\"@id\":\"https:\/\/innovalia-metrology.com\/es\/privacy-policy\/#breadcrumb\"},\"inLanguage\":\"es\",\"potentialAction\":[{\"@type\":\"ReadAction\",\"target\":[\"https:\/\/innovalia-metrology.com\/es\/privacy-policy\/\"]}]},{\"@type\":\"BreadcrumbList\",\"@id\":\"https:\/\/innovalia-metrology.com\/es\/privacy-policy\/#breadcrumb\",\"itemListElement\":[{\"@type\":\"ListItem\",\"position\":1,\"name\":\"Home\",\"item\":\"https:\/\/innovalia-metrology.com\/es\/\"},{\"@type\":\"ListItem\",\"position\":2,\"name\":\"Privacy policy\"}]},{\"@type\":\"WebSite\",\"@id\":\"https:\/\/innovalia-metrology.com\/es\/#website\",\"url\":\"https:\/\/innovalia-metrology.com\/es\/\",\"name\":\"INNOVALIA METROLOGY\",\"description\":\"METROLOGY SOLUTIONS\",\"publisher\":{\"@id\":\"https:\/\/innovalia-metrology.com\/es\/#organization\"},\"potentialAction\":[{\"@type\":\"SearchAction\",\"target\":{\"@type\":\"EntryPoint\",\"urlTemplate\":\"https:\/\/innovalia-metrology.com\/es\/?s={search_term_string}\"},\"query-input\":{\"@type\":\"PropertyValueSpecification\",\"valueRequired\":true,\"valueName\":\"search_term_string\"}}],\"inLanguage\":\"es\"},{\"@type\":\"Organization\",\"@id\":\"https:\/\/innovalia-metrology.com\/es\/#organization\",\"name\":\"INNOVALIA METROLOGY\",\"url\":\"https:\/\/innovalia-metrology.com\/es\/\",\"logo\":{\"@type\":\"ImageObject\",\"inLanguage\":\"es\",\"@id\":\"https:\/\/innovalia-metrology.com\/es\/#\/schema\/logo\/image\/\",\"url\":\"https:\/\/innovalia-metrology.com\/wp-content\/uploads\/2025\/10\/Diseno-sin-titulo-36.png\",\"contentUrl\":\"https:\/\/innovalia-metrology.com\/wp-content\/uploads\/2025\/10\/Diseno-sin-titulo-36.png\",\"width\":300,\"height\":250,\"caption\":\"INNOVALIA METROLOGY\"},\"image\":{\"@id\":\"https:\/\/innovalia-metrology.com\/es\/#\/schema\/logo\/image\/\"},\"sameAs\":[\"https:\/\/x.com\/IMetrology_ES\",\"https:\/\/www.linkedin.com\/company\/innovalia-metrology\",\"https:\/\/www.youtube.com\/channel\/UCV7L_atMrcg6DUslHYeDaYQ\"]}]}<\/script>","yoast_head_json":{"title":"Privacy Policy | Innovalia Metrology","description":"This legal notice regulates access to and use of the Web Site www.innovalia-metrology.com","robots":{"index":"index","follow":"follow","max-snippet":"max-snippet:-1","max-image-preview":"max-image-preview:large","max-video-preview":"max-video-preview:-1"},"canonical":"https:\/\/innovalia-metrology.com\/es\/privacy-policy\/","og_locale":"es_ES","og_type":"article","og_title":"Privacy Policy | Innovalia Metrology","og_description":"This legal notice regulates access to and use of the Web Site www.innovalia-metrology.com","og_url":"https:\/\/innovalia-metrology.com\/es\/privacy-policy\/","og_site_name":"INNOVALIA METROLOGY | INDUSTRIAL METROLOGY SOLUTIONS","article_modified_time":"2023-10-25T08:49:42+00:00","og_image":[{"width":1200,"height":675,"url":"https:\/\/innovalia-metrology.com\/wp-content\/uploads\/2025\/10\/logo-innovalia-metrology.png","type":"image\/png"}],"twitter_misc":{"Tiempo de lectura":"2 minutos"},"schema":{"@context":"https:\/\/schema.org","@graph":[{"@type":"WebPage","@id":"https:\/\/innovalia-metrology.com\/es\/privacy-policy\/","url":"https:\/\/innovalia-metrology.com\/es\/privacy-policy\/","name":"Privacy Policy | Innovalia Metrology","isPartOf":{"@id":"https:\/\/innovalia-metrology.com\/es\/#website"},"datePublished":"2014-01-10T15:55:28+00:00","dateModified":"2023-10-25T08:49:42+00:00","description":"This legal notice regulates access to and use of the Web Site www.innovalia-metrology.com","breadcrumb":{"@id":"https:\/\/innovalia-metrology.com\/es\/privacy-policy\/#breadcrumb"},"inLanguage":"es","potentialAction":[{"@type":"ReadAction","target":["https:\/\/innovalia-metrology.com\/es\/privacy-policy\/"]}]},{"@type":"BreadcrumbList","@id":"https:\/\/innovalia-metrology.com\/es\/privacy-policy\/#breadcrumb","itemListElement":[{"@type":"ListItem","position":1,"name":"Home","item":"https:\/\/innovalia-metrology.com\/es\/"},{"@type":"ListItem","position":2,"name":"Privacy policy"}]},{"@type":"WebSite","@id":"https:\/\/innovalia-metrology.com\/es\/#website","url":"https:\/\/innovalia-metrology.com\/es\/","name":"INNOVALIA METROLOGY","description":"METROLOGY SOLUTIONS","publisher":{"@id":"https:\/\/innovalia-metrology.com\/es\/#organization"},"potentialAction":[{"@type":"SearchAction","target":{"@type":"EntryPoint","urlTemplate":"https:\/\/innovalia-metrology.com\/es\/?s={search_term_string}"},"query-input":{"@type":"PropertyValueSpecification","valueRequired":true,"valueName":"search_term_string"}}],"inLanguage":"es"},{"@type":"Organization","@id":"https:\/\/innovalia-metrology.com\/es\/#organization","name":"INNOVALIA METROLOGY","url":"https:\/\/innovalia-metrology.com\/es\/","logo":{"@type":"ImageObject","inLanguage":"es","@id":"https:\/\/innovalia-metrology.com\/es\/#\/schema\/logo\/image\/","url":"https:\/\/innovalia-metrology.com\/wp-content\/uploads\/2025\/10\/Diseno-sin-titulo-36.png","contentUrl":"https:\/\/innovalia-metrology.com\/wp-content\/uploads\/2025\/10\/Diseno-sin-titulo-36.png","width":300,"height":250,"caption":"INNOVALIA METROLOGY"},"image":{"@id":"https:\/\/innovalia-metrology.com\/es\/#\/schema\/logo\/image\/"},"sameAs":["https:\/\/x.com\/IMetrology_ES","https:\/\/www.linkedin.com\/company\/innovalia-metrology","https:\/\/www.youtube.com\/channel\/UCV7L_atMrcg6DUslHYeDaYQ"]}]}},"_links":{"self":[{"href":"https:\/\/innovalia-metrology.com\/es\/wp-json\/wp\/v2\/pages\/635301","targetHints":{"allow":["GET"]}}],"collection":[{"href":"https:\/\/innovalia-metrology.com\/es\/wp-json\/wp\/v2\/pages"}],"about":[{"href":"https:\/\/innovalia-metrology.com\/es\/wp-json\/wp\/v2\/types\/page"}],"author":[{"embeddable":true,"href":"https:\/\/innovalia-metrology.com\/es\/wp-json\/wp\/v2\/users\/85986"}],"replies":[{"embeddable":true,"href":"https:\/\/innovalia-metrology.com\/es\/wp-json\/wp\/v2\/comments?post=635301"}],"version-history":[{"count":5,"href":"https:\/\/innovalia-metrology.com\/es\/wp-json\/wp\/v2\/pages\/635301\/revisions"}],"predecessor-version":[{"id":638341,"href":"https:\/\/innovalia-metrology.com\/es\/wp-json\/wp\/v2\/pages\/635301\/revisions\/638341"}],"wp:attachment":[{"href":"https:\/\/innovalia-metrology.com\/es\/wp-json\/wp\/v2\/media?parent=635301"}],"curies":[{"name":"wp","href":"https:\/\/api.w.org\/{rel}","templated":true}]}}