{"id":629317,"date":"2013-12-13T15:26:22","date_gmt":"2013-12-13T14:26:22","guid":{"rendered":"https:\/\/innovalia-metrology.cbtpruebas.es\/metrology-products\/"},"modified":"2023-03-21T16:27:15","modified_gmt":"2023-03-21T15:27:15","slug":"metrology-produits","status":"publish","type":"page","link":"https:\/\/innovalia-metrology.com\/fr\/metrology-produits\/","title":{"rendered":"Produits"},"content":{"rendered":"<p>[et_pb_section fb_built=\u00a0\u00bb1&Prime; _builder_version=\u00a0\u00bb4.19.4&Prime; _module_preset=\u00a0\u00bbdefault\u00a0\u00bb background_color=\u00a0\u00bb#f7f7f7&Prime; width=\u00a0\u00bb100%\u00a0\u00bb custom_padding=\u00a0\u00bb5px|||||\u00a0\u00bb da_disable_devices=\u00a0\u00bboff|off|off\u00a0\u00bb global_colors_info=\u00a0\u00bb{}\u00a0\u00bb da_is_popup=\u00a0\u00bboff\u00a0\u00bb da_exit_intent=\u00a0\u00bboff\u00a0\u00bb da_has_close=\u00a0\u00bbon\u00a0\u00bb da_alt_close=\u00a0\u00bboff\u00a0\u00bb da_dark_close=\u00a0\u00bboff\u00a0\u00bb da_not_modal=\u00a0\u00bbon\u00a0\u00bb da_is_singular=\u00a0\u00bboff\u00a0\u00bb da_with_loader=\u00a0\u00bboff\u00a0\u00bb da_has_shadow=\u00a0\u00bbon\u00a0\u00bb][et_pb_row _builder_version=\u00a0\u00bb4.19.4&Prime; background_size=\u00a0\u00bbinitial\u00a0\u00bb background_position=\u00a0\u00bbtop_left\u00a0\u00bb background_repeat=\u00a0\u00bbrepeat\u00a0\u00bb width=\u00a0\u00bb100%\u00a0\u00bb custom_padding=\u00a0\u00bb||0px||false|false\u00a0\u00bb locked=\u00a0\u00bboff\u00a0\u00bb global_colors_info=\u00a0\u00bb{}\u00a0\u00bb][et_pb_column type=\u00a0\u00bb4_4&Prime; _builder_version=\u00a0\u00bb4.16&Prime; custom_padding=\u00a0\u00bb|||\u00a0\u00bb global_colors_info=\u00a0\u00bb{}\u00a0\u00bb custom_padding__hover=\u00a0\u00bb|||\u00a0\u00bb][et_pb_text _builder_version=\u00a0\u00bb4.19.5&Prime; header_3_font_size=\u00a0\u00bb25px\u00a0\u00bb background_size=\u00a0\u00bbinitial\u00a0\u00bb background_position=\u00a0\u00bbtop_left\u00a0\u00bb background_repeat=\u00a0\u00bbrepeat\u00a0\u00bb custom_margin=\u00a0\u00bb||2px|||\u00a0\u00bb global_colors_info=\u00a0\u00bb{}\u00a0\u00bb]<\/p>\n<div class=\"g1-layout-inner\">\n<div id=\"g1-content-area\">\n<div id=\"primary\">\n<div id=\"content\" role=\"main\">\n<article id=\"post-4229\" class=\"post-4229 page type-page status-publish g1_relation_tag-productos g1-complete\">\n<div class=\"entry-content\">\n<h3>D\u00e9couvrez nos produits de contr\u00f4le de qualit\u00e9<\/h3>\n<h3><a id=\"g1-button-6\" class=\"g1-button g1-button--small g1-button--solid g1-button--standard \" href=\"https:\/\/www.innovalia-metrology.com\/metrology-products\/m3-hybrid\/\"><\/a><\/h3>\n<\/div>\n<footer class=\"entry-meta\"><\/footer>\n<\/article>\n<\/div>\n<\/div>\n<\/div>\n<\/div>\n<p>[\/et_pb_text][et_pb_divider color=\u00a0\u00bb#e2e2e2&Prime; divider_position=\u00a0\u00bbcenter\u00a0\u00bb divider_weight=\u00a0\u00bb1px\u00a0\u00bb _builder_version=\u00a0\u00bb4.16&Prime; _module_preset=\u00a0\u00bbdefault\u00a0\u00bb custom_margin=\u00a0\u00bb||25px||false|false\u00a0\u00bb custom_css_main_element=\u00a0\u00bbheight:2px;\u00a0\u00bb border_color_all=\u00a0\u00bb#000000&Prime; border_color_top=\u00a0\u00bb#a0a0a0&Prime; border_color_bottom=\u00a0\u00bb#dbdbdb\u00a0\u00bb border_width_left=\u00a0\u00bb35px\u00a0\u00bb border_color_left=\u00a0\u00bb#DC1100&Prime; global_colors_info=\u00a0\u00bb{}\u00a0\u00bb][\/et_pb_divider][\/et_pb_column][\/et_pb_row][et_pb_row column_structure=\u00a0\u00bb1_2,1_2&Prime; use_custom_gutter=\u00a0\u00bbon\u00a0\u00bb gutter_width=\u00a0\u00bb1&Prime; _builder_version=\u00a0\u00bb4.19.4&Prime; _module_preset=\u00a0\u00bbdefault\u00a0\u00bb width=\u00a0\u00bb100%\u00a0\u00bb global_colors_info=\u00a0\u00bb{}\u00a0\u00bb][et_pb_column type=\u00a0\u00bb1_2&Prime; _builder_version=\u00a0\u00bb4.16&Prime; _module_preset=\u00a0\u00bbdefault\u00a0\u00bb global_colors_info=\u00a0\u00bb{}\u00a0\u00bb][et_pb_cta button_url=\u00a0\u00bb\/metrology-products\/cmms-systems\/\u00a0\u00bb button_text=\u00a0\u00bbPlus\u00a0\u00bb _builder_version=\u00a0\u00bb4.19.5&Prime; _module_preset=\u00a0\u00bbdefault\u00a0\u00bb header_level=\u00a0\u00bbh3&Prime; header_text_align=\u00a0\u00bbleft\u00a0\u00bb header_text_color=\u00a0\u00bb#000000&Prime; background_color=\u00a0\u00bbRGBA(0,0,0,0)\u00a0\u00bb button_alignment=\u00a0\u00bbleft\u00a0\u00bb background_layout=\u00a0\u00bblight\u00a0\u00bb custom_padding=\u00a0\u00bb0px|||||\u00a0\u00bb link_option_url=\u00a0\u00bb\/metrology-products\/cmms-systems\/\u00a0\u00bb custom_css_promo_button=\u00a0\u00bbmargin-top:-20px;\u00a0\u00bb global_colors_info=\u00a0\u00bb{}\u00a0\u00bb]<\/p>\n<p><span class=\"g1-decorator\"><img loading=\"lazy\" decoding=\"async\" class=\"attachment-g1_one_half size-g1_one_half wp-post-image\" src=\"https:\/\/www.innovalia-metrology.com\/wp-content\/uploads\/2013\/03\/m3portable-cmm1-482x271.png\" sizes=\"(max-width: 482px) 100vw, 482px\" srcset=\"https:\/\/www.innovalia-metrology.com\/wp-content\/uploads\/2013\/03\/m3portable-cmm1-482x271.png 482w, https:\/\/www.innovalia-metrology.com\/wp-content\/uploads\/2013\/03\/m3portable-cmm1-320x180.png 320w, https:\/\/www.innovalia-metrology.com\/wp-content\/uploads\/2013\/03\/m3portable-cmm1-239x134.png 239w\" alt=\"m3portable-cmm\" width=\"482\" height=\"271\" \/><\/span><\/p>\n<p>&nbsp;<\/p>\n<h3 style=\"text-align: left;\">Syst\u00e8mes MMT<\/h3>\n<p>[\/et_pb_cta][et_pb_cta button_url=\u00a0\u00bb\/metrology-products\/accessories\/\u00a0\u00bb button_text=\u00a0\u00bbPlus\u00a0\u00bb _builder_version=\u00a0\u00bb4.19.5&Prime; _module_preset=\u00a0\u00bbdefault\u00a0\u00bb header_level=\u00a0\u00bbh3&Prime; header_text_align=\u00a0\u00bbleft\u00a0\u00bb header_text_color=\u00a0\u00bb#000000&Prime; background_color=\u00a0\u00bbRGBA(0,0,0,0)\u00a0\u00bb button_alignment=\u00a0\u00bbleft\u00a0\u00bb background_layout=\u00a0\u00bblight\u00a0\u00bb custom_padding=\u00a0\u00bb0px|||||\u00a0\u00bb link_option_url=\u00a0\u00bb\/metrology-products\/accessories\/\u00a0\u00bb custom_css_promo_button=\u00a0\u00bbmargin-top:-20px;\u00a0\u00bb global_colors_info=\u00a0\u00bb{}\u00a0\u00bb]<\/p>\n<figure class=\"entry-featured-media g1-on--mouse\"><span class=\"g1-decorator\"><img loading=\"lazy\" decoding=\"async\" class=\"attachment-g1_one_half size-g1_one_half wp-post-image\" src=\"https:\/\/www.innovalia-metrology.com\/wp-content\/uploads\/2013\/03\/artefactoss-sin-contacto-maquinas-cmm-482x271.jpg\" sizes=\"(max-width: 482px) 100vw, 482px\" srcset=\"https:\/\/www.innovalia-metrology.com\/wp-content\/uploads\/2013\/03\/artefactoss-sin-contacto-maquinas-cmm-482x271.jpg 482w, https:\/\/www.innovalia-metrology.com\/wp-content\/uploads\/2013\/03\/artefactoss-sin-contacto-maquinas-cmm-320x180.jpg 320w, https:\/\/www.innovalia-metrology.com\/wp-content\/uploads\/2013\/03\/artefactoss-sin-contacto-maquinas-cmm-239x134.jpg 239w\" alt=\"artefactos-sin-contacto-maquinas-cmm\" width=\"482\" height=\"271\" \/><\/span><\/figure>\n<p>&nbsp;<\/p>\n<h3 style=\"text-align: left;\">Accessoires<\/h3>\n<p>[\/et_pb_cta][et_pb_cta button_url=\u00a0\u00bb@ET-DC@eyJkeW5hbWljIjp0cnVlLCJjb250ZW50IjoicG9zdF9saW5rX3VybF9wYWdlIiwic2V0dGluZ3MiOnsicG9zdF9pZCI6IjIwMzExIn19@\u00a0\u00bb button_text=\u00a0\u00bbPlus\u00a0\u00bb _builder_version=\u00a0\u00bb4.19.5&Prime; _dynamic_attributes=\u00a0\u00bblink_option_url,button_url\u00a0\u00bb _module_preset=\u00a0\u00bbdefault\u00a0\u00bb header_level=\u00a0\u00bbh3&Prime; header_text_align=\u00a0\u00bbleft\u00a0\u00bb header_text_color=\u00a0\u00bb#000000&Prime; background_color=\u00a0\u00bbRGBA(0,0,0,0)\u00a0\u00bb button_alignment=\u00a0\u00bbleft\u00a0\u00bb background_layout=\u00a0\u00bblight\u00a0\u00bb custom_padding=\u00a0\u00bb0px|||||\u00a0\u00bb link_option_url=\u00a0\u00bb@ET-DC@eyJkeW5hbWljIjp0cnVlLCJjb250ZW50IjoicG9zdF9saW5rX3VybF9wYWdlIiwic2V0dGluZ3MiOnsicG9zdF9pZCI6IjIwMzExIn19@\u00a0\u00bb custom_css_promo_button=\u00a0\u00bbmargin-top:-20px;\u00a0\u00bb global_colors_info=\u00a0\u00bb{}\u00a0\u00bb]<\/p>\n<figure class=\"entry-featured-media g1-on--mouse\"><span class=\"g1-decorator\"><img loading=\"lazy\" decoding=\"async\" class=\"attachment-g1_one_half size-g1_one_half wp-post-image\" src=\"https:\/\/www.innovalia-metrology.com\/wp-content\/uploads\/2017\/05\/500X-350-482x271.jpg\" sizes=\"(max-width: 482px) 100vw, 482px\" srcset=\"https:\/\/www.innovalia-metrology.com\/wp-content\/uploads\/2017\/05\/500X-350-482x271.jpg 482w, https:\/\/www.innovalia-metrology.com\/wp-content\/uploads\/2017\/05\/500X-350-320x180.jpg 320w, https:\/\/www.innovalia-metrology.com\/wp-content\/uploads\/2017\/05\/500X-350-239x134.jpg 239w\" alt=\"\" width=\"482\" height=\"271\" \/><\/span><\/figure>\n<p>&nbsp;<\/p>\n<h3 style=\"text-align: left;\">M3 MH: logiciel de mesure pour machine-outil<\/h3>\n<p>[\/et_pb_cta][\/et_pb_column][et_pb_column type=\u00a0\u00bb1_2&Prime; _builder_version=\u00a0\u00bb4.16&Prime; _module_preset=\u00a0\u00bbdefault\u00a0\u00bb global_colors_info=\u00a0\u00bb{}\u00a0\u00bb][et_pb_cta button_url=\u00a0\u00bb\/metrology-products\/optical-sensors\/\u00a0\u00bb button_text=\u00a0\u00bbPlus\u00a0\u00bb _builder_version=\u00a0\u00bb4.19.5&Prime; _module_preset=\u00a0\u00bbdefault\u00a0\u00bb header_level=\u00a0\u00bbh3&Prime; header_text_align=\u00a0\u00bbleft\u00a0\u00bb header_text_color=\u00a0\u00bb#000000&Prime; background_color=\u00a0\u00bbRGBA(0,0,0,0)\u00a0\u00bb button_alignment=\u00a0\u00bbleft\u00a0\u00bb background_layout=\u00a0\u00bblight\u00a0\u00bb custom_padding=\u00a0\u00bb0px|||||\u00a0\u00bb link_option_url=\u00a0\u00bb\/metrology-products\/optical-sensors\/\u00a0\u00bb custom_css_promo_button=\u00a0\u00bbmargin-top:-20px;\u00a0\u00bb global_colors_info=\u00a0\u00bb{}\u00a0\u00bb]<\/p>\n<p><a id=\"g1-frame-1\" class=\"g1-frame g1-frame--none g1-frame--inherit g1-frame--center \" href=\"https:\/\/www.innovalia-metrology.com\/metrology-products\/cmms-systems\/\"><\/a><img loading=\"lazy\" decoding=\"async\" class=\"attachment-g1_one_half size-g1_one_half wp-post-image\" src=\"https:\/\/www.innovalia-metrology.com\/wp-content\/uploads\/2013\/03\/sensor-optico-optiscan-482x271.jpg\" sizes=\"(max-width: 482px) 100vw, 482px\" srcset=\"https:\/\/www.innovalia-metrology.com\/wp-content\/uploads\/2013\/03\/sensor-optico-optiscan-482x271.jpg 482w, https:\/\/www.innovalia-metrology.com\/wp-content\/uploads\/2013\/03\/sensor-optico-optiscan-320x180.jpg 320w, https:\/\/www.innovalia-metrology.com\/wp-content\/uploads\/2013\/03\/sensor-optico-optiscan-239x134.jpg 239w\" alt=\"sensor-optico-optiscan\" width=\"482\" height=\"271\" \/><\/p>\n<p>&nbsp;<\/p>\n<h3 style=\"text-align: left;\">Capteurs optiques<\/h3>\n<p>[\/et_pb_cta][et_pb_cta button_url=\u00a0\u00bb\/metrology-products\/metrology-software\/metrology-software-m3\/\u00a0\u00bb button_text=\u00a0\u00bbPlus\u00a0\u00bb _builder_version=\u00a0\u00bb4.19.5&Prime; _module_preset=\u00a0\u00bbdefault\u00a0\u00bb header_level=\u00a0\u00bbh3&Prime; header_text_align=\u00a0\u00bbleft\u00a0\u00bb header_text_color=\u00a0\u00bb#000000&Prime; background_color=\u00a0\u00bbRGBA(0,0,0,0)\u00a0\u00bb button_alignment=\u00a0\u00bbleft\u00a0\u00bb background_layout=\u00a0\u00bblight\u00a0\u00bb custom_padding=\u00a0\u00bb0px|||||\u00a0\u00bb link_option_url=\u00a0\u00bb\/metrology-products\/metrology-software\/metrology-software-m3\/\u00a0\u00bb custom_css_promo_button=\u00a0\u00bbmargin-top:-20px;\u00a0\u00bb global_colors_info=\u00a0\u00bb{}\u00a0\u00bb]<\/p>\n<figure class=\"entry-featured-media g1-on--mouse\"><span class=\"g1-decorator\"><img loading=\"lazy\" decoding=\"async\" class=\"attachment-g1_one_half size-g1_one_half wp-post-image\" src=\"https:\/\/www.innovalia-metrology.com\/wp-content\/uploads\/2013\/03\/software-m3-482x271.jpg\" sizes=\"(max-width: 482px) 100vw, 482px\" srcset=\"https:\/\/www.innovalia-metrology.com\/wp-content\/uploads\/2013\/03\/software-m3-482x271.jpg 482w, https:\/\/www.innovalia-metrology.com\/wp-content\/uploads\/2013\/03\/software-m3-320x180.jpg 320w, https:\/\/www.innovalia-metrology.com\/wp-content\/uploads\/2013\/03\/software-m3-239x134.jpg 239w\" alt=\"software-m3\" width=\"482\" height=\"271\" \/><\/span><\/figure>\n<p>&nbsp;<\/p>\n<h3 style=\"text-align: left;\">M3<\/h3>\n<p>[\/et_pb_cta][et_pb_cta button_url=\u00a0\u00bb@ET-DC@eyJkeW5hbWljIjp0cnVlLCJjb250ZW50IjoicG9zdF9saW5rX3VybF9wYWdlIiwic2V0dGluZ3MiOnsicG9zdF9pZCI6Ijc3MjAifX0=@\u00a0\u00bb button_text=\u00a0\u00bbPlus\u00a0\u00bb _builder_version=\u00a0\u00bb4.19.5&Prime; _dynamic_attributes=\u00a0\u00bbbutton_url,link_option_url\u00a0\u00bb _module_preset=\u00a0\u00bbdefault\u00a0\u00bb header_level=\u00a0\u00bbh3&Prime; header_text_align=\u00a0\u00bbleft\u00a0\u00bb header_text_color=\u00a0\u00bb#000000&Prime; background_color=\u00a0\u00bbRGBA(0,0,0,0)\u00a0\u00bb button_alignment=\u00a0\u00bbleft\u00a0\u00bb background_layout=\u00a0\u00bblight\u00a0\u00bb custom_padding=\u00a0\u00bb0px|||||\u00a0\u00bb link_option_url=\u00a0\u00bb@ET-DC@eyJkeW5hbWljIjp0cnVlLCJjb250ZW50IjoicG9zdF9saW5rX3VybF9wYWdlIiwic2V0dGluZ3MiOnsicG9zdF9pZCI6Ijc3MjAifX0=@\u00a0\u00bb custom_css_promo_button=\u00a0\u00bbmargin-top:-20px;\u00a0\u00bb global_colors_info=\u00a0\u00bb{}\u00a0\u00bb]<\/p>\n<div class=\"g1-layout-inner\">\n<div id=\"g1-content-area\">\n<div id=\"primary\">\n<div id=\"content\" role=\"main\">\n<article id=\"post-4229\" class=\"post-4229 page type-page status-publish g1_relation_tag-productos g1-complete\">\n<div class=\"entry-content\">\n<div>\n<div id=\"g1-custom-posts-shortcode-1\" class=\"g1-collection-custom_pages g1-custom-posts-shortcode g1-shortcode \">\n<div class=\"g1-collection g1-collection--grid g1-collection--one-half g1-collection--simple g1-effect-none\">\n<article id=\"post-7720\" class=\"post-7720 page type-page status-publish has-post-thumbnail g1-brief\">\n<figure class=\"entry-featured-media g1-on--mouse\"><span class=\"g1-decorator\"><img loading=\"lazy\" decoding=\"async\" class=\"attachment-g1_one_half size-g1_one_half wp-post-image\" src=\"https:\/\/www.innovalia-metrology.com\/wp-content\/uploads\/2018\/03\/Innovalia2-4-458x271.jpg\" alt=\"\" width=\"458\" height=\"271\" \/><\/span><\/figure>\n<p><span class=\"g1-decorator\"><\/span><\/p>\n<p><span class=\"g1-decorator\"><\/span><\/p>\n<div class=\"g1-nonmedia\">\n<div class=\"g1-01\"><\/div>\n<\/div>\n<\/article>\n<\/div>\n<\/div>\n<\/div>\n<\/div>\n<\/article>\n<\/div>\n<\/div>\n<\/div>\n<\/div>\n<h3 style=\"text-align: left;\">M3 Hybrid<\/h3>\n<p>[\/et_pb_cta][\/et_pb_column][\/et_pb_row][\/et_pb_section]<\/p>\n","protected":false},"excerpt":{"rendered":"<p>D\u00e9couvrez nos produits de contr\u00f4le de qualit\u00e9 &nbsp; Syst\u00e8mes MMT &nbsp; Accessoires &nbsp; M3 MH: logiciel de mesure pour machine-outil &nbsp; Capteurs optiques &nbsp; M3 M3 Hybrid<\/p>\n","protected":false},"author":85986,"featured_media":0,"parent":0,"menu_order":0,"comment_status":"closed","ping_status":"closed","template":"","meta":{"_acf_changed":false,"_et_pb_use_builder":"on","_et_pb_old_content":"<h3>Innovalia metrology products<\/h3>\r\n[divider style=\"none\"]\r\n\r\n[\/divider]\r\n<div>[custom_pages template=\"one_half\" effect=\"none\" hide=\"author,summary\" entry_ids=\"6205, 4250, 4253, 4267, 9487, 7720\"][\/custom_pages]<\/div>","_et_gb_content_width":"","footnotes":""},"class_list":["post-629317","page","type-page","status-publish","hentry"],"acf":[],"yoast_head":"<title>Solutions for Industrial Quality Management | Innovalia Metrology<\/title>\n<meta name=\"description\" content=\"Hardware and Metrology products for industrial quality management that will optimize your production. Coordinate measuring machines, Metrological Software and much more.\" \/>\n<meta name=\"robots\" content=\"index, follow, max-snippet:-1, max-image-preview:large, max-video-preview:-1\" \/>\n<link rel=\"canonical\" href=\"https:\/\/innovalia-metrology.com\/fr\/metrology-produits\/\" \/>\n<meta property=\"og:locale\" content=\"fr_FR\" \/>\n<meta property=\"og:type\" content=\"article\" \/>\n<meta property=\"og:title\" content=\"Solutions for Industrial Quality Management | Innovalia Metrology\" \/>\n<meta property=\"og:description\" content=\"Hardware and Metrology products for industrial quality management that will optimize your production. Coordinate measuring machines, Metrological Software and much more.\" \/>\n<meta property=\"og:url\" content=\"https:\/\/innovalia-metrology.com\/fr\/metrology-produits\/\" \/>\n<meta property=\"og:site_name\" content=\"INNOVALIA METROLOGY | INDUSTRIAL METROLOGY SOLUTIONS\" \/>\n<meta property=\"article:modified_time\" content=\"2023-03-21T15:27:15+00:00\" \/>\n<meta property=\"og:image\" content=\"https:\/\/www.innovalia-metrology.com\/wp-content\/uploads\/2013\/03\/m3portable-cmm1-482x271.png\" \/>\n<meta name=\"twitter:label1\" content=\"Dur\u00e9e de lecture estim\u00e9e\" \/>\n\t<meta name=\"twitter:data1\" content=\"3 minutes\" \/>\n<script type=\"application\/ld+json\" class=\"yoast-schema-graph\">{\"@context\":\"https:\/\/schema.org\",\"@graph\":[{\"@type\":\"WebPage\",\"@id\":\"https:\/\/innovalia-metrology.com\/fr\/metrology-produits\/\",\"url\":\"https:\/\/innovalia-metrology.com\/fr\/metrology-produits\/\",\"name\":\"Solutions for Industrial Quality Management | Innovalia Metrology\",\"isPartOf\":{\"@id\":\"https:\/\/innovalia-metrology.com\/fr\/#website\"},\"primaryImageOfPage\":{\"@id\":\"https:\/\/innovalia-metrology.com\/fr\/metrology-produits\/#primaryimage\"},\"image\":{\"@id\":\"https:\/\/innovalia-metrology.com\/fr\/metrology-produits\/#primaryimage\"},\"thumbnailUrl\":\"https:\/\/www.innovalia-metrology.com\/wp-content\/uploads\/2013\/03\/m3portable-cmm1-482x271.png\",\"datePublished\":\"2013-12-13T14:26:22+00:00\",\"dateModified\":\"2023-03-21T15:27:15+00:00\",\"description\":\"Hardware and Metrology products for industrial quality management that will optimize your production. Coordinate measuring machines, Metrological Software and much more.\",\"breadcrumb\":{\"@id\":\"https:\/\/innovalia-metrology.com\/fr\/metrology-produits\/#breadcrumb\"},\"inLanguage\":\"fr-FR\",\"potentialAction\":[{\"@type\":\"ReadAction\",\"target\":[\"https:\/\/innovalia-metrology.com\/fr\/metrology-produits\/\"]}]},{\"@type\":\"ImageObject\",\"inLanguage\":\"fr-FR\",\"@id\":\"https:\/\/innovalia-metrology.com\/fr\/metrology-produits\/#primaryimage\",\"url\":\"https:\/\/www.innovalia-metrology.com\/wp-content\/uploads\/2013\/03\/m3portable-cmm1-482x271.png\",\"contentUrl\":\"https:\/\/www.innovalia-metrology.com\/wp-content\/uploads\/2013\/03\/m3portable-cmm1-482x271.png\"},{\"@type\":\"BreadcrumbList\",\"@id\":\"https:\/\/innovalia-metrology.com\/fr\/metrology-produits\/#breadcrumb\",\"itemListElement\":[{\"@type\":\"ListItem\",\"position\":1,\"name\":\"Home\",\"item\":\"https:\/\/innovalia-metrology.com\/fr\/\"},{\"@type\":\"ListItem\",\"position\":2,\"name\":\"Produits\"}]},{\"@type\":\"WebSite\",\"@id\":\"https:\/\/innovalia-metrology.com\/fr\/#website\",\"url\":\"https:\/\/innovalia-metrology.com\/fr\/\",\"name\":\"INNOVALIA METROLOGY\",\"description\":\"METROLOGY SOLUTIONS\",\"publisher\":{\"@id\":\"https:\/\/innovalia-metrology.com\/fr\/#organization\"},\"potentialAction\":[{\"@type\":\"SearchAction\",\"target\":{\"@type\":\"EntryPoint\",\"urlTemplate\":\"https:\/\/innovalia-metrology.com\/fr\/?s={search_term_string}\"},\"query-input\":{\"@type\":\"PropertyValueSpecification\",\"valueRequired\":true,\"valueName\":\"search_term_string\"}}],\"inLanguage\":\"fr-FR\"},{\"@type\":\"Organization\",\"@id\":\"https:\/\/innovalia-metrology.com\/fr\/#organization\",\"name\":\"INNOVALIA METROLOGY\",\"url\":\"https:\/\/innovalia-metrology.com\/fr\/\",\"logo\":{\"@type\":\"ImageObject\",\"inLanguage\":\"fr-FR\",\"@id\":\"https:\/\/innovalia-metrology.com\/fr\/#\/schema\/logo\/image\/\",\"url\":\"https:\/\/innovalia-metrology.com\/wp-content\/uploads\/2025\/10\/Diseno-sin-titulo-36.png\",\"contentUrl\":\"https:\/\/innovalia-metrology.com\/wp-content\/uploads\/2025\/10\/Diseno-sin-titulo-36.png\",\"width\":300,\"height\":250,\"caption\":\"INNOVALIA METROLOGY\"},\"image\":{\"@id\":\"https:\/\/innovalia-metrology.com\/fr\/#\/schema\/logo\/image\/\"},\"sameAs\":[\"https:\/\/x.com\/IMetrology_ES\",\"https:\/\/www.linkedin.com\/company\/innovalia-metrology\",\"https:\/\/www.youtube.com\/channel\/UCV7L_atMrcg6DUslHYeDaYQ\"]}]}<\/script>","yoast_head_json":{"title":"Solutions for Industrial Quality Management | Innovalia Metrology","description":"Hardware and Metrology products for industrial quality management that will optimize your production. Coordinate measuring machines, Metrological Software and much more.","robots":{"index":"index","follow":"follow","max-snippet":"max-snippet:-1","max-image-preview":"max-image-preview:large","max-video-preview":"max-video-preview:-1"},"canonical":"https:\/\/innovalia-metrology.com\/fr\/metrology-produits\/","og_locale":"fr_FR","og_type":"article","og_title":"Solutions for Industrial Quality Management | Innovalia Metrology","og_description":"Hardware and Metrology products for industrial quality management that will optimize your production. Coordinate measuring machines, Metrological Software and much more.","og_url":"https:\/\/innovalia-metrology.com\/fr\/metrology-produits\/","og_site_name":"INNOVALIA METROLOGY | INDUSTRIAL METROLOGY SOLUTIONS","article_modified_time":"2023-03-21T15:27:15+00:00","og_image":[{"url":"https:\/\/www.innovalia-metrology.com\/wp-content\/uploads\/2013\/03\/m3portable-cmm1-482x271.png","type":"","width":"","height":""}],"twitter_misc":{"Dur\u00e9e de lecture estim\u00e9e":"3 minutes"},"schema":{"@context":"https:\/\/schema.org","@graph":[{"@type":"WebPage","@id":"https:\/\/innovalia-metrology.com\/fr\/metrology-produits\/","url":"https:\/\/innovalia-metrology.com\/fr\/metrology-produits\/","name":"Solutions for Industrial Quality Management | Innovalia Metrology","isPartOf":{"@id":"https:\/\/innovalia-metrology.com\/fr\/#website"},"primaryImageOfPage":{"@id":"https:\/\/innovalia-metrology.com\/fr\/metrology-produits\/#primaryimage"},"image":{"@id":"https:\/\/innovalia-metrology.com\/fr\/metrology-produits\/#primaryimage"},"thumbnailUrl":"https:\/\/www.innovalia-metrology.com\/wp-content\/uploads\/2013\/03\/m3portable-cmm1-482x271.png","datePublished":"2013-12-13T14:26:22+00:00","dateModified":"2023-03-21T15:27:15+00:00","description":"Hardware and Metrology products for industrial quality management that will optimize your production. Coordinate measuring machines, Metrological Software and much more.","breadcrumb":{"@id":"https:\/\/innovalia-metrology.com\/fr\/metrology-produits\/#breadcrumb"},"inLanguage":"fr-FR","potentialAction":[{"@type":"ReadAction","target":["https:\/\/innovalia-metrology.com\/fr\/metrology-produits\/"]}]},{"@type":"ImageObject","inLanguage":"fr-FR","@id":"https:\/\/innovalia-metrology.com\/fr\/metrology-produits\/#primaryimage","url":"https:\/\/www.innovalia-metrology.com\/wp-content\/uploads\/2013\/03\/m3portable-cmm1-482x271.png","contentUrl":"https:\/\/www.innovalia-metrology.com\/wp-content\/uploads\/2013\/03\/m3portable-cmm1-482x271.png"},{"@type":"BreadcrumbList","@id":"https:\/\/innovalia-metrology.com\/fr\/metrology-produits\/#breadcrumb","itemListElement":[{"@type":"ListItem","position":1,"name":"Home","item":"https:\/\/innovalia-metrology.com\/fr\/"},{"@type":"ListItem","position":2,"name":"Produits"}]},{"@type":"WebSite","@id":"https:\/\/innovalia-metrology.com\/fr\/#website","url":"https:\/\/innovalia-metrology.com\/fr\/","name":"INNOVALIA METROLOGY","description":"METROLOGY SOLUTIONS","publisher":{"@id":"https:\/\/innovalia-metrology.com\/fr\/#organization"},"potentialAction":[{"@type":"SearchAction","target":{"@type":"EntryPoint","urlTemplate":"https:\/\/innovalia-metrology.com\/fr\/?s={search_term_string}"},"query-input":{"@type":"PropertyValueSpecification","valueRequired":true,"valueName":"search_term_string"}}],"inLanguage":"fr-FR"},{"@type":"Organization","@id":"https:\/\/innovalia-metrology.com\/fr\/#organization","name":"INNOVALIA METROLOGY","url":"https:\/\/innovalia-metrology.com\/fr\/","logo":{"@type":"ImageObject","inLanguage":"fr-FR","@id":"https:\/\/innovalia-metrology.com\/fr\/#\/schema\/logo\/image\/","url":"https:\/\/innovalia-metrology.com\/wp-content\/uploads\/2025\/10\/Diseno-sin-titulo-36.png","contentUrl":"https:\/\/innovalia-metrology.com\/wp-content\/uploads\/2025\/10\/Diseno-sin-titulo-36.png","width":300,"height":250,"caption":"INNOVALIA METROLOGY"},"image":{"@id":"https:\/\/innovalia-metrology.com\/fr\/#\/schema\/logo\/image\/"},"sameAs":["https:\/\/x.com\/IMetrology_ES","https:\/\/www.linkedin.com\/company\/innovalia-metrology","https:\/\/www.youtube.com\/channel\/UCV7L_atMrcg6DUslHYeDaYQ"]}]}},"_links":{"self":[{"href":"https:\/\/innovalia-metrology.com\/fr\/wp-json\/wp\/v2\/pages\/629317","targetHints":{"allow":["GET"]}}],"collection":[{"href":"https:\/\/innovalia-metrology.com\/fr\/wp-json\/wp\/v2\/pages"}],"about":[{"href":"https:\/\/innovalia-metrology.com\/fr\/wp-json\/wp\/v2\/types\/page"}],"author":[{"embeddable":true,"href":"https:\/\/innovalia-metrology.com\/fr\/wp-json\/wp\/v2\/users\/85986"}],"replies":[{"embeddable":true,"href":"https:\/\/innovalia-metrology.com\/fr\/wp-json\/wp\/v2\/comments?post=629317"}],"version-history":[{"count":6,"href":"https:\/\/innovalia-metrology.com\/fr\/wp-json\/wp\/v2\/pages\/629317\/revisions"}],"predecessor-version":[{"id":631575,"href":"https:\/\/innovalia-metrology.com\/fr\/wp-json\/wp\/v2\/pages\/629317\/revisions\/631575"}],"wp:attachment":[{"href":"https:\/\/innovalia-metrology.com\/fr\/wp-json\/wp\/v2\/media?parent=629317"}],"curies":[{"name":"wp","href":"https:\/\/api.w.org\/{rel}","templated":true}]}}