{"id":629434,"date":"2014-05-02T10:43:22","date_gmt":"2014-05-02T08:43:22","guid":{"rendered":"https:\/\/innovalia-metrology.cbtpruebas.es\/metrology-software-m3\/"},"modified":"2023-03-06T12:44:16","modified_gmt":"2023-03-06T11:44:16","slug":"m3","status":"publish","type":"page","link":"https:\/\/innovalia-metrology.com\/fr\/metrology-produits\/logiciel-metrologique\/m3\/","title":{"rendered":"M3"},"content":{"rendered":"<p>[et_pb_section fb_built=\u00a0\u00bb1&Prime; _builder_version=\u00a0\u00bb4.19.4&Prime; _module_preset=\u00a0\u00bbdefault\u00a0\u00bb background_color=\u00a0\u00bb#f7f7f7&Prime; custom_padding=\u00a0\u00bb5px||10px|||\u00a0\u00bb locked=\u00a0\u00bboff\u00a0\u00bb global_colors_info=\u00a0\u00bb{}\u00a0\u00bb da_is_popup=\u00a0\u00bboff\u00a0\u00bb da_exit_intent=\u00a0\u00bboff\u00a0\u00bb da_has_close=\u00a0\u00bbon\u00a0\u00bb da_alt_close=\u00a0\u00bboff\u00a0\u00bb da_dark_close=\u00a0\u00bboff\u00a0\u00bb da_not_modal=\u00a0\u00bbon\u00a0\u00bb da_is_singular=\u00a0\u00bboff\u00a0\u00bb da_with_loader=\u00a0\u00bboff\u00a0\u00bb da_has_shadow=\u00a0\u00bbon\u00a0\u00bb da_disable_devices=\u00a0\u00bboff|off|off\u00a0\u00bb][et_pb_row _builder_version=\u00a0\u00bb4.19.4&Prime; background_size=\u00a0\u00bbinitial\u00a0\u00bb background_position=\u00a0\u00bbtop_left\u00a0\u00bb background_repeat=\u00a0\u00bbrepeat\u00a0\u00bb width=\u00a0\u00bb100%\u00a0\u00bb custom_padding=\u00a0\u00bb||0px||false|false\u00a0\u00bb locked=\u00a0\u00bboff\u00a0\u00bb global_colors_info=\u00a0\u00bb{}\u00a0\u00bb][et_pb_column type=\u00a0\u00bb4_4&Prime; _builder_version=\u00a0\u00bb4.16&Prime; custom_padding=\u00a0\u00bb|||\u00a0\u00bb global_colors_info=\u00a0\u00bb{}\u00a0\u00bb custom_padding__hover=\u00a0\u00bb|||\u00a0\u00bb][et_pb_text _builder_version=\u00a0\u00bb4.19.5&Prime; header_3_font_size=\u00a0\u00bb25px\u00a0\u00bb background_size=\u00a0\u00bbinitial\u00a0\u00bb background_position=\u00a0\u00bbtop_left\u00a0\u00bb background_repeat=\u00a0\u00bbrepeat\u00a0\u00bb custom_padding=\u00a0\u00bb||0px|||\u00a0\u00bb global_colors_info=\u00a0\u00bb{}\u00a0\u00bb]<\/p>\n<h3>Logiciel de m\u00e9trologie M3<\/h3>\n<p>[\/et_pb_text][\/et_pb_column][\/et_pb_row][et_pb_row _builder_version=\u00a0\u00bb4.19.4&Prime; background_size=\u00a0\u00bbinitial\u00a0\u00bb background_position=\u00a0\u00bbtop_left\u00a0\u00bb background_repeat=\u00a0\u00bbrepeat\u00a0\u00bb width=\u00a0\u00bb100%\u00a0\u00bb custom_margin=\u00a0\u00bb-3px|auto||auto|false|false\u00a0\u00bb custom_padding=\u00a0\u00bb0px||0px||false|false\u00a0\u00bb border_width_bottom=\u00a0\u00bb1px\u00a0\u00bb border_color_bottom=\u00a0\u00bb#d6d6d6&Prime; locked=\u00a0\u00bboff\u00a0\u00bb global_colors_info=\u00a0\u00bb{}\u00a0\u00bb][et_pb_column type=\u00a0\u00bb4_4&Prime; _builder_version=\u00a0\u00bb4.16&Prime; custom_padding=\u00a0\u00bb|||\u00a0\u00bb global_colors_info=\u00a0\u00bb{}\u00a0\u00bb custom_padding__hover=\u00a0\u00bb|||\u00a0\u00bb][et_pb_divider divider_position=\u00a0\u00bbbottom\u00a0\u00bb divider_weight=\u00a0\u00bb2px\u00a0\u00bb _builder_version=\u00a0\u00bb4.16&Prime; _module_preset=\u00a0\u00bbdefault\u00a0\u00bb width=\u00a0\u00bb30px\u00a0\u00bb custom_margin=\u00a0\u00bb||-3px||false|false\u00a0\u00bb custom_padding=\u00a0\u00bb0px||0px||true|false\u00a0\u00bb border_color_all=\u00a0\u00bb#000000&Prime; border_color_top=\u00a0\u00bb#a0a0a0&Prime; border_color_bottom=\u00a0\u00bb#dbdbdb\u00a0\u00bb global_colors_info=\u00a0\u00bb{}\u00a0\u00bb][\/et_pb_divider][\/et_pb_column][\/et_pb_row][et_pb_row _builder_version=\u00a0\u00bb4.19.4&Prime; _module_preset=\u00a0\u00bbdefault\u00a0\u00bb width=\u00a0\u00bb100%\u00a0\u00bb global_colors_info=\u00a0\u00bb{}\u00a0\u00bb][et_pb_column type=\u00a0\u00bb4_4&Prime; _builder_version=\u00a0\u00bb4.16&Prime; _module_preset=\u00a0\u00bbdefault\u00a0\u00bb global_colors_info=\u00a0\u00bb{}\u00a0\u00bb][et_pb_text _builder_version=\u00a0\u00bb4.19.5&Prime; _module_preset=\u00a0\u00bbdefault\u00a0\u00bb global_colors_info=\u00a0\u00bb{}\u00a0\u00bb]<\/p>\n<p class=\"entry-subtitle\"><span>Le logiciel de m\u00e9trologie M3 est un logiciel de haute performance con\u00e7u par Innovalia Metrology pour la capture et l\u2019analyse de nuages \u200b\u200bde points. M3 r\u00e9sout le processus complexe de num\u00e9risation et de gestion des nuages \u200b\u200bde points de mani\u00e8re agile, puissante et simple.<\/span><\/p>\n<p>[\/et_pb_text][et_pb_image src=\u00a0\u00bbhttps:\/\/innovalia-metrology.com\/wp-content\/uploads\/2014\/04\/m3-tablet-section2.jpg\u00a0\u00bb title_text=\u00a0\u00bbm3-tablet-section\u00a0\u00bb _builder_version=\u00a0\u00bb4.16&Prime; _module_preset=\u00a0\u00bbdefault\u00a0\u00bb global_colors_info=\u00a0\u00bb{}\u00a0\u00bb][\/et_pb_image][\/et_pb_column][\/et_pb_row][et_pb_row _builder_version=\u00a0\u00bb4.19.4&Prime; _module_preset=\u00a0\u00bbdefault\u00a0\u00bb width=\u00a0\u00bb100%\u00a0\u00bb custom_padding=\u00a0\u00bb||0px|||\u00a0\u00bb global_colors_info=\u00a0\u00bb{}\u00a0\u00bb][et_pb_column type=\u00a0\u00bb4_4&Prime; _builder_version=\u00a0\u00bb4.16&Prime; _module_preset=\u00a0\u00bbdefault\u00a0\u00bb global_colors_info=\u00a0\u00bb{}\u00a0\u00bb][et_pb_text _builder_version=\u00a0\u00bb4.16&Prime; _module_preset=\u00a0\u00bbdefault\u00a0\u00bb custom_margin=\u00a0\u00bb||12px|||\u00a0\u00bb custom_padding=\u00a0\u00bb20px|30px|20px|30px|true|true\u00a0\u00bb border_width_all=\u00a0\u00bb1px\u00a0\u00bb border_color_all=\u00a0\u00bb#e8e8e8&Prime; box_shadow_style=\u00a0\u00bbpreset5&Prime; box_shadow_vertical=\u00a0\u00bb0px\u00a0\u00bb box_shadow_spread=\u00a0\u00bb4px\u00a0\u00bb box_shadow_color=\u00a0\u00bbrgba(173,173,173,0.22)\u00a0\u00bb global_colors_info=\u00a0\u00bb{}\u00a0\u00bb]<\/p>\n<h4>Avantages<\/h4>\n<ul id=\"g1-list-1\" class=\"g1-list--icon g1-list--none \">\n<li>Grande compatibilit\u00e9 : M3 est compatible avec divers appareils de mesure 3D 3D, quel que soit l\u2019appareil, la marque ou le mod\u00e8le<\/li>\n<li><i class=\"fa fa-chevron-right g1-list__icon\"><\/i>Multi-capteurs : m\u00eame flux de travail pour les mesures optiques et par contact<\/li>\n<li><i class=\"fa fa-chevron-right g1-list__icon\"><\/i>Facile d\u2019utilisation\u00a0: allumez et mesurez, M3 est tr\u00e8s facile \u00e0 utiliser. Aucune connaissance pr\u00e9alable sp\u00e9cifique de la CAO ou des outils m\u00e9trologiques n\u2019est n\u00e9cessaire.<\/li>\n<li><i class=\"fa fa-chevron-right g1-list__icon\"><\/i>Tra\u00e7abilit\u00e9 : acc\u00e9dez \u00e0 vos donn\u00e9es originales \u00e0 tout moment<\/li>\n<li><i class=\"fa fa-chevron-right g1-list__icon\"><\/i>Puissance d\u2019analyse : travaillez avec la plus large gamme de g\u00e9om\u00e9tries et de dimensionnement et tol\u00e9rancement g\u00e9om\u00e9triques (GD&amp;T)<i class=\"fa fa-chevron-right g1-list__icon\"><\/i><\/li>\n<\/ul>\n<p>[\/et_pb_text][et_pb_text _builder_version=\u00a0\u00bb4.19.5&Prime; _module_preset=\u00a0\u00bbdefault\u00a0\u00bb custom_margin=\u00a0\u00bb32px||18px|||\u00a0\u00bb global_colors_info=\u00a0\u00bb{}\u00a0\u00bb]<\/p>\n<p>Acc\u00e9dez au microsite internet M3 et d\u00e9couvrez ses fonctionnalit\u00e9s avanc\u00e9es et ses principaux avantages:\u00a0<\/p>\n<p>[\/et_pb_text][et_pb_button button_url=\u00a0\u00bbhttps:\/\/m3.innovalia-metrology.com\/\u00a0\u00bb url_new_window=\u00a0\u00bbon\u00a0\u00bb button_text=\u00a0\u00bbAller au microsite M3&Prime; button_alignment=\u00a0\u00bbright\u00a0\u00bb _builder_version=\u00a0\u00bb4.19.5&Prime; _module_preset=\u00a0\u00bbdefault\u00a0\u00bb custom_margin=\u00a0\u00bb||10px|||\u00a0\u00bb custom_padding=\u00a0\u00bb10px|20px|10px|20px|true|true\u00a0\u00bb global_colors_info=\u00a0\u00bb{}\u00a0\u00bb][\/et_pb_button][\/et_pb_column][\/et_pb_row][\/et_pb_section]<\/p>\n","protected":false},"excerpt":{"rendered":"<p>Logiciel de m\u00e9trologie M3Le logiciel de m\u00e9trologie M3 est un logiciel de haute performance con\u00e7u par Innovalia Metrology pour la capture et l\u2019analyse de nuages \u200b\u200bde points. M3 r\u00e9sout le processus complexe de num\u00e9risation et de gestion des nuages \u200b\u200bde points de mani\u00e8re agile, puissante et simple.Avantages Grande compatibilit\u00e9 : M3 est compatible avec divers [&hellip;]<\/p>\n","protected":false},"author":85986,"featured_media":79472,"parent":629436,"menu_order":1,"comment_status":"closed","ping_status":"closed","template":"","meta":{"_acf_changed":false,"_et_pb_use_builder":"on","_et_pb_old_content":"[precontent]\r\n<div class=\"sale\"><img class=\"aligncenter size-full wp-image-14299\" src=\"https:\/\/innovalia-metrology.com\/wp-content\/uploads\/2019\/12\/Banner_Metrology_Sale_Nov19_en.jpg\" alt=\"\" width=\"5833\" height=\"1250\"><\/div>\r\n[\/precontent]\r\n\r\n<h3 class=\"mover\"><\/h3>\r\n<h3>Metrology software M3<\/h3>\r\n[divider style=\"simple\"]\r\n\r\n[\/divider]\r\n<h3 class=\"entry-subtitle\">The Metrology software M3 is a High Performance Software for <strong>Capturing and Analyzing Point Clouds<\/strong>. M3 solves all the comprehensive process of scanning and point cloud management in a versatile, agile and powerful way.<\/h3>\r\n\u00a0\r\n\r\n[caption id=\"attachment_2827\" align=\"alignnone\" width=\"1000\"]<img class=\"size-full wp-image-2827\" src=\"https:\/\/innovalia-metrology.com\/wp-content\/uploads\/2014\/04\/m3-tablet-section2.jpg\" alt=\"Metrology-software-M3\" width=\"1000\" height=\"664\"> M3[\/caption]\r\n\r\n[box style=\"solid\"]\r\n<h4>Advantages<\/h4>\r\n[list type=\"icon\" icon=\"chevron-right\"]\r\n<ul>\r\n \t<li>Great compatibility: M3 covers the entire spectrum of metrology, regardless of device, brand or model<\/li>\r\n \t<li>Multisensor: Same workflow for contact and optical Measurement<\/li>\r\n \t<li>Start working in a few minutes. No specific previous knowledge of CAD or metrological tools is needed<\/li>\r\n \t<li>Trazability: Access to your original information anytime<\/li>\r\n \t<li>Powerful analysis: Work with the widest range of geometries and geometric dimensioning and tolerancing (GD&T)<\/li>\r\n \t<li>etc<\/li>\r\n<\/ul>\r\n[\/list]\r\n\r\n[\/box]\r\n\r\nAccess to M3 microsite and discover its advanced features and main advantages:\r\n<p style=\"text-align: right;\">[button size=\"big\" link=\"http:\/\/m3.innovalia-metrology.com\/\"]Go to the M3 site[\/button]<\/p>","_et_gb_content_width":"","footnotes":""},"class_list":["post-629434","page","type-page","status-publish","has-post-thumbnail","hentry"],"acf":[],"yoast_head":"<title>Metrology software M3 | Innovalia Metrology<\/title>\n<meta name=\"description\" content=\"Metrology software M3 is for capturing and analyzing point clouds. M3 solves all the process of scanning and point cloud management in a versatile way.\" \/>\n<meta name=\"robots\" content=\"index, follow, max-snippet:-1, max-image-preview:large, max-video-preview:-1\" \/>\n<link rel=\"canonical\" href=\"https:\/\/innovalia-metrology.com\/fr\/metrology-produits\/logiciel-metrologique\/m3\/\" \/>\n<meta property=\"og:locale\" content=\"fr_FR\" \/>\n<meta property=\"og:type\" content=\"article\" \/>\n<meta property=\"og:title\" content=\"Metrology software M3 | Innovalia Metrology\" \/>\n<meta property=\"og:description\" content=\"Metrology software M3 is for capturing and analyzing point clouds. M3 solves all the process of scanning and point cloud management in a versatile way.\" \/>\n<meta property=\"og:url\" content=\"https:\/\/innovalia-metrology.com\/fr\/metrology-produits\/logiciel-metrologique\/m3\/\" \/>\n<meta property=\"og:site_name\" content=\"INNOVALIA METROLOGY | INDUSTRIAL METROLOGY SOLUTIONS\" \/>\n<meta property=\"article:modified_time\" content=\"2023-03-06T11:44:16+00:00\" \/>\n<meta property=\"og:image\" content=\"https:\/\/innovalia-metrology.com\/wp-content\/uploads\/2013\/03\/software-m3.jpg\" \/>\n\t<meta property=\"og:image:width\" content=\"500\" \/>\n\t<meta property=\"og:image:height\" content=\"380\" \/>\n\t<meta property=\"og:image:type\" content=\"image\/jpeg\" \/>\n<meta name=\"twitter:label1\" content=\"Dur\u00e9e de lecture estim\u00e9e\" \/>\n\t<meta name=\"twitter:data1\" content=\"3 minutes\" \/>\n<script type=\"application\/ld+json\" class=\"yoast-schema-graph\">{\"@context\":\"https:\/\/schema.org\",\"@graph\":[{\"@type\":\"WebPage\",\"@id\":\"https:\/\/innovalia-metrology.com\/fr\/metrology-produits\/logiciel-metrologique\/m3\/\",\"url\":\"https:\/\/innovalia-metrology.com\/fr\/metrology-produits\/logiciel-metrologique\/m3\/\",\"name\":\"Metrology software M3 | Innovalia Metrology\",\"isPartOf\":{\"@id\":\"https:\/\/innovalia-metrology.com\/fr\/#website\"},\"primaryImageOfPage\":{\"@id\":\"https:\/\/innovalia-metrology.com\/fr\/metrology-produits\/logiciel-metrologique\/m3\/#primaryimage\"},\"image\":{\"@id\":\"https:\/\/innovalia-metrology.com\/fr\/metrology-produits\/logiciel-metrologique\/m3\/#primaryimage\"},\"thumbnailUrl\":\"https:\/\/innovalia-metrology.com\/wp-content\/uploads\/2013\/03\/software-m3.jpg\",\"datePublished\":\"2014-05-02T08:43:22+00:00\",\"dateModified\":\"2023-03-06T11:44:16+00:00\",\"description\":\"Metrology software M3 is for capturing and analyzing point clouds. M3 solves all the process of scanning and point cloud management in a versatile way.\",\"breadcrumb\":{\"@id\":\"https:\/\/innovalia-metrology.com\/fr\/metrology-produits\/logiciel-metrologique\/m3\/#breadcrumb\"},\"inLanguage\":\"fr-FR\",\"potentialAction\":[{\"@type\":\"ReadAction\",\"target\":[\"https:\/\/innovalia-metrology.com\/fr\/metrology-produits\/logiciel-metrologique\/m3\/\"]}]},{\"@type\":\"ImageObject\",\"inLanguage\":\"fr-FR\",\"@id\":\"https:\/\/innovalia-metrology.com\/fr\/metrology-produits\/logiciel-metrologique\/m3\/#primaryimage\",\"url\":\"https:\/\/innovalia-metrology.com\/wp-content\/uploads\/2013\/03\/software-m3.jpg\",\"contentUrl\":\"https:\/\/innovalia-metrology.com\/wp-content\/uploads\/2013\/03\/software-m3.jpg\",\"width\":500,\"height\":380},{\"@type\":\"BreadcrumbList\",\"@id\":\"https:\/\/innovalia-metrology.com\/fr\/metrology-produits\/logiciel-metrologique\/m3\/#breadcrumb\",\"itemListElement\":[{\"@type\":\"ListItem\",\"position\":1,\"name\":\"Home\",\"item\":\"https:\/\/innovalia-metrology.com\/fr\/\"},{\"@type\":\"ListItem\",\"position\":2,\"name\":\"Produits\",\"item\":\"https:\/\/innovalia-metrology.com\/fr\/metrology-produits\/\"},{\"@type\":\"ListItem\",\"position\":3,\"name\":\"Logiciel m\u00e9trologique\",\"item\":\"https:\/\/innovalia-metrology.com\/fr\/metrology-produits\/logiciel-metrologique\/\"},{\"@type\":\"ListItem\",\"position\":4,\"name\":\"M3\"}]},{\"@type\":\"WebSite\",\"@id\":\"https:\/\/innovalia-metrology.com\/fr\/#website\",\"url\":\"https:\/\/innovalia-metrology.com\/fr\/\",\"name\":\"INNOVALIA METROLOGY\",\"description\":\"METROLOGY SOLUTIONS\",\"publisher\":{\"@id\":\"https:\/\/innovalia-metrology.com\/fr\/#organization\"},\"potentialAction\":[{\"@type\":\"SearchAction\",\"target\":{\"@type\":\"EntryPoint\",\"urlTemplate\":\"https:\/\/innovalia-metrology.com\/fr\/?s={search_term_string}\"},\"query-input\":{\"@type\":\"PropertyValueSpecification\",\"valueRequired\":true,\"valueName\":\"search_term_string\"}}],\"inLanguage\":\"fr-FR\"},{\"@type\":\"Organization\",\"@id\":\"https:\/\/innovalia-metrology.com\/fr\/#organization\",\"name\":\"INNOVALIA METROLOGY\",\"url\":\"https:\/\/innovalia-metrology.com\/fr\/\",\"logo\":{\"@type\":\"ImageObject\",\"inLanguage\":\"fr-FR\",\"@id\":\"https:\/\/innovalia-metrology.com\/fr\/#\/schema\/logo\/image\/\",\"url\":\"https:\/\/innovalia-metrology.com\/wp-content\/uploads\/2025\/10\/Diseno-sin-titulo-36.png\",\"contentUrl\":\"https:\/\/innovalia-metrology.com\/wp-content\/uploads\/2025\/10\/Diseno-sin-titulo-36.png\",\"width\":300,\"height\":250,\"caption\":\"INNOVALIA METROLOGY\"},\"image\":{\"@id\":\"https:\/\/innovalia-metrology.com\/fr\/#\/schema\/logo\/image\/\"},\"sameAs\":[\"https:\/\/x.com\/IMetrology_ES\",\"https:\/\/www.linkedin.com\/company\/innovalia-metrology\",\"https:\/\/www.youtube.com\/channel\/UCV7L_atMrcg6DUslHYeDaYQ\"]}]}<\/script>","yoast_head_json":{"title":"Metrology software M3 | Innovalia Metrology","description":"Metrology software M3 is for capturing and analyzing point clouds. M3 solves all the process of scanning and point cloud management in a versatile way.","robots":{"index":"index","follow":"follow","max-snippet":"max-snippet:-1","max-image-preview":"max-image-preview:large","max-video-preview":"max-video-preview:-1"},"canonical":"https:\/\/innovalia-metrology.com\/fr\/metrology-produits\/logiciel-metrologique\/m3\/","og_locale":"fr_FR","og_type":"article","og_title":"Metrology software M3 | Innovalia Metrology","og_description":"Metrology software M3 is for capturing and analyzing point clouds. M3 solves all the process of scanning and point cloud management in a versatile way.","og_url":"https:\/\/innovalia-metrology.com\/fr\/metrology-produits\/logiciel-metrologique\/m3\/","og_site_name":"INNOVALIA METROLOGY | INDUSTRIAL METROLOGY SOLUTIONS","article_modified_time":"2023-03-06T11:44:16+00:00","og_image":[{"width":500,"height":380,"url":"https:\/\/innovalia-metrology.com\/wp-content\/uploads\/2013\/03\/software-m3.jpg","type":"image\/jpeg"}],"twitter_misc":{"Dur\u00e9e de lecture estim\u00e9e":"3 minutes"},"schema":{"@context":"https:\/\/schema.org","@graph":[{"@type":"WebPage","@id":"https:\/\/innovalia-metrology.com\/fr\/metrology-produits\/logiciel-metrologique\/m3\/","url":"https:\/\/innovalia-metrology.com\/fr\/metrology-produits\/logiciel-metrologique\/m3\/","name":"Metrology software M3 | Innovalia Metrology","isPartOf":{"@id":"https:\/\/innovalia-metrology.com\/fr\/#website"},"primaryImageOfPage":{"@id":"https:\/\/innovalia-metrology.com\/fr\/metrology-produits\/logiciel-metrologique\/m3\/#primaryimage"},"image":{"@id":"https:\/\/innovalia-metrology.com\/fr\/metrology-produits\/logiciel-metrologique\/m3\/#primaryimage"},"thumbnailUrl":"https:\/\/innovalia-metrology.com\/wp-content\/uploads\/2013\/03\/software-m3.jpg","datePublished":"2014-05-02T08:43:22+00:00","dateModified":"2023-03-06T11:44:16+00:00","description":"Metrology software M3 is for capturing and analyzing point clouds. M3 solves all the process of scanning and point cloud management in a versatile way.","breadcrumb":{"@id":"https:\/\/innovalia-metrology.com\/fr\/metrology-produits\/logiciel-metrologique\/m3\/#breadcrumb"},"inLanguage":"fr-FR","potentialAction":[{"@type":"ReadAction","target":["https:\/\/innovalia-metrology.com\/fr\/metrology-produits\/logiciel-metrologique\/m3\/"]}]},{"@type":"ImageObject","inLanguage":"fr-FR","@id":"https:\/\/innovalia-metrology.com\/fr\/metrology-produits\/logiciel-metrologique\/m3\/#primaryimage","url":"https:\/\/innovalia-metrology.com\/wp-content\/uploads\/2013\/03\/software-m3.jpg","contentUrl":"https:\/\/innovalia-metrology.com\/wp-content\/uploads\/2013\/03\/software-m3.jpg","width":500,"height":380},{"@type":"BreadcrumbList","@id":"https:\/\/innovalia-metrology.com\/fr\/metrology-produits\/logiciel-metrologique\/m3\/#breadcrumb","itemListElement":[{"@type":"ListItem","position":1,"name":"Home","item":"https:\/\/innovalia-metrology.com\/fr\/"},{"@type":"ListItem","position":2,"name":"Produits","item":"https:\/\/innovalia-metrology.com\/fr\/metrology-produits\/"},{"@type":"ListItem","position":3,"name":"Logiciel m\u00e9trologique","item":"https:\/\/innovalia-metrology.com\/fr\/metrology-produits\/logiciel-metrologique\/"},{"@type":"ListItem","position":4,"name":"M3"}]},{"@type":"WebSite","@id":"https:\/\/innovalia-metrology.com\/fr\/#website","url":"https:\/\/innovalia-metrology.com\/fr\/","name":"INNOVALIA METROLOGY","description":"METROLOGY SOLUTIONS","publisher":{"@id":"https:\/\/innovalia-metrology.com\/fr\/#organization"},"potentialAction":[{"@type":"SearchAction","target":{"@type":"EntryPoint","urlTemplate":"https:\/\/innovalia-metrology.com\/fr\/?s={search_term_string}"},"query-input":{"@type":"PropertyValueSpecification","valueRequired":true,"valueName":"search_term_string"}}],"inLanguage":"fr-FR"},{"@type":"Organization","@id":"https:\/\/innovalia-metrology.com\/fr\/#organization","name":"INNOVALIA METROLOGY","url":"https:\/\/innovalia-metrology.com\/fr\/","logo":{"@type":"ImageObject","inLanguage":"fr-FR","@id":"https:\/\/innovalia-metrology.com\/fr\/#\/schema\/logo\/image\/","url":"https:\/\/innovalia-metrology.com\/wp-content\/uploads\/2025\/10\/Diseno-sin-titulo-36.png","contentUrl":"https:\/\/innovalia-metrology.com\/wp-content\/uploads\/2025\/10\/Diseno-sin-titulo-36.png","width":300,"height":250,"caption":"INNOVALIA METROLOGY"},"image":{"@id":"https:\/\/innovalia-metrology.com\/fr\/#\/schema\/logo\/image\/"},"sameAs":["https:\/\/x.com\/IMetrology_ES","https:\/\/www.linkedin.com\/company\/innovalia-metrology","https:\/\/www.youtube.com\/channel\/UCV7L_atMrcg6DUslHYeDaYQ"]}]}},"_links":{"self":[{"href":"https:\/\/innovalia-metrology.com\/fr\/wp-json\/wp\/v2\/pages\/629434","targetHints":{"allow":["GET"]}}],"collection":[{"href":"https:\/\/innovalia-metrology.com\/fr\/wp-json\/wp\/v2\/pages"}],"about":[{"href":"https:\/\/innovalia-metrology.com\/fr\/wp-json\/wp\/v2\/types\/page"}],"author":[{"embeddable":true,"href":"https:\/\/innovalia-metrology.com\/fr\/wp-json\/wp\/v2\/users\/85986"}],"replies":[{"embeddable":true,"href":"https:\/\/innovalia-metrology.com\/fr\/wp-json\/wp\/v2\/comments?post=629434"}],"version-history":[{"count":7,"href":"https:\/\/innovalia-metrology.com\/fr\/wp-json\/wp\/v2\/pages\/629434\/revisions"}],"predecessor-version":[{"id":631665,"href":"https:\/\/innovalia-metrology.com\/fr\/wp-json\/wp\/v2\/pages\/629434\/revisions\/631665"}],"up":[{"embeddable":true,"href":"https:\/\/innovalia-metrology.com\/fr\/wp-json\/wp\/v2\/pages\/629436"}],"wp:featuredmedia":[{"embeddable":true,"href":"https:\/\/innovalia-metrology.com\/fr\/wp-json\/wp\/v2\/media\/79472"}],"wp:attachment":[{"href":"https:\/\/innovalia-metrology.com\/fr\/wp-json\/wp\/v2\/media?parent=629434"}],"curies":[{"name":"wp","href":"https:\/\/api.w.org\/{rel}","templated":true}]}}