{"id":629436,"date":"2017-10-23T12:29:41","date_gmt":"2017-10-23T10:29:41","guid":{"rendered":"https:\/\/innovalia-metrology.cbtpruebas.es\/metrology-products\/metrology-software\/"},"modified":"2023-03-06T12:44:46","modified_gmt":"2023-03-06T11:44:46","slug":"logiciel-metrologique","status":"publish","type":"page","link":"https:\/\/innovalia-metrology.com\/fr\/metrology-produits\/logiciel-metrologique\/","title":{"rendered":"Logiciel m\u00e9trologique"},"content":{"rendered":"<p>[et_pb_section fb_built=\u00a0\u00bb1&Prime; _builder_version=\u00a0\u00bb4.19.4&Prime; _module_preset=\u00a0\u00bbdefault\u00a0\u00bb background_color=\u00a0\u00bbRGBA(255,255,255,0)\u00a0\u00bb custom_padding=\u00a0\u00bb0px|||||\u00a0\u00bb global_colors_info=\u00a0\u00bb{}\u00a0\u00bb da_is_popup=\u00a0\u00bboff\u00a0\u00bb da_exit_intent=\u00a0\u00bboff\u00a0\u00bb da_has_close=\u00a0\u00bbon\u00a0\u00bb da_alt_close=\u00a0\u00bboff\u00a0\u00bb da_dark_close=\u00a0\u00bboff\u00a0\u00bb da_not_modal=\u00a0\u00bbon\u00a0\u00bb da_is_singular=\u00a0\u00bboff\u00a0\u00bb da_with_loader=\u00a0\u00bboff\u00a0\u00bb da_has_shadow=\u00a0\u00bbon\u00a0\u00bb da_disable_devices=\u00a0\u00bboff|off|off\u00a0\u00bb][et_pb_row column_structure=\u00a0\u00bb1_2,1_2&Prime; use_custom_gutter=\u00a0\u00bbon\u00a0\u00bb gutter_width=\u00a0\u00bb1&Prime; _builder_version=\u00a0\u00bb4.19.4&Prime; _module_preset=\u00a0\u00bbdefault\u00a0\u00bb width=\u00a0\u00bb100%\u00a0\u00bb custom_padding=\u00a0\u00bb|||0px||\u00a0\u00bb locked=\u00a0\u00bboff\u00a0\u00bb global_colors_info=\u00a0\u00bb{}\u00a0\u00bb][et_pb_column type=\u00a0\u00bb1_2&Prime; _builder_version=\u00a0\u00bb4.16&Prime; _module_preset=\u00a0\u00bbdefault\u00a0\u00bb global_colors_info=\u00a0\u00bb{}\u00a0\u00bb][et_pb_cta button_url=\u00a0\u00bb@ET-DC@eyJkeW5hbWljIjp0cnVlLCJjb250ZW50IjoicG9zdF9saW5rX3VybF9wYWdlIiwic2V0dGluZ3MiOnsicG9zdF9pZCI6IjQyNjcifX0=@\u00a0\u00bb button_text=\u00a0\u00bbPlus\u00a0\u00bb _builder_version=\u00a0\u00bb4.19.5&Prime; _dynamic_attributes=\u00a0\u00bbbutton_url,link_option_url\u00a0\u00bb _module_preset=\u00a0\u00bbdefault\u00a0\u00bb header_level=\u00a0\u00bbh3&Prime; header_text_align=\u00a0\u00bbleft\u00a0\u00bb header_text_color=\u00a0\u00bb#000000&Prime; background_color=\u00a0\u00bbRGBA(0,0,0,0)\u00a0\u00bb button_alignment=\u00a0\u00bbleft\u00a0\u00bb background_layout=\u00a0\u00bblight\u00a0\u00bb custom_padding=\u00a0\u00bb0px|30px||25px||\u00a0\u00bb link_option_url=\u00a0\u00bb@ET-DC@eyJkeW5hbWljIjp0cnVlLCJjb250ZW50IjoicG9zdF9saW5rX3VybF9wYWdlIiwic2V0dGluZ3MiOnsicG9zdF9pZCI6IjQyNjcifX0=@\u00a0\u00bb custom_css_promo_button=\u00a0\u00bbmargin-top:-20px;\u00a0\u00bb global_colors_info=\u00a0\u00bb{}\u00a0\u00bb]<\/p>\n<figure class=\"entry-featured-media g1-on--mouse\">\n<div id=\"g1-content-area\">\n<div id=\"primary\">\n<div id=\"content\" role=\"main\">\n<article id=\"post-6205\" class=\"post-6205 page type-page status-publish has-post-thumbnail g1-complete\">\n<div class=\"entry-content\">\n<div id=\"g1-custom-posts-shortcode-1\" class=\"g1-collection-custom_pages g1-custom-posts-shortcode g1-shortcode mover\">\n<div class=\"g1-collection g1-collection--grid g1-collection--one-half g1-collection--simple g1-effect-none\">\n<article id=\"post-4237\" class=\"post-4237 page type-page status-publish has-post-thumbnail g1_relation_tag-cmms g1-brief\">\n<figure class=\"entry-featured-media g1-on--mouse\"><img loading=\"lazy\" decoding=\"async\" class=\"wp-image-8639 size-full alignnone\" src=\"https:\/\/innovalia-metrology.com\/wp-content\/uploads\/2017\/10\/m3_software-1.png\" alt=\"\" width=\"1599\" height=\"878\" srcset=\"https:\/\/innovalia-metrology.com\/wp-content\/uploads\/2017\/10\/m3_software-1.png 1599w, https:\/\/innovalia-metrology.com\/wp-content\/uploads\/2017\/10\/m3_software-1-300x165.png 300w, https:\/\/innovalia-metrology.com\/wp-content\/uploads\/2017\/10\/m3_software-1-768x422.png 768w, https:\/\/innovalia-metrology.com\/wp-content\/uploads\/2017\/10\/m3_software-1-1024x562.png 1024w, https:\/\/innovalia-metrology.com\/wp-content\/uploads\/2017\/10\/m3_software-1-968x532.png 968w, https:\/\/innovalia-metrology.com\/wp-content\/uploads\/2017\/10\/m3_software-1-636x349.png 636w, https:\/\/innovalia-metrology.com\/wp-content\/uploads\/2017\/10\/m3_software-1-320x176.png 320w, https:\/\/innovalia-metrology.com\/wp-content\/uploads\/2017\/10\/m3_software-1-239x131.png 239w\" sizes=\"(max-width: 1599px) 100vw, 1599px\" \/><\/figure>\n<\/article>\n<\/div>\n<\/div>\n<\/div>\n<\/article>\n<\/div>\n<\/div>\n<\/div>\n<\/figure>\n<div class=\"g1-nonmedia\">\n<div class=\"g1-inner\" style=\"text-align: left;\">\n<header class=\"entry-header\"><span style=\"color: #333333; font-size: 22px; text-align: left;\">M3<\/span><\/header>\n<\/div>\n<\/div>\n<p style=\"text-align: left;\">Logiciel performant pour la capture et l\u2019analyse des nuages de points<\/p>\n<p>[\/et_pb_cta][\/et_pb_column][et_pb_column type=\u00a0\u00bb1_2&Prime; _builder_version=\u00a0\u00bb4.16&Prime; _module_preset=\u00a0\u00bbdefault\u00a0\u00bb global_colors_info=\u00a0\u00bb{}\u00a0\u00bb][et_pb_cta button_url=\u00a0\u00bb@ET-DC@eyJkeW5hbWljIjp0cnVlLCJjb250ZW50IjoicG9zdF9saW5rX3VybF9wYWdlIiwic2V0dGluZ3MiOnsicG9zdF9pZCI6IjgyOTQifX0=@\u00a0\u00bb button_text=\u00a0\u00bbPlus\u00a0\u00bb _builder_version=\u00a0\u00bb4.19.5&Prime; _dynamic_attributes=\u00a0\u00bbbutton_url,link_option_url\u00a0\u00bb _module_preset=\u00a0\u00bbdefault\u00a0\u00bb header_level=\u00a0\u00bbh3&Prime; header_text_align=\u00a0\u00bbleft\u00a0\u00bb header_text_color=\u00a0\u00bb#000000&Prime; background_color=\u00a0\u00bbRGBA(0,0,0,0)\u00a0\u00bb button_alignment=\u00a0\u00bbleft\u00a0\u00bb background_layout=\u00a0\u00bblight\u00a0\u00bb custom_padding=\u00a0\u00bb0px|30px||25px||\u00a0\u00bb link_option_url=\u00a0\u00bb@ET-DC@eyJkeW5hbWljIjp0cnVlLCJjb250ZW50IjoicG9zdF9saW5rX3VybF9wYWdlIiwic2V0dGluZ3MiOnsicG9zdF9pZCI6IjgyOTQifX0=@\u00a0\u00bb custom_css_promo_button=\u00a0\u00bbmargin-top:-20px;\u00a0\u00bb global_colors_info=\u00a0\u00bb{}\u00a0\u00bb]<\/p>\n<figure class=\"entry-featured-media\"><img loading=\"lazy\" decoding=\"async\" class=\"wp-image-9280 size-full alignnone\" src=\"https:\/\/innovalia-metrology.com\/wp-content\/uploads\/2018\/01\/pieza3.png\" alt=\"\" width=\"1599\" height=\"878\" srcset=\"https:\/\/innovalia-metrology.com\/wp-content\/uploads\/2018\/01\/pieza3.png 1599w, https:\/\/innovalia-metrology.com\/wp-content\/uploads\/2018\/01\/pieza3-300x165.png 300w, https:\/\/innovalia-metrology.com\/wp-content\/uploads\/2018\/01\/pieza3-768x422.png 768w, https:\/\/innovalia-metrology.com\/wp-content\/uploads\/2018\/01\/pieza3-1024x562.png 1024w, https:\/\/innovalia-metrology.com\/wp-content\/uploads\/2018\/01\/pieza3-968x532.png 968w, https:\/\/innovalia-metrology.com\/wp-content\/uploads\/2018\/01\/pieza3-636x349.png 636w, https:\/\/innovalia-metrology.com\/wp-content\/uploads\/2018\/01\/pieza3-320x176.png 320w, https:\/\/innovalia-metrology.com\/wp-content\/uploads\/2018\/01\/pieza3-239x131.png 239w\" sizes=\"(max-width: 1599px) 100vw, 1599px\" \/><\/figure>\n<div class=\"g1-nonmedia\">\n<div class=\"g1-inner\"><\/div>\n<\/div>\n<h3 style=\"text-align: left;\">M3 Analytics<\/h3>\n<p style=\"text-align: left;\">Logiciel de ma\u00eetrise statistique des proc\u00e9d\u00e9s (SPC) pour l\u2019analyse et l\u2019am\u00e9lioration de la production<\/p>\n<p>[\/et_pb_cta][\/et_pb_column][\/et_pb_row][\/et_pb_section]<\/p>\n","protected":false},"excerpt":{"rendered":"<p>M3 Logiciel performant pour la capture et l\u2019analyse des nuages de points M3 Analytics Logiciel de ma\u00eetrise statistique des proc\u00e9d\u00e9s (SPC) pour l\u2019analyse et l\u2019am\u00e9lioration de la production<\/p>\n","protected":false},"author":85986,"featured_media":81662,"parent":629317,"menu_order":3,"comment_status":"closed","ping_status":"closed","template":"","meta":{"_acf_changed":false,"_et_pb_use_builder":"on","_et_pb_old_content":"[precontent]\r\n<div class=\"sale\"><img class=\"aligncenter size-full wp-image-14299\" src=\"https:\/\/innovalia-metrology.com\/wp-content\/uploads\/2019\/12\/Banner_Metrology_Sale_Nov19_en.jpg\" alt=\"\" width=\"5833\" height=\"1250\"><\/div>\r\n[\/precontent]\r\n\r\n[space class=\"mover\" value=\"60\"]\r\n\r\n[\/space]\r\n\r\n[one_half valign=\"top\" animation=\"none\"]\r\n<h4><a href=\"\/?page_id=4267\"><img class=\"wp-image-8639 size-full alignnone\" src=\"https:\/\/innovalia-metrology.com\/wp-content\/uploads\/2017\/10\/m3_software-1.png\" alt=\"\" width=\"1599\" height=\"878\"><\/a><a href=\"https:\/\/innovalia-metrology.com\/metrology-products\/metrology-software-m3\/\">\r\nM3\r\n<\/a>High Performance Software for Capturing and Analyzing Point Clouds<\/h4>\r\n\u00a0\r\n\r\n[\/one_half]\r\n\r\n[one_half_last valign=\"top\" animation=\"none\"]\r\n<h4><a href=\"\/?page_id=8294\"><img class=\"wp-image-8313 size-full alignnone\" src=\"https:\/\/innovalia-metrology.com\/wp-content\/uploads\/2017\/10\/pieza3.png\" alt=\"\" width=\"1599\" height=\"878\"><\/a><a href=\"https:\/\/innovalia-metrology.com\/metrology-products\/metrology-software-m3\/m3-analytics\/\">M3 Analytics\r\n<\/a>SPC Software to analyse and improve your production capabilities<\/h4>\r\n\u00a0\r\n\r\n[\/one_half_last]","_et_gb_content_width":"","footnotes":""},"class_list":["post-629436","page","type-page","status-publish","has-post-thumbnail","hentry"],"acf":[],"yoast_head":"<title>Dimensional Measuring Software | Metrology Software | Innovalia Metrology<\/title>\n<meta name=\"description\" content=\"High performance metrology software for point clouds aquisition and analysis. Discover our dimensional measuring software.\" \/>\n<meta name=\"robots\" content=\"index, follow, max-snippet:-1, max-image-preview:large, max-video-preview:-1\" \/>\n<link rel=\"canonical\" href=\"https:\/\/innovalia-metrology.com\/fr\/metrology-produits\/logiciel-metrologique\/\" \/>\n<meta property=\"og:locale\" content=\"fr_FR\" \/>\n<meta property=\"og:type\" content=\"article\" \/>\n<meta property=\"og:title\" content=\"Dimensional Measuring Software | Metrology Software | Innovalia Metrology\" \/>\n<meta property=\"og:description\" content=\"High performance metrology software for point clouds aquisition and analysis. Discover our dimensional measuring software.\" \/>\n<meta property=\"og:url\" content=\"https:\/\/innovalia-metrology.com\/fr\/metrology-produits\/logiciel-metrologique\/\" \/>\n<meta property=\"og:site_name\" content=\"INNOVALIA METROLOGY | INDUSTRIAL METROLOGY SOLUTIONS\" \/>\n<meta property=\"article:modified_time\" content=\"2023-03-06T11:44:46+00:00\" \/>\n<meta property=\"og:image\" content=\"https:\/\/innovalia-metrology.com\/wp-content\/uploads\/2017\/08\/pantalla-punta.jpg\" \/>\n\t<meta property=\"og:image:width\" content=\"617\" \/>\n\t<meta property=\"og:image:height\" content=\"328\" \/>\n\t<meta property=\"og:image:type\" content=\"image\/jpeg\" \/>\n<meta name=\"twitter:label1\" content=\"Dur\u00e9e de lecture estim\u00e9e\" \/>\n\t<meta name=\"twitter:data1\" content=\"2 minutes\" \/>\n<script type=\"application\/ld+json\" class=\"yoast-schema-graph\">{\"@context\":\"https:\/\/schema.org\",\"@graph\":[{\"@type\":\"WebPage\",\"@id\":\"https:\/\/innovalia-metrology.com\/fr\/metrology-produits\/logiciel-metrologique\/\",\"url\":\"https:\/\/innovalia-metrology.com\/fr\/metrology-produits\/logiciel-metrologique\/\",\"name\":\"Dimensional Measuring Software | Metrology Software | Innovalia Metrology\",\"isPartOf\":{\"@id\":\"https:\/\/innovalia-metrology.com\/fr\/#website\"},\"primaryImageOfPage\":{\"@id\":\"https:\/\/innovalia-metrology.com\/fr\/metrology-produits\/logiciel-metrologique\/#primaryimage\"},\"image\":{\"@id\":\"https:\/\/innovalia-metrology.com\/fr\/metrology-produits\/logiciel-metrologique\/#primaryimage\"},\"thumbnailUrl\":\"https:\/\/innovalia-metrology.com\/wp-content\/uploads\/2017\/08\/pantalla-punta.jpg\",\"datePublished\":\"2017-10-23T10:29:41+00:00\",\"dateModified\":\"2023-03-06T11:44:46+00:00\",\"description\":\"High performance metrology software for point clouds aquisition and analysis. Discover our dimensional measuring software.\",\"breadcrumb\":{\"@id\":\"https:\/\/innovalia-metrology.com\/fr\/metrology-produits\/logiciel-metrologique\/#breadcrumb\"},\"inLanguage\":\"fr-FR\",\"potentialAction\":[{\"@type\":\"ReadAction\",\"target\":[\"https:\/\/innovalia-metrology.com\/fr\/metrology-produits\/logiciel-metrologique\/\"]}]},{\"@type\":\"ImageObject\",\"inLanguage\":\"fr-FR\",\"@id\":\"https:\/\/innovalia-metrology.com\/fr\/metrology-produits\/logiciel-metrologique\/#primaryimage\",\"url\":\"https:\/\/innovalia-metrology.com\/wp-content\/uploads\/2017\/08\/pantalla-punta.jpg\",\"contentUrl\":\"https:\/\/innovalia-metrology.com\/wp-content\/uploads\/2017\/08\/pantalla-punta.jpg\",\"width\":617,\"height\":328},{\"@type\":\"BreadcrumbList\",\"@id\":\"https:\/\/innovalia-metrology.com\/fr\/metrology-produits\/logiciel-metrologique\/#breadcrumb\",\"itemListElement\":[{\"@type\":\"ListItem\",\"position\":1,\"name\":\"Home\",\"item\":\"https:\/\/innovalia-metrology.com\/fr\/\"},{\"@type\":\"ListItem\",\"position\":2,\"name\":\"Produits\",\"item\":\"https:\/\/innovalia-metrology.com\/fr\/metrology-produits\/\"},{\"@type\":\"ListItem\",\"position\":3,\"name\":\"Logiciel m\u00e9trologique\"}]},{\"@type\":\"WebSite\",\"@id\":\"https:\/\/innovalia-metrology.com\/fr\/#website\",\"url\":\"https:\/\/innovalia-metrology.com\/fr\/\",\"name\":\"INNOVALIA METROLOGY\",\"description\":\"METROLOGY SOLUTIONS\",\"publisher\":{\"@id\":\"https:\/\/innovalia-metrology.com\/fr\/#organization\"},\"potentialAction\":[{\"@type\":\"SearchAction\",\"target\":{\"@type\":\"EntryPoint\",\"urlTemplate\":\"https:\/\/innovalia-metrology.com\/fr\/?s={search_term_string}\"},\"query-input\":{\"@type\":\"PropertyValueSpecification\",\"valueRequired\":true,\"valueName\":\"search_term_string\"}}],\"inLanguage\":\"fr-FR\"},{\"@type\":\"Organization\",\"@id\":\"https:\/\/innovalia-metrology.com\/fr\/#organization\",\"name\":\"INNOVALIA METROLOGY\",\"url\":\"https:\/\/innovalia-metrology.com\/fr\/\",\"logo\":{\"@type\":\"ImageObject\",\"inLanguage\":\"fr-FR\",\"@id\":\"https:\/\/innovalia-metrology.com\/fr\/#\/schema\/logo\/image\/\",\"url\":\"https:\/\/innovalia-metrology.com\/wp-content\/uploads\/2025\/10\/Diseno-sin-titulo-36.png\",\"contentUrl\":\"https:\/\/innovalia-metrology.com\/wp-content\/uploads\/2025\/10\/Diseno-sin-titulo-36.png\",\"width\":300,\"height\":250,\"caption\":\"INNOVALIA METROLOGY\"},\"image\":{\"@id\":\"https:\/\/innovalia-metrology.com\/fr\/#\/schema\/logo\/image\/\"},\"sameAs\":[\"https:\/\/x.com\/IMetrology_ES\",\"https:\/\/www.linkedin.com\/company\/innovalia-metrology\",\"https:\/\/www.youtube.com\/channel\/UCV7L_atMrcg6DUslHYeDaYQ\"]}]}<\/script>","yoast_head_json":{"title":"Dimensional Measuring Software | Metrology Software | Innovalia Metrology","description":"High performance metrology software for point clouds aquisition and analysis. Discover our dimensional measuring software.","robots":{"index":"index","follow":"follow","max-snippet":"max-snippet:-1","max-image-preview":"max-image-preview:large","max-video-preview":"max-video-preview:-1"},"canonical":"https:\/\/innovalia-metrology.com\/fr\/metrology-produits\/logiciel-metrologique\/","og_locale":"fr_FR","og_type":"article","og_title":"Dimensional Measuring Software | Metrology Software | Innovalia Metrology","og_description":"High performance metrology software for point clouds aquisition and analysis. Discover our dimensional measuring software.","og_url":"https:\/\/innovalia-metrology.com\/fr\/metrology-produits\/logiciel-metrologique\/","og_site_name":"INNOVALIA METROLOGY | INDUSTRIAL METROLOGY SOLUTIONS","article_modified_time":"2023-03-06T11:44:46+00:00","og_image":[{"width":617,"height":328,"url":"https:\/\/innovalia-metrology.com\/wp-content\/uploads\/2017\/08\/pantalla-punta.jpg","type":"image\/jpeg"}],"twitter_misc":{"Dur\u00e9e de lecture estim\u00e9e":"2 minutes"},"schema":{"@context":"https:\/\/schema.org","@graph":[{"@type":"WebPage","@id":"https:\/\/innovalia-metrology.com\/fr\/metrology-produits\/logiciel-metrologique\/","url":"https:\/\/innovalia-metrology.com\/fr\/metrology-produits\/logiciel-metrologique\/","name":"Dimensional Measuring Software | Metrology Software | Innovalia Metrology","isPartOf":{"@id":"https:\/\/innovalia-metrology.com\/fr\/#website"},"primaryImageOfPage":{"@id":"https:\/\/innovalia-metrology.com\/fr\/metrology-produits\/logiciel-metrologique\/#primaryimage"},"image":{"@id":"https:\/\/innovalia-metrology.com\/fr\/metrology-produits\/logiciel-metrologique\/#primaryimage"},"thumbnailUrl":"https:\/\/innovalia-metrology.com\/wp-content\/uploads\/2017\/08\/pantalla-punta.jpg","datePublished":"2017-10-23T10:29:41+00:00","dateModified":"2023-03-06T11:44:46+00:00","description":"High performance metrology software for point clouds aquisition and analysis. Discover our dimensional measuring software.","breadcrumb":{"@id":"https:\/\/innovalia-metrology.com\/fr\/metrology-produits\/logiciel-metrologique\/#breadcrumb"},"inLanguage":"fr-FR","potentialAction":[{"@type":"ReadAction","target":["https:\/\/innovalia-metrology.com\/fr\/metrology-produits\/logiciel-metrologique\/"]}]},{"@type":"ImageObject","inLanguage":"fr-FR","@id":"https:\/\/innovalia-metrology.com\/fr\/metrology-produits\/logiciel-metrologique\/#primaryimage","url":"https:\/\/innovalia-metrology.com\/wp-content\/uploads\/2017\/08\/pantalla-punta.jpg","contentUrl":"https:\/\/innovalia-metrology.com\/wp-content\/uploads\/2017\/08\/pantalla-punta.jpg","width":617,"height":328},{"@type":"BreadcrumbList","@id":"https:\/\/innovalia-metrology.com\/fr\/metrology-produits\/logiciel-metrologique\/#breadcrumb","itemListElement":[{"@type":"ListItem","position":1,"name":"Home","item":"https:\/\/innovalia-metrology.com\/fr\/"},{"@type":"ListItem","position":2,"name":"Produits","item":"https:\/\/innovalia-metrology.com\/fr\/metrology-produits\/"},{"@type":"ListItem","position":3,"name":"Logiciel m\u00e9trologique"}]},{"@type":"WebSite","@id":"https:\/\/innovalia-metrology.com\/fr\/#website","url":"https:\/\/innovalia-metrology.com\/fr\/","name":"INNOVALIA METROLOGY","description":"METROLOGY SOLUTIONS","publisher":{"@id":"https:\/\/innovalia-metrology.com\/fr\/#organization"},"potentialAction":[{"@type":"SearchAction","target":{"@type":"EntryPoint","urlTemplate":"https:\/\/innovalia-metrology.com\/fr\/?s={search_term_string}"},"query-input":{"@type":"PropertyValueSpecification","valueRequired":true,"valueName":"search_term_string"}}],"inLanguage":"fr-FR"},{"@type":"Organization","@id":"https:\/\/innovalia-metrology.com\/fr\/#organization","name":"INNOVALIA METROLOGY","url":"https:\/\/innovalia-metrology.com\/fr\/","logo":{"@type":"ImageObject","inLanguage":"fr-FR","@id":"https:\/\/innovalia-metrology.com\/fr\/#\/schema\/logo\/image\/","url":"https:\/\/innovalia-metrology.com\/wp-content\/uploads\/2025\/10\/Diseno-sin-titulo-36.png","contentUrl":"https:\/\/innovalia-metrology.com\/wp-content\/uploads\/2025\/10\/Diseno-sin-titulo-36.png","width":300,"height":250,"caption":"INNOVALIA METROLOGY"},"image":{"@id":"https:\/\/innovalia-metrology.com\/fr\/#\/schema\/logo\/image\/"},"sameAs":["https:\/\/x.com\/IMetrology_ES","https:\/\/www.linkedin.com\/company\/innovalia-metrology","https:\/\/www.youtube.com\/channel\/UCV7L_atMrcg6DUslHYeDaYQ"]}]}},"_links":{"self":[{"href":"https:\/\/innovalia-metrology.com\/fr\/wp-json\/wp\/v2\/pages\/629436","targetHints":{"allow":["GET"]}}],"collection":[{"href":"https:\/\/innovalia-metrology.com\/fr\/wp-json\/wp\/v2\/pages"}],"about":[{"href":"https:\/\/innovalia-metrology.com\/fr\/wp-json\/wp\/v2\/types\/page"}],"author":[{"embeddable":true,"href":"https:\/\/innovalia-metrology.com\/fr\/wp-json\/wp\/v2\/users\/85986"}],"replies":[{"embeddable":true,"href":"https:\/\/innovalia-metrology.com\/fr\/wp-json\/wp\/v2\/comments?post=629436"}],"version-history":[{"count":6,"href":"https:\/\/innovalia-metrology.com\/fr\/wp-json\/wp\/v2\/pages\/629436\/revisions"}],"predecessor-version":[{"id":631664,"href":"https:\/\/innovalia-metrology.com\/fr\/wp-json\/wp\/v2\/pages\/629436\/revisions\/631664"}],"up":[{"embeddable":true,"href":"https:\/\/innovalia-metrology.com\/fr\/wp-json\/wp\/v2\/pages\/629317"}],"wp:featuredmedia":[{"embeddable":true,"href":"https:\/\/innovalia-metrology.com\/fr\/wp-json\/wp\/v2\/media\/81662"}],"wp:attachment":[{"href":"https:\/\/innovalia-metrology.com\/fr\/wp-json\/wp\/v2\/media?parent=629436"}],"curies":[{"name":"wp","href":"https:\/\/api.w.org\/{rel}","templated":true}]}}