{"id":629454,"date":"2021-08-13T12:28:41","date_gmt":"2021-08-13T10:28:41","guid":{"rendered":"https:\/\/innovalia-metrology.cbtpruebas.es\/mh-check-verification-software-for-machine-tools\/"},"modified":"2024-02-01T12:42:23","modified_gmt":"2024-02-01T11:42:23","slug":"mh-check-logiciel-de-verification-des-machines-outils","status":"publish","type":"page","link":"https:\/\/innovalia-metrology.com\/fr\/metrology-produits\/solutions-pour-machines-outils\/mh-check-logiciel-de-verification-des-machines-outils\/","title":{"rendered":"MH Check: Logiciel de v\u00e9rification des machines-outils"},"content":{"rendered":"<p>[et_pb_section fb_built=\u00a0\u00bb1&Prime; _builder_version=\u00a0\u00bb4.19.4&Prime; _module_preset=\u00a0\u00bbdefault\u00a0\u00bb background_color=\u00a0\u00bbRGBA(255,255,255,0)\u00a0\u00bb custom_padding=\u00a0\u00bb0px|||||\u00a0\u00bb da_disable_devices=\u00a0\u00bboff|off|off\u00a0\u00bb global_colors_info=\u00a0\u00bb{}\u00a0\u00bb theme_builder_area=\u00a0\u00bbpost_content\u00a0\u00bb da_is_popup=\u00a0\u00bboff\u00a0\u00bb da_exit_intent=\u00a0\u00bboff\u00a0\u00bb da_has_close=\u00a0\u00bbon\u00a0\u00bb da_alt_close=\u00a0\u00bboff\u00a0\u00bb da_dark_close=\u00a0\u00bboff\u00a0\u00bb da_not_modal=\u00a0\u00bbon\u00a0\u00bb da_is_singular=\u00a0\u00bboff\u00a0\u00bb da_with_loader=\u00a0\u00bboff\u00a0\u00bb da_has_shadow=\u00a0\u00bbon\u00a0\u00bb][et_pb_row _builder_version=\u00a0\u00bb4.19.4&Prime; background_size=\u00a0\u00bbinitial\u00a0\u00bb background_position=\u00a0\u00bbtop_left\u00a0\u00bb background_repeat=\u00a0\u00bbrepeat\u00a0\u00bb width=\u00a0\u00bb100%\u00a0\u00bb custom_padding=\u00a0\u00bb||0px||false|false\u00a0\u00bb locked=\u00a0\u00bboff\u00a0\u00bb global_colors_info=\u00a0\u00bb{}\u00a0\u00bb theme_builder_area=\u00a0\u00bbpost_content\u00a0\u00bb][et_pb_column type=\u00a0\u00bb4_4&Prime; _builder_version=\u00a0\u00bb4.16&Prime; custom_padding=\u00a0\u00bb|||\u00a0\u00bb global_colors_info=\u00a0\u00bb{}\u00a0\u00bb custom_padding__hover=\u00a0\u00bb|||\u00a0\u00bb theme_builder_area=\u00a0\u00bbpost_content\u00a0\u00bb][et_pb_text _builder_version=\u00a0\u00bb4.19.5&Prime; header_3_font_size=\u00a0\u00bb25px\u00a0\u00bb background_size=\u00a0\u00bbinitial\u00a0\u00bb background_position=\u00a0\u00bbtop_left\u00a0\u00bb background_repeat=\u00a0\u00bbrepeat\u00a0\u00bb custom_margin=\u00a0\u00bb||-6px|||\u00a0\u00bb custom_padding=\u00a0\u00bb||0px|||\u00a0\u00bb global_colors_info=\u00a0\u00bb{}\u00a0\u00bb theme_builder_area=\u00a0\u00bbpost_content\u00a0\u00bb]<\/p>\n<h3 class=\"mover\"><strong>MH Check<\/strong><span>\u00a0<\/span>garantit la qualit\u00e9 dimensionnelle des pi\u00e8ces fabriqu\u00e9es par les machines-outils<\/h3>\n<p>&nbsp;<\/p>\n<h3>V\u00e9rification MH<\/h3>\n<p>[\/et_pb_text][\/et_pb_column][\/et_pb_row][et_pb_row _builder_version=\u00a0\u00bb4.19.4&Prime; background_size=\u00a0\u00bbinitial\u00a0\u00bb background_position=\u00a0\u00bbtop_left\u00a0\u00bb background_repeat=\u00a0\u00bbrepeat\u00a0\u00bb width=\u00a0\u00bb100%\u00a0\u00bb custom_margin=\u00a0\u00bb-7px|auto||auto|false|false\u00a0\u00bb custom_padding=\u00a0\u00bb0px||0px||false|false\u00a0\u00bb border_width_bottom=\u00a0\u00bb1px\u00a0\u00bb border_color_bottom=\u00a0\u00bb#d6d6d6&Prime; locked=\u00a0\u00bboff\u00a0\u00bb global_colors_info=\u00a0\u00bb{}\u00a0\u00bb theme_builder_area=\u00a0\u00bbpost_content\u00a0\u00bb][et_pb_column type=\u00a0\u00bb4_4&Prime; _builder_version=\u00a0\u00bb4.16&Prime; custom_padding=\u00a0\u00bb|||\u00a0\u00bb global_colors_info=\u00a0\u00bb{}\u00a0\u00bb custom_padding__hover=\u00a0\u00bb|||\u00a0\u00bb theme_builder_area=\u00a0\u00bbpost_content\u00a0\u00bb][et_pb_divider divider_position=\u00a0\u00bbbottom\u00a0\u00bb divider_weight=\u00a0\u00bb2px\u00a0\u00bb _builder_version=\u00a0\u00bb4.16&Prime; _module_preset=\u00a0\u00bbdefault\u00a0\u00bb width=\u00a0\u00bb30px\u00a0\u00bb custom_margin=\u00a0\u00bb||-3px||false|false\u00a0\u00bb custom_padding=\u00a0\u00bb0px||0px||true|false\u00a0\u00bb border_color_all=\u00a0\u00bb#000000&Prime; border_color_top=\u00a0\u00bb#a0a0a0&Prime; border_color_bottom=\u00a0\u00bb#dbdbdb\u00a0\u00bb global_colors_info=\u00a0\u00bb{}\u00a0\u00bb theme_builder_area=\u00a0\u00bbpost_content\u00a0\u00bb][\/et_pb_divider][\/et_pb_column][\/et_pb_row][et_pb_row _builder_version=\u00a0\u00bb4.19.4&Prime; _module_preset=\u00a0\u00bbdefault\u00a0\u00bb width=\u00a0\u00bb100%\u00a0\u00bb global_colors_info=\u00a0\u00bb{}\u00a0\u00bb theme_builder_area=\u00a0\u00bbpost_content\u00a0\u00bb][et_pb_column type=\u00a0\u00bb4_4&Prime; _builder_version=\u00a0\u00bb4.16&Prime; _module_preset=\u00a0\u00bbdefault\u00a0\u00bb global_colors_info=\u00a0\u00bb{}\u00a0\u00bb theme_builder_area=\u00a0\u00bbpost_content\u00a0\u00bb][et_pb_text _builder_version=\u00a0\u00bb4.19.5&Prime; _module_preset=\u00a0\u00bbdefault\u00a0\u00bb ul_font=\u00a0\u00bb|300|||||||\u00a0\u00bb global_colors_info=\u00a0\u00bb{}\u00a0\u00bb theme_builder_area=\u00a0\u00bbpost_content\u00a0\u00bb]<\/p>\n<p>Au d\u00e9but, il est n\u00e9cessaire de v\u00e9rifier les machines-outils au moyen de tests g\u00e9om\u00e9triques de la machine. De cette mani\u00e8re, nous d\u00e9terminons s\u2019il y a des erreurs de positionnement et de trajectoire afin de les corrig\u00e9es.<\/p>\n<p>MH-CHECK, est un syst\u00e8me innovant qui vise \u00e0 aller plus loin dans la technologie m\u00e9trologique en offrant une solution de v\u00e9rification des machines-outils de mani\u00e8re rapide et fiable. Ci-dessous, nous mentionnons certaines des caract\u00e9ristiques qu\u2019il pr\u00e9sente.<\/p>\n<p>L\u2019objectif du syst\u00e8me MH-CHECK est de v\u00e9rifier rapidement l\u2019\u00e9tat de la machine-outil. La v\u00e9rification est effectu\u00e9e au moyen d\u2019une t\u00eate autocentrante qui commence par mesurer un artefact standard (barre, t\u00e9tra\u00e8dre ou cube standard de billes) et plus tard gr\u00e2ce au logiciel de calcul, il sera possible d\u2019identifier les erreurs de position, de perpendicularit\u00e9 et de longueur dans l\u2019espace, qu\u2019elle peut tenir. La dur\u00e9e moyenne du processus de v\u00e9rification est d\u2019environ 10 minutes, ce qui montre un avantage significatif par rapport aux autres techniques utilis\u00e9es.<\/p>\n<p>Le but du syst\u00e8me MH-CHECK est d\u2019augmenter la qualit\u00e9 de la fabrication des pi\u00e8ces. Ceci est possible gr\u00e2ce \u00e0 des contr\u00f4les r\u00e9guliers pour identifier les possibles erreurs des machines-outils.<\/p>\n<p>Ce logiciel signifiera une augmentation de la qualit\u00e9 de votre production, une plus grande fiabilit\u00e9 dans la fabrication des pi\u00e8ces, ce qui se traduira par des d\u00e9lais de production plus courts et une plus grande efficacit\u00e9 en usine.<\/p>\n<ul id=\"g1-list-1\" class=\"g1-list--icon g1-list--none \">\n<li><i class=\"fa fa-chevron-right g1-list__icon\"><\/i>Le syst\u00e8me MH-CHECK effectue des mesures en trois dimensions permettant d\u2019identifier les erreurs de position, de perpendicularit\u00e9 et de longueur dans l\u2019espace.<\/li>\n<li><i class=\"fa fa-chevron-right g1-list__icon\"><\/i>Les r\u00e9sultats obtenus nous permettront de calibrer la machine \u00e0 travers de notre logiciel, apportant une pr\u00e9cision \u00e0 la machine-outil.<\/li>\n<\/ul>\n<p><span><\/span><\/p>\n<p><iframe loading=\"lazy\" title=\"M3MH Verification Software for Machine Tools\" width=\"1080\" height=\"608\" src=\"https:\/\/www.youtube.com\/embed\/MnbFrfRjFsU?feature=oembed\"  allow=\"accelerometer; autoplay; clipboard-write; encrypted-media; gyroscope; picture-in-picture; web-share\" allowfullscreen><\/iframe><\/p>\n<p>[\/et_pb_text][\/et_pb_column][\/et_pb_row][et_pb_row _builder_version=\u00a0\u00bb4.19.4&Prime; _module_preset=\u00a0\u00bbdefault\u00a0\u00bb width=\u00a0\u00bb100%\u00a0\u00bb custom_padding=\u00a0\u00bb||0px|||\u00a0\u00bb global_colors_info=\u00a0\u00bb{}\u00a0\u00bb theme_builder_area=\u00a0\u00bbpost_content\u00a0\u00bb][et_pb_column type=\u00a0\u00bb4_4&Prime; _builder_version=\u00a0\u00bb4.16&Prime; _module_preset=\u00a0\u00bbdefault\u00a0\u00bb global_colors_info=\u00a0\u00bb{}\u00a0\u00bb theme_builder_area=\u00a0\u00bbpost_content\u00a0\u00bb][et_pb_text _builder_version=\u00a0\u00bb4.16&Prime; _module_preset=\u00a0\u00bbdefault\u00a0\u00bb custom_margin=\u00a0\u00bb||23px|||\u00a0\u00bb custom_padding=\u00a0\u00bb20px|30px|20px|30px|true|true\u00a0\u00bb border_width_all=\u00a0\u00bb1px\u00a0\u00bb border_color_all=\u00a0\u00bb#e8e8e8&Prime; box_shadow_style=\u00a0\u00bbpreset5&Prime; box_shadow_vertical=\u00a0\u00bb0px\u00a0\u00bb box_shadow_spread=\u00a0\u00bb4px\u00a0\u00bb box_shadow_color=\u00a0\u00bbrgba(173,173,173,0.22)\u00a0\u00bb global_colors_info=\u00a0\u00bb{}\u00a0\u00bb theme_builder_area=\u00a0\u00bbpost_content\u00a0\u00bb]<\/p>\n<h4>Des avantages<\/h4>\n<ul id=\"g1-list-1\" class=\"g1-list--icon g1-list--none \">\n<li>Identification d\u2019un grand nombre d\u2019erreurs simultan\u00e9ment<\/li>\n<li><i class=\"fa fa-chevron-right g1-list__icon\"><\/i>Position \u2013 XTX, YTY, ZTZ.<\/li>\n<li><i class=\"fa fa-chevron-right g1-list__icon\"><\/i>Perpendicularit\u00e9 \u2013 YWX, ZWX, YWZ.<\/li>\n<li><i class=\"fa fa-chevron-right g1-list__icon\"><\/i>Les longueurs<\/li>\n<li><i class=\"fa fa-chevron-right g1-list__icon\"><\/i>R\u00e9duction significative du temps de v\u00e9rification.<\/li>\n<li><i class=\"fa fa-chevron-right g1-list__icon\"><\/i>Syst\u00e8me simple et facile \u00e0 utiliser.<\/li>\n<li><i class=\"fa fa-chevron-right g1-list__icon\"><\/i>Il permet d\u2019augmenter la qualit\u00e9 de la production gr\u00e2ce \u00e0 des contr\u00f4les p\u00e9riodiques.<\/li>\n<li><i class=\"fa fa-chevron-right g1-list__icon\"><\/i>Moins d\u2019investissement dans d\u2019autres \u00e9quipements de v\u00e9rification.<\/li>\n<li><i class=\"fa fa-chevron-right g1-list__icon\"><\/i>Haute pr\u00e9cision, incertitude de mesure de 1 \u00b5m<\/li>\n<li><i class=\"fa fa-chevron-right g1-list__icon\"><\/i>Une fois les erreurs identifi\u00e9es, il est possible de faire des corrections sur la machine<\/li>\n<\/ul>\n<p>[\/et_pb_text][et_pb_text _builder_version=\u00a0\u00bb4.19.5&Prime; _module_preset=\u00a0\u00bbdefault\u00a0\u00bb custom_margin=\u00a0\u00bb||23px|||\u00a0\u00bb custom_padding=\u00a0\u00bb20px|30px|20px|30px|true|true\u00a0\u00bb border_width_all=\u00a0\u00bb1px\u00a0\u00bb border_color_all=\u00a0\u00bb#e8e8e8&Prime; box_shadow_style=\u00a0\u00bbpreset5&Prime; box_shadow_vertical=\u00a0\u00bb0px\u00a0\u00bb box_shadow_spread=\u00a0\u00bb4px\u00a0\u00bb box_shadow_color=\u00a0\u00bbrgba(173,173,173,0.22)\u00a0\u00bb global_colors_info=\u00a0\u00bb{}\u00a0\u00bb theme_builder_area=\u00a0\u00bbpost_content\u00a0\u00bb]<\/p>\n<h4>Caract\u00e9ristiques techniques<\/h4>\n<ul id=\"g1-list-3\" class=\"g1-list--icon g1-list--none \">\n<li><i class=\"fa fa-chevron-right g1-list__icon\"><\/i>Visualisation de la lecture des capteurs.<\/li>\n<li>Ex\u00e9cution manuelle ou automatique de la v\u00e9rification.<\/li>\n<li>Analyse et \u00e9valuation des donn\u00e9es de mesure.<\/li>\n<li>Calcul des erreurs et pr\u00e9sentation graphique.\n<ul id=\"g1-list-3\" class=\"g1-list--icon g1-list--none \">\n<li>Positionner<\/li>\n<li>Perpendicularit\u00e9<\/li>\n<li>Longueur<\/li>\n<\/ul>\n<\/li>\n<li>Indicateur lorsque les erreurs sont en dehors de la plage acceptable.<\/li>\n<li>Aide au support (Manuel de l\u2019utilisateur).<\/li>\n<li>Stockage d\u2019\u00e9talons et de mesures pour faire des comparaisons et l\u2019\u00e9volution des \u00e9quipements.<\/li>\n<\/ul>\n<p>[\/et_pb_text][et_pb_code _builder_version=\u00a0\u00bb4.24.0&Prime; _module_preset=\u00a0\u00bbdefault\u00a0\u00bb background_color=\u00a0\u00bb#f7f7f7&Prime; custom_margin=\u00a0\u00bb54px||66px|||\u00a0\u00bb custom_padding=\u00a0\u00bb20px|1px|20px|1px|true|true\u00a0\u00bb hover_enabled=\u00a0\u00bb0&Prime; global_colors_info=\u00a0\u00bb{}\u00a0\u00bb theme_builder_area=\u00a0\u00bbpost_content\u00a0\u00bb sticky_enabled=\u00a0\u00bb0&Prime;]<p class=\"wpcf7-contact-form-not-found\"><strong>Error:<\/strong> Contact form not found.<\/p>[\/et_pb_code][\/et_pb_column][\/et_pb_row][\/et_pb_section]<\/p>\n","protected":false},"excerpt":{"rendered":"<p>MH Check\u00a0garantit la qualit\u00e9 dimensionnelle des pi\u00e8ces fabriqu\u00e9es par les machines-outils &nbsp; V\u00e9rification MHAu d\u00e9but, il est n\u00e9cessaire de v\u00e9rifier les machines-outils au moyen de tests g\u00e9om\u00e9triques de la machine. De cette mani\u00e8re, nous d\u00e9terminons s\u2019il y a des erreurs de positionnement et de trajectoire afin de les corrig\u00e9es. MH-CHECK, est un syst\u00e8me innovant qui [&hellip;]<\/p>\n","protected":false},"author":85986,"featured_media":79178,"parent":629459,"menu_order":0,"comment_status":"closed","ping_status":"closed","template":"","meta":{"_acf_changed":false,"_et_pb_use_builder":"on","_et_pb_old_content":"","_et_gb_content_width":"","footnotes":""},"class_list":["post-629454","page","type-page","status-publish","has-post-thumbnail","hentry"],"acf":[],"yoast_head":"<title>MH Check: Logiciel de v\u00e9rification des machines-outils | INNOVALIA METROLOGY | INDUSTRIAL METROLOGY SOLUTIONS<\/title>\n<meta name=\"robots\" content=\"index, follow, max-snippet:-1, max-image-preview:large, max-video-preview:-1\" \/>\n<link rel=\"canonical\" href=\"https:\/\/innovalia-metrology.com\/fr\/metrology-produits\/solutions-pour-machines-outils\/mh-check-logiciel-de-verification-des-machines-outils\/\" \/>\n<meta property=\"og:locale\" content=\"fr_FR\" \/>\n<meta property=\"og:type\" content=\"article\" \/>\n<meta property=\"og:title\" content=\"MH Check: Logiciel de v\u00e9rification des machines-outils | INNOVALIA METROLOGY | INDUSTRIAL METROLOGY SOLUTIONS\" \/>\n<meta property=\"og:description\" content=\"MH Check\u00a0garantit la qualit\u00e9 dimensionnelle des pi\u00e8ces fabriqu\u00e9es par les machines-outils &nbsp; V\u00e9rification MHAu d\u00e9but, il est n\u00e9cessaire de v\u00e9rifier les machines-outils au moyen de tests g\u00e9om\u00e9triques de la machine. De cette mani\u00e8re, nous d\u00e9terminons s\u2019il y a des erreurs de positionnement et de trajectoire afin de les corrig\u00e9es. MH-CHECK, est un syst\u00e8me innovant qui [&hellip;]\" \/>\n<meta property=\"og:url\" content=\"https:\/\/innovalia-metrology.com\/fr\/metrology-produits\/solutions-pour-machines-outils\/mh-check-logiciel-de-verification-des-machines-outils\/\" \/>\n<meta property=\"og:site_name\" content=\"INNOVALIA METROLOGY | INDUSTRIAL METROLOGY SOLUTIONS\" \/>\n<meta property=\"article:modified_time\" content=\"2024-02-01T11:42:23+00:00\" \/>\n<meta property=\"og:image\" content=\"https:\/\/innovalia-metrology.com\/wp-content\/uploads\/2013\/12\/TetracheckCMM3-web-e1676463137741.jpg\" \/>\n\t<meta property=\"og:image:width\" content=\"1024\" \/>\n\t<meta property=\"og:image:height\" content=\"680\" \/>\n\t<meta property=\"og:image:type\" content=\"image\/jpeg\" \/>\n<meta name=\"twitter:label1\" content=\"Dur\u00e9e de lecture estim\u00e9e\" \/>\n\t<meta name=\"twitter:data1\" content=\"5 minutes\" \/>\n<script type=\"application\/ld+json\" class=\"yoast-schema-graph\">{\"@context\":\"https:\/\/schema.org\",\"@graph\":[{\"@type\":\"WebPage\",\"@id\":\"https:\/\/innovalia-metrology.com\/fr\/metrology-produits\/solutions-pour-machines-outils\/mh-check-logiciel-de-verification-des-machines-outils\/\",\"url\":\"https:\/\/innovalia-metrology.com\/fr\/metrology-produits\/solutions-pour-machines-outils\/mh-check-logiciel-de-verification-des-machines-outils\/\",\"name\":\"MH Check: Logiciel de v\u00e9rification des machines-outils | INNOVALIA METROLOGY | INDUSTRIAL METROLOGY SOLUTIONS\",\"isPartOf\":{\"@id\":\"https:\/\/innovalia-metrology.com\/fr\/#website\"},\"primaryImageOfPage\":{\"@id\":\"https:\/\/innovalia-metrology.com\/fr\/metrology-produits\/solutions-pour-machines-outils\/mh-check-logiciel-de-verification-des-machines-outils\/#primaryimage\"},\"image\":{\"@id\":\"https:\/\/innovalia-metrology.com\/fr\/metrology-produits\/solutions-pour-machines-outils\/mh-check-logiciel-de-verification-des-machines-outils\/#primaryimage\"},\"thumbnailUrl\":\"https:\/\/innovalia-metrology.com\/wp-content\/uploads\/2013\/12\/TetracheckCMM3-web-e1676463137741.jpg\",\"datePublished\":\"2021-08-13T10:28:41+00:00\",\"dateModified\":\"2024-02-01T11:42:23+00:00\",\"breadcrumb\":{\"@id\":\"https:\/\/innovalia-metrology.com\/fr\/metrology-produits\/solutions-pour-machines-outils\/mh-check-logiciel-de-verification-des-machines-outils\/#breadcrumb\"},\"inLanguage\":\"fr-FR\",\"potentialAction\":[{\"@type\":\"ReadAction\",\"target\":[\"https:\/\/innovalia-metrology.com\/fr\/metrology-produits\/solutions-pour-machines-outils\/mh-check-logiciel-de-verification-des-machines-outils\/\"]}]},{\"@type\":\"ImageObject\",\"inLanguage\":\"fr-FR\",\"@id\":\"https:\/\/innovalia-metrology.com\/fr\/metrology-produits\/solutions-pour-machines-outils\/mh-check-logiciel-de-verification-des-machines-outils\/#primaryimage\",\"url\":\"https:\/\/innovalia-metrology.com\/wp-content\/uploads\/2013\/12\/TetracheckCMM3-web-e1676463137741.jpg\",\"contentUrl\":\"https:\/\/innovalia-metrology.com\/wp-content\/uploads\/2013\/12\/TetracheckCMM3-web-e1676463137741.jpg\",\"width\":1024,\"height\":680},{\"@type\":\"BreadcrumbList\",\"@id\":\"https:\/\/innovalia-metrology.com\/fr\/metrology-produits\/solutions-pour-machines-outils\/mh-check-logiciel-de-verification-des-machines-outils\/#breadcrumb\",\"itemListElement\":[{\"@type\":\"ListItem\",\"position\":1,\"name\":\"Home\",\"item\":\"https:\/\/innovalia-metrology.com\/fr\/\"},{\"@type\":\"ListItem\",\"position\":2,\"name\":\"Produits\",\"item\":\"https:\/\/innovalia-metrology.com\/fr\/metrology-produits\/\"},{\"@type\":\"ListItem\",\"position\":3,\"name\":\"Solutions pour Machines-Outils\",\"item\":\"https:\/\/innovalia-metrology.com\/fr\/metrology-produits\/solutions-pour-machines-outils\/\"},{\"@type\":\"ListItem\",\"position\":4,\"name\":\"MH Check: Logiciel de v\u00e9rification des machines-outils\"}]},{\"@type\":\"WebSite\",\"@id\":\"https:\/\/innovalia-metrology.com\/fr\/#website\",\"url\":\"https:\/\/innovalia-metrology.com\/fr\/\",\"name\":\"INNOVALIA METROLOGY\",\"description\":\"METROLOGY SOLUTIONS\",\"publisher\":{\"@id\":\"https:\/\/innovalia-metrology.com\/fr\/#organization\"},\"potentialAction\":[{\"@type\":\"SearchAction\",\"target\":{\"@type\":\"EntryPoint\",\"urlTemplate\":\"https:\/\/innovalia-metrology.com\/fr\/?s={search_term_string}\"},\"query-input\":{\"@type\":\"PropertyValueSpecification\",\"valueRequired\":true,\"valueName\":\"search_term_string\"}}],\"inLanguage\":\"fr-FR\"},{\"@type\":\"Organization\",\"@id\":\"https:\/\/innovalia-metrology.com\/fr\/#organization\",\"name\":\"INNOVALIA METROLOGY\",\"url\":\"https:\/\/innovalia-metrology.com\/fr\/\",\"logo\":{\"@type\":\"ImageObject\",\"inLanguage\":\"fr-FR\",\"@id\":\"https:\/\/innovalia-metrology.com\/fr\/#\/schema\/logo\/image\/\",\"url\":\"https:\/\/innovalia-metrology.com\/wp-content\/uploads\/2025\/10\/Diseno-sin-titulo-36.png\",\"contentUrl\":\"https:\/\/innovalia-metrology.com\/wp-content\/uploads\/2025\/10\/Diseno-sin-titulo-36.png\",\"width\":300,\"height\":250,\"caption\":\"INNOVALIA METROLOGY\"},\"image\":{\"@id\":\"https:\/\/innovalia-metrology.com\/fr\/#\/schema\/logo\/image\/\"},\"sameAs\":[\"https:\/\/x.com\/IMetrology_ES\",\"https:\/\/www.linkedin.com\/company\/innovalia-metrology\",\"https:\/\/www.youtube.com\/channel\/UCV7L_atMrcg6DUslHYeDaYQ\"]}]}<\/script>","yoast_head_json":{"title":"MH Check: Logiciel de v\u00e9rification des machines-outils | INNOVALIA METROLOGY | INDUSTRIAL METROLOGY SOLUTIONS","robots":{"index":"index","follow":"follow","max-snippet":"max-snippet:-1","max-image-preview":"max-image-preview:large","max-video-preview":"max-video-preview:-1"},"canonical":"https:\/\/innovalia-metrology.com\/fr\/metrology-produits\/solutions-pour-machines-outils\/mh-check-logiciel-de-verification-des-machines-outils\/","og_locale":"fr_FR","og_type":"article","og_title":"MH Check: Logiciel de v\u00e9rification des machines-outils | INNOVALIA METROLOGY | INDUSTRIAL METROLOGY SOLUTIONS","og_description":"MH Check\u00a0garantit la qualit\u00e9 dimensionnelle des pi\u00e8ces fabriqu\u00e9es par les machines-outils &nbsp; V\u00e9rification MHAu d\u00e9but, il est n\u00e9cessaire de v\u00e9rifier les machines-outils au moyen de tests g\u00e9om\u00e9triques de la machine. De cette mani\u00e8re, nous d\u00e9terminons s\u2019il y a des erreurs de positionnement et de trajectoire afin de les corrig\u00e9es. MH-CHECK, est un syst\u00e8me innovant qui [&hellip;]","og_url":"https:\/\/innovalia-metrology.com\/fr\/metrology-produits\/solutions-pour-machines-outils\/mh-check-logiciel-de-verification-des-machines-outils\/","og_site_name":"INNOVALIA METROLOGY | INDUSTRIAL METROLOGY SOLUTIONS","article_modified_time":"2024-02-01T11:42:23+00:00","og_image":[{"width":1024,"height":680,"url":"https:\/\/innovalia-metrology.com\/wp-content\/uploads\/2013\/12\/TetracheckCMM3-web-e1676463137741.jpg","type":"image\/jpeg"}],"twitter_misc":{"Dur\u00e9e de lecture estim\u00e9e":"5 minutes"},"schema":{"@context":"https:\/\/schema.org","@graph":[{"@type":"WebPage","@id":"https:\/\/innovalia-metrology.com\/fr\/metrology-produits\/solutions-pour-machines-outils\/mh-check-logiciel-de-verification-des-machines-outils\/","url":"https:\/\/innovalia-metrology.com\/fr\/metrology-produits\/solutions-pour-machines-outils\/mh-check-logiciel-de-verification-des-machines-outils\/","name":"MH Check: Logiciel de v\u00e9rification des machines-outils | INNOVALIA METROLOGY | INDUSTRIAL METROLOGY SOLUTIONS","isPartOf":{"@id":"https:\/\/innovalia-metrology.com\/fr\/#website"},"primaryImageOfPage":{"@id":"https:\/\/innovalia-metrology.com\/fr\/metrology-produits\/solutions-pour-machines-outils\/mh-check-logiciel-de-verification-des-machines-outils\/#primaryimage"},"image":{"@id":"https:\/\/innovalia-metrology.com\/fr\/metrology-produits\/solutions-pour-machines-outils\/mh-check-logiciel-de-verification-des-machines-outils\/#primaryimage"},"thumbnailUrl":"https:\/\/innovalia-metrology.com\/wp-content\/uploads\/2013\/12\/TetracheckCMM3-web-e1676463137741.jpg","datePublished":"2021-08-13T10:28:41+00:00","dateModified":"2024-02-01T11:42:23+00:00","breadcrumb":{"@id":"https:\/\/innovalia-metrology.com\/fr\/metrology-produits\/solutions-pour-machines-outils\/mh-check-logiciel-de-verification-des-machines-outils\/#breadcrumb"},"inLanguage":"fr-FR","potentialAction":[{"@type":"ReadAction","target":["https:\/\/innovalia-metrology.com\/fr\/metrology-produits\/solutions-pour-machines-outils\/mh-check-logiciel-de-verification-des-machines-outils\/"]}]},{"@type":"ImageObject","inLanguage":"fr-FR","@id":"https:\/\/innovalia-metrology.com\/fr\/metrology-produits\/solutions-pour-machines-outils\/mh-check-logiciel-de-verification-des-machines-outils\/#primaryimage","url":"https:\/\/innovalia-metrology.com\/wp-content\/uploads\/2013\/12\/TetracheckCMM3-web-e1676463137741.jpg","contentUrl":"https:\/\/innovalia-metrology.com\/wp-content\/uploads\/2013\/12\/TetracheckCMM3-web-e1676463137741.jpg","width":1024,"height":680},{"@type":"BreadcrumbList","@id":"https:\/\/innovalia-metrology.com\/fr\/metrology-produits\/solutions-pour-machines-outils\/mh-check-logiciel-de-verification-des-machines-outils\/#breadcrumb","itemListElement":[{"@type":"ListItem","position":1,"name":"Home","item":"https:\/\/innovalia-metrology.com\/fr\/"},{"@type":"ListItem","position":2,"name":"Produits","item":"https:\/\/innovalia-metrology.com\/fr\/metrology-produits\/"},{"@type":"ListItem","position":3,"name":"Solutions pour Machines-Outils","item":"https:\/\/innovalia-metrology.com\/fr\/metrology-produits\/solutions-pour-machines-outils\/"},{"@type":"ListItem","position":4,"name":"MH Check: Logiciel de v\u00e9rification des machines-outils"}]},{"@type":"WebSite","@id":"https:\/\/innovalia-metrology.com\/fr\/#website","url":"https:\/\/innovalia-metrology.com\/fr\/","name":"INNOVALIA METROLOGY","description":"METROLOGY SOLUTIONS","publisher":{"@id":"https:\/\/innovalia-metrology.com\/fr\/#organization"},"potentialAction":[{"@type":"SearchAction","target":{"@type":"EntryPoint","urlTemplate":"https:\/\/innovalia-metrology.com\/fr\/?s={search_term_string}"},"query-input":{"@type":"PropertyValueSpecification","valueRequired":true,"valueName":"search_term_string"}}],"inLanguage":"fr-FR"},{"@type":"Organization","@id":"https:\/\/innovalia-metrology.com\/fr\/#organization","name":"INNOVALIA METROLOGY","url":"https:\/\/innovalia-metrology.com\/fr\/","logo":{"@type":"ImageObject","inLanguage":"fr-FR","@id":"https:\/\/innovalia-metrology.com\/fr\/#\/schema\/logo\/image\/","url":"https:\/\/innovalia-metrology.com\/wp-content\/uploads\/2025\/10\/Diseno-sin-titulo-36.png","contentUrl":"https:\/\/innovalia-metrology.com\/wp-content\/uploads\/2025\/10\/Diseno-sin-titulo-36.png","width":300,"height":250,"caption":"INNOVALIA METROLOGY"},"image":{"@id":"https:\/\/innovalia-metrology.com\/fr\/#\/schema\/logo\/image\/"},"sameAs":["https:\/\/x.com\/IMetrology_ES","https:\/\/www.linkedin.com\/company\/innovalia-metrology","https:\/\/www.youtube.com\/channel\/UCV7L_atMrcg6DUslHYeDaYQ"]}]}},"_links":{"self":[{"href":"https:\/\/innovalia-metrology.com\/fr\/wp-json\/wp\/v2\/pages\/629454","targetHints":{"allow":["GET"]}}],"collection":[{"href":"https:\/\/innovalia-metrology.com\/fr\/wp-json\/wp\/v2\/pages"}],"about":[{"href":"https:\/\/innovalia-metrology.com\/fr\/wp-json\/wp\/v2\/types\/page"}],"author":[{"embeddable":true,"href":"https:\/\/innovalia-metrology.com\/fr\/wp-json\/wp\/v2\/users\/85986"}],"replies":[{"embeddable":true,"href":"https:\/\/innovalia-metrology.com\/fr\/wp-json\/wp\/v2\/comments?post=629454"}],"version-history":[{"count":6,"href":"https:\/\/innovalia-metrology.com\/fr\/wp-json\/wp\/v2\/pages\/629454\/revisions"}],"predecessor-version":[{"id":641944,"href":"https:\/\/innovalia-metrology.com\/fr\/wp-json\/wp\/v2\/pages\/629454\/revisions\/641944"}],"up":[{"embeddable":true,"href":"https:\/\/innovalia-metrology.com\/fr\/wp-json\/wp\/v2\/pages\/629459"}],"wp:featuredmedia":[{"embeddable":true,"href":"https:\/\/innovalia-metrology.com\/fr\/wp-json\/wp\/v2\/media\/79178"}],"wp:attachment":[{"href":"https:\/\/innovalia-metrology.com\/fr\/wp-json\/wp\/v2\/media?parent=629454"}],"curies":[{"name":"wp","href":"https:\/\/api.w.org\/{rel}","templated":true}]}}