{"id":629457,"date":"2021-08-13T12:14:48","date_gmt":"2021-08-13T10:14:48","guid":{"rendered":"https:\/\/innovalia-metrology.cbtpruebas.es\/m3-mh-complete-measurement-software-for-machine-tools\/"},"modified":"2024-02-01T12:39:05","modified_gmt":"2024-02-01T11:39:05","slug":"m3-mh-logiciel-de-mesure-pour-machine-outil","status":"publish","type":"page","link":"https:\/\/innovalia-metrology.com\/fr\/metrology-produits\/solutions-pour-machines-outils\/m3-mh-logiciel-de-mesure-pour-machine-outil\/","title":{"rendered":"M3MH: logiciel de mesure pour machine-outil"},"content":{"rendered":"<p>[et_pb_section fb_built=\u00a0\u00bb1&Prime; _builder_version=\u00a0\u00bb4.19.4&Prime; _module_preset=\u00a0\u00bbdefault\u00a0\u00bb background_color=\u00a0\u00bbRGBA(255,255,255,0)\u00a0\u00bb custom_padding=\u00a0\u00bb0px|||||\u00a0\u00bb da_disable_devices=\u00a0\u00bboff|off|off\u00a0\u00bb global_colors_info=\u00a0\u00bb{}\u00a0\u00bb theme_builder_area=\u00a0\u00bbpost_content\u00a0\u00bb da_is_popup=\u00a0\u00bboff\u00a0\u00bb da_exit_intent=\u00a0\u00bboff\u00a0\u00bb da_has_close=\u00a0\u00bbon\u00a0\u00bb da_alt_close=\u00a0\u00bboff\u00a0\u00bb da_dark_close=\u00a0\u00bboff\u00a0\u00bb da_not_modal=\u00a0\u00bbon\u00a0\u00bb da_is_singular=\u00a0\u00bboff\u00a0\u00bb da_with_loader=\u00a0\u00bboff\u00a0\u00bb da_has_shadow=\u00a0\u00bbon\u00a0\u00bb][et_pb_row _builder_version=\u00a0\u00bb4.19.4&Prime; background_size=\u00a0\u00bbinitial\u00a0\u00bb background_position=\u00a0\u00bbtop_left\u00a0\u00bb background_repeat=\u00a0\u00bbrepeat\u00a0\u00bb width=\u00a0\u00bb100%\u00a0\u00bb custom_margin=\u00a0\u00bb|auto|-9px|auto||\u00a0\u00bb custom_padding=\u00a0\u00bb||0px||false|false\u00a0\u00bb locked=\u00a0\u00bboff\u00a0\u00bb global_colors_info=\u00a0\u00bb{}\u00a0\u00bb theme_builder_area=\u00a0\u00bbpost_content\u00a0\u00bb][et_pb_column type=\u00a0\u00bb4_4&Prime; _builder_version=\u00a0\u00bb4.16&Prime; custom_padding=\u00a0\u00bb|||\u00a0\u00bb global_colors_info=\u00a0\u00bb{}\u00a0\u00bb custom_padding__hover=\u00a0\u00bb|||\u00a0\u00bb theme_builder_area=\u00a0\u00bbpost_content\u00a0\u00bb][et_pb_text _builder_version=\u00a0\u00bb4.21.2&Prime; header_3_font_size=\u00a0\u00bb25px\u00a0\u00bb background_size=\u00a0\u00bbinitial\u00a0\u00bb background_position=\u00a0\u00bbtop_left\u00a0\u00bb background_repeat=\u00a0\u00bbrepeat\u00a0\u00bb custom_padding=\u00a0\u00bb||0px|||\u00a0\u00bb global_colors_info=\u00a0\u00bb{}\u00a0\u00bb theme_builder_area=\u00a0\u00bbpost_content\u00a0\u00bb]<\/p>\n<h3 class=\"mover\">M3MH: logiciel de mesure pour machine-outil<\/h3>\n<p>[\/et_pb_text][\/et_pb_column][\/et_pb_row][et_pb_row _builder_version=\u00a0\u00bb4.19.4&Prime; background_size=\u00a0\u00bbinitial\u00a0\u00bb background_position=\u00a0\u00bbtop_left\u00a0\u00bb background_repeat=\u00a0\u00bbrepeat\u00a0\u00bb width=\u00a0\u00bb100%\u00a0\u00bb custom_margin=\u00a0\u00bb8px|auto||auto|false|false\u00a0\u00bb custom_padding=\u00a0\u00bb0px||0px||false|false\u00a0\u00bb border_width_bottom=\u00a0\u00bb1px\u00a0\u00bb border_color_bottom=\u00a0\u00bb#d6d6d6&Prime; locked=\u00a0\u00bboff\u00a0\u00bb global_colors_info=\u00a0\u00bb{}\u00a0\u00bb theme_builder_area=\u00a0\u00bbpost_content\u00a0\u00bb][et_pb_column type=\u00a0\u00bb4_4&Prime; _builder_version=\u00a0\u00bb4.16&Prime; custom_padding=\u00a0\u00bb|||\u00a0\u00bb global_colors_info=\u00a0\u00bb{}\u00a0\u00bb custom_padding__hover=\u00a0\u00bb|||\u00a0\u00bb theme_builder_area=\u00a0\u00bbpost_content\u00a0\u00bb][et_pb_divider divider_position=\u00a0\u00bbbottom\u00a0\u00bb divider_weight=\u00a0\u00bb2px\u00a0\u00bb _builder_version=\u00a0\u00bb4.16&Prime; _module_preset=\u00a0\u00bbdefault\u00a0\u00bb width=\u00a0\u00bb30px\u00a0\u00bb custom_margin=\u00a0\u00bb||-3px||false|false\u00a0\u00bb custom_padding=\u00a0\u00bb0px||0px||true|false\u00a0\u00bb border_color_all=\u00a0\u00bb#000000&Prime; border_color_top=\u00a0\u00bb#a0a0a0&Prime; border_color_bottom=\u00a0\u00bb#dbdbdb\u00a0\u00bb global_colors_info=\u00a0\u00bb{}\u00a0\u00bb theme_builder_area=\u00a0\u00bbpost_content\u00a0\u00bb][\/et_pb_divider][\/et_pb_column][\/et_pb_row][et_pb_row _builder_version=\u00a0\u00bb4.19.4&Prime; _module_preset=\u00a0\u00bbdefault\u00a0\u00bb width=\u00a0\u00bb100%\u00a0\u00bb global_colors_info=\u00a0\u00bb{}\u00a0\u00bb theme_builder_area=\u00a0\u00bbpost_content\u00a0\u00bb][et_pb_column type=\u00a0\u00bb4_4&Prime; _builder_version=\u00a0\u00bb4.16&Prime; _module_preset=\u00a0\u00bbdefault\u00a0\u00bb global_colors_info=\u00a0\u00bb{}\u00a0\u00bb theme_builder_area=\u00a0\u00bbpost_content\u00a0\u00bb][et_pb_text _builder_version=\u00a0\u00bb4.19.5&Prime; _module_preset=\u00a0\u00bbdefault\u00a0\u00bb global_colors_info=\u00a0\u00bb{}\u00a0\u00bb theme_builder_area=\u00a0\u00bbpost_content\u00a0\u00bb]<\/p>\n<p>M3MH est le logiciel de mesure CAD\/CAM pour centres d\u2019usinage 5 axes qui vous permet de maximiser les performances de votre machine-outil en r\u00e9alisant une rapide v\u00e9rification de la machine, de la configuration optimale et de l\u2019alignement des pi\u00e8ces. Vous pourrez ainsi effectuer la mesure des pi\u00e8ces avant, pendant et apr\u00e8s la m\u00e9canisation, selon les exigences de l\u2019industrie et des r\u00e9glementations.<\/p>\n<p>Facile \u00e0 utiliser, M3MH fournit une connexion agile avec le contr\u00f4le de la machine. Son interface intuitive vous permet d\u2019effectuer les fonctions suivantes :<\/p>\n<p>[\/et_pb_text][et_pb_text _builder_version=\u00a0\u00bb4.19.5&Prime; _module_preset=\u00a0\u00bbdefault\u00a0\u00bb custom_margin=\u00a0\u00bb||23px|||\u00a0\u00bb custom_padding=\u00a0\u00bb20px|30px|20px|30px|true|true\u00a0\u00bb border_width_all=\u00a0\u00bb1px\u00a0\u00bb border_color_all=\u00a0\u00bb#e8e8e8&Prime; box_shadow_style=\u00a0\u00bbpreset5&Prime; box_shadow_vertical=\u00a0\u00bb0px\u00a0\u00bb box_shadow_spread=\u00a0\u00bb4px\u00a0\u00bb box_shadow_color=\u00a0\u00bbrgba(173,173,173,0.22)\u00a0\u00bb global_colors_info=\u00a0\u00bb{}\u00a0\u00bb theme_builder_area=\u00a0\u00bbpost_content\u00a0\u00bb]<\/p>\n<h4>Fonctions<\/h4>\n<ul id=\"g1-list-1\" class=\"g1-list--icon g1-list--none \">\n<li>Contr\u00f4le des axes : v\u00e9rification des axes rotatifs<\/li>\n<li><i class=\"fa fa-chevron-right g1-list__icon\"><\/i>Contr\u00f4le machine : v\u00e9rification du volume de la machine<\/li>\n<li><i class=\"fa fa-chevron-right g1-list__icon\"><\/i>Param\u00e9trage M3MH : alignement des pi\u00e8ces<\/li>\n<li><i class=\"fa fa-chevron-right g1-list__icon\"><\/i>Mesure M3MH : mesure avant, apr\u00e8s et pendant le processus<i class=\"fa fa-chevron-right g1-list__icon\"><\/i><\/li>\n<\/ul>\n<p>[\/et_pb_text][et_pb_text _builder_version=\u00a0\u00bb4.19.5&Prime; _module_preset=\u00a0\u00bbdefault\u00a0\u00bb global_colors_info=\u00a0\u00bb{}\u00a0\u00bb theme_builder_area=\u00a0\u00bbpost_content\u00a0\u00bb]<\/p>\n<p><iframe loading=\"lazy\" title=\"M3MH: Measurement Software for Machine Tools\" src=\"https:\/\/player.vimeo.com\/video\/556168373?dnt=1&amp;app_id=122963\" width=\"1080\" height=\"608\" frameborder=\"0\" allow=\"autoplay; fullscreen; picture-in-picture\"><\/iframe><\/p>\n<p><span>M3MH vous aidera \u00e0 r\u00e9duire le temps de fabrication et le co\u00fbt des outils, \u00e0 augmenter la tra\u00e7abilit\u00e9 et la qualit\u00e9 \u00e0 la fois du processus de production et des pi\u00e8ces fabriqu\u00e9es tout en garantissant un contr\u00f4le total de l\u2019ensemble du processus d\u2019usinage.<\/span><\/p>\n<p>[\/et_pb_text][\/et_pb_column][\/et_pb_row][et_pb_row _builder_version=\u00a0\u00bb4.19.4&Prime; _module_preset=\u00a0\u00bbdefault\u00a0\u00bb width=\u00a0\u00bb100%\u00a0\u00bb custom_padding=\u00a0\u00bb||0px|||\u00a0\u00bb global_colors_info=\u00a0\u00bb{}\u00a0\u00bb theme_builder_area=\u00a0\u00bbpost_content\u00a0\u00bb][et_pb_column type=\u00a0\u00bb4_4&Prime; _builder_version=\u00a0\u00bb4.16&Prime; _module_preset=\u00a0\u00bbdefault\u00a0\u00bb global_colors_info=\u00a0\u00bb{}\u00a0\u00bb theme_builder_area=\u00a0\u00bbpost_content\u00a0\u00bb][et_pb_text _builder_version=\u00a0\u00bb4.19.5&Prime; _module_preset=\u00a0\u00bbdefault\u00a0\u00bb custom_margin=\u00a0\u00bb||23px|||\u00a0\u00bb custom_padding=\u00a0\u00bb20px|30px|20px|30px|true|true\u00a0\u00bb border_width_all=\u00a0\u00bb1px\u00a0\u00bb border_color_all=\u00a0\u00bb#e8e8e8&Prime; box_shadow_style=\u00a0\u00bbpreset5&Prime; box_shadow_vertical=\u00a0\u00bb0px\u00a0\u00bb box_shadow_spread=\u00a0\u00bb4px\u00a0\u00bb box_shadow_color=\u00a0\u00bbrgba(173,173,173,0.22)\u00a0\u00bb global_colors_info=\u00a0\u00bb{}\u00a0\u00bb theme_builder_area=\u00a0\u00bbpost_content\u00a0\u00bb]<\/p>\n<h4>Caract\u00e9ristiques<\/h4>\n<ul id=\"g1-list-1\" class=\"g1-list--icon g1-list--none \">\n<li>Logiciel convivial et intuitif<\/li>\n<li><i class=\"fa fa-chevron-right g1-list__icon\"><\/i>Connexion bidirectionnelle \u00e0 la commande de la machine<\/li>\n<li><i class=\"fa fa-chevron-right g1-list__icon\"><\/i>Programmation hors ligne<\/li>\n<li><i class=\"fa fa-chevron-right g1-list__icon\"><\/i>Importation multi CAO et utilisation de plusieurs formats : IGES, STEP, TXT et STL<\/li>\n<li><i class=\"fa fa-chevron-right g1-list__icon\"><\/i>Importation des nominaux et caract\u00e9ristiques GD&amp;T sous plusieurs formats : QIF, DMIS \/ DMO, TXT, CSV \u2026<\/li>\n<li><i class=\"fa fa-chevron-right g1-list__icon\"><\/i>Simulation de programme<\/li>\n<li><i class=\"fa fa-chevron-right g1-list__icon\"><\/i>Activation et d\u00e9sactivation agiles des axes pour la mesure<\/li>\n<li><i class=\"fa fa-chevron-right g1-list__icon\"><\/i>Mesure en 3, 4 et 5 axes<\/li>\n<li><i class=\"fa fa-chevron-right g1-list__icon\"><\/i>Alignements it\u00e9ratifs et syst\u00e8me de coordonn\u00e9es multiples<\/li>\n<li><i class=\"fa fa-chevron-right g1-list__icon\"><\/i>Mesure de tous types de surfaces, g\u00e9om\u00e9tries et tol\u00e9rances<\/li>\n<li><i class=\"fa fa-chevron-right g1-list__icon\"><\/i>Pr\u00e9sentation des r\u00e9sultats dans diff\u00e9rents syst\u00e8mes de coordonn\u00e9es<\/li>\n<li><i class=\"fa fa-chevron-right g1-list__icon\"><\/i>R\u00e9sultats graphiques 3D et rapports personnalis\u00e9s<\/li>\n<li><i class=\"fa fa-chevron-right g1-list__icon\"><\/i>Disponible pour les sondes tactiles standard et avanc\u00e9es et les scanners 3D<\/li>\n<\/ul>\n<p>[\/et_pb_text][et_pb_text _builder_version=\u00a0\u00bb4.16&Prime; _module_preset=\u00a0\u00bbdefault\u00a0\u00bb custom_margin=\u00a0\u00bb||23px|||\u00a0\u00bb custom_padding=\u00a0\u00bb20px|30px|20px|30px|true|true\u00a0\u00bb border_width_all=\u00a0\u00bb1px\u00a0\u00bb border_color_all=\u00a0\u00bb#e8e8e8&Prime; box_shadow_style=\u00a0\u00bbpreset5&Prime; box_shadow_vertical=\u00a0\u00bb0px\u00a0\u00bb box_shadow_spread=\u00a0\u00bb4px\u00a0\u00bb box_shadow_color=\u00a0\u00bbrgba(173,173,173,0.22)\u00a0\u00bb global_colors_info=\u00a0\u00bb{}\u00a0\u00bb theme_builder_area=\u00a0\u00bbpost_content\u00a0\u00bb]<\/p>\n<h4>Avantages<\/h4>\n<ul id=\"g1-list-1\" class=\"g1-list--icon g1-list--none \">\n<li>Optimisation des performances de la machine et du processus d\u2019usinage<\/li>\n<li><i class=\"fa fa-chevron-right g1-list__icon\"><\/i>R\u00e9duction du temps d\u2019alignement des pi\u00e8ces et des co\u00fbts d\u2019outillage<\/li>\n<li><i class=\"fa fa-chevron-right g1-list__icon\"><\/i>Fabrication adaptative et \u00e9limination des erreurs de processus<\/li>\n<\/ul>\n<p>[\/et_pb_text][et_pb_code _builder_version=\u00a0\u00bb4.24.0&Prime; _module_preset=\u00a0\u00bbdefault\u00a0\u00bb background_color=\u00a0\u00bb#f7f7f7&Prime; custom_margin=\u00a0\u00bb54px||66px|||\u00a0\u00bb custom_padding=\u00a0\u00bb20px|0px|20px|0px|true|true\u00a0\u00bb hover_enabled=\u00a0\u00bb0&Prime; global_colors_info=\u00a0\u00bb{}\u00a0\u00bb theme_builder_area=\u00a0\u00bbpost_content\u00a0\u00bb sticky_enabled=\u00a0\u00bb0&Prime;]<p class=\"wpcf7-contact-form-not-found\"><strong>Error:<\/strong> Contact form not found.<\/p>[\/et_pb_code][\/et_pb_column][\/et_pb_row][\/et_pb_section]<\/p>\n","protected":false},"excerpt":{"rendered":"<p>M3MH: logiciel de mesure pour machine-outilM3MH est le logiciel de mesure CAD\/CAM pour centres d\u2019usinage 5 axes qui vous permet de maximiser les performances de votre machine-outil en r\u00e9alisant une rapide v\u00e9rification de la machine, de la configuration optimale et de l\u2019alignement des pi\u00e8ces. Vous pourrez ainsi effectuer la mesure des pi\u00e8ces avant, pendant et [&hellip;]<\/p>\n","protected":false},"author":85986,"featured_media":113121,"parent":629459,"menu_order":0,"comment_status":"closed","ping_status":"closed","template":"","meta":{"_acf_changed":false,"_et_pb_use_builder":"on","_et_pb_old_content":"","_et_gb_content_width":"","footnotes":""},"class_list":["post-629457","page","type-page","status-publish","has-post-thumbnail","hentry"],"acf":[],"yoast_head":"<title>M3MH: logiciel de mesure pour machine-outil | INNOVALIA METROLOGY | INDUSTRIAL METROLOGY SOLUTIONS<\/title>\n<meta name=\"robots\" content=\"index, follow, max-snippet:-1, max-image-preview:large, max-video-preview:-1\" \/>\n<link rel=\"canonical\" href=\"https:\/\/innovalia-metrology.com\/fr\/metrology-produits\/solutions-pour-machines-outils\/m3-mh-logiciel-de-mesure-pour-machine-outil\/\" \/>\n<meta property=\"og:locale\" content=\"fr_FR\" \/>\n<meta property=\"og:type\" content=\"article\" \/>\n<meta property=\"og:title\" content=\"M3MH: logiciel de mesure pour machine-outil | INNOVALIA METROLOGY | INDUSTRIAL METROLOGY SOLUTIONS\" \/>\n<meta property=\"og:description\" content=\"M3MH: logiciel de mesure pour machine-outilM3MH est le logiciel de mesure CAD\/CAM pour centres d\u2019usinage 5 axes qui vous permet de maximiser les performances de votre machine-outil en r\u00e9alisant une rapide v\u00e9rification de la machine, de la configuration optimale et de l\u2019alignement des pi\u00e8ces. Vous pourrez ainsi effectuer la mesure des pi\u00e8ces avant, pendant et [&hellip;]\" \/>\n<meta property=\"og:url\" content=\"https:\/\/innovalia-metrology.com\/fr\/metrology-produits\/solutions-pour-machines-outils\/m3-mh-logiciel-de-mesure-pour-machine-outil\/\" \/>\n<meta property=\"og:site_name\" content=\"INNOVALIA METROLOGY | INDUSTRIAL METROLOGY SOLUTIONS\" \/>\n<meta property=\"article:modified_time\" content=\"2024-02-01T11:39:05+00:00\" \/>\n<meta property=\"og:image\" content=\"https:\/\/innovalia-metrology.com\/wp-content\/uploads\/2021\/08\/500X-350-482x271-1.jpg\" \/>\n\t<meta property=\"og:image:width\" content=\"482\" \/>\n\t<meta property=\"og:image:height\" content=\"271\" \/>\n\t<meta property=\"og:image:type\" content=\"image\/jpeg\" \/>\n<meta name=\"twitter:label1\" content=\"Dur\u00e9e de lecture estim\u00e9e\" \/>\n\t<meta name=\"twitter:data1\" content=\"5 minutes\" \/>\n<script type=\"application\/ld+json\" class=\"yoast-schema-graph\">{\"@context\":\"https:\/\/schema.org\",\"@graph\":[{\"@type\":\"WebPage\",\"@id\":\"https:\/\/innovalia-metrology.com\/fr\/metrology-produits\/solutions-pour-machines-outils\/m3-mh-logiciel-de-mesure-pour-machine-outil\/\",\"url\":\"https:\/\/innovalia-metrology.com\/fr\/metrology-produits\/solutions-pour-machines-outils\/m3-mh-logiciel-de-mesure-pour-machine-outil\/\",\"name\":\"M3MH: logiciel de mesure pour machine-outil | INNOVALIA METROLOGY | INDUSTRIAL METROLOGY SOLUTIONS\",\"isPartOf\":{\"@id\":\"https:\/\/innovalia-metrology.com\/fr\/#website\"},\"primaryImageOfPage\":{\"@id\":\"https:\/\/innovalia-metrology.com\/fr\/metrology-produits\/solutions-pour-machines-outils\/m3-mh-logiciel-de-mesure-pour-machine-outil\/#primaryimage\"},\"image\":{\"@id\":\"https:\/\/innovalia-metrology.com\/fr\/metrology-produits\/solutions-pour-machines-outils\/m3-mh-logiciel-de-mesure-pour-machine-outil\/#primaryimage\"},\"thumbnailUrl\":\"https:\/\/innovalia-metrology.com\/wp-content\/uploads\/2021\/08\/500X-350-482x271-1.jpg\",\"datePublished\":\"2021-08-13T10:14:48+00:00\",\"dateModified\":\"2024-02-01T11:39:05+00:00\",\"breadcrumb\":{\"@id\":\"https:\/\/innovalia-metrology.com\/fr\/metrology-produits\/solutions-pour-machines-outils\/m3-mh-logiciel-de-mesure-pour-machine-outil\/#breadcrumb\"},\"inLanguage\":\"fr-FR\",\"potentialAction\":[{\"@type\":\"ReadAction\",\"target\":[\"https:\/\/innovalia-metrology.com\/fr\/metrology-produits\/solutions-pour-machines-outils\/m3-mh-logiciel-de-mesure-pour-machine-outil\/\"]}]},{\"@type\":\"ImageObject\",\"inLanguage\":\"fr-FR\",\"@id\":\"https:\/\/innovalia-metrology.com\/fr\/metrology-produits\/solutions-pour-machines-outils\/m3-mh-logiciel-de-mesure-pour-machine-outil\/#primaryimage\",\"url\":\"https:\/\/innovalia-metrology.com\/wp-content\/uploads\/2021\/08\/500X-350-482x271-1.jpg\",\"contentUrl\":\"https:\/\/innovalia-metrology.com\/wp-content\/uploads\/2021\/08\/500X-350-482x271-1.jpg\",\"width\":482,\"height\":271},{\"@type\":\"BreadcrumbList\",\"@id\":\"https:\/\/innovalia-metrology.com\/fr\/metrology-produits\/solutions-pour-machines-outils\/m3-mh-logiciel-de-mesure-pour-machine-outil\/#breadcrumb\",\"itemListElement\":[{\"@type\":\"ListItem\",\"position\":1,\"name\":\"Home\",\"item\":\"https:\/\/innovalia-metrology.com\/fr\/\"},{\"@type\":\"ListItem\",\"position\":2,\"name\":\"Produits\",\"item\":\"https:\/\/innovalia-metrology.com\/fr\/metrology-produits\/\"},{\"@type\":\"ListItem\",\"position\":3,\"name\":\"Solutions pour Machines-Outils\",\"item\":\"https:\/\/innovalia-metrology.com\/fr\/metrology-produits\/solutions-pour-machines-outils\/\"},{\"@type\":\"ListItem\",\"position\":4,\"name\":\"M3MH: logiciel de mesure pour machine-outil\"}]},{\"@type\":\"WebSite\",\"@id\":\"https:\/\/innovalia-metrology.com\/fr\/#website\",\"url\":\"https:\/\/innovalia-metrology.com\/fr\/\",\"name\":\"INNOVALIA METROLOGY\",\"description\":\"METROLOGY SOLUTIONS\",\"publisher\":{\"@id\":\"https:\/\/innovalia-metrology.com\/fr\/#organization\"},\"potentialAction\":[{\"@type\":\"SearchAction\",\"target\":{\"@type\":\"EntryPoint\",\"urlTemplate\":\"https:\/\/innovalia-metrology.com\/fr\/?s={search_term_string}\"},\"query-input\":{\"@type\":\"PropertyValueSpecification\",\"valueRequired\":true,\"valueName\":\"search_term_string\"}}],\"inLanguage\":\"fr-FR\"},{\"@type\":\"Organization\",\"@id\":\"https:\/\/innovalia-metrology.com\/fr\/#organization\",\"name\":\"INNOVALIA METROLOGY\",\"url\":\"https:\/\/innovalia-metrology.com\/fr\/\",\"logo\":{\"@type\":\"ImageObject\",\"inLanguage\":\"fr-FR\",\"@id\":\"https:\/\/innovalia-metrology.com\/fr\/#\/schema\/logo\/image\/\",\"url\":\"https:\/\/innovalia-metrology.com\/wp-content\/uploads\/2025\/10\/Diseno-sin-titulo-36.png\",\"contentUrl\":\"https:\/\/innovalia-metrology.com\/wp-content\/uploads\/2025\/10\/Diseno-sin-titulo-36.png\",\"width\":300,\"height\":250,\"caption\":\"INNOVALIA METROLOGY\"},\"image\":{\"@id\":\"https:\/\/innovalia-metrology.com\/fr\/#\/schema\/logo\/image\/\"},\"sameAs\":[\"https:\/\/x.com\/IMetrology_ES\",\"https:\/\/www.linkedin.com\/company\/innovalia-metrology\",\"https:\/\/www.youtube.com\/channel\/UCV7L_atMrcg6DUslHYeDaYQ\"]}]}<\/script>","yoast_head_json":{"title":"M3MH: logiciel de mesure pour machine-outil | INNOVALIA METROLOGY | INDUSTRIAL METROLOGY SOLUTIONS","robots":{"index":"index","follow":"follow","max-snippet":"max-snippet:-1","max-image-preview":"max-image-preview:large","max-video-preview":"max-video-preview:-1"},"canonical":"https:\/\/innovalia-metrology.com\/fr\/metrology-produits\/solutions-pour-machines-outils\/m3-mh-logiciel-de-mesure-pour-machine-outil\/","og_locale":"fr_FR","og_type":"article","og_title":"M3MH: logiciel de mesure pour machine-outil | INNOVALIA METROLOGY | INDUSTRIAL METROLOGY SOLUTIONS","og_description":"M3MH: logiciel de mesure pour machine-outilM3MH est le logiciel de mesure CAD\/CAM pour centres d\u2019usinage 5 axes qui vous permet de maximiser les performances de votre machine-outil en r\u00e9alisant une rapide v\u00e9rification de la machine, de la configuration optimale et de l\u2019alignement des pi\u00e8ces. Vous pourrez ainsi effectuer la mesure des pi\u00e8ces avant, pendant et [&hellip;]","og_url":"https:\/\/innovalia-metrology.com\/fr\/metrology-produits\/solutions-pour-machines-outils\/m3-mh-logiciel-de-mesure-pour-machine-outil\/","og_site_name":"INNOVALIA METROLOGY | INDUSTRIAL METROLOGY SOLUTIONS","article_modified_time":"2024-02-01T11:39:05+00:00","og_image":[{"width":482,"height":271,"url":"https:\/\/innovalia-metrology.com\/wp-content\/uploads\/2021\/08\/500X-350-482x271-1.jpg","type":"image\/jpeg"}],"twitter_misc":{"Dur\u00e9e de lecture estim\u00e9e":"5 minutes"},"schema":{"@context":"https:\/\/schema.org","@graph":[{"@type":"WebPage","@id":"https:\/\/innovalia-metrology.com\/fr\/metrology-produits\/solutions-pour-machines-outils\/m3-mh-logiciel-de-mesure-pour-machine-outil\/","url":"https:\/\/innovalia-metrology.com\/fr\/metrology-produits\/solutions-pour-machines-outils\/m3-mh-logiciel-de-mesure-pour-machine-outil\/","name":"M3MH: logiciel de mesure pour machine-outil | INNOVALIA METROLOGY | INDUSTRIAL METROLOGY SOLUTIONS","isPartOf":{"@id":"https:\/\/innovalia-metrology.com\/fr\/#website"},"primaryImageOfPage":{"@id":"https:\/\/innovalia-metrology.com\/fr\/metrology-produits\/solutions-pour-machines-outils\/m3-mh-logiciel-de-mesure-pour-machine-outil\/#primaryimage"},"image":{"@id":"https:\/\/innovalia-metrology.com\/fr\/metrology-produits\/solutions-pour-machines-outils\/m3-mh-logiciel-de-mesure-pour-machine-outil\/#primaryimage"},"thumbnailUrl":"https:\/\/innovalia-metrology.com\/wp-content\/uploads\/2021\/08\/500X-350-482x271-1.jpg","datePublished":"2021-08-13T10:14:48+00:00","dateModified":"2024-02-01T11:39:05+00:00","breadcrumb":{"@id":"https:\/\/innovalia-metrology.com\/fr\/metrology-produits\/solutions-pour-machines-outils\/m3-mh-logiciel-de-mesure-pour-machine-outil\/#breadcrumb"},"inLanguage":"fr-FR","potentialAction":[{"@type":"ReadAction","target":["https:\/\/innovalia-metrology.com\/fr\/metrology-produits\/solutions-pour-machines-outils\/m3-mh-logiciel-de-mesure-pour-machine-outil\/"]}]},{"@type":"ImageObject","inLanguage":"fr-FR","@id":"https:\/\/innovalia-metrology.com\/fr\/metrology-produits\/solutions-pour-machines-outils\/m3-mh-logiciel-de-mesure-pour-machine-outil\/#primaryimage","url":"https:\/\/innovalia-metrology.com\/wp-content\/uploads\/2021\/08\/500X-350-482x271-1.jpg","contentUrl":"https:\/\/innovalia-metrology.com\/wp-content\/uploads\/2021\/08\/500X-350-482x271-1.jpg","width":482,"height":271},{"@type":"BreadcrumbList","@id":"https:\/\/innovalia-metrology.com\/fr\/metrology-produits\/solutions-pour-machines-outils\/m3-mh-logiciel-de-mesure-pour-machine-outil\/#breadcrumb","itemListElement":[{"@type":"ListItem","position":1,"name":"Home","item":"https:\/\/innovalia-metrology.com\/fr\/"},{"@type":"ListItem","position":2,"name":"Produits","item":"https:\/\/innovalia-metrology.com\/fr\/metrology-produits\/"},{"@type":"ListItem","position":3,"name":"Solutions pour Machines-Outils","item":"https:\/\/innovalia-metrology.com\/fr\/metrology-produits\/solutions-pour-machines-outils\/"},{"@type":"ListItem","position":4,"name":"M3MH: logiciel de mesure pour machine-outil"}]},{"@type":"WebSite","@id":"https:\/\/innovalia-metrology.com\/fr\/#website","url":"https:\/\/innovalia-metrology.com\/fr\/","name":"INNOVALIA METROLOGY","description":"METROLOGY SOLUTIONS","publisher":{"@id":"https:\/\/innovalia-metrology.com\/fr\/#organization"},"potentialAction":[{"@type":"SearchAction","target":{"@type":"EntryPoint","urlTemplate":"https:\/\/innovalia-metrology.com\/fr\/?s={search_term_string}"},"query-input":{"@type":"PropertyValueSpecification","valueRequired":true,"valueName":"search_term_string"}}],"inLanguage":"fr-FR"},{"@type":"Organization","@id":"https:\/\/innovalia-metrology.com\/fr\/#organization","name":"INNOVALIA METROLOGY","url":"https:\/\/innovalia-metrology.com\/fr\/","logo":{"@type":"ImageObject","inLanguage":"fr-FR","@id":"https:\/\/innovalia-metrology.com\/fr\/#\/schema\/logo\/image\/","url":"https:\/\/innovalia-metrology.com\/wp-content\/uploads\/2025\/10\/Diseno-sin-titulo-36.png","contentUrl":"https:\/\/innovalia-metrology.com\/wp-content\/uploads\/2025\/10\/Diseno-sin-titulo-36.png","width":300,"height":250,"caption":"INNOVALIA METROLOGY"},"image":{"@id":"https:\/\/innovalia-metrology.com\/fr\/#\/schema\/logo\/image\/"},"sameAs":["https:\/\/x.com\/IMetrology_ES","https:\/\/www.linkedin.com\/company\/innovalia-metrology","https:\/\/www.youtube.com\/channel\/UCV7L_atMrcg6DUslHYeDaYQ"]}]}},"_links":{"self":[{"href":"https:\/\/innovalia-metrology.com\/fr\/wp-json\/wp\/v2\/pages\/629457","targetHints":{"allow":["GET"]}}],"collection":[{"href":"https:\/\/innovalia-metrology.com\/fr\/wp-json\/wp\/v2\/pages"}],"about":[{"href":"https:\/\/innovalia-metrology.com\/fr\/wp-json\/wp\/v2\/types\/page"}],"author":[{"embeddable":true,"href":"https:\/\/innovalia-metrology.com\/fr\/wp-json\/wp\/v2\/users\/85986"}],"replies":[{"embeddable":true,"href":"https:\/\/innovalia-metrology.com\/fr\/wp-json\/wp\/v2\/comments?post=629457"}],"version-history":[{"count":8,"href":"https:\/\/innovalia-metrology.com\/fr\/wp-json\/wp\/v2\/pages\/629457\/revisions"}],"predecessor-version":[{"id":641934,"href":"https:\/\/innovalia-metrology.com\/fr\/wp-json\/wp\/v2\/pages\/629457\/revisions\/641934"}],"up":[{"embeddable":true,"href":"https:\/\/innovalia-metrology.com\/fr\/wp-json\/wp\/v2\/pages\/629459"}],"wp:featuredmedia":[{"embeddable":true,"href":"https:\/\/innovalia-metrology.com\/fr\/wp-json\/wp\/v2\/media\/113121"}],"wp:attachment":[{"href":"https:\/\/innovalia-metrology.com\/fr\/wp-json\/wp\/v2\/media?parent=629457"}],"curies":[{"name":"wp","href":"https:\/\/api.w.org\/{rel}","templated":true}]}}