{"id":630699,"date":"2017-08-28T12:44:48","date_gmt":"2017-08-28T10:44:48","guid":{"rendered":"https:\/\/innovalia-metrology.cbtpruebas.es\/metrology-products\/accessories\/m3mh-probe-kit-complete-measurement-solution-for-machine-tools\/"},"modified":"2024-02-01T12:47:34","modified_gmt":"2024-02-01T11:47:34","slug":"kit-de-sondes-m3mh-solution-complete-de-mesure-pour-les-machines-outils","status":"publish","type":"page","link":"https:\/\/innovalia-metrology.com\/fr\/metrology-produits\/accessoires\/kit-de-sondes-m3mh-solution-complete-de-mesure-pour-les-machines-outils\/","title":{"rendered":"Kit de sondes M3MH: solution compl\u00e8te de mesure pour les machines-outils"},"content":{"rendered":"<p>[et_pb_section fb_built=\u00a0\u00bb1&Prime; _builder_version=\u00a0\u00bb4.19.5&Prime; _module_preset=\u00a0\u00bbdefault\u00a0\u00bb background_color=\u00a0\u00bbRGBA(255,255,255,0)\u00a0\u00bb custom_padding=\u00a0\u00bb0px|||||\u00a0\u00bb da_disable_devices=\u00a0\u00bboff|off|off\u00a0\u00bb global_colors_info=\u00a0\u00bb{}\u00a0\u00bb theme_builder_area=\u00a0\u00bbpost_content\u00a0\u00bb da_is_popup=\u00a0\u00bboff\u00a0\u00bb da_exit_intent=\u00a0\u00bboff\u00a0\u00bb da_has_close=\u00a0\u00bbon\u00a0\u00bb da_alt_close=\u00a0\u00bboff\u00a0\u00bb da_dark_close=\u00a0\u00bboff\u00a0\u00bb da_not_modal=\u00a0\u00bbon\u00a0\u00bb da_is_singular=\u00a0\u00bboff\u00a0\u00bb da_with_loader=\u00a0\u00bboff\u00a0\u00bb da_has_shadow=\u00a0\u00bbon\u00a0\u00bb][et_pb_row _builder_version=\u00a0\u00bb4.19.5&Prime; background_size=\u00a0\u00bbinitial\u00a0\u00bb background_position=\u00a0\u00bbtop_left\u00a0\u00bb background_repeat=\u00a0\u00bbrepeat\u00a0\u00bb width=\u00a0\u00bb100%\u00a0\u00bb custom_padding=\u00a0\u00bb||0px||false|false\u00a0\u00bb locked=\u00a0\u00bboff\u00a0\u00bb global_colors_info=\u00a0\u00bb{}\u00a0\u00bb theme_builder_area=\u00a0\u00bbpost_content\u00a0\u00bb][et_pb_column type=\u00a0\u00bb4_4&Prime; _builder_version=\u00a0\u00bb4.16&Prime; custom_padding=\u00a0\u00bb|||\u00a0\u00bb global_colors_info=\u00a0\u00bb{}\u00a0\u00bb custom_padding__hover=\u00a0\u00bb|||\u00a0\u00bb theme_builder_area=\u00a0\u00bbpost_content\u00a0\u00bb][et_pb_text _builder_version=\u00a0\u00bb4.19.5&Prime; header_3_font_size=\u00a0\u00bb25px\u00a0\u00bb background_size=\u00a0\u00bbinitial\u00a0\u00bb background_position=\u00a0\u00bbtop_left\u00a0\u00bb background_repeat=\u00a0\u00bbrepeat\u00a0\u00bb custom_padding=\u00a0\u00bb||0px|||\u00a0\u00bb global_colors_info=\u00a0\u00bb{}\u00a0\u00bb theme_builder_area=\u00a0\u00bbpost_content\u00a0\u00bb]<\/p>\n<h3 class=\"mover\">Kit de sonde M3 MH : Sonde, r\u00e9cepteur et syst\u00e8me de r\u00e9glage de haute pr\u00e9cision<\/h3>\n<p>[\/et_pb_text][\/et_pb_column][\/et_pb_row][et_pb_row _builder_version=\u00a0\u00bb4.19.5&Prime; background_size=\u00a0\u00bbinitial\u00a0\u00bb background_position=\u00a0\u00bbtop_left\u00a0\u00bb background_repeat=\u00a0\u00bbrepeat\u00a0\u00bb width=\u00a0\u00bb100%\u00a0\u00bb custom_margin=\u00a0\u00bb-3px|auto||auto|false|false\u00a0\u00bb custom_padding=\u00a0\u00bb0px||0px||false|false\u00a0\u00bb border_width_bottom=\u00a0\u00bb1px\u00a0\u00bb border_color_bottom=\u00a0\u00bb#d6d6d6&Prime; locked=\u00a0\u00bboff\u00a0\u00bb global_colors_info=\u00a0\u00bb{}\u00a0\u00bb theme_builder_area=\u00a0\u00bbpost_content\u00a0\u00bb][et_pb_column type=\u00a0\u00bb4_4&Prime; _builder_version=\u00a0\u00bb4.16&Prime; custom_padding=\u00a0\u00bb|||\u00a0\u00bb global_colors_info=\u00a0\u00bb{}\u00a0\u00bb custom_padding__hover=\u00a0\u00bb|||\u00a0\u00bb theme_builder_area=\u00a0\u00bbpost_content\u00a0\u00bb][et_pb_divider divider_position=\u00a0\u00bbbottom\u00a0\u00bb divider_weight=\u00a0\u00bb2px\u00a0\u00bb _builder_version=\u00a0\u00bb4.16&Prime; _module_preset=\u00a0\u00bbdefault\u00a0\u00bb width=\u00a0\u00bb30px\u00a0\u00bb custom_margin=\u00a0\u00bb||-3px||false|false\u00a0\u00bb custom_padding=\u00a0\u00bb0px||0px||true|false\u00a0\u00bb border_color_all=\u00a0\u00bb#000000&Prime; border_color_top=\u00a0\u00bb#a0a0a0&Prime; border_color_bottom=\u00a0\u00bb#dbdbdb\u00a0\u00bb global_colors_info=\u00a0\u00bb{}\u00a0\u00bb theme_builder_area=\u00a0\u00bbpost_content\u00a0\u00bb][\/et_pb_divider][\/et_pb_column][\/et_pb_row][et_pb_row _builder_version=\u00a0\u00bb4.19.5&Prime; _module_preset=\u00a0\u00bbdefault\u00a0\u00bb width=\u00a0\u00bb100%\u00a0\u00bb custom_padding=\u00a0\u00bb||0px|||\u00a0\u00bb global_colors_info=\u00a0\u00bb{}\u00a0\u00bb theme_builder_area=\u00a0\u00bbpost_content\u00a0\u00bb][et_pb_column type=\u00a0\u00bb4_4&Prime; _builder_version=\u00a0\u00bb4.16&Prime; _module_preset=\u00a0\u00bbdefault\u00a0\u00bb global_colors_info=\u00a0\u00bb{}\u00a0\u00bb theme_builder_area=\u00a0\u00bbpost_content\u00a0\u00bb][et_pb_text _builder_version=\u00a0\u00bb4.19.5&Prime; _module_preset=\u00a0\u00bbdefault\u00a0\u00bb custom_margin=\u00a0\u00bb||23px|||\u00a0\u00bb custom_padding=\u00a0\u00bb20px|30px|20px|30px|true|true\u00a0\u00bb border_width_all=\u00a0\u00bb1px\u00a0\u00bb border_color_all=\u00a0\u00bb#e8e8e8&Prime; box_shadow_style=\u00a0\u00bbpreset5&Prime; box_shadow_vertical=\u00a0\u00bb0px\u00a0\u00bb box_shadow_spread=\u00a0\u00bb4px\u00a0\u00bb box_shadow_color=\u00a0\u00bbrgba(173,173,173,0.22)\u00a0\u00bb global_colors_info=\u00a0\u00bb{}\u00a0\u00bb theme_builder_area=\u00a0\u00bbpost_content\u00a0\u00bb]<\/p>\n<h4>Caract\u00e9ristiques et avantages<\/h4>\n<ul id=\"g1-list-3\" class=\"g1-list--icon g1-list--none \">\n<li>Int\u00e9gration avec tous les types de contr\u00f4les<\/li>\n<li>Mesure, aligne et programme intuitivement<\/li>\n<li>Compatible avec DG&amp;T MH<\/li>\n<li>Calibrage d\u2019outils<\/li>\n<li>Analyse de la dur\u00e9e de vie de votre outil<\/li>\n<li>Compatible avec M3 Analytics (SPC)<\/li>\n<\/ul>\n<p>[\/et_pb_text][et_pb_image src=\u00a0\u00bbhttps:\/\/innovalia-metrology.com\/wp-content\/uploads\/2017\/08\/sonda-e1503914907113.png\u00a0\u00bb alt=\u00a0\u00bbtetraedro_optico_01&Prime; title_text=\u00a0\u00bbsonda\u00a0\u00bb _builder_version=\u00a0\u00bb4.16&Prime; _module_preset=\u00a0\u00bbdefault\u00a0\u00bb max_height=\u00a0\u00bb140%\u00a0\u00bb global_colors_info=\u00a0\u00bb{}\u00a0\u00bb theme_builder_area=\u00a0\u00bbpost_content\u00a0\u00bb][\/et_pb_image][et_pb_text _builder_version=\u00a0\u00bb4.19.5&Prime; _module_preset=\u00a0\u00bbdefault\u00a0\u00bb global_colors_info=\u00a0\u00bb{}\u00a0\u00bb theme_builder_area=\u00a0\u00bbpost_content\u00a0\u00bb]<\/p>\n<h4>Sonde optique<\/h4>\n<ul id=\"g1-list-2\" class=\"g1-list--icon g1-list--none \">\n<li><i class=\"fa fa-chevron-right g1-list__icon\"><\/i>Inspection des pi\u00e8ces d\u2019usinage et des machines multit\u00e2ches<\/li>\n<li>Force de d\u00e9clenchement radiale : 40 \u2013 80g<\/li>\n<li>R\u00e9p\u00e9tabilit\u00e9 : &lt;0,002 mm<\/li>\n<\/ul>\n<p>[\/et_pb_text][et_pb_image src=\u00a0\u00bbhttps:\/\/innovalia-metrology.com\/wp-content\/uploads\/2017\/08\/receptor.png\u00a0\u00bb alt=\u00a0\u00bbtetraedro_optico_01&Prime; title_text=\u00a0\u00bbreceptor\u00a0\u00bb _builder_version=\u00a0\u00bb4.16&Prime; _module_preset=\u00a0\u00bbdefault\u00a0\u00bb max_height=\u00a0\u00bb140%\u00a0\u00bb global_colors_info=\u00a0\u00bb{}\u00a0\u00bb theme_builder_area=\u00a0\u00bbpost_content\u00a0\u00bb][\/et_pb_image][et_pb_text _builder_version=\u00a0\u00bb4.19.5&Prime; _module_preset=\u00a0\u00bbdefault\u00a0\u00bb global_colors_info=\u00a0\u00bb{}\u00a0\u00bb theme_builder_area=\u00a0\u00bbpost_content\u00a0\u00bb]<\/p>\n<h4>R\u00e9cepteur<\/h4>\n<ul id=\"g1-list-3\" class=\"g1-list--icon g1-list--none \">\n<li><i class=\"fa fa-chevron-right g1-list__icon\"><\/i>Fournit une liaison optique \u00e0 grande vitesse vers la sonde<\/li>\n<li>Indicateur : LED rouge, jaune et verte<\/li>\n<li>Synchronisation automatique avec m3mh<\/li>\n<\/ul>\n<ul id=\"g1-list-2\" class=\"g1-list--icon g1-list--none \"><\/ul>\n<p>[\/et_pb_text][et_pb_image src=\u00a0\u00bbhttps:\/\/innovalia-metrology.com\/wp-content\/uploads\/2017\/08\/sistema_reglaje.png\u00a0\u00bb alt=\u00a0\u00bbtetraedro_optico_01&Prime; title_text=\u00a0\u00bbsistema_reglaje\u00a0\u00bb _builder_version=\u00a0\u00bb4.16&Prime; _module_preset=\u00a0\u00bbdefault\u00a0\u00bb max_height=\u00a0\u00bb140%\u00a0\u00bb global_colors_info=\u00a0\u00bb{}\u00a0\u00bb theme_builder_area=\u00a0\u00bbpost_content\u00a0\u00bb][\/et_pb_image][et_pb_text _builder_version=\u00a0\u00bb4.19.5&Prime; _module_preset=\u00a0\u00bbdefault\u00a0\u00bb global_colors_info=\u00a0\u00bb{}\u00a0\u00bb theme_builder_area=\u00a0\u00bbpost_content\u00a0\u00bb]<\/p>\n<h4>Syst\u00e8me de r\u00e9glage<\/h4>\n<ul id=\"g1-list-4\" class=\"g1-list--icon g1-list--none \">\n<li><i class=\"fa fa-chevron-right g1-list__icon\"><\/i>Mesure des outils, d\u00e9tection de l\u2019usure et anticipation des ruptures<\/li>\n<li>R\u00e9p\u00e9tabilit\u00e9 : (2\u03c3) : 2,0 m<\/li>\n<li>Indicateur LED\n<\/li>\n<\/ul>\n<div class=\"solicitud\">\n<div role=\"form\" class=\"wpcf7\" id=\"wpcf7-f8991-p8039-o1\" lang=\"en-US\" dir=\"ltr\">\n<div class=\"screen-reader-response\"><\/div>\n<form action=\"https:\/\/www.innovalia-metrology.com\/metrology-products\/accessories\/sondas-de-medicion-para-maquina-herramienta\/#wpcf7-f8991-p8039-o1\" method=\"post\" class=\"wpcf7-form\" novalidate=\"novalidate\"><\/form>\n<\/div>\n<\/div>\n<ul id=\"g1-list-3\" class=\"g1-list--icon g1-list--none \"><\/ul>\n<ul id=\"g1-list-2\" class=\"g1-list--icon g1-list--none \"><\/ul>\n<p>[\/et_pb_text][et_pb_code _builder_version=\u00a0\u00bb4.24.0&Prime; _module_preset=\u00a0\u00bbdefault\u00a0\u00bb background_color=\u00a0\u00bb#f7f7f7&Prime; custom_margin=\u00a0\u00bb54px||66px|5px||\u00a0\u00bb custom_padding=\u00a0\u00bb20px|0px|20px|0px|true|true\u00a0\u00bb hover_enabled=\u00a0\u00bb0&Prime; global_colors_info=\u00a0\u00bb{}\u00a0\u00bb theme_builder_area=\u00a0\u00bbpost_content\u00a0\u00bb sticky_enabled=\u00a0\u00bb0&Prime;]<p class=\"wpcf7-contact-form-not-found\"><strong>Error:<\/strong> Contact form not found.<\/p>[\/et_pb_code][\/et_pb_column][\/et_pb_row][\/et_pb_section]<\/p>\n","protected":false},"excerpt":{"rendered":"<p>Kit de sonde M3 MH : Sonde, r\u00e9cepteur et syst\u00e8me de r\u00e9glage de haute pr\u00e9cisionCaract\u00e9ristiques et avantages Int\u00e9gration avec tous les types de contr\u00f4les Mesure, aligne et programme intuitivement Compatible avec DG&amp;T MH Calibrage d\u2019outils Analyse de la dur\u00e9e de vie de votre outil Compatible avec M3 Analytics (SPC) Sonde optique Inspection des pi\u00e8ces d\u2019usinage [&hellip;]<\/p>\n","protected":false},"author":85986,"featured_media":81662,"parent":630688,"menu_order":2,"comment_status":"closed","ping_status":"closed","template":"","meta":{"_acf_changed":false,"_et_pb_use_builder":"on","_et_pb_old_content":"[precontent]\r\n<div class=\"sale\"><img class=\"aligncenter size-full wp-image-14299\" src=\"https:\/\/innovalia-metrology.com\/wp-content\/uploads\/2019\/12\/Banner_Metrology_Sale_Nov19_en.jpg\" alt=\"\" width=\"5833\" height=\"1250\"><\/div>\r\n[\/precontent]\r\n\r\n<h3 class=\"mover\">M3 MH Probe kit<\/h3>\r\n[divider style=\"simple\"]\r\n\r\n[\/divider]\r\n\r\n[box style=\"solid\"]\r\n<h4>Features and benefits<\/h4>\r\n[list type=\"icon\" icon=\"chevron-right\"]\r\n<ul>\r\n \t<li>Agile integration with all kinds of controls\/li><\/li>\r\n \t<li>Measure, align and program intuitively<\/li>\r\n \t<li>GD&T machine tool compatible<\/li>\r\n \t<li>Tool setting<\/li>\r\n \t<li>Analysis of useful tool life<\/li>\r\n \t<li>M3 Analytics compatible (SPC)<\/li>\r\n<\/ul>\r\n[\/list]\r\n\r\n[\/box]\r\n\r\n<img class=\"aligncenter wp-image-8018 size-full\" src=\"https:\/\/innovalia-metrology.com\/wp-content\/uploads\/2017\/08\/sonda-e1503914907113.png\" alt=\"\" width=\"1668\" height=\"672\" \/>\r\n<h4>Optical probe<\/h4>\r\n[list type=\"icon\" icon=\"chevron-right\"]\r\n<ul>\r\n \t<li>Inspection of workpieces from machining and multi-tasking machines<\/li>\r\n \t<li>Radial trigger force: 40 \u2013 80 g<\/li>\r\n \t<li>Repeatability: <0.002 mm<\/li>\r\n<\/ul>\r\n[\/list]\r\n\r\n<img class=\"aligncenter size-full wp-image-8030\" src=\"https:\/\/innovalia-metrology.com\/wp-content\/uploads\/2017\/08\/receptor.png\" alt=\"\" width=\"1725\" height=\"1064\" \/>\r\n<h4>Receiver<\/h4>\r\n[list type=\"icon\" icon=\"chevron-right\"]\r\n<ul>\r\n \t<li>Provides high optical link speed with the probe<\/li>\r\n \t<li>Indicator: Red, yellow and green LED<\/li>\r\n \t<li>Automatic synchronization with m3mh<\/li>\r\n<\/ul>\r\n[\/list]\r\n<img class=\"aligncenter size-full wp-image-8033\" src=\"https:\/\/innovalia-metrology.com\/wp-content\/uploads\/2017\/08\/sistema_reglaje.png\" alt=\"\" width=\"1672\" height=\"1208\" \/>\r\n<h4>Tool setter<\/h4>\r\n[list type=\"icon\" icon=\"chevron-right\"]\r\n<ul>\r\n \t<li>Tool measurement, tool wear detection and anticipation of tool breakage<\/li>\r\n \t<li>Repeatability: (2\u03c3): 2.0 \u03bcm<\/li>\r\n \t<li>LED Indicator<\/li>\r\n<\/ul>\r\n[\/list]\r\n<div class=\"solicitud\">[contact-form-7 id=\"8991\" title=\"solicitud_EN\"][\/contact-form-7]<\/div>","_et_gb_content_width":"","footnotes":""},"class_list":["post-630699","page","type-page","status-publish","has-post-thumbnail","hentry"],"acf":[],"yoast_head":"<title>M3MH Probe: Measuring Optical probe and tool setter for machine tool<\/title>\n<meta name=\"description\" content=\"Discover our M3MH probe Kit: Optical Probe, receiver and high precision tool setter for high precision measurements in machine tools\" \/>\n<meta name=\"robots\" content=\"index, follow, max-snippet:-1, max-image-preview:large, max-video-preview:-1\" \/>\n<link rel=\"canonical\" href=\"https:\/\/innovalia-metrology.com\/fr\/metrology-produits\/accessoires\/kit-de-sondes-m3mh-solution-complete-de-mesure-pour-les-machines-outils\/\" \/>\n<meta property=\"og:locale\" content=\"fr_FR\" \/>\n<meta property=\"og:type\" content=\"article\" \/>\n<meta property=\"og:title\" content=\"M3MH Probe: Measuring Optical probe and tool setter for machine tool\" \/>\n<meta property=\"og:description\" content=\"Discover our M3MH probe Kit: Optical Probe, receiver and high precision tool setter for high precision measurements in machine tools\" \/>\n<meta property=\"og:url\" content=\"https:\/\/innovalia-metrology.com\/fr\/metrology-produits\/accessoires\/kit-de-sondes-m3mh-solution-complete-de-mesure-pour-les-machines-outils\/\" \/>\n<meta property=\"og:site_name\" content=\"INNOVALIA METROLOGY | INDUSTRIAL METROLOGY SOLUTIONS\" \/>\n<meta property=\"article:modified_time\" content=\"2024-02-01T11:47:34+00:00\" \/>\n<meta property=\"og:image\" content=\"https:\/\/innovalia-metrology.com\/wp-content\/uploads\/2017\/08\/pantalla-punta.jpg\" \/>\n\t<meta property=\"og:image:width\" content=\"617\" \/>\n\t<meta property=\"og:image:height\" content=\"328\" \/>\n\t<meta property=\"og:image:type\" content=\"image\/jpeg\" \/>\n<meta name=\"twitter:label1\" content=\"Dur\u00e9e de lecture estim\u00e9e\" \/>\n\t<meta name=\"twitter:data1\" content=\"4 minutes\" \/>\n<script type=\"application\/ld+json\" class=\"yoast-schema-graph\">{\"@context\":\"https:\/\/schema.org\",\"@graph\":[{\"@type\":\"WebPage\",\"@id\":\"https:\/\/innovalia-metrology.com\/fr\/metrology-produits\/accessoires\/kit-de-sondes-m3mh-solution-complete-de-mesure-pour-les-machines-outils\/\",\"url\":\"https:\/\/innovalia-metrology.com\/fr\/metrology-produits\/accessoires\/kit-de-sondes-m3mh-solution-complete-de-mesure-pour-les-machines-outils\/\",\"name\":\"M3MH Probe: Measuring Optical probe and tool setter for machine tool\",\"isPartOf\":{\"@id\":\"https:\/\/innovalia-metrology.com\/fr\/#website\"},\"primaryImageOfPage\":{\"@id\":\"https:\/\/innovalia-metrology.com\/fr\/metrology-produits\/accessoires\/kit-de-sondes-m3mh-solution-complete-de-mesure-pour-les-machines-outils\/#primaryimage\"},\"image\":{\"@id\":\"https:\/\/innovalia-metrology.com\/fr\/metrology-produits\/accessoires\/kit-de-sondes-m3mh-solution-complete-de-mesure-pour-les-machines-outils\/#primaryimage\"},\"thumbnailUrl\":\"https:\/\/innovalia-metrology.com\/wp-content\/uploads\/2017\/08\/pantalla-punta.jpg\",\"datePublished\":\"2017-08-28T10:44:48+00:00\",\"dateModified\":\"2024-02-01T11:47:34+00:00\",\"description\":\"Discover our M3MH probe Kit: Optical Probe, receiver and high precision tool setter for high precision measurements in machine tools\",\"breadcrumb\":{\"@id\":\"https:\/\/innovalia-metrology.com\/fr\/metrology-produits\/accessoires\/kit-de-sondes-m3mh-solution-complete-de-mesure-pour-les-machines-outils\/#breadcrumb\"},\"inLanguage\":\"fr-FR\",\"potentialAction\":[{\"@type\":\"ReadAction\",\"target\":[\"https:\/\/innovalia-metrology.com\/fr\/metrology-produits\/accessoires\/kit-de-sondes-m3mh-solution-complete-de-mesure-pour-les-machines-outils\/\"]}]},{\"@type\":\"ImageObject\",\"inLanguage\":\"fr-FR\",\"@id\":\"https:\/\/innovalia-metrology.com\/fr\/metrology-produits\/accessoires\/kit-de-sondes-m3mh-solution-complete-de-mesure-pour-les-machines-outils\/#primaryimage\",\"url\":\"https:\/\/innovalia-metrology.com\/wp-content\/uploads\/2017\/08\/pantalla-punta.jpg\",\"contentUrl\":\"https:\/\/innovalia-metrology.com\/wp-content\/uploads\/2017\/08\/pantalla-punta.jpg\",\"width\":617,\"height\":328},{\"@type\":\"BreadcrumbList\",\"@id\":\"https:\/\/innovalia-metrology.com\/fr\/metrology-produits\/accessoires\/kit-de-sondes-m3mh-solution-complete-de-mesure-pour-les-machines-outils\/#breadcrumb\",\"itemListElement\":[{\"@type\":\"ListItem\",\"position\":1,\"name\":\"Home\",\"item\":\"https:\/\/innovalia-metrology.com\/fr\/\"},{\"@type\":\"ListItem\",\"position\":2,\"name\":\"Produits\",\"item\":\"https:\/\/innovalia-metrology.com\/fr\/metrology-produits\/\"},{\"@type\":\"ListItem\",\"position\":3,\"name\":\"Accessoires\",\"item\":\"https:\/\/innovalia-metrology.com\/fr\/metrology-produits\/accessoires\/\"},{\"@type\":\"ListItem\",\"position\":4,\"name\":\"Kit de sondes M3MH: solution compl\u00e8te de mesure pour les machines-outils\"}]},{\"@type\":\"WebSite\",\"@id\":\"https:\/\/innovalia-metrology.com\/fr\/#website\",\"url\":\"https:\/\/innovalia-metrology.com\/fr\/\",\"name\":\"INNOVALIA METROLOGY\",\"description\":\"METROLOGY SOLUTIONS\",\"publisher\":{\"@id\":\"https:\/\/innovalia-metrology.com\/fr\/#organization\"},\"potentialAction\":[{\"@type\":\"SearchAction\",\"target\":{\"@type\":\"EntryPoint\",\"urlTemplate\":\"https:\/\/innovalia-metrology.com\/fr\/?s={search_term_string}\"},\"query-input\":{\"@type\":\"PropertyValueSpecification\",\"valueRequired\":true,\"valueName\":\"search_term_string\"}}],\"inLanguage\":\"fr-FR\"},{\"@type\":\"Organization\",\"@id\":\"https:\/\/innovalia-metrology.com\/fr\/#organization\",\"name\":\"INNOVALIA METROLOGY\",\"url\":\"https:\/\/innovalia-metrology.com\/fr\/\",\"logo\":{\"@type\":\"ImageObject\",\"inLanguage\":\"fr-FR\",\"@id\":\"https:\/\/innovalia-metrology.com\/fr\/#\/schema\/logo\/image\/\",\"url\":\"https:\/\/innovalia-metrology.com\/wp-content\/uploads\/2025\/10\/Diseno-sin-titulo-36.png\",\"contentUrl\":\"https:\/\/innovalia-metrology.com\/wp-content\/uploads\/2025\/10\/Diseno-sin-titulo-36.png\",\"width\":300,\"height\":250,\"caption\":\"INNOVALIA METROLOGY\"},\"image\":{\"@id\":\"https:\/\/innovalia-metrology.com\/fr\/#\/schema\/logo\/image\/\"},\"sameAs\":[\"https:\/\/x.com\/IMetrology_ES\",\"https:\/\/www.linkedin.com\/company\/innovalia-metrology\",\"https:\/\/www.youtube.com\/channel\/UCV7L_atMrcg6DUslHYeDaYQ\"]}]}<\/script>","yoast_head_json":{"title":"M3MH Probe: Measuring Optical probe and tool setter for machine tool","description":"Discover our M3MH probe Kit: Optical Probe, receiver and high precision tool setter for high precision measurements in machine tools","robots":{"index":"index","follow":"follow","max-snippet":"max-snippet:-1","max-image-preview":"max-image-preview:large","max-video-preview":"max-video-preview:-1"},"canonical":"https:\/\/innovalia-metrology.com\/fr\/metrology-produits\/accessoires\/kit-de-sondes-m3mh-solution-complete-de-mesure-pour-les-machines-outils\/","og_locale":"fr_FR","og_type":"article","og_title":"M3MH Probe: Measuring Optical probe and tool setter for machine tool","og_description":"Discover our M3MH probe Kit: Optical Probe, receiver and high precision tool setter for high precision measurements in machine tools","og_url":"https:\/\/innovalia-metrology.com\/fr\/metrology-produits\/accessoires\/kit-de-sondes-m3mh-solution-complete-de-mesure-pour-les-machines-outils\/","og_site_name":"INNOVALIA METROLOGY | INDUSTRIAL METROLOGY SOLUTIONS","article_modified_time":"2024-02-01T11:47:34+00:00","og_image":[{"width":617,"height":328,"url":"https:\/\/innovalia-metrology.com\/wp-content\/uploads\/2017\/08\/pantalla-punta.jpg","type":"image\/jpeg"}],"twitter_misc":{"Dur\u00e9e de lecture estim\u00e9e":"4 minutes"},"schema":{"@context":"https:\/\/schema.org","@graph":[{"@type":"WebPage","@id":"https:\/\/innovalia-metrology.com\/fr\/metrology-produits\/accessoires\/kit-de-sondes-m3mh-solution-complete-de-mesure-pour-les-machines-outils\/","url":"https:\/\/innovalia-metrology.com\/fr\/metrology-produits\/accessoires\/kit-de-sondes-m3mh-solution-complete-de-mesure-pour-les-machines-outils\/","name":"M3MH Probe: Measuring Optical probe and tool setter for machine tool","isPartOf":{"@id":"https:\/\/innovalia-metrology.com\/fr\/#website"},"primaryImageOfPage":{"@id":"https:\/\/innovalia-metrology.com\/fr\/metrology-produits\/accessoires\/kit-de-sondes-m3mh-solution-complete-de-mesure-pour-les-machines-outils\/#primaryimage"},"image":{"@id":"https:\/\/innovalia-metrology.com\/fr\/metrology-produits\/accessoires\/kit-de-sondes-m3mh-solution-complete-de-mesure-pour-les-machines-outils\/#primaryimage"},"thumbnailUrl":"https:\/\/innovalia-metrology.com\/wp-content\/uploads\/2017\/08\/pantalla-punta.jpg","datePublished":"2017-08-28T10:44:48+00:00","dateModified":"2024-02-01T11:47:34+00:00","description":"Discover our M3MH probe Kit: Optical Probe, receiver and high precision tool setter for high precision measurements in machine tools","breadcrumb":{"@id":"https:\/\/innovalia-metrology.com\/fr\/metrology-produits\/accessoires\/kit-de-sondes-m3mh-solution-complete-de-mesure-pour-les-machines-outils\/#breadcrumb"},"inLanguage":"fr-FR","potentialAction":[{"@type":"ReadAction","target":["https:\/\/innovalia-metrology.com\/fr\/metrology-produits\/accessoires\/kit-de-sondes-m3mh-solution-complete-de-mesure-pour-les-machines-outils\/"]}]},{"@type":"ImageObject","inLanguage":"fr-FR","@id":"https:\/\/innovalia-metrology.com\/fr\/metrology-produits\/accessoires\/kit-de-sondes-m3mh-solution-complete-de-mesure-pour-les-machines-outils\/#primaryimage","url":"https:\/\/innovalia-metrology.com\/wp-content\/uploads\/2017\/08\/pantalla-punta.jpg","contentUrl":"https:\/\/innovalia-metrology.com\/wp-content\/uploads\/2017\/08\/pantalla-punta.jpg","width":617,"height":328},{"@type":"BreadcrumbList","@id":"https:\/\/innovalia-metrology.com\/fr\/metrology-produits\/accessoires\/kit-de-sondes-m3mh-solution-complete-de-mesure-pour-les-machines-outils\/#breadcrumb","itemListElement":[{"@type":"ListItem","position":1,"name":"Home","item":"https:\/\/innovalia-metrology.com\/fr\/"},{"@type":"ListItem","position":2,"name":"Produits","item":"https:\/\/innovalia-metrology.com\/fr\/metrology-produits\/"},{"@type":"ListItem","position":3,"name":"Accessoires","item":"https:\/\/innovalia-metrology.com\/fr\/metrology-produits\/accessoires\/"},{"@type":"ListItem","position":4,"name":"Kit de sondes M3MH: solution compl\u00e8te de mesure pour les machines-outils"}]},{"@type":"WebSite","@id":"https:\/\/innovalia-metrology.com\/fr\/#website","url":"https:\/\/innovalia-metrology.com\/fr\/","name":"INNOVALIA METROLOGY","description":"METROLOGY SOLUTIONS","publisher":{"@id":"https:\/\/innovalia-metrology.com\/fr\/#organization"},"potentialAction":[{"@type":"SearchAction","target":{"@type":"EntryPoint","urlTemplate":"https:\/\/innovalia-metrology.com\/fr\/?s={search_term_string}"},"query-input":{"@type":"PropertyValueSpecification","valueRequired":true,"valueName":"search_term_string"}}],"inLanguage":"fr-FR"},{"@type":"Organization","@id":"https:\/\/innovalia-metrology.com\/fr\/#organization","name":"INNOVALIA METROLOGY","url":"https:\/\/innovalia-metrology.com\/fr\/","logo":{"@type":"ImageObject","inLanguage":"fr-FR","@id":"https:\/\/innovalia-metrology.com\/fr\/#\/schema\/logo\/image\/","url":"https:\/\/innovalia-metrology.com\/wp-content\/uploads\/2025\/10\/Diseno-sin-titulo-36.png","contentUrl":"https:\/\/innovalia-metrology.com\/wp-content\/uploads\/2025\/10\/Diseno-sin-titulo-36.png","width":300,"height":250,"caption":"INNOVALIA METROLOGY"},"image":{"@id":"https:\/\/innovalia-metrology.com\/fr\/#\/schema\/logo\/image\/"},"sameAs":["https:\/\/x.com\/IMetrology_ES","https:\/\/www.linkedin.com\/company\/innovalia-metrology","https:\/\/www.youtube.com\/channel\/UCV7L_atMrcg6DUslHYeDaYQ"]}]}},"_links":{"self":[{"href":"https:\/\/innovalia-metrology.com\/fr\/wp-json\/wp\/v2\/pages\/630699","targetHints":{"allow":["GET"]}}],"collection":[{"href":"https:\/\/innovalia-metrology.com\/fr\/wp-json\/wp\/v2\/pages"}],"about":[{"href":"https:\/\/innovalia-metrology.com\/fr\/wp-json\/wp\/v2\/types\/page"}],"author":[{"embeddable":true,"href":"https:\/\/innovalia-metrology.com\/fr\/wp-json\/wp\/v2\/users\/85986"}],"replies":[{"embeddable":true,"href":"https:\/\/innovalia-metrology.com\/fr\/wp-json\/wp\/v2\/comments?post=630699"}],"version-history":[{"count":6,"href":"https:\/\/innovalia-metrology.com\/fr\/wp-json\/wp\/v2\/pages\/630699\/revisions"}],"predecessor-version":[{"id":641948,"href":"https:\/\/innovalia-metrology.com\/fr\/wp-json\/wp\/v2\/pages\/630699\/revisions\/641948"}],"up":[{"embeddable":true,"href":"https:\/\/innovalia-metrology.com\/fr\/wp-json\/wp\/v2\/pages\/630688"}],"wp:featuredmedia":[{"embeddable":true,"href":"https:\/\/innovalia-metrology.com\/fr\/wp-json\/wp\/v2\/media\/81662"}],"wp:attachment":[{"href":"https:\/\/innovalia-metrology.com\/fr\/wp-json\/wp\/v2\/media?parent=630699"}],"curies":[{"name":"wp","href":"https:\/\/api.w.org\/{rel}","templated":true}]}}