{"id":630738,"date":"2023-02-01T17:47:27","date_gmt":"2023-02-01T16:47:27","guid":{"rendered":"https:\/\/innovalia-metrology.cbtpruebas.es\/metrology-products\/accessories\/fixtures\/fixture-kits\/inno-fix-kit-e\/"},"modified":"2024-02-01T12:49:51","modified_gmt":"2024-02-01T11:49:51","slug":"inno-fix-kit-e","status":"publish","type":"page","link":"https:\/\/innovalia-metrology.com\/fr\/metrology-produits\/accessoires\/kits-de-fixation\/kits-de-fixation\/inno-fix-kit-e\/","title":{"rendered":"INNO-FIX KIT E"},"content":{"rendered":"<p>[et_pb_section fb_built=\u00a0\u00bb1&Prime; _builder_version=\u00a0\u00bb4.19.5&Prime; _module_preset=\u00a0\u00bbdefault\u00a0\u00bb background_color=\u00a0\u00bb#f7f7f7&Prime; custom_margin=\u00a0\u00bb1em||1em||true|false\u00a0\u00bb custom_padding=\u00a0\u00bb0px||0px|1em|true|false\u00a0\u00bb da_disable_devices=\u00a0\u00bboff|off|off\u00a0\u00bb global_colors_info=\u00a0\u00bb{}\u00a0\u00bb theme_builder_area=\u00a0\u00bbpost_content\u00a0\u00bb da_is_popup=\u00a0\u00bboff\u00a0\u00bb da_exit_intent=\u00a0\u00bboff\u00a0\u00bb da_has_close=\u00a0\u00bbon\u00a0\u00bb da_alt_close=\u00a0\u00bboff\u00a0\u00bb da_dark_close=\u00a0\u00bboff\u00a0\u00bb da_not_modal=\u00a0\u00bbon\u00a0\u00bb da_is_singular=\u00a0\u00bboff\u00a0\u00bb da_with_loader=\u00a0\u00bboff\u00a0\u00bb da_has_shadow=\u00a0\u00bbon\u00a0\u00bb][et_pb_row _builder_version=\u00a0\u00bb4.19.4&Prime; _module_preset=\u00a0\u00bbdefault\u00a0\u00bb width=\u00a0\u00bb100%\u00a0\u00bb global_colors_info=\u00a0\u00bb{}\u00a0\u00bb theme_builder_area=\u00a0\u00bbpost_content\u00a0\u00bb][et_pb_column type=\u00a0\u00bb4_4&Prime; _builder_version=\u00a0\u00bb4.19.4&Prime; _module_preset=\u00a0\u00bbdefault\u00a0\u00bb global_colors_info=\u00a0\u00bb{}\u00a0\u00bb theme_builder_area=\u00a0\u00bbpost_content\u00a0\u00bb][et_pb_text _builder_version=\u00a0\u00bb4.19.5&Prime; _module_preset=\u00a0\u00bbdefault\u00a0\u00bb locked=\u00a0\u00bboff\u00a0\u00bb global_colors_info=\u00a0\u00bb{}\u00a0\u00bb theme_builder_area=\u00a0\u00bbpost_content\u00a0\u00bb]<\/p>\n<h3>INNO-FIX KIT E<\/h3>\n<p>[\/et_pb_text][\/et_pb_column][\/et_pb_row][et_pb_row column_structure=\u00a0\u00bb2_5,3_5&Prime; use_custom_gutter=\u00a0\u00bbon\u00a0\u00bb gutter_width=\u00a0\u00bb1&Prime; _builder_version=\u00a0\u00bb4.19.5&Prime; _module_preset=\u00a0\u00bbdefault\u00a0\u00bb width=\u00a0\u00bb100%\u00a0\u00bb custom_padding=\u00a0\u00bb0px|||||\u00a0\u00bb locked=\u00a0\u00bboff\u00a0\u00bb global_colors_info=\u00a0\u00bb{}\u00a0\u00bb theme_builder_area=\u00a0\u00bbpost_content\u00a0\u00bb][et_pb_column type=\u00a0\u00bb2_5&Prime; _builder_version=\u00a0\u00bb4.19.5&Prime; _module_preset=\u00a0\u00bbdefault\u00a0\u00bb global_colors_info=\u00a0\u00bb{}\u00a0\u00bb theme_builder_area=\u00a0\u00bbpost_content\u00a0\u00bb][et_pb_image src=\u00a0\u00bbhttps:\/\/innovalia-metrology.com\/wp-content\/uploads\/2023\/02\/Inno-Fix-kit-E.webp\u00a0\u00bb alt=\u00a0\u00bbINNO-FIX KIT M\u00a0\u00bb title_text=\u00a0\u00bbInno-Fix kit E\u00a0\u00bb _builder_version=\u00a0\u00bb4.19.5&Prime; _module_preset=\u00a0\u00bbdefault\u00a0\u00bb custom_padding=\u00a0\u00bb|1em|||false|false\u00a0\u00bb global_colors_info=\u00a0\u00bb{}\u00a0\u00bb theme_builder_area=\u00a0\u00bbpost_content\u00a0\u00bb][\/et_pb_image][et_pb_text _builder_version=\u00a0\u00bb4.19.5&Prime; _module_preset=\u00a0\u00bbdefault\u00a0\u00bb custom_padding=\u00a0\u00bb|1em|||false|false\u00a0\u00bb global_colors_info=\u00a0\u00bb{}\u00a0\u00bb theme_builder_area=\u00a0\u00bbpost_content\u00a0\u00bb]<\/p>\n<p>Le syst\u00e8me de fixation multifonctionnel INNO-FIX KIT E pr\u00e9sente diff\u00e9rents profils en aluminium, accessoires qui permettent de les combiner de mani\u00e8re tr\u00e8s versatile et de cr\u00e9er des structures pour des pi\u00e8ces en m\u00e9tal ou plastique. Il est propos\u00e9 dans une version abordable pour la fabrication flexible de fixations personnalis\u00e9es. La gamme de produits de fixation INNO-FIX KIT E est principalement utilis\u00e9e sur les machines \u00e0 mesurer avec bras horizontal ou portique. L&rsquo;INNO-FIX KIT E facilite le changement de pi\u00e8ces, comprend plusieurs \u00e9l\u00e9ments d&rsquo;extension, a de multiples applications et peut \u00eatre r\u00e9utilis\u00e9. Le kit au design profil\u00e9 L&rsquo;INNO-FIX KIT E compl\u00e8te parfaitement les INNO-FIX KIT M et C. Tous les composants sont compatibles avec les gammes de produits INNO-FIX.<\/p>\n<p>[\/et_pb_text][\/et_pb_column][et_pb_column type=\u00a0\u00bb3_5&Prime; _builder_version=\u00a0\u00bb4.19.4&Prime; _module_preset=\u00a0\u00bbdefault\u00a0\u00bb global_colors_info=\u00a0\u00bb{}\u00a0\u00bb theme_builder_area=\u00a0\u00bbpost_content\u00a0\u00bb][et_pb_gallery gallery_ids=\u00a0\u00bb117448,117459,117470,117481,117487,117493,117499,117505,117512,117523,117534,117545,117556,117567,117577,117588,117599,117611,117623,117634,117645,117651,117657,117663,117669,117675,117681,117691,117703,117714,117724,117735,117746,117757,117768,117778,117789,117801,117807,117813,117819,117825,117831,117838,117848,117860,117872,117884&Prime; posts_number=\u00a0\u00bb16&Prime; orientation=\u00a0\u00bbportrait\u00a0\u00bb show_title_and_caption=\u00a0\u00bboff\u00a0\u00bb _builder_version=\u00a0\u00bb4.19.5&Prime; _module_preset=\u00a0\u00bbdefault\u00a0\u00bb custom_css_gallery_item=\u00a0\u00bbwidth: 25% !important;||margin: 0 !important;||display: block;||margin-left: auto;||margin-right: auto;||\u00a0\u00bb custom_css_gallery_item_title=\u00a0\u00bbdisplay:none !important;\u00a0\u00bb border_width_all=\u00a0\u00bb3px\u00a0\u00bb border_color_all=\u00a0\u00bb#f7f7f7&Prime; global_colors_info=\u00a0\u00bb{}\u00a0\u00bb theme_builder_area=\u00a0\u00bbpost_content\u00a0\u00bb][\/et_pb_gallery][\/et_pb_column][\/et_pb_row][et_pb_row _builder_version=\u00a0\u00bb4.19.5&Prime; _module_preset=\u00a0\u00bbdefault\u00a0\u00bb width=\u00a0\u00bb100%\u00a0\u00bb global_colors_info=\u00a0\u00bb{}\u00a0\u00bb theme_builder_area=\u00a0\u00bbpost_content\u00a0\u00bb][et_pb_column type=\u00a0\u00bb4_4&Prime; _builder_version=\u00a0\u00bb4.19.5&Prime; _module_preset=\u00a0\u00bbdefault\u00a0\u00bb global_colors_info=\u00a0\u00bb{}\u00a0\u00bb theme_builder_area=\u00a0\u00bbpost_content\u00a0\u00bb][et_pb_text _builder_version=\u00a0\u00bb4.19.5&Prime; _module_preset=\u00a0\u00bbdefault\u00a0\u00bb custom_padding=\u00a0\u00bb||12px|||\u00a0\u00bb global_colors_info=\u00a0\u00bb{}\u00a0\u00bb theme_builder_area=\u00a0\u00bbpost_content\u00a0\u00bb]<\/p>\n<h3>Comment fonctionnent-ils?<\/h3>\n<p>[\/et_pb_text][et_pb_video src_webm=\u00a0\u00bbhttps:\/\/innovalia-metrology.com\/wp-content\/uploads\/2020\/09\/forjado1-v3.mp4&Prime; _builder_version=\u00a0\u00bb4.19.5&Prime; _module_preset=\u00a0\u00bbdefault\u00a0\u00bb custom_margin=\u00a0\u00bb-25px|||||\u00a0\u00bb global_colors_info=\u00a0\u00bb{}\u00a0\u00bb theme_builder_area=\u00a0\u00bbpost_content\u00a0\u00bb][\/et_pb_video][et_pb_code _builder_version=\u00a0\u00bb4.24.0&Prime; _module_preset=\u00a0\u00bbdefault\u00a0\u00bb hover_enabled=\u00a0\u00bb0&Prime; global_colors_info=\u00a0\u00bb{}\u00a0\u00bb theme_builder_area=\u00a0\u00bbpost_content\u00a0\u00bb sticky_enabled=\u00a0\u00bb0&Prime;]<p class=\"wpcf7-contact-form-not-found\"><strong>Error:<\/strong> Contact form not found.<\/p>[\/et_pb_code][\/et_pb_column][\/et_pb_row][\/et_pb_section]<\/p>\n","protected":false},"excerpt":{"rendered":"<p>INNO-FIX KIT ELe syst\u00e8me de fixation multifonctionnel INNO-FIX KIT E pr\u00e9sente diff\u00e9rents profils en aluminium, accessoires qui permettent de les combiner de mani\u00e8re tr\u00e8s versatile et de cr\u00e9er des structures pour des pi\u00e8ces en m\u00e9tal ou plastique. Il est propos\u00e9 dans une version abordable pour la fabrication flexible de fixations personnalis\u00e9es. La gamme de produits [&hellip;]<\/p>\n","protected":false},"author":85986,"featured_media":0,"parent":630729,"menu_order":0,"comment_status":"closed","ping_status":"closed","template":"","meta":{"_acf_changed":false,"_et_pb_use_builder":"on","_et_pb_old_content":"","_et_gb_content_width":"","footnotes":""},"class_list":["post-630738","page","type-page","status-publish","hentry"],"acf":[],"yoast_head":"<title>INNO-FIX KIT E | INNOVALIA METROLOGY | INDUSTRIAL METROLOGY SOLUTIONS<\/title>\n<meta name=\"robots\" content=\"index, follow, max-snippet:-1, max-image-preview:large, max-video-preview:-1\" \/>\n<link rel=\"canonical\" href=\"https:\/\/innovalia-metrology.com\/fr\/metrology-produits\/accessoires\/kits-de-fixation\/kits-de-fixation\/inno-fix-kit-e\/\" \/>\n<meta property=\"og:locale\" content=\"fr_FR\" \/>\n<meta property=\"og:type\" content=\"article\" \/>\n<meta property=\"og:title\" content=\"INNO-FIX KIT E | INNOVALIA METROLOGY | INDUSTRIAL METROLOGY SOLUTIONS\" \/>\n<meta property=\"og:description\" content=\"INNO-FIX KIT ELe syst\u00e8me de fixation multifonctionnel INNO-FIX KIT E pr\u00e9sente diff\u00e9rents profils en aluminium, accessoires qui permettent de les combiner de mani\u00e8re tr\u00e8s versatile et de cr\u00e9er des structures pour des pi\u00e8ces en m\u00e9tal ou plastique. Il est propos\u00e9 dans une version abordable pour la fabrication flexible de fixations personnalis\u00e9es. La gamme de produits [&hellip;]\" \/>\n<meta property=\"og:url\" content=\"https:\/\/innovalia-metrology.com\/fr\/metrology-produits\/accessoires\/kits-de-fixation\/kits-de-fixation\/inno-fix-kit-e\/\" \/>\n<meta property=\"og:site_name\" content=\"INNOVALIA METROLOGY | INDUSTRIAL METROLOGY SOLUTIONS\" \/>\n<meta property=\"article:modified_time\" content=\"2024-02-01T11:49:51+00:00\" \/>\n<meta property=\"og:image\" content=\"https:\/\/innovalia-metrology.com\/wp-content\/uploads\/2025\/10\/logo-innovalia-metrology.png\" \/>\n\t<meta property=\"og:image:width\" content=\"1200\" \/>\n\t<meta property=\"og:image:height\" content=\"675\" \/>\n\t<meta property=\"og:image:type\" content=\"image\/png\" \/>\n<meta name=\"twitter:label1\" content=\"Dur\u00e9e de lecture estim\u00e9e\" \/>\n\t<meta name=\"twitter:data1\" content=\"3 minutes\" \/>\n<script type=\"application\/ld+json\" class=\"yoast-schema-graph\">{\"@context\":\"https:\/\/schema.org\",\"@graph\":[{\"@type\":\"WebPage\",\"@id\":\"https:\/\/innovalia-metrology.com\/fr\/metrology-produits\/accessoires\/kits-de-fixation\/kits-de-fixation\/inno-fix-kit-e\/\",\"url\":\"https:\/\/innovalia-metrology.com\/fr\/metrology-produits\/accessoires\/kits-de-fixation\/kits-de-fixation\/inno-fix-kit-e\/\",\"name\":\"INNO-FIX KIT E | INNOVALIA METROLOGY | INDUSTRIAL METROLOGY SOLUTIONS\",\"isPartOf\":{\"@id\":\"https:\/\/innovalia-metrology.com\/fr\/#website\"},\"datePublished\":\"2023-02-01T16:47:27+00:00\",\"dateModified\":\"2024-02-01T11:49:51+00:00\",\"breadcrumb\":{\"@id\":\"https:\/\/innovalia-metrology.com\/fr\/metrology-produits\/accessoires\/kits-de-fixation\/kits-de-fixation\/inno-fix-kit-e\/#breadcrumb\"},\"inLanguage\":\"fr-FR\",\"potentialAction\":[{\"@type\":\"ReadAction\",\"target\":[\"https:\/\/innovalia-metrology.com\/fr\/metrology-produits\/accessoires\/kits-de-fixation\/kits-de-fixation\/inno-fix-kit-e\/\"]}]},{\"@type\":\"BreadcrumbList\",\"@id\":\"https:\/\/innovalia-metrology.com\/fr\/metrology-produits\/accessoires\/kits-de-fixation\/kits-de-fixation\/inno-fix-kit-e\/#breadcrumb\",\"itemListElement\":[{\"@type\":\"ListItem\",\"position\":1,\"name\":\"Home\",\"item\":\"https:\/\/innovalia-metrology.com\/fr\/\"},{\"@type\":\"ListItem\",\"position\":2,\"name\":\"Produits\",\"item\":\"https:\/\/innovalia-metrology.com\/fr\/metrology-produits\/\"},{\"@type\":\"ListItem\",\"position\":3,\"name\":\"Accessoires\",\"item\":\"https:\/\/innovalia-metrology.com\/fr\/metrology-produits\/accessoires\/\"},{\"@type\":\"ListItem\",\"position\":4,\"name\":\"Kits de fixation\",\"item\":\"https:\/\/innovalia-metrology.com\/fr\/metrology-produits\/accessoires\/kits-de-fixation\/\"},{\"@type\":\"ListItem\",\"position\":5,\"name\":\"Kits de fixation\",\"item\":\"https:\/\/innovalia-metrology.com\/fr\/metrology-produits\/accessoires\/kits-de-fixation\/kits-de-fixation\/\"},{\"@type\":\"ListItem\",\"position\":6,\"name\":\"INNO-FIX KIT E\"}]},{\"@type\":\"WebSite\",\"@id\":\"https:\/\/innovalia-metrology.com\/fr\/#website\",\"url\":\"https:\/\/innovalia-metrology.com\/fr\/\",\"name\":\"INNOVALIA METROLOGY\",\"description\":\"METROLOGY SOLUTIONS\",\"publisher\":{\"@id\":\"https:\/\/innovalia-metrology.com\/fr\/#organization\"},\"potentialAction\":[{\"@type\":\"SearchAction\",\"target\":{\"@type\":\"EntryPoint\",\"urlTemplate\":\"https:\/\/innovalia-metrology.com\/fr\/?s={search_term_string}\"},\"query-input\":{\"@type\":\"PropertyValueSpecification\",\"valueRequired\":true,\"valueName\":\"search_term_string\"}}],\"inLanguage\":\"fr-FR\"},{\"@type\":\"Organization\",\"@id\":\"https:\/\/innovalia-metrology.com\/fr\/#organization\",\"name\":\"INNOVALIA METROLOGY\",\"url\":\"https:\/\/innovalia-metrology.com\/fr\/\",\"logo\":{\"@type\":\"ImageObject\",\"inLanguage\":\"fr-FR\",\"@id\":\"https:\/\/innovalia-metrology.com\/fr\/#\/schema\/logo\/image\/\",\"url\":\"https:\/\/innovalia-metrology.com\/wp-content\/uploads\/2025\/10\/Diseno-sin-titulo-36.png\",\"contentUrl\":\"https:\/\/innovalia-metrology.com\/wp-content\/uploads\/2025\/10\/Diseno-sin-titulo-36.png\",\"width\":300,\"height\":250,\"caption\":\"INNOVALIA METROLOGY\"},\"image\":{\"@id\":\"https:\/\/innovalia-metrology.com\/fr\/#\/schema\/logo\/image\/\"},\"sameAs\":[\"https:\/\/x.com\/IMetrology_ES\",\"https:\/\/www.linkedin.com\/company\/innovalia-metrology\",\"https:\/\/www.youtube.com\/channel\/UCV7L_atMrcg6DUslHYeDaYQ\"]}]}<\/script>","yoast_head_json":{"title":"INNO-FIX KIT E | INNOVALIA METROLOGY | INDUSTRIAL METROLOGY SOLUTIONS","robots":{"index":"index","follow":"follow","max-snippet":"max-snippet:-1","max-image-preview":"max-image-preview:large","max-video-preview":"max-video-preview:-1"},"canonical":"https:\/\/innovalia-metrology.com\/fr\/metrology-produits\/accessoires\/kits-de-fixation\/kits-de-fixation\/inno-fix-kit-e\/","og_locale":"fr_FR","og_type":"article","og_title":"INNO-FIX KIT E | INNOVALIA METROLOGY | INDUSTRIAL METROLOGY SOLUTIONS","og_description":"INNO-FIX KIT ELe syst\u00e8me de fixation multifonctionnel INNO-FIX KIT E pr\u00e9sente diff\u00e9rents profils en aluminium, accessoires qui permettent de les combiner de mani\u00e8re tr\u00e8s versatile et de cr\u00e9er des structures pour des pi\u00e8ces en m\u00e9tal ou plastique. Il est propos\u00e9 dans une version abordable pour la fabrication flexible de fixations personnalis\u00e9es. La gamme de produits [&hellip;]","og_url":"https:\/\/innovalia-metrology.com\/fr\/metrology-produits\/accessoires\/kits-de-fixation\/kits-de-fixation\/inno-fix-kit-e\/","og_site_name":"INNOVALIA METROLOGY | INDUSTRIAL METROLOGY SOLUTIONS","article_modified_time":"2024-02-01T11:49:51+00:00","og_image":[{"width":1200,"height":675,"url":"https:\/\/innovalia-metrology.com\/wp-content\/uploads\/2025\/10\/logo-innovalia-metrology.png","type":"image\/png"}],"twitter_misc":{"Dur\u00e9e de lecture estim\u00e9e":"3 minutes"},"schema":{"@context":"https:\/\/schema.org","@graph":[{"@type":"WebPage","@id":"https:\/\/innovalia-metrology.com\/fr\/metrology-produits\/accessoires\/kits-de-fixation\/kits-de-fixation\/inno-fix-kit-e\/","url":"https:\/\/innovalia-metrology.com\/fr\/metrology-produits\/accessoires\/kits-de-fixation\/kits-de-fixation\/inno-fix-kit-e\/","name":"INNO-FIX KIT E | INNOVALIA METROLOGY | INDUSTRIAL METROLOGY SOLUTIONS","isPartOf":{"@id":"https:\/\/innovalia-metrology.com\/fr\/#website"},"datePublished":"2023-02-01T16:47:27+00:00","dateModified":"2024-02-01T11:49:51+00:00","breadcrumb":{"@id":"https:\/\/innovalia-metrology.com\/fr\/metrology-produits\/accessoires\/kits-de-fixation\/kits-de-fixation\/inno-fix-kit-e\/#breadcrumb"},"inLanguage":"fr-FR","potentialAction":[{"@type":"ReadAction","target":["https:\/\/innovalia-metrology.com\/fr\/metrology-produits\/accessoires\/kits-de-fixation\/kits-de-fixation\/inno-fix-kit-e\/"]}]},{"@type":"BreadcrumbList","@id":"https:\/\/innovalia-metrology.com\/fr\/metrology-produits\/accessoires\/kits-de-fixation\/kits-de-fixation\/inno-fix-kit-e\/#breadcrumb","itemListElement":[{"@type":"ListItem","position":1,"name":"Home","item":"https:\/\/innovalia-metrology.com\/fr\/"},{"@type":"ListItem","position":2,"name":"Produits","item":"https:\/\/innovalia-metrology.com\/fr\/metrology-produits\/"},{"@type":"ListItem","position":3,"name":"Accessoires","item":"https:\/\/innovalia-metrology.com\/fr\/metrology-produits\/accessoires\/"},{"@type":"ListItem","position":4,"name":"Kits de fixation","item":"https:\/\/innovalia-metrology.com\/fr\/metrology-produits\/accessoires\/kits-de-fixation\/"},{"@type":"ListItem","position":5,"name":"Kits de fixation","item":"https:\/\/innovalia-metrology.com\/fr\/metrology-produits\/accessoires\/kits-de-fixation\/kits-de-fixation\/"},{"@type":"ListItem","position":6,"name":"INNO-FIX KIT E"}]},{"@type":"WebSite","@id":"https:\/\/innovalia-metrology.com\/fr\/#website","url":"https:\/\/innovalia-metrology.com\/fr\/","name":"INNOVALIA METROLOGY","description":"METROLOGY SOLUTIONS","publisher":{"@id":"https:\/\/innovalia-metrology.com\/fr\/#organization"},"potentialAction":[{"@type":"SearchAction","target":{"@type":"EntryPoint","urlTemplate":"https:\/\/innovalia-metrology.com\/fr\/?s={search_term_string}"},"query-input":{"@type":"PropertyValueSpecification","valueRequired":true,"valueName":"search_term_string"}}],"inLanguage":"fr-FR"},{"@type":"Organization","@id":"https:\/\/innovalia-metrology.com\/fr\/#organization","name":"INNOVALIA METROLOGY","url":"https:\/\/innovalia-metrology.com\/fr\/","logo":{"@type":"ImageObject","inLanguage":"fr-FR","@id":"https:\/\/innovalia-metrology.com\/fr\/#\/schema\/logo\/image\/","url":"https:\/\/innovalia-metrology.com\/wp-content\/uploads\/2025\/10\/Diseno-sin-titulo-36.png","contentUrl":"https:\/\/innovalia-metrology.com\/wp-content\/uploads\/2025\/10\/Diseno-sin-titulo-36.png","width":300,"height":250,"caption":"INNOVALIA METROLOGY"},"image":{"@id":"https:\/\/innovalia-metrology.com\/fr\/#\/schema\/logo\/image\/"},"sameAs":["https:\/\/x.com\/IMetrology_ES","https:\/\/www.linkedin.com\/company\/innovalia-metrology","https:\/\/www.youtube.com\/channel\/UCV7L_atMrcg6DUslHYeDaYQ"]}]}},"_links":{"self":[{"href":"https:\/\/innovalia-metrology.com\/fr\/wp-json\/wp\/v2\/pages\/630738","targetHints":{"allow":["GET"]}}],"collection":[{"href":"https:\/\/innovalia-metrology.com\/fr\/wp-json\/wp\/v2\/pages"}],"about":[{"href":"https:\/\/innovalia-metrology.com\/fr\/wp-json\/wp\/v2\/types\/page"}],"author":[{"embeddable":true,"href":"https:\/\/innovalia-metrology.com\/fr\/wp-json\/wp\/v2\/users\/85986"}],"replies":[{"embeddable":true,"href":"https:\/\/innovalia-metrology.com\/fr\/wp-json\/wp\/v2\/comments?post=630738"}],"version-history":[{"count":3,"href":"https:\/\/innovalia-metrology.com\/fr\/wp-json\/wp\/v2\/pages\/630738\/revisions"}],"predecessor-version":[{"id":641952,"href":"https:\/\/innovalia-metrology.com\/fr\/wp-json\/wp\/v2\/pages\/630738\/revisions\/641952"}],"up":[{"embeddable":true,"href":"https:\/\/innovalia-metrology.com\/fr\/wp-json\/wp\/v2\/pages\/630729"}],"wp:attachment":[{"href":"https:\/\/innovalia-metrology.com\/fr\/wp-json\/wp\/v2\/media?parent=630738"}],"curies":[{"name":"wp","href":"https:\/\/api.w.org\/{rel}","templated":true}]}}